{"id":427440,"date":"2025-07-11T00:47:17","date_gmt":"2025-07-11T06:47:17","guid":{"rendered":"https:\/\/thoro.com.mx\/ethoro\/shop\/sin categor\u00eda\/fijador-de-cuerdas-threadlocker\/"},"modified":"2025-08-11T02:13:17","modified_gmt":"2025-08-11T08:13:17","slug":"fijador-de-cuerdas-threadlocker","status":"publish","type":"product","link":"https:\/\/thoro.com.mx\/ethoro\/shop\/herramientas\/adhesivos-industriales\/compuestos-de-retencion\/fijador-de-cuerdas-threadlocker\/","title":{"rendered":"FIJADOR DE CUERDAS THREADLOCKER <1\" DE ALTA RESISTENCIA VIBRATITE 140 ROJO 50 MILILITROS"},"content":{"rendered":"<h4>140<\/h4>\n<ul>\n<li>Aplicaciones\t<\/li>\n<li>Cerraduras y sellos sujetadores de hasta 1&#8243;.<\/li>\n<li><\/li>\n<li>Tipo de curaci\u00f3n\t<\/li>\n<li>anaer\u00f3bico.<\/li>\n<li><\/li>\n<li>Compite con Loctite\u00ae 271\u2122 (271 es una marca comercial y Loctite es una marca comercial registrada de Henkel IP &#038; Holding GMBH LLC, Alemania).<\/li>\n<li><\/li>\n<li>Agrupaci\u00f3n secundaria\t<\/li>\n<li>Alta resistencia.<\/li>\n<li><\/li>\n<li>vigencia\t<\/li>\n<li>2 a\u00f1os a partir de la fecha de fabricaci\u00f3n.<\/li>\n<li><\/li>\n<li>Pa\u00eds de origen\t<\/li>\n<li>Estados Unidos.<\/li>\n<li><\/li>\n<li>Arancel armonizado\t<\/li>\n<li>3506.91.<\/li>\n<li><\/li>\n<li>UNSPSC\t<\/li>\n<li>31200000.<\/li>\n<li><\/li>\n<li>Hora del accesorio (minutos)\t<\/li>\n<li>30.<\/li>\n<li><\/li>\n<li>Rango de temperatura bajo\t<\/li>\n<li>-65\u00b0F.<\/li>\n<li><\/li>\n<li>Rango de temperatura alto\t<\/li>\n<li>300\u00b0F.<\/li>\n<li><\/li>\n<li>Tiempo de curaci\u00f3n completo\t<\/li>\n<li>24 horas.<\/li>\n<li><\/li>\n<li>M\u00e1ximo de relleno de huecos\t<\/li>\n<li>0.007.<\/li>\n<li><\/li>\n<li>Break Away Torque (en lbs)\t<\/li>\n<li>250.<\/li>\n<li><\/li>\n<li>Par de torsi\u00f3n prevaleciente (en libras)\t<\/li>\n<li>250.<\/li>\n<li><\/li>\n<li>Cebadores compatibles\t<\/li>\n<li>611de 612.<\/li>\n<li><\/li>\n<li>Gravedad espec\u00edfica\t<\/li>\n<li>1.1.<\/li>\n<li><\/li>\n<li>Especificaciones <\/li>\n<li>MIL-S-46163A, ASTM D-5363 (AN0221).<\/li>\n<li><\/li>\n<li>Viscosidad (cP)\t<\/li>\n<li>400, 600.<\/li>\n<li><\/li>\n<li>Color\t<\/li>\n<li>rojo.<\/li>\n<li><\/li>\n<li>Advertencias\t<\/li>\n<li>No se recomienda su uso en ox\u00edgeno puro, o ambientes ricos en ox\u00edgeno., No se recomienda su uso con pl\u00e1sticos, especialmente termopl\u00e1sticos.<\/li>\n<\/ul>\n","protected":false},"excerpt":{"rendered":"<p>140 Aplicaciones Cerraduras y sellos sujetadores de hasta 1&#8243;. Tipo de curaci\u00f3n anaer\u00f3bico. Compite con Loctite\u00ae 271\u2122 (271 es una marca comercial y Loctite es una marca comercial registrada de Henkel IP &#038; Holding GMBH LLC, Alemania). Agrupaci\u00f3n secundaria Alta resistencia. vigencia 2 a\u00f1os a partir de la fecha de fabricaci\u00f3n. Pa\u00eds de origen Estados [&hellip;]<\/p>\n","protected":false},"featured_media":427439,"comment_status":"open","ping_status":"closed","template":"","meta":{"_monsterinsights_skip_tracking":false,"_monsterinsights_sitenote_active":false,"_monsterinsights_sitenote_note":"","_monsterinsights_sitenote_category":0,"_joinchat":[]},"product_brand":[],"product_cat":[14262],"product_tag":[],"class_list":{"0":"post-427440","1":"product","2":"type-product","3":"status-publish","4":"has-post-thumbnail","6":"product_cat-compuestos-de-retencion","8":"first","9":"outofstock","10":"taxable","11":"shipping-taxable","12":"purchasable","13":"product-type-simple","14":"add-to-wishlist-after_add_to_cart"},"yoast_head":"<!-- This site is optimized with the Yoast SEO plugin v27.3 - https:\/\/yoast.com\/product\/yoast-seo-wordpress\/ -->\n<title>FIJADOR DE CUERDAS THREADLOCKER<\/title>\n<meta name=\"robots\" content=\"noindex, follow\" \/>\n<meta property=\"og:locale\" content=\"es_MX\" \/>\n<meta property=\"og:type\" content=\"article\" \/>\n<meta property=\"og:title\" content=\"FIJADOR DE CUERDAS THREADLOCKER\" \/>\n<meta property=\"og:description\" content=\"140 Aplicaciones Cerraduras y sellos sujetadores de hasta 1&#8243;. Tipo de curaci\u00f3n anaer\u00f3bico. Compite con Loctite\u00ae 271\u2122 (271 es una marca comercial y Loctite es una marca comercial registrada de Henkel IP &#038; Holding GMBH LLC, Alemania). Agrupaci\u00f3n secundaria Alta resistencia. vigencia 2 a\u00f1os a partir de la fecha de fabricaci\u00f3n. Pa\u00eds de origen Estados [&hellip;]\" \/>\n<meta property=\"og:url\" content=\"https:\/\/thoro.com.mx\/ethoro\/shop\/sin categor\u00eda\/fijador-de-cuerdas-threadlocker\/\" \/>\n<meta property=\"og:site_name\" content=\"Thoro enterprises de Mexico\" \/>\n<meta property=\"article:publisher\" content=\"https:\/\/www.facebook.com\/ThoroEnterprises\" \/>\n<meta property=\"article:modified_time\" content=\"2025-08-11T08:13:17+00:00\" \/>\n<meta name=\"twitter:card\" content=\"summary_large_image\" \/>\n<meta name=\"twitter:label1\" content=\"Tiempo de lectura\" \/>\n\t<meta name=\"twitter:data1\" content=\"1 minuto\" \/>\n<script type=\"application\/ld+json\" class=\"yoast-schema-graph\">{\"@context\":\"https:\\\/\\\/schema.org\",\"@graph\":[{\"@type\":\"WebPage\",\"@id\":\"https:\\\/\\\/thoro.com.mx\\\/ethoro\\\/shop\\\/sin categor\u00eda\\\/fijador-de-cuerdas-threadlocker\\\/\",\"url\":\"https:\\\/\\\/thoro.com.mx\\\/ethoro\\\/shop\\\/sin categor\u00eda\\\/fijador-de-cuerdas-threadlocker\\\/\",\"name\":\"FIJADOR DE CUERDAS THREADLOCKER\",\"isPartOf\":{\"@id\":\"https:\\\/\\\/72.167.50.119\\\/ethoro\\\/#website\"},\"primaryImageOfPage\":{\"@id\":\"https:\\\/\\\/thoro.com.mx\\\/ethoro\\\/shop\\\/sin categor\u00eda\\\/fijador-de-cuerdas-threadlocker\\\/#primaryimage\"},\"image\":{\"@id\":\"https:\\\/\\\/thoro.com.mx\\\/ethoro\\\/shop\\\/sin categor\u00eda\\\/fijador-de-cuerdas-threadlocker\\\/#primaryimage\"},\"thumbnailUrl\":\"https:\\\/\\\/thoro.com.mx\\\/ethoro\\\/wp-content\\\/uploads\\\/2025\\\/07\\\/745619140500.png\",\"datePublished\":\"2025-07-11T06:47:17+00:00\",\"dateModified\":\"2025-08-11T08:13:17+00:00\",\"breadcrumb\":{\"@id\":\"https:\\\/\\\/thoro.com.mx\\\/ethoro\\\/shop\\\/sin categor\u00eda\\\/fijador-de-cuerdas-threadlocker\\\/#breadcrumb\"},\"inLanguage\":\"es\",\"potentialAction\":[{\"@type\":\"ReadAction\",\"target\":[\"https:\\\/\\\/thoro.com.mx\\\/ethoro\\\/shop\\\/sin categor\u00eda\\\/fijador-de-cuerdas-threadlocker\\\/\"]}]},{\"@type\":\"ImageObject\",\"inLanguage\":\"es\",\"@id\":\"https:\\\/\\\/thoro.com.mx\\\/ethoro\\\/shop\\\/sin categor\u00eda\\\/fijador-de-cuerdas-threadlocker\\\/#primaryimage\",\"url\":\"https:\\\/\\\/thoro.com.mx\\\/ethoro\\\/wp-content\\\/uploads\\\/2025\\\/07\\\/745619140500.png\",\"contentUrl\":\"https:\\\/\\\/thoro.com.mx\\\/ethoro\\\/wp-content\\\/uploads\\\/2025\\\/07\\\/745619140500.png\",\"width\":1000,\"height\":1000},{\"@type\":\"BreadcrumbList\",\"@id\":\"https:\\\/\\\/thoro.com.mx\\\/ethoro\\\/shop\\\/sin categor\u00eda\\\/fijador-de-cuerdas-threadlocker\\\/#breadcrumb\",\"itemListElement\":[{\"@type\":\"ListItem\",\"position\":1,\"name\":\"Inicio\",\"item\":\"https:\\\/\\\/thoro.com.mx\\\/ethoro\\\/\"},{\"@type\":\"ListItem\",\"position\":2,\"name\":\"Tienda\",\"item\":\"https:\\\/\\\/thoro.com.mx\\\/ethoro\\\/shop\\\/\"},{\"@type\":\"ListItem\",\"position\":3,\"name\":\"FIJADOR DE CUERDAS THREADLOCKER\"}]},{\"@type\":\"WebSite\",\"@id\":\"https:\\\/\\\/72.167.50.119\\\/ethoro\\\/#website\",\"url\":\"https:\\\/\\\/72.167.50.119\\\/ethoro\\\/\",\"name\":\"Thoro Enterprises de M\u00e9xico\",\"description\":\"Todo en Thoro\",\"publisher\":{\"@id\":\"https:\\\/\\\/72.167.50.119\\\/ethoro\\\/#organization\"},\"alternateName\":\"Thoro shop\",\"potentialAction\":[{\"@type\":\"SearchAction\",\"target\":{\"@type\":\"EntryPoint\",\"urlTemplate\":\"https:\\\/\\\/72.167.50.119\\\/ethoro\\\/?s={search_term_string}\"},\"query-input\":{\"@type\":\"PropertyValueSpecification\",\"valueRequired\":true,\"valueName\":\"search_term_string\"}}],\"inLanguage\":\"es\"},{\"@type\":\"Organization\",\"@id\":\"https:\\\/\\\/72.167.50.119\\\/ethoro\\\/#organization\",\"name\":\"Thoro Enterprises de M\u00e9xico\",\"alternateName\":\"Thoro shop\",\"url\":\"https:\\\/\\\/72.167.50.119\\\/ethoro\\\/\",\"logo\":{\"@type\":\"ImageObject\",\"inLanguage\":\"es\",\"@id\":\"https:\\\/\\\/72.167.50.119\\\/ethoro\\\/#\\\/schema\\\/logo\\\/image\\\/\",\"url\":\"https:\\\/\\\/72.167.50.119\\\/ethoro\\\/wp-content\\\/uploads\\\/2025\\\/01\\\/cropped-cropped-icono_t-180x180-1.png\",\"contentUrl\":\"https:\\\/\\\/72.167.50.119\\\/ethoro\\\/wp-content\\\/uploads\\\/2025\\\/01\\\/cropped-cropped-icono_t-180x180-1.png\",\"width\":512,\"height\":512,\"caption\":\"Thoro Enterprises de M\u00e9xico\"},\"image\":{\"@id\":\"https:\\\/\\\/72.167.50.119\\\/ethoro\\\/#\\\/schema\\\/logo\\\/image\\\/\"},\"sameAs\":[\"https:\\\/\\\/www.facebook.com\\\/ThoroEnterprises\",\"https:\\\/\\\/www.instagram.com\\\/thoro.mexico\\\/\"]}]}<\/script>\n<!-- \/ Yoast SEO plugin. -->","yoast_head_json":{"title":"FIJADOR DE CUERDAS THREADLOCKER","robots":{"index":"noindex","follow":"follow"},"og_locale":"es_MX","og_type":"article","og_title":"FIJADOR DE CUERDAS THREADLOCKER","og_description":"140 Aplicaciones Cerraduras y sellos sujetadores de hasta 1&#8243;. Tipo de curaci\u00f3n anaer\u00f3bico. Compite con Loctite\u00ae 271\u2122 (271 es una marca comercial y Loctite es una marca comercial registrada de Henkel IP &#038; Holding GMBH LLC, Alemania). Agrupaci\u00f3n secundaria Alta resistencia. vigencia 2 a\u00f1os a partir de la fecha de fabricaci\u00f3n. Pa\u00eds de origen Estados [&hellip;]","og_url":"https:\/\/thoro.com.mx\/ethoro\/shop\/sin categor\u00eda\/fijador-de-cuerdas-threadlocker\/","og_site_name":"Thoro enterprises de Mexico","article_publisher":"https:\/\/www.facebook.com\/ThoroEnterprises","article_modified_time":"2025-08-11T08:13:17+00:00","twitter_card":"summary_large_image","twitter_misc":{"Tiempo de lectura":"1 minuto"},"schema":{"@context":"https:\/\/schema.org","@graph":[{"@type":"WebPage","@id":"https:\/\/thoro.com.mx\/ethoro\/shop\/sin categor\u00eda\/fijador-de-cuerdas-threadlocker\/","url":"https:\/\/thoro.com.mx\/ethoro\/shop\/sin categor\u00eda\/fijador-de-cuerdas-threadlocker\/","name":"FIJADOR DE CUERDAS THREADLOCKER","isPartOf":{"@id":"https:\/\/72.167.50.119\/ethoro\/#website"},"primaryImageOfPage":{"@id":"https:\/\/thoro.com.mx\/ethoro\/shop\/sin categor\u00eda\/fijador-de-cuerdas-threadlocker\/#primaryimage"},"image":{"@id":"https:\/\/thoro.com.mx\/ethoro\/shop\/sin categor\u00eda\/fijador-de-cuerdas-threadlocker\/#primaryimage"},"thumbnailUrl":"https:\/\/thoro.com.mx\/ethoro\/wp-content\/uploads\/2025\/07\/745619140500.png","datePublished":"2025-07-11T06:47:17+00:00","dateModified":"2025-08-11T08:13:17+00:00","breadcrumb":{"@id":"https:\/\/thoro.com.mx\/ethoro\/shop\/sin categor\u00eda\/fijador-de-cuerdas-threadlocker\/#breadcrumb"},"inLanguage":"es","potentialAction":[{"@type":"ReadAction","target":["https:\/\/thoro.com.mx\/ethoro\/shop\/sin categor\u00eda\/fijador-de-cuerdas-threadlocker\/"]}]},{"@type":"ImageObject","inLanguage":"es","@id":"https:\/\/thoro.com.mx\/ethoro\/shop\/sin categor\u00eda\/fijador-de-cuerdas-threadlocker\/#primaryimage","url":"https:\/\/thoro.com.mx\/ethoro\/wp-content\/uploads\/2025\/07\/745619140500.png","contentUrl":"https:\/\/thoro.com.mx\/ethoro\/wp-content\/uploads\/2025\/07\/745619140500.png","width":1000,"height":1000},{"@type":"BreadcrumbList","@id":"https:\/\/thoro.com.mx\/ethoro\/shop\/sin categor\u00eda\/fijador-de-cuerdas-threadlocker\/#breadcrumb","itemListElement":[{"@type":"ListItem","position":1,"name":"Inicio","item":"https:\/\/thoro.com.mx\/ethoro\/"},{"@type":"ListItem","position":2,"name":"Tienda","item":"https:\/\/thoro.com.mx\/ethoro\/shop\/"},{"@type":"ListItem","position":3,"name":"FIJADOR DE CUERDAS THREADLOCKER"}]},{"@type":"WebSite","@id":"https:\/\/72.167.50.119\/ethoro\/#website","url":"https:\/\/72.167.50.119\/ethoro\/","name":"Thoro Enterprises de M\u00e9xico","description":"Todo en Thoro","publisher":{"@id":"https:\/\/72.167.50.119\/ethoro\/#organization"},"alternateName":"Thoro shop","potentialAction":[{"@type":"SearchAction","target":{"@type":"EntryPoint","urlTemplate":"https:\/\/72.167.50.119\/ethoro\/?s={search_term_string}"},"query-input":{"@type":"PropertyValueSpecification","valueRequired":true,"valueName":"search_term_string"}}],"inLanguage":"es"},{"@type":"Organization","@id":"https:\/\/72.167.50.119\/ethoro\/#organization","name":"Thoro Enterprises de M\u00e9xico","alternateName":"Thoro shop","url":"https:\/\/72.167.50.119\/ethoro\/","logo":{"@type":"ImageObject","inLanguage":"es","@id":"https:\/\/72.167.50.119\/ethoro\/#\/schema\/logo\/image\/","url":"https:\/\/72.167.50.119\/ethoro\/wp-content\/uploads\/2025\/01\/cropped-cropped-icono_t-180x180-1.png","contentUrl":"https:\/\/72.167.50.119\/ethoro\/wp-content\/uploads\/2025\/01\/cropped-cropped-icono_t-180x180-1.png","width":512,"height":512,"caption":"Thoro Enterprises de M\u00e9xico"},"image":{"@id":"https:\/\/72.167.50.119\/ethoro\/#\/schema\/logo\/image\/"},"sameAs":["https:\/\/www.facebook.com\/ThoroEnterprises","https:\/\/www.instagram.com\/thoro.mexico\/"]}]}},"_links":{"self":[{"href":"https:\/\/thoro.com.mx\/ethoro\/wp-json\/wp\/v2\/product\/427440","targetHints":{"allow":["GET"]}}],"collection":[{"href":"https:\/\/thoro.com.mx\/ethoro\/wp-json\/wp\/v2\/product"}],"about":[{"href":"https:\/\/thoro.com.mx\/ethoro\/wp-json\/wp\/v2\/types\/product"}],"replies":[{"embeddable":true,"href":"https:\/\/thoro.com.mx\/ethoro\/wp-json\/wp\/v2\/comments?post=427440"}],"wp:featuredmedia":[{"embeddable":true,"href":"https:\/\/thoro.com.mx\/ethoro\/wp-json\/wp\/v2\/media\/427439"}],"wp:attachment":[{"href":"https:\/\/thoro.com.mx\/ethoro\/wp-json\/wp\/v2\/media?parent=427440"}],"wp:term":[{"taxonomy":"product_brand","embeddable":true,"href":"https:\/\/thoro.com.mx\/ethoro\/wp-json\/wp\/v2\/product_brand?post=427440"},{"taxonomy":"product_cat","embeddable":true,"href":"https:\/\/thoro.com.mx\/ethoro\/wp-json\/wp\/v2\/product_cat?post=427440"},{"taxonomy":"product_tag","embeddable":true,"href":"https:\/\/thoro.com.mx\/ethoro\/wp-json\/wp\/v2\/product_tag?post=427440"}],"curies":[{"name":"wp","href":"https:\/\/api.w.org\/{rel}","templated":true}]}}