{"id":431569,"date":"2025-08-08T00:41:11","date_gmt":"2025-08-08T06:41:11","guid":{"rendered":"https:\/\/thoro.com.mx\/ethoro\/shop\/sin categor\u00eda\/pila-aaa-recargable-volteck-re-aaa-con-2-piezas-de-larga-duracion\/"},"modified":"2026-04-05T02:48:27","modified_gmt":"2026-04-05T08:48:27","slug":"pila-aaa-recargable-volteck-re-aaa-con-2-piezas-de-larga-duracion","status":"publish","type":"product","link":"https:\/\/thoro.com.mx\/ethoro\/shop\/material-electrico\/pilas-y-cargadores-material-electrico\/pilas-recargables-pilas-y-cargadores-material-electrico\/pila-aaa-recargable-volteck-re-aaa-con-2-piezas-de-larga-duracion\/","title":{"rendered":"PILA AAA RECARGABLE VOLTECK RE-AAA CON 2 PIEZAS DE LARGA DURACION"},"content":{"rendered":"<h4>RE-AAA<\/h4>\n<ul>\n<li>Duran hasta 500 ciclos de recarga.<\/li>\n<li>70% Mayor desempe\u00f1o que las de uso general.<\/li>\n<li>Pilas de Ni-MH (N\u00edquel &#8211; Metal Hidruro).<\/li>\n<li>Para aparatos el\u00e9ctricos que consumen mayor energ\u00eda.<\/li>\n<li>Las pilas recargables son de mayor duraci\u00f3n que las normales y menos perjudiciales para el medio ambiente.<\/li>\n<\/ul>\n","protected":false},"excerpt":{"rendered":"<p>RE-AAA Duran hasta 500 ciclos de recarga. 70% Mayor desempe\u00f1o que las de uso general. Pilas de Ni-MH (N\u00edquel &#8211; Metal Hidruro). Para aparatos el\u00e9ctricos que consumen mayor energ\u00eda. Las pilas recargables son de mayor duraci\u00f3n que las normales y menos perjudiciales para el medio ambiente.<\/p>\n","protected":false},"featured_media":432545,"comment_status":"open","ping_status":"closed","template":"","meta":{"_monsterinsights_skip_tracking":false,"_monsterinsights_sitenote_active":false,"_monsterinsights_sitenote_note":"","_monsterinsights_sitenote_category":0,"_joinchat":[]},"product_brand":[],"product_cat":[19205],"product_tag":[],"class_list":{"0":"post-431569","1":"product","2":"type-product","3":"status-publish","4":"has-post-thumbnail","6":"product_cat-pilas-recargables-pilas-y-cargadores-material-electrico","8":"first","9":"instock","10":"taxable","11":"shipping-taxable","12":"purchasable","13":"product-type-simple","14":"add-to-wishlist-after_add_to_cart"},"yoast_head":"<!-- This site is optimized with the Yoast SEO plugin v27.1.1 - https:\/\/yoast.com\/product\/yoast-seo-wordpress\/ -->\n<title>PILA AAA RECARGABLE VOLTECK RE-AAA CON 2 PIEZAS DE LARGA DURACION - Thoro enterprises de Mexico<\/title>\n<meta name=\"robots\" content=\"noindex, follow\" \/>\n<meta property=\"og:locale\" content=\"es_MX\" \/>\n<meta property=\"og:type\" content=\"article\" \/>\n<meta property=\"og:title\" content=\"PILA AAA RECARGABLE VOLTECK RE-AAA CON 2 PIEZAS DE LARGA DURACION - Thoro enterprises de Mexico\" \/>\n<meta property=\"og:description\" content=\"RE-AAA Duran hasta 500 ciclos de recarga. 70% Mayor desempe\u00f1o que las de uso general. Pilas de Ni-MH (N\u00edquel &#8211; Metal Hidruro). Para aparatos el\u00e9ctricos que consumen mayor energ\u00eda. Las pilas recargables son de mayor duraci\u00f3n que las normales y menos perjudiciales para el medio ambiente.\" \/>\n<meta property=\"og:url\" content=\"https:\/\/thoro.com.mx\/ethoro\/shop\/sin categor\u00eda\/pila-aaa-recargable-volteck-re-aaa-con-2-piezas-de-larga-duracion\/\" \/>\n<meta property=\"og:site_name\" content=\"Thoro enterprises de Mexico\" \/>\n<meta property=\"article:publisher\" content=\"https:\/\/www.facebook.com\/ThoroEnterprises\" \/>\n<meta property=\"article:modified_time\" content=\"2026-04-05T08:48:27+00:00\" \/>\n<meta name=\"twitter:card\" content=\"summary_large_image\" \/>\n<script type=\"application\/ld+json\" class=\"yoast-schema-graph\">{\"@context\":\"https:\/\/schema.org\",\"@graph\":[{\"@type\":\"WebPage\",\"@id\":\"https:\/\/thoro.com.mx\/ethoro\/shop\/sin categor\u00eda\/pila-aaa-recargable-volteck-re-aaa-con-2-piezas-de-larga-duracion\/\",\"url\":\"https:\/\/thoro.com.mx\/ethoro\/shop\/sin categor\u00eda\/pila-aaa-recargable-volteck-re-aaa-con-2-piezas-de-larga-duracion\/\",\"name\":\"PILA AAA RECARGABLE VOLTECK RE-AAA CON 2 PIEZAS DE LARGA DURACION - Thoro enterprises de Mexico\",\"isPartOf\":{\"@id\":\"https:\/\/72.167.50.119\/ethoro\/#website\"},\"primaryImageOfPage\":{\"@id\":\"https:\/\/thoro.com.mx\/ethoro\/shop\/sin categor\u00eda\/pila-aaa-recargable-volteck-re-aaa-con-2-piezas-de-larga-duracion\/#primaryimage\"},\"image\":{\"@id\":\"https:\/\/thoro.com.mx\/ethoro\/shop\/sin categor\u00eda\/pila-aaa-recargable-volteck-re-aaa-con-2-piezas-de-larga-duracion\/#primaryimage\"},\"thumbnailUrl\":\"https:\/\/thoro.com.mx\/ethoro\/wp-content\/uploads\/2025\/08\/ME1932.jpg\",\"datePublished\":\"2025-08-08T06:41:11+00:00\",\"dateModified\":\"2026-04-05T08:48:27+00:00\",\"breadcrumb\":{\"@id\":\"https:\/\/thoro.com.mx\/ethoro\/shop\/sin categor\u00eda\/pila-aaa-recargable-volteck-re-aaa-con-2-piezas-de-larga-duracion\/#breadcrumb\"},\"inLanguage\":\"es\",\"potentialAction\":[{\"@type\":\"ReadAction\",\"target\":[\"https:\/\/thoro.com.mx\/ethoro\/shop\/sin categor\u00eda\/pila-aaa-recargable-volteck-re-aaa-con-2-piezas-de-larga-duracion\/\"]}]},{\"@type\":\"ImageObject\",\"inLanguage\":\"es\",\"@id\":\"https:\/\/thoro.com.mx\/ethoro\/shop\/sin categor\u00eda\/pila-aaa-recargable-volteck-re-aaa-con-2-piezas-de-larga-duracion\/#primaryimage\",\"url\":\"https:\/\/thoro.com.mx\/ethoro\/wp-content\/uploads\/2025\/08\/ME1932.jpg\",\"contentUrl\":\"https:\/\/thoro.com.mx\/ethoro\/wp-content\/uploads\/2025\/08\/ME1932.jpg\",\"width\":1000,\"height\":1000},{\"@type\":\"BreadcrumbList\",\"@id\":\"https:\/\/thoro.com.mx\/ethoro\/shop\/sin categor\u00eda\/pila-aaa-recargable-volteck-re-aaa-con-2-piezas-de-larga-duracion\/#breadcrumb\",\"itemListElement\":[{\"@type\":\"ListItem\",\"position\":1,\"name\":\"Inicio\",\"item\":\"https:\/\/thoro.com.mx\/ethoro\/\"},{\"@type\":\"ListItem\",\"position\":2,\"name\":\"Tienda\",\"item\":\"https:\/\/thoro.com.mx\/ethoro\/shop\/\"},{\"@type\":\"ListItem\",\"position\":3,\"name\":\"PILA AAA RECARGABLE VOLTECK RE-AAA CON 2 PIEZAS DE LARGA DURACION\"}]},{\"@type\":\"WebSite\",\"@id\":\"https:\/\/72.167.50.119\/ethoro\/#website\",\"url\":\"https:\/\/72.167.50.119\/ethoro\/\",\"name\":\"Thoro Enterprises de M\u00e9xico\",\"description\":\"Todo en Thoro\",\"publisher\":{\"@id\":\"https:\/\/72.167.50.119\/ethoro\/#organization\"},\"alternateName\":\"Thoro shop\",\"potentialAction\":[{\"@type\":\"SearchAction\",\"target\":{\"@type\":\"EntryPoint\",\"urlTemplate\":\"https:\/\/72.167.50.119\/ethoro\/?s={search_term_string}\"},\"query-input\":{\"@type\":\"PropertyValueSpecification\",\"valueRequired\":true,\"valueName\":\"search_term_string\"}}],\"inLanguage\":\"es\"},{\"@type\":\"Organization\",\"@id\":\"https:\/\/72.167.50.119\/ethoro\/#organization\",\"name\":\"Thoro Enterprises de M\u00e9xico\",\"alternateName\":\"Thoro shop\",\"url\":\"https:\/\/72.167.50.119\/ethoro\/\",\"logo\":{\"@type\":\"ImageObject\",\"inLanguage\":\"es\",\"@id\":\"https:\/\/72.167.50.119\/ethoro\/#\/schema\/logo\/image\/\",\"url\":\"https:\/\/72.167.50.119\/ethoro\/wp-content\/uploads\/2025\/01\/cropped-cropped-icono_t-180x180-1.png\",\"contentUrl\":\"https:\/\/72.167.50.119\/ethoro\/wp-content\/uploads\/2025\/01\/cropped-cropped-icono_t-180x180-1.png\",\"width\":512,\"height\":512,\"caption\":\"Thoro Enterprises de M\u00e9xico\"},\"image\":{\"@id\":\"https:\/\/72.167.50.119\/ethoro\/#\/schema\/logo\/image\/\"},\"sameAs\":[\"https:\/\/www.facebook.com\/ThoroEnterprises\",\"https:\/\/www.instagram.com\/thoro.mexico\/\"]}]}<\/script>\n<!-- \/ Yoast SEO plugin. -->","yoast_head_json":{"title":"PILA AAA RECARGABLE VOLTECK RE-AAA CON 2 PIEZAS DE LARGA DURACION - Thoro enterprises de Mexico","robots":{"index":"noindex","follow":"follow"},"og_locale":"es_MX","og_type":"article","og_title":"PILA AAA RECARGABLE VOLTECK RE-AAA CON 2 PIEZAS DE LARGA DURACION - Thoro enterprises de Mexico","og_description":"RE-AAA Duran hasta 500 ciclos de recarga. 70% Mayor desempe\u00f1o que las de uso general. Pilas de Ni-MH (N\u00edquel &#8211; Metal Hidruro). Para aparatos el\u00e9ctricos que consumen mayor energ\u00eda. Las pilas recargables son de mayor duraci\u00f3n que las normales y menos perjudiciales para el medio ambiente.","og_url":"https:\/\/thoro.com.mx\/ethoro\/shop\/sin categor\u00eda\/pila-aaa-recargable-volteck-re-aaa-con-2-piezas-de-larga-duracion\/","og_site_name":"Thoro enterprises de Mexico","article_publisher":"https:\/\/www.facebook.com\/ThoroEnterprises","article_modified_time":"2026-04-05T08:48:27+00:00","twitter_card":"summary_large_image","schema":{"@context":"https:\/\/schema.org","@graph":[{"@type":"WebPage","@id":"https:\/\/thoro.com.mx\/ethoro\/shop\/sin categor\u00eda\/pila-aaa-recargable-volteck-re-aaa-con-2-piezas-de-larga-duracion\/","url":"https:\/\/thoro.com.mx\/ethoro\/shop\/sin categor\u00eda\/pila-aaa-recargable-volteck-re-aaa-con-2-piezas-de-larga-duracion\/","name":"PILA AAA RECARGABLE VOLTECK RE-AAA CON 2 PIEZAS DE LARGA DURACION - Thoro enterprises de Mexico","isPartOf":{"@id":"https:\/\/72.167.50.119\/ethoro\/#website"},"primaryImageOfPage":{"@id":"https:\/\/thoro.com.mx\/ethoro\/shop\/sin categor\u00eda\/pila-aaa-recargable-volteck-re-aaa-con-2-piezas-de-larga-duracion\/#primaryimage"},"image":{"@id":"https:\/\/thoro.com.mx\/ethoro\/shop\/sin categor\u00eda\/pila-aaa-recargable-volteck-re-aaa-con-2-piezas-de-larga-duracion\/#primaryimage"},"thumbnailUrl":"https:\/\/thoro.com.mx\/ethoro\/wp-content\/uploads\/2025\/08\/ME1932.jpg","datePublished":"2025-08-08T06:41:11+00:00","dateModified":"2026-04-05T08:48:27+00:00","breadcrumb":{"@id":"https:\/\/thoro.com.mx\/ethoro\/shop\/sin categor\u00eda\/pila-aaa-recargable-volteck-re-aaa-con-2-piezas-de-larga-duracion\/#breadcrumb"},"inLanguage":"es","potentialAction":[{"@type":"ReadAction","target":["https:\/\/thoro.com.mx\/ethoro\/shop\/sin categor\u00eda\/pila-aaa-recargable-volteck-re-aaa-con-2-piezas-de-larga-duracion\/"]}]},{"@type":"ImageObject","inLanguage":"es","@id":"https:\/\/thoro.com.mx\/ethoro\/shop\/sin categor\u00eda\/pila-aaa-recargable-volteck-re-aaa-con-2-piezas-de-larga-duracion\/#primaryimage","url":"https:\/\/thoro.com.mx\/ethoro\/wp-content\/uploads\/2025\/08\/ME1932.jpg","contentUrl":"https:\/\/thoro.com.mx\/ethoro\/wp-content\/uploads\/2025\/08\/ME1932.jpg","width":1000,"height":1000},{"@type":"BreadcrumbList","@id":"https:\/\/thoro.com.mx\/ethoro\/shop\/sin categor\u00eda\/pila-aaa-recargable-volteck-re-aaa-con-2-piezas-de-larga-duracion\/#breadcrumb","itemListElement":[{"@type":"ListItem","position":1,"name":"Inicio","item":"https:\/\/thoro.com.mx\/ethoro\/"},{"@type":"ListItem","position":2,"name":"Tienda","item":"https:\/\/thoro.com.mx\/ethoro\/shop\/"},{"@type":"ListItem","position":3,"name":"PILA AAA RECARGABLE VOLTECK RE-AAA CON 2 PIEZAS DE LARGA DURACION"}]},{"@type":"WebSite","@id":"https:\/\/72.167.50.119\/ethoro\/#website","url":"https:\/\/72.167.50.119\/ethoro\/","name":"Thoro Enterprises de M\u00e9xico","description":"Todo en Thoro","publisher":{"@id":"https:\/\/72.167.50.119\/ethoro\/#organization"},"alternateName":"Thoro shop","potentialAction":[{"@type":"SearchAction","target":{"@type":"EntryPoint","urlTemplate":"https:\/\/72.167.50.119\/ethoro\/?s={search_term_string}"},"query-input":{"@type":"PropertyValueSpecification","valueRequired":true,"valueName":"search_term_string"}}],"inLanguage":"es"},{"@type":"Organization","@id":"https:\/\/72.167.50.119\/ethoro\/#organization","name":"Thoro Enterprises de M\u00e9xico","alternateName":"Thoro shop","url":"https:\/\/72.167.50.119\/ethoro\/","logo":{"@type":"ImageObject","inLanguage":"es","@id":"https:\/\/72.167.50.119\/ethoro\/#\/schema\/logo\/image\/","url":"https:\/\/72.167.50.119\/ethoro\/wp-content\/uploads\/2025\/01\/cropped-cropped-icono_t-180x180-1.png","contentUrl":"https:\/\/72.167.50.119\/ethoro\/wp-content\/uploads\/2025\/01\/cropped-cropped-icono_t-180x180-1.png","width":512,"height":512,"caption":"Thoro Enterprises de M\u00e9xico"},"image":{"@id":"https:\/\/72.167.50.119\/ethoro\/#\/schema\/logo\/image\/"},"sameAs":["https:\/\/www.facebook.com\/ThoroEnterprises","https:\/\/www.instagram.com\/thoro.mexico\/"]}]}},"_links":{"self":[{"href":"https:\/\/thoro.com.mx\/ethoro\/wp-json\/wp\/v2\/product\/431569","targetHints":{"allow":["GET"]}}],"collection":[{"href":"https:\/\/thoro.com.mx\/ethoro\/wp-json\/wp\/v2\/product"}],"about":[{"href":"https:\/\/thoro.com.mx\/ethoro\/wp-json\/wp\/v2\/types\/product"}],"replies":[{"embeddable":true,"href":"https:\/\/thoro.com.mx\/ethoro\/wp-json\/wp\/v2\/comments?post=431569"}],"wp:featuredmedia":[{"embeddable":true,"href":"https:\/\/thoro.com.mx\/ethoro\/wp-json\/wp\/v2\/media\/432545"}],"wp:attachment":[{"href":"https:\/\/thoro.com.mx\/ethoro\/wp-json\/wp\/v2\/media?parent=431569"}],"wp:term":[{"taxonomy":"product_brand","embeddable":true,"href":"https:\/\/thoro.com.mx\/ethoro\/wp-json\/wp\/v2\/product_brand?post=431569"},{"taxonomy":"product_cat","embeddable":true,"href":"https:\/\/thoro.com.mx\/ethoro\/wp-json\/wp\/v2\/product_cat?post=431569"},{"taxonomy":"product_tag","embeddable":true,"href":"https:\/\/thoro.com.mx\/ethoro\/wp-json\/wp\/v2\/product_tag?post=431569"}],"curies":[{"name":"wp","href":"https:\/\/api.w.org\/{rel}","templated":true}]}}