{"id":433391,"date":"2025-08-19T01:25:13","date_gmt":"2025-08-19T07:25:13","guid":{"rendered":"https:\/\/thoro.com.mx\/ethoro\/shop\/sin categor\u00eda\/compuesto-de-retencion-alta-resistencia-vibratite-53800-verde-jarra-de-1l\/"},"modified":"2025-08-21T02:20:31","modified_gmt":"2025-08-21T08:20:31","slug":"compuesto-de-retencion-alta-resistencia-vibratite-53800-verde-jarra-de-1l","status":"publish","type":"product","link":"https:\/\/thoro.com.mx\/ethoro\/shop\/herramientas\/adhesivos-industriales\/compuestos-de-retencion\/compuesto-de-retencion-alta-resistencia-vibratite-53800-verde-jarra-de-1l\/","title":{"rendered":"COMPUESTO DE RETENCION ALTA RESISTENCIA VIBRATITE 53800 VERDE JARRA DE 1L"},"content":{"rendered":"<h4>53800<\/h4>\n<ul>\n<li>Compuesto de retenci\u00f3n de uso general Vibra-Tite 530 que une montajes de metal. Compuesto de retenci\u00f3n de baja viscosidad recomendado para distancias de separaci\u00f3n diametrales de hasta 0.005\u201d para aumentar los ajustes de presi\u00f3n. Resiste temperaturas de hasta 300 \u00b0F proporcionando un esfuerzo de cizalla de 3,000 psi despu\u00e9s de 24 horas con un tiempo de secado de 10 minutos. <\/li>\n<li>Usos t\u00edpicos: Rotores, ejes, bujes, cojinetes y poleas.<\/li>\n<li>Aumenta el esfuerzo de cizalla en conjuntos de metal cil\u00edndricos no roscados<\/li>\n<li>Llena los huecos entre conjuntos de metal muy ajustados <\/li>\n<li>Crea un conjunto firme de una sola pieza <\/li>\n<li>Sella juntas contra las fugas<\/li>\n<li>Impide la corrosi\u00f3n<\/li>\n<li>Indicador de luz UV\/ negra<\/li>\n<li>Alta resistencia para piezas de ajuste holgado.<\/li>\n<\/ul>\n","protected":false},"excerpt":{"rendered":"<p>53800 Compuesto de retenci\u00f3n de uso general Vibra-Tite 530 que une montajes de metal. Compuesto de retenci\u00f3n de baja viscosidad recomendado para distancias de separaci\u00f3n diametrales de hasta 0.005\u201d para aumentar los ajustes de presi\u00f3n. Resiste temperaturas de hasta 300 \u00b0F proporcionando un esfuerzo de cizalla de 3,000 psi despu\u00e9s de 24 horas con un [&hellip;]<\/p>\n","protected":false},"featured_media":433390,"comment_status":"open","ping_status":"closed","template":"","meta":{"_monsterinsights_skip_tracking":false,"_monsterinsights_sitenote_active":false,"_monsterinsights_sitenote_note":"","_monsterinsights_sitenote_category":0,"_joinchat":[]},"product_brand":[],"product_cat":[14262],"product_tag":[],"class_list":{"0":"post-433391","1":"product","2":"type-product","3":"status-publish","4":"has-post-thumbnail","6":"product_cat-compuestos-de-retencion","8":"first","9":"outofstock","10":"sale","11":"taxable","12":"shipping-taxable","13":"purchasable","14":"product-type-simple","15":"add-to-wishlist-after_add_to_cart"},"yoast_head":"<!-- This site is optimized with the Yoast SEO plugin v27.3 - https:\/\/yoast.com\/product\/yoast-seo-wordpress\/ -->\n<title>COMPUESTO DE RETENCION ALTA RESISTENCIA VIBRATITE 53800 VERDE JARRA DE 1L - Thoro enterprises de Mexico<\/title>\n<meta name=\"robots\" content=\"noindex, follow\" \/>\n<meta property=\"og:locale\" content=\"es_MX\" \/>\n<meta property=\"og:type\" content=\"article\" \/>\n<meta property=\"og:title\" content=\"COMPUESTO DE RETENCION ALTA RESISTENCIA VIBRATITE 53800 VERDE JARRA DE 1L - Thoro enterprises de Mexico\" \/>\n<meta property=\"og:description\" content=\"53800 Compuesto de retenci\u00f3n de uso general Vibra-Tite 530 que une montajes de metal. Compuesto de retenci\u00f3n de baja viscosidad recomendado para distancias de separaci\u00f3n diametrales de hasta 0.005\u201d para aumentar los ajustes de presi\u00f3n. Resiste temperaturas de hasta 300 \u00b0F proporcionando un esfuerzo de cizalla de 3,000 psi despu\u00e9s de 24 horas con un [&hellip;]\" \/>\n<meta property=\"og:url\" content=\"https:\/\/thoro.com.mx\/ethoro\/shop\/sin categor\u00eda\/compuesto-de-retencion-alta-resistencia-vibratite-53800-verde-jarra-de-1l\/\" \/>\n<meta property=\"og:site_name\" content=\"Thoro enterprises de Mexico\" \/>\n<meta property=\"article:publisher\" content=\"https:\/\/www.facebook.com\/ThoroEnterprises\" \/>\n<meta property=\"article:modified_time\" content=\"2025-08-21T08:20:31+00:00\" \/>\n<meta name=\"twitter:card\" content=\"summary_large_image\" \/>\n<meta name=\"twitter:label1\" content=\"Tiempo de lectura\" \/>\n\t<meta name=\"twitter:data1\" content=\"1 minuto\" \/>\n<script type=\"application\/ld+json\" class=\"yoast-schema-graph\">{\"@context\":\"https:\\\/\\\/schema.org\",\"@graph\":[{\"@type\":\"WebPage\",\"@id\":\"https:\\\/\\\/thoro.com.mx\\\/ethoro\\\/shop\\\/sin categor\u00eda\\\/compuesto-de-retencion-alta-resistencia-vibratite-53800-verde-jarra-de-1l\\\/\",\"url\":\"https:\\\/\\\/thoro.com.mx\\\/ethoro\\\/shop\\\/sin categor\u00eda\\\/compuesto-de-retencion-alta-resistencia-vibratite-53800-verde-jarra-de-1l\\\/\",\"name\":\"COMPUESTO DE RETENCION ALTA RESISTENCIA VIBRATITE 53800 VERDE JARRA DE 1L - Thoro enterprises de Mexico\",\"isPartOf\":{\"@id\":\"https:\\\/\\\/72.167.50.119\\\/ethoro\\\/#website\"},\"primaryImageOfPage\":{\"@id\":\"https:\\\/\\\/thoro.com.mx\\\/ethoro\\\/shop\\\/sin categor\u00eda\\\/compuesto-de-retencion-alta-resistencia-vibratite-53800-verde-jarra-de-1l\\\/#primaryimage\"},\"image\":{\"@id\":\"https:\\\/\\\/thoro.com.mx\\\/ethoro\\\/shop\\\/sin categor\u00eda\\\/compuesto-de-retencion-alta-resistencia-vibratite-53800-verde-jarra-de-1l\\\/#primaryimage\"},\"thumbnailUrl\":\"https:\\\/\\\/thoro.com.mx\\\/ethoro\\\/wp-content\\\/uploads\\\/2025\\\/08\\\/Q0001_01.jpg\",\"datePublished\":\"2025-08-19T07:25:13+00:00\",\"dateModified\":\"2025-08-21T08:20:31+00:00\",\"breadcrumb\":{\"@id\":\"https:\\\/\\\/thoro.com.mx\\\/ethoro\\\/shop\\\/sin categor\u00eda\\\/compuesto-de-retencion-alta-resistencia-vibratite-53800-verde-jarra-de-1l\\\/#breadcrumb\"},\"inLanguage\":\"es\",\"potentialAction\":[{\"@type\":\"ReadAction\",\"target\":[\"https:\\\/\\\/thoro.com.mx\\\/ethoro\\\/shop\\\/sin categor\u00eda\\\/compuesto-de-retencion-alta-resistencia-vibratite-53800-verde-jarra-de-1l\\\/\"]}]},{\"@type\":\"ImageObject\",\"inLanguage\":\"es\",\"@id\":\"https:\\\/\\\/thoro.com.mx\\\/ethoro\\\/shop\\\/sin categor\u00eda\\\/compuesto-de-retencion-alta-resistencia-vibratite-53800-verde-jarra-de-1l\\\/#primaryimage\",\"url\":\"https:\\\/\\\/thoro.com.mx\\\/ethoro\\\/wp-content\\\/uploads\\\/2025\\\/08\\\/Q0001_01.jpg\",\"contentUrl\":\"https:\\\/\\\/thoro.com.mx\\\/ethoro\\\/wp-content\\\/uploads\\\/2025\\\/08\\\/Q0001_01.jpg\",\"width\":1000,\"height\":1000},{\"@type\":\"BreadcrumbList\",\"@id\":\"https:\\\/\\\/thoro.com.mx\\\/ethoro\\\/shop\\\/sin categor\u00eda\\\/compuesto-de-retencion-alta-resistencia-vibratite-53800-verde-jarra-de-1l\\\/#breadcrumb\",\"itemListElement\":[{\"@type\":\"ListItem\",\"position\":1,\"name\":\"Inicio\",\"item\":\"https:\\\/\\\/thoro.com.mx\\\/ethoro\\\/\"},{\"@type\":\"ListItem\",\"position\":2,\"name\":\"Tienda\",\"item\":\"https:\\\/\\\/thoro.com.mx\\\/ethoro\\\/shop\\\/\"},{\"@type\":\"ListItem\",\"position\":3,\"name\":\"COMPUESTO DE RETENCION ALTA RESISTENCIA VIBRATITE 53800 VERDE JARRA DE 1L\"}]},{\"@type\":\"WebSite\",\"@id\":\"https:\\\/\\\/72.167.50.119\\\/ethoro\\\/#website\",\"url\":\"https:\\\/\\\/72.167.50.119\\\/ethoro\\\/\",\"name\":\"Thoro Enterprises de M\u00e9xico\",\"description\":\"Todo en Thoro\",\"publisher\":{\"@id\":\"https:\\\/\\\/72.167.50.119\\\/ethoro\\\/#organization\"},\"alternateName\":\"Thoro shop\",\"potentialAction\":[{\"@type\":\"SearchAction\",\"target\":{\"@type\":\"EntryPoint\",\"urlTemplate\":\"https:\\\/\\\/72.167.50.119\\\/ethoro\\\/?s={search_term_string}\"},\"query-input\":{\"@type\":\"PropertyValueSpecification\",\"valueRequired\":true,\"valueName\":\"search_term_string\"}}],\"inLanguage\":\"es\"},{\"@type\":\"Organization\",\"@id\":\"https:\\\/\\\/72.167.50.119\\\/ethoro\\\/#organization\",\"name\":\"Thoro Enterprises de M\u00e9xico\",\"alternateName\":\"Thoro shop\",\"url\":\"https:\\\/\\\/72.167.50.119\\\/ethoro\\\/\",\"logo\":{\"@type\":\"ImageObject\",\"inLanguage\":\"es\",\"@id\":\"https:\\\/\\\/72.167.50.119\\\/ethoro\\\/#\\\/schema\\\/logo\\\/image\\\/\",\"url\":\"https:\\\/\\\/72.167.50.119\\\/ethoro\\\/wp-content\\\/uploads\\\/2025\\\/01\\\/cropped-cropped-icono_t-180x180-1.png\",\"contentUrl\":\"https:\\\/\\\/72.167.50.119\\\/ethoro\\\/wp-content\\\/uploads\\\/2025\\\/01\\\/cropped-cropped-icono_t-180x180-1.png\",\"width\":512,\"height\":512,\"caption\":\"Thoro Enterprises de M\u00e9xico\"},\"image\":{\"@id\":\"https:\\\/\\\/72.167.50.119\\\/ethoro\\\/#\\\/schema\\\/logo\\\/image\\\/\"},\"sameAs\":[\"https:\\\/\\\/www.facebook.com\\\/ThoroEnterprises\",\"https:\\\/\\\/www.instagram.com\\\/thoro.mexico\\\/\"]}]}<\/script>\n<!-- \/ Yoast SEO plugin. -->","yoast_head_json":{"title":"COMPUESTO DE RETENCION ALTA RESISTENCIA VIBRATITE 53800 VERDE JARRA DE 1L - Thoro enterprises de Mexico","robots":{"index":"noindex","follow":"follow"},"og_locale":"es_MX","og_type":"article","og_title":"COMPUESTO DE RETENCION ALTA RESISTENCIA VIBRATITE 53800 VERDE JARRA DE 1L - Thoro enterprises de Mexico","og_description":"53800 Compuesto de retenci\u00f3n de uso general Vibra-Tite 530 que une montajes de metal. Compuesto de retenci\u00f3n de baja viscosidad recomendado para distancias de separaci\u00f3n diametrales de hasta 0.005\u201d para aumentar los ajustes de presi\u00f3n. Resiste temperaturas de hasta 300 \u00b0F proporcionando un esfuerzo de cizalla de 3,000 psi despu\u00e9s de 24 horas con un [&hellip;]","og_url":"https:\/\/thoro.com.mx\/ethoro\/shop\/sin categor\u00eda\/compuesto-de-retencion-alta-resistencia-vibratite-53800-verde-jarra-de-1l\/","og_site_name":"Thoro enterprises de Mexico","article_publisher":"https:\/\/www.facebook.com\/ThoroEnterprises","article_modified_time":"2025-08-21T08:20:31+00:00","twitter_card":"summary_large_image","twitter_misc":{"Tiempo de lectura":"1 minuto"},"schema":{"@context":"https:\/\/schema.org","@graph":[{"@type":"WebPage","@id":"https:\/\/thoro.com.mx\/ethoro\/shop\/sin categor\u00eda\/compuesto-de-retencion-alta-resistencia-vibratite-53800-verde-jarra-de-1l\/","url":"https:\/\/thoro.com.mx\/ethoro\/shop\/sin categor\u00eda\/compuesto-de-retencion-alta-resistencia-vibratite-53800-verde-jarra-de-1l\/","name":"COMPUESTO DE RETENCION ALTA RESISTENCIA VIBRATITE 53800 VERDE JARRA DE 1L - Thoro enterprises de Mexico","isPartOf":{"@id":"https:\/\/72.167.50.119\/ethoro\/#website"},"primaryImageOfPage":{"@id":"https:\/\/thoro.com.mx\/ethoro\/shop\/sin categor\u00eda\/compuesto-de-retencion-alta-resistencia-vibratite-53800-verde-jarra-de-1l\/#primaryimage"},"image":{"@id":"https:\/\/thoro.com.mx\/ethoro\/shop\/sin categor\u00eda\/compuesto-de-retencion-alta-resistencia-vibratite-53800-verde-jarra-de-1l\/#primaryimage"},"thumbnailUrl":"https:\/\/thoro.com.mx\/ethoro\/wp-content\/uploads\/2025\/08\/Q0001_01.jpg","datePublished":"2025-08-19T07:25:13+00:00","dateModified":"2025-08-21T08:20:31+00:00","breadcrumb":{"@id":"https:\/\/thoro.com.mx\/ethoro\/shop\/sin categor\u00eda\/compuesto-de-retencion-alta-resistencia-vibratite-53800-verde-jarra-de-1l\/#breadcrumb"},"inLanguage":"es","potentialAction":[{"@type":"ReadAction","target":["https:\/\/thoro.com.mx\/ethoro\/shop\/sin categor\u00eda\/compuesto-de-retencion-alta-resistencia-vibratite-53800-verde-jarra-de-1l\/"]}]},{"@type":"ImageObject","inLanguage":"es","@id":"https:\/\/thoro.com.mx\/ethoro\/shop\/sin categor\u00eda\/compuesto-de-retencion-alta-resistencia-vibratite-53800-verde-jarra-de-1l\/#primaryimage","url":"https:\/\/thoro.com.mx\/ethoro\/wp-content\/uploads\/2025\/08\/Q0001_01.jpg","contentUrl":"https:\/\/thoro.com.mx\/ethoro\/wp-content\/uploads\/2025\/08\/Q0001_01.jpg","width":1000,"height":1000},{"@type":"BreadcrumbList","@id":"https:\/\/thoro.com.mx\/ethoro\/shop\/sin categor\u00eda\/compuesto-de-retencion-alta-resistencia-vibratite-53800-verde-jarra-de-1l\/#breadcrumb","itemListElement":[{"@type":"ListItem","position":1,"name":"Inicio","item":"https:\/\/thoro.com.mx\/ethoro\/"},{"@type":"ListItem","position":2,"name":"Tienda","item":"https:\/\/thoro.com.mx\/ethoro\/shop\/"},{"@type":"ListItem","position":3,"name":"COMPUESTO DE RETENCION ALTA RESISTENCIA VIBRATITE 53800 VERDE JARRA DE 1L"}]},{"@type":"WebSite","@id":"https:\/\/72.167.50.119\/ethoro\/#website","url":"https:\/\/72.167.50.119\/ethoro\/","name":"Thoro Enterprises de M\u00e9xico","description":"Todo en Thoro","publisher":{"@id":"https:\/\/72.167.50.119\/ethoro\/#organization"},"alternateName":"Thoro shop","potentialAction":[{"@type":"SearchAction","target":{"@type":"EntryPoint","urlTemplate":"https:\/\/72.167.50.119\/ethoro\/?s={search_term_string}"},"query-input":{"@type":"PropertyValueSpecification","valueRequired":true,"valueName":"search_term_string"}}],"inLanguage":"es"},{"@type":"Organization","@id":"https:\/\/72.167.50.119\/ethoro\/#organization","name":"Thoro Enterprises de M\u00e9xico","alternateName":"Thoro shop","url":"https:\/\/72.167.50.119\/ethoro\/","logo":{"@type":"ImageObject","inLanguage":"es","@id":"https:\/\/72.167.50.119\/ethoro\/#\/schema\/logo\/image\/","url":"https:\/\/72.167.50.119\/ethoro\/wp-content\/uploads\/2025\/01\/cropped-cropped-icono_t-180x180-1.png","contentUrl":"https:\/\/72.167.50.119\/ethoro\/wp-content\/uploads\/2025\/01\/cropped-cropped-icono_t-180x180-1.png","width":512,"height":512,"caption":"Thoro Enterprises de M\u00e9xico"},"image":{"@id":"https:\/\/72.167.50.119\/ethoro\/#\/schema\/logo\/image\/"},"sameAs":["https:\/\/www.facebook.com\/ThoroEnterprises","https:\/\/www.instagram.com\/thoro.mexico\/"]}]}},"_links":{"self":[{"href":"https:\/\/thoro.com.mx\/ethoro\/wp-json\/wp\/v2\/product\/433391","targetHints":{"allow":["GET"]}}],"collection":[{"href":"https:\/\/thoro.com.mx\/ethoro\/wp-json\/wp\/v2\/product"}],"about":[{"href":"https:\/\/thoro.com.mx\/ethoro\/wp-json\/wp\/v2\/types\/product"}],"replies":[{"embeddable":true,"href":"https:\/\/thoro.com.mx\/ethoro\/wp-json\/wp\/v2\/comments?post=433391"}],"wp:featuredmedia":[{"embeddable":true,"href":"https:\/\/thoro.com.mx\/ethoro\/wp-json\/wp\/v2\/media\/433390"}],"wp:attachment":[{"href":"https:\/\/thoro.com.mx\/ethoro\/wp-json\/wp\/v2\/media?parent=433391"}],"wp:term":[{"taxonomy":"product_brand","embeddable":true,"href":"https:\/\/thoro.com.mx\/ethoro\/wp-json\/wp\/v2\/product_brand?post=433391"},{"taxonomy":"product_cat","embeddable":true,"href":"https:\/\/thoro.com.mx\/ethoro\/wp-json\/wp\/v2\/product_cat?post=433391"},{"taxonomy":"product_tag","embeddable":true,"href":"https:\/\/thoro.com.mx\/ethoro\/wp-json\/wp\/v2\/product_tag?post=433391"}],"curies":[{"name":"wp","href":"https:\/\/api.w.org\/{rel}","templated":true}]}}