{"id":433756,"date":"2025-08-21T01:04:39","date_gmt":"2025-08-21T07:04:39","guid":{"rendered":"https:\/\/thoro.com.mx\/ethoro\/shop\/sin categor\u00eda\/diadema-para-computadora-logitech-h390-negro-microfono-usb\/"},"modified":"2025-08-22T02:53:38","modified_gmt":"2025-08-22T08:53:38","slug":"diadema-para-computadora-logitech-h390-negro-microfono-usb","status":"publish","type":"product","link":"https:\/\/thoro.com.mx\/ethoro\/shop\/papeleria-y-oficina\/equipos-de-computo-y-tecnologia-papeleria-y-oficina\/gadgets-de-tecnologia-equipos-de-computo-y-tecnologia-papeleria-y-oficina\/diadema-para-computadora-logitech-h390-negro-microfono-usb\/","title":{"rendered":"DIADEMA PARA COMPUTADORA LOGITECH H390 NEGRO MICROFONO USB"},"content":{"rendered":"<h4>H390<\/h4>\n<ul>\n<li>AUDIO N\u00cdTIDO Y PR\u00c1CTICOS CONTROLES INTEGRADOS EN EL CABLE<\/li>\n<li>Para llamadas por Internet n\u00edtidas con una simple conexi\u00f3n USB-A Plug and Play y un micr\u00f3fono con supresi\u00f3n de ruido. Los controles integrados en el cable permiten controlar el volumen o silenciarlo sin interrumpir la llamada. Los transductores optimizados por l\u00e1ser ofrecen audio digital mejorado con la m\u00fasica y los juegos favoritos.<\/li>\n<li>AUD\u00cdFONOS CON MICR\u00d3FONO USB PARA COMPUTADORA<\/li>\n<li>Los aud\u00edfonos con micr\u00f3fono para empresas perfectos para llamadas de voz, Skype, seminarios web y mucho m\u00e1s. El cable de 233 cm tiene la longitud adecuada para darte la libertad de ponerte de pie y estirarte durante largas conversaciones.<\/li>\n<li> <\/li>\n<li>SONIDO EST\u00c9REO DIGITAL<\/li>\n<li>Los transductores optimizados por l\u00e1ser proporcionan audio digital mejorado para m\u00fasica, juegos y llamadas. Estos aud\u00edfonos Plug and Play se pueden usar con cualquier equipo PC o Mac sin necesidad de instalar software.<\/li>\n<li> <\/li>\n<li>DIADEMA Y COPAS ACOLCHADAS<\/li>\n<li>La diadema ajustable tiene almohadillas de piel sint\u00e9tica giratorias para un uso confortable durante horas. Adem\u00e1s son f\u00e1ciles de limpiar.<\/li>\n<\/ul>\n","protected":false},"excerpt":{"rendered":"<p>H390 AUDIO N\u00cdTIDO Y PR\u00c1CTICOS CONTROLES INTEGRADOS EN EL CABLE Para llamadas por Internet n\u00edtidas con una simple conexi\u00f3n USB-A Plug and Play y un micr\u00f3fono con supresi\u00f3n de ruido. Los controles integrados en el cable permiten controlar el volumen o silenciarlo sin interrumpir la llamada. Los transductores optimizados por l\u00e1ser ofrecen audio digital mejorado [&hellip;]<\/p>\n","protected":false},"featured_media":433755,"comment_status":"open","ping_status":"closed","template":"","meta":{"_monsterinsights_skip_tracking":false,"_monsterinsights_sitenote_active":false,"_monsterinsights_sitenote_note":"","_monsterinsights_sitenote_category":0,"_joinchat":[]},"product_brand":[],"product_cat":[20792],"product_tag":[],"class_list":{"0":"post-433756","1":"product","2":"type-product","3":"status-publish","4":"has-post-thumbnail","6":"product_cat-gadgets-de-tecnologia-equipos-de-computo-y-tecnologia-papeleria-y-oficina","8":"first","9":"outofstock","10":"taxable","11":"shipping-taxable","12":"purchasable","13":"product-type-simple","14":"add-to-wishlist-after_add_to_cart"},"yoast_head":"<!-- This site is optimized with the Yoast SEO plugin v27.1.1 - https:\/\/yoast.com\/product\/yoast-seo-wordpress\/ -->\n<title>DIADEMA PARA COMPUTADORA LOGITECH H390 NEGRO MICROFONO USB - Thoro enterprises de Mexico<\/title>\n<meta name=\"robots\" content=\"noindex, follow\" \/>\n<meta property=\"og:locale\" content=\"es_MX\" \/>\n<meta property=\"og:type\" content=\"article\" \/>\n<meta property=\"og:title\" content=\"DIADEMA PARA COMPUTADORA LOGITECH H390 NEGRO MICROFONO USB - Thoro enterprises de Mexico\" \/>\n<meta property=\"og:description\" content=\"H390 AUDIO N\u00cdTIDO Y PR\u00c1CTICOS CONTROLES INTEGRADOS EN EL CABLE Para llamadas por Internet n\u00edtidas con una simple conexi\u00f3n USB-A Plug and Play y un micr\u00f3fono con supresi\u00f3n de ruido. Los controles integrados en el cable permiten controlar el volumen o silenciarlo sin interrumpir la llamada. Los transductores optimizados por l\u00e1ser ofrecen audio digital mejorado [&hellip;]\" \/>\n<meta property=\"og:url\" content=\"https:\/\/thoro.com.mx\/ethoro\/shop\/sin categor\u00eda\/diadema-para-computadora-logitech-h390-negro-microfono-usb\/\" \/>\n<meta property=\"og:site_name\" content=\"Thoro enterprises de Mexico\" \/>\n<meta property=\"article:publisher\" content=\"https:\/\/www.facebook.com\/ThoroEnterprises\" \/>\n<meta property=\"article:modified_time\" content=\"2025-08-22T08:53:38+00:00\" \/>\n<meta name=\"twitter:card\" content=\"summary_large_image\" \/>\n<meta name=\"twitter:label1\" content=\"Tiempo de lectura\" \/>\n\t<meta name=\"twitter:data1\" content=\"1 minuto\" \/>\n<script type=\"application\/ld+json\" class=\"yoast-schema-graph\">{\"@context\":\"https:\/\/schema.org\",\"@graph\":[{\"@type\":\"WebPage\",\"@id\":\"https:\/\/thoro.com.mx\/ethoro\/shop\/sin categor\u00eda\/diadema-para-computadora-logitech-h390-negro-microfono-usb\/\",\"url\":\"https:\/\/thoro.com.mx\/ethoro\/shop\/sin categor\u00eda\/diadema-para-computadora-logitech-h390-negro-microfono-usb\/\",\"name\":\"DIADEMA PARA COMPUTADORA LOGITECH H390 NEGRO MICROFONO USB - Thoro enterprises de Mexico\",\"isPartOf\":{\"@id\":\"https:\/\/72.167.50.119\/ethoro\/#website\"},\"primaryImageOfPage\":{\"@id\":\"https:\/\/thoro.com.mx\/ethoro\/shop\/sin categor\u00eda\/diadema-para-computadora-logitech-h390-negro-microfono-usb\/#primaryimage\"},\"image\":{\"@id\":\"https:\/\/thoro.com.mx\/ethoro\/shop\/sin categor\u00eda\/diadema-para-computadora-logitech-h390-negro-microfono-usb\/#primaryimage\"},\"thumbnailUrl\":\"https:\/\/thoro.com.mx\/ethoro\/wp-content\/uploads\/2025\/08\/PC0116_01.jpg\",\"datePublished\":\"2025-08-21T07:04:39+00:00\",\"dateModified\":\"2025-08-22T08:53:38+00:00\",\"breadcrumb\":{\"@id\":\"https:\/\/thoro.com.mx\/ethoro\/shop\/sin categor\u00eda\/diadema-para-computadora-logitech-h390-negro-microfono-usb\/#breadcrumb\"},\"inLanguage\":\"es\",\"potentialAction\":[{\"@type\":\"ReadAction\",\"target\":[\"https:\/\/thoro.com.mx\/ethoro\/shop\/sin categor\u00eda\/diadema-para-computadora-logitech-h390-negro-microfono-usb\/\"]}]},{\"@type\":\"ImageObject\",\"inLanguage\":\"es\",\"@id\":\"https:\/\/thoro.com.mx\/ethoro\/shop\/sin categor\u00eda\/diadema-para-computadora-logitech-h390-negro-microfono-usb\/#primaryimage\",\"url\":\"https:\/\/thoro.com.mx\/ethoro\/wp-content\/uploads\/2025\/08\/PC0116_01.jpg\",\"contentUrl\":\"https:\/\/thoro.com.mx\/ethoro\/wp-content\/uploads\/2025\/08\/PC0116_01.jpg\",\"width\":1000,\"height\":1000},{\"@type\":\"BreadcrumbList\",\"@id\":\"https:\/\/thoro.com.mx\/ethoro\/shop\/sin categor\u00eda\/diadema-para-computadora-logitech-h390-negro-microfono-usb\/#breadcrumb\",\"itemListElement\":[{\"@type\":\"ListItem\",\"position\":1,\"name\":\"Inicio\",\"item\":\"https:\/\/thoro.com.mx\/ethoro\/\"},{\"@type\":\"ListItem\",\"position\":2,\"name\":\"Tienda\",\"item\":\"https:\/\/thoro.com.mx\/ethoro\/shop\/\"},{\"@type\":\"ListItem\",\"position\":3,\"name\":\"DIADEMA PARA COMPUTADORA LOGITECH H390 NEGRO MICROFONO USB\"}]},{\"@type\":\"WebSite\",\"@id\":\"https:\/\/72.167.50.119\/ethoro\/#website\",\"url\":\"https:\/\/72.167.50.119\/ethoro\/\",\"name\":\"Thoro Enterprises de M\u00e9xico\",\"description\":\"Todo en Thoro\",\"publisher\":{\"@id\":\"https:\/\/72.167.50.119\/ethoro\/#organization\"},\"alternateName\":\"Thoro shop\",\"potentialAction\":[{\"@type\":\"SearchAction\",\"target\":{\"@type\":\"EntryPoint\",\"urlTemplate\":\"https:\/\/72.167.50.119\/ethoro\/?s={search_term_string}\"},\"query-input\":{\"@type\":\"PropertyValueSpecification\",\"valueRequired\":true,\"valueName\":\"search_term_string\"}}],\"inLanguage\":\"es\"},{\"@type\":\"Organization\",\"@id\":\"https:\/\/72.167.50.119\/ethoro\/#organization\",\"name\":\"Thoro Enterprises de M\u00e9xico\",\"alternateName\":\"Thoro shop\",\"url\":\"https:\/\/72.167.50.119\/ethoro\/\",\"logo\":{\"@type\":\"ImageObject\",\"inLanguage\":\"es\",\"@id\":\"https:\/\/72.167.50.119\/ethoro\/#\/schema\/logo\/image\/\",\"url\":\"https:\/\/72.167.50.119\/ethoro\/wp-content\/uploads\/2025\/01\/cropped-cropped-icono_t-180x180-1.png\",\"contentUrl\":\"https:\/\/72.167.50.119\/ethoro\/wp-content\/uploads\/2025\/01\/cropped-cropped-icono_t-180x180-1.png\",\"width\":512,\"height\":512,\"caption\":\"Thoro Enterprises de M\u00e9xico\"},\"image\":{\"@id\":\"https:\/\/72.167.50.119\/ethoro\/#\/schema\/logo\/image\/\"},\"sameAs\":[\"https:\/\/www.facebook.com\/ThoroEnterprises\",\"https:\/\/www.instagram.com\/thoro.mexico\/\"]}]}<\/script>\n<!-- \/ Yoast SEO plugin. -->","yoast_head_json":{"title":"DIADEMA PARA COMPUTADORA LOGITECH H390 NEGRO MICROFONO USB - Thoro enterprises de Mexico","robots":{"index":"noindex","follow":"follow"},"og_locale":"es_MX","og_type":"article","og_title":"DIADEMA PARA COMPUTADORA LOGITECH H390 NEGRO MICROFONO USB - Thoro enterprises de Mexico","og_description":"H390 AUDIO N\u00cdTIDO Y PR\u00c1CTICOS CONTROLES INTEGRADOS EN EL CABLE Para llamadas por Internet n\u00edtidas con una simple conexi\u00f3n USB-A Plug and Play y un micr\u00f3fono con supresi\u00f3n de ruido. Los controles integrados en el cable permiten controlar el volumen o silenciarlo sin interrumpir la llamada. Los transductores optimizados por l\u00e1ser ofrecen audio digital mejorado [&hellip;]","og_url":"https:\/\/thoro.com.mx\/ethoro\/shop\/sin categor\u00eda\/diadema-para-computadora-logitech-h390-negro-microfono-usb\/","og_site_name":"Thoro enterprises de Mexico","article_publisher":"https:\/\/www.facebook.com\/ThoroEnterprises","article_modified_time":"2025-08-22T08:53:38+00:00","twitter_card":"summary_large_image","twitter_misc":{"Tiempo de lectura":"1 minuto"},"schema":{"@context":"https:\/\/schema.org","@graph":[{"@type":"WebPage","@id":"https:\/\/thoro.com.mx\/ethoro\/shop\/sin categor\u00eda\/diadema-para-computadora-logitech-h390-negro-microfono-usb\/","url":"https:\/\/thoro.com.mx\/ethoro\/shop\/sin categor\u00eda\/diadema-para-computadora-logitech-h390-negro-microfono-usb\/","name":"DIADEMA PARA COMPUTADORA LOGITECH H390 NEGRO MICROFONO USB - Thoro enterprises de Mexico","isPartOf":{"@id":"https:\/\/72.167.50.119\/ethoro\/#website"},"primaryImageOfPage":{"@id":"https:\/\/thoro.com.mx\/ethoro\/shop\/sin categor\u00eda\/diadema-para-computadora-logitech-h390-negro-microfono-usb\/#primaryimage"},"image":{"@id":"https:\/\/thoro.com.mx\/ethoro\/shop\/sin categor\u00eda\/diadema-para-computadora-logitech-h390-negro-microfono-usb\/#primaryimage"},"thumbnailUrl":"https:\/\/thoro.com.mx\/ethoro\/wp-content\/uploads\/2025\/08\/PC0116_01.jpg","datePublished":"2025-08-21T07:04:39+00:00","dateModified":"2025-08-22T08:53:38+00:00","breadcrumb":{"@id":"https:\/\/thoro.com.mx\/ethoro\/shop\/sin categor\u00eda\/diadema-para-computadora-logitech-h390-negro-microfono-usb\/#breadcrumb"},"inLanguage":"es","potentialAction":[{"@type":"ReadAction","target":["https:\/\/thoro.com.mx\/ethoro\/shop\/sin categor\u00eda\/diadema-para-computadora-logitech-h390-negro-microfono-usb\/"]}]},{"@type":"ImageObject","inLanguage":"es","@id":"https:\/\/thoro.com.mx\/ethoro\/shop\/sin categor\u00eda\/diadema-para-computadora-logitech-h390-negro-microfono-usb\/#primaryimage","url":"https:\/\/thoro.com.mx\/ethoro\/wp-content\/uploads\/2025\/08\/PC0116_01.jpg","contentUrl":"https:\/\/thoro.com.mx\/ethoro\/wp-content\/uploads\/2025\/08\/PC0116_01.jpg","width":1000,"height":1000},{"@type":"BreadcrumbList","@id":"https:\/\/thoro.com.mx\/ethoro\/shop\/sin categor\u00eda\/diadema-para-computadora-logitech-h390-negro-microfono-usb\/#breadcrumb","itemListElement":[{"@type":"ListItem","position":1,"name":"Inicio","item":"https:\/\/thoro.com.mx\/ethoro\/"},{"@type":"ListItem","position":2,"name":"Tienda","item":"https:\/\/thoro.com.mx\/ethoro\/shop\/"},{"@type":"ListItem","position":3,"name":"DIADEMA PARA COMPUTADORA LOGITECH H390 NEGRO MICROFONO USB"}]},{"@type":"WebSite","@id":"https:\/\/72.167.50.119\/ethoro\/#website","url":"https:\/\/72.167.50.119\/ethoro\/","name":"Thoro Enterprises de M\u00e9xico","description":"Todo en Thoro","publisher":{"@id":"https:\/\/72.167.50.119\/ethoro\/#organization"},"alternateName":"Thoro shop","potentialAction":[{"@type":"SearchAction","target":{"@type":"EntryPoint","urlTemplate":"https:\/\/72.167.50.119\/ethoro\/?s={search_term_string}"},"query-input":{"@type":"PropertyValueSpecification","valueRequired":true,"valueName":"search_term_string"}}],"inLanguage":"es"},{"@type":"Organization","@id":"https:\/\/72.167.50.119\/ethoro\/#organization","name":"Thoro Enterprises de M\u00e9xico","alternateName":"Thoro shop","url":"https:\/\/72.167.50.119\/ethoro\/","logo":{"@type":"ImageObject","inLanguage":"es","@id":"https:\/\/72.167.50.119\/ethoro\/#\/schema\/logo\/image\/","url":"https:\/\/72.167.50.119\/ethoro\/wp-content\/uploads\/2025\/01\/cropped-cropped-icono_t-180x180-1.png","contentUrl":"https:\/\/72.167.50.119\/ethoro\/wp-content\/uploads\/2025\/01\/cropped-cropped-icono_t-180x180-1.png","width":512,"height":512,"caption":"Thoro Enterprises de M\u00e9xico"},"image":{"@id":"https:\/\/72.167.50.119\/ethoro\/#\/schema\/logo\/image\/"},"sameAs":["https:\/\/www.facebook.com\/ThoroEnterprises","https:\/\/www.instagram.com\/thoro.mexico\/"]}]}},"_links":{"self":[{"href":"https:\/\/thoro.com.mx\/ethoro\/wp-json\/wp\/v2\/product\/433756","targetHints":{"allow":["GET"]}}],"collection":[{"href":"https:\/\/thoro.com.mx\/ethoro\/wp-json\/wp\/v2\/product"}],"about":[{"href":"https:\/\/thoro.com.mx\/ethoro\/wp-json\/wp\/v2\/types\/product"}],"replies":[{"embeddable":true,"href":"https:\/\/thoro.com.mx\/ethoro\/wp-json\/wp\/v2\/comments?post=433756"}],"wp:featuredmedia":[{"embeddable":true,"href":"https:\/\/thoro.com.mx\/ethoro\/wp-json\/wp\/v2\/media\/433755"}],"wp:attachment":[{"href":"https:\/\/thoro.com.mx\/ethoro\/wp-json\/wp\/v2\/media?parent=433756"}],"wp:term":[{"taxonomy":"product_brand","embeddable":true,"href":"https:\/\/thoro.com.mx\/ethoro\/wp-json\/wp\/v2\/product_brand?post=433756"},{"taxonomy":"product_cat","embeddable":true,"href":"https:\/\/thoro.com.mx\/ethoro\/wp-json\/wp\/v2\/product_cat?post=433756"},{"taxonomy":"product_tag","embeddable":true,"href":"https:\/\/thoro.com.mx\/ethoro\/wp-json\/wp\/v2\/product_tag?post=433756"}],"curies":[{"name":"wp","href":"https:\/\/api.w.org\/{rel}","templated":true}]}}