{"id":435220,"date":"2025-08-29T01:12:58","date_gmt":"2025-08-29T07:12:58","guid":{"rendered":"https:\/\/thoro.com.mx\/ethoro\/shop\/sin categor\u00eda\/marcatextos-punta-cincel-artline-a-ink-ahm-rs-rosa-base-agua\/"},"modified":"2026-04-04T01:11:17","modified_gmt":"2026-04-04T07:11:17","slug":"marcatextos-punta-cincel-artline-a-ink-ahm-rs-rosa-base-agua","status":"publish","type":"product","link":"https:\/\/thoro.com.mx\/ethoro\/shop\/papeleria-y-oficina\/marcadores\/marcatextos-punta-cincel-artline-a-ink-ahm-rs-rosa-base-agua\/","title":{"rendered":"MARCATEXTOS PUNTA CINCEL ARTLINE A-INK AHM-RS ROSA BASE AGUA"},"content":{"rendered":"<h4>AHM-RS<\/h4>\n<ul>\n<li>-Punta cincel.<\/li>\n<li>-Barril de pl\u00e1stico.<\/li>\n<li>-Secado instant\u00e1neo.<\/li>\n<li>-Color uniforme.<\/li>\n<li>-2.0 &#8211; 5.0 mil\u00edmetros ancho de escritura.<\/li>\n<\/ul>\n","protected":false},"excerpt":{"rendered":"<p>AHM-RS -Punta cincel. -Barril de pl\u00e1stico. -Secado instant\u00e1neo. -Color uniforme. -2.0 &#8211; 5.0 mil\u00edmetros ancho de escritura.<\/p>\n","protected":false},"featured_media":440079,"comment_status":"open","ping_status":"closed","template":"","meta":{"_monsterinsights_skip_tracking":false,"_monsterinsights_sitenote_active":false,"_monsterinsights_sitenote_note":"","_monsterinsights_sitenote_category":0,"_joinchat":[]},"product_brand":[],"product_cat":[14324],"product_tag":[],"class_list":{"0":"post-435220","1":"product","2":"type-product","3":"status-publish","4":"has-post-thumbnail","6":"product_cat-marcadores","8":"first","9":"instock","10":"taxable","11":"shipping-taxable","12":"purchasable","13":"product-type-simple","14":"add-to-wishlist-after_add_to_cart"},"yoast_head":"<!-- This site is optimized with the Yoast SEO plugin v27.1.1 - https:\/\/yoast.com\/product\/yoast-seo-wordpress\/ -->\n<title>MARCATEXTOS PUNTA CINCEL ARTLINE A-INK AHM-RS ROSA BASE AGUA - Thoro enterprises de Mexico<\/title>\n<meta name=\"robots\" content=\"noindex, follow\" \/>\n<meta property=\"og:locale\" content=\"es_MX\" \/>\n<meta property=\"og:type\" content=\"article\" \/>\n<meta property=\"og:title\" content=\"MARCATEXTOS PUNTA CINCEL ARTLINE A-INK AHM-RS ROSA BASE AGUA - Thoro enterprises de Mexico\" \/>\n<meta property=\"og:description\" content=\"AHM-RS -Punta cincel. -Barril de pl\u00e1stico. -Secado instant\u00e1neo. -Color uniforme. -2.0 &#8211; 5.0 mil\u00edmetros ancho de escritura.\" \/>\n<meta property=\"og:url\" content=\"https:\/\/thoro.com.mx\/ethoro\/shop\/sin categor\u00eda\/marcatextos-punta-cincel-artline-a-ink-ahm-rs-rosa-base-agua\/\" \/>\n<meta property=\"og:site_name\" content=\"Thoro enterprises de Mexico\" \/>\n<meta property=\"article:publisher\" content=\"https:\/\/www.facebook.com\/ThoroEnterprises\" \/>\n<meta property=\"article:modified_time\" content=\"2026-04-04T07:11:17+00:00\" \/>\n<meta name=\"twitter:card\" content=\"summary_large_image\" \/>\n<script type=\"application\/ld+json\" class=\"yoast-schema-graph\">{\"@context\":\"https:\/\/schema.org\",\"@graph\":[{\"@type\":\"WebPage\",\"@id\":\"https:\/\/thoro.com.mx\/ethoro\/shop\/sin categor\u00eda\/marcatextos-punta-cincel-artline-a-ink-ahm-rs-rosa-base-agua\/\",\"url\":\"https:\/\/thoro.com.mx\/ethoro\/shop\/sin categor\u00eda\/marcatextos-punta-cincel-artline-a-ink-ahm-rs-rosa-base-agua\/\",\"name\":\"MARCATEXTOS PUNTA CINCEL ARTLINE A-INK AHM-RS ROSA BASE AGUA - Thoro enterprises de Mexico\",\"isPartOf\":{\"@id\":\"https:\/\/72.167.50.119\/ethoro\/#website\"},\"primaryImageOfPage\":{\"@id\":\"https:\/\/thoro.com.mx\/ethoro\/shop\/sin categor\u00eda\/marcatextos-punta-cincel-artline-a-ink-ahm-rs-rosa-base-agua\/#primaryimage\"},\"image\":{\"@id\":\"https:\/\/thoro.com.mx\/ethoro\/shop\/sin categor\u00eda\/marcatextos-punta-cincel-artline-a-ink-ahm-rs-rosa-base-agua\/#primaryimage\"},\"thumbnailUrl\":\"https:\/\/thoro.com.mx\/ethoro\/wp-content\/uploads\/2025\/09\/PM0536.jpg\",\"datePublished\":\"2025-08-29T07:12:58+00:00\",\"dateModified\":\"2026-04-04T07:11:17+00:00\",\"breadcrumb\":{\"@id\":\"https:\/\/thoro.com.mx\/ethoro\/shop\/sin categor\u00eda\/marcatextos-punta-cincel-artline-a-ink-ahm-rs-rosa-base-agua\/#breadcrumb\"},\"inLanguage\":\"es\",\"potentialAction\":[{\"@type\":\"ReadAction\",\"target\":[\"https:\/\/thoro.com.mx\/ethoro\/shop\/sin categor\u00eda\/marcatextos-punta-cincel-artline-a-ink-ahm-rs-rosa-base-agua\/\"]}]},{\"@type\":\"ImageObject\",\"inLanguage\":\"es\",\"@id\":\"https:\/\/thoro.com.mx\/ethoro\/shop\/sin categor\u00eda\/marcatextos-punta-cincel-artline-a-ink-ahm-rs-rosa-base-agua\/#primaryimage\",\"url\":\"https:\/\/thoro.com.mx\/ethoro\/wp-content\/uploads\/2025\/09\/PM0536.jpg\",\"contentUrl\":\"https:\/\/thoro.com.mx\/ethoro\/wp-content\/uploads\/2025\/09\/PM0536.jpg\",\"width\":1000,\"height\":1000},{\"@type\":\"BreadcrumbList\",\"@id\":\"https:\/\/thoro.com.mx\/ethoro\/shop\/sin categor\u00eda\/marcatextos-punta-cincel-artline-a-ink-ahm-rs-rosa-base-agua\/#breadcrumb\",\"itemListElement\":[{\"@type\":\"ListItem\",\"position\":1,\"name\":\"Inicio\",\"item\":\"https:\/\/thoro.com.mx\/ethoro\/\"},{\"@type\":\"ListItem\",\"position\":2,\"name\":\"Tienda\",\"item\":\"https:\/\/thoro.com.mx\/ethoro\/shop\/\"},{\"@type\":\"ListItem\",\"position\":3,\"name\":\"MARCATEXTOS PUNTA CINCEL ARTLINE A-INK AHM-RS ROSA BASE AGUA\"}]},{\"@type\":\"WebSite\",\"@id\":\"https:\/\/72.167.50.119\/ethoro\/#website\",\"url\":\"https:\/\/72.167.50.119\/ethoro\/\",\"name\":\"Thoro Enterprises de M\u00e9xico\",\"description\":\"Todo en Thoro\",\"publisher\":{\"@id\":\"https:\/\/72.167.50.119\/ethoro\/#organization\"},\"alternateName\":\"Thoro shop\",\"potentialAction\":[{\"@type\":\"SearchAction\",\"target\":{\"@type\":\"EntryPoint\",\"urlTemplate\":\"https:\/\/72.167.50.119\/ethoro\/?s={search_term_string}\"},\"query-input\":{\"@type\":\"PropertyValueSpecification\",\"valueRequired\":true,\"valueName\":\"search_term_string\"}}],\"inLanguage\":\"es\"},{\"@type\":\"Organization\",\"@id\":\"https:\/\/72.167.50.119\/ethoro\/#organization\",\"name\":\"Thoro Enterprises de M\u00e9xico\",\"alternateName\":\"Thoro shop\",\"url\":\"https:\/\/72.167.50.119\/ethoro\/\",\"logo\":{\"@type\":\"ImageObject\",\"inLanguage\":\"es\",\"@id\":\"https:\/\/72.167.50.119\/ethoro\/#\/schema\/logo\/image\/\",\"url\":\"https:\/\/72.167.50.119\/ethoro\/wp-content\/uploads\/2025\/01\/cropped-cropped-icono_t-180x180-1.png\",\"contentUrl\":\"https:\/\/72.167.50.119\/ethoro\/wp-content\/uploads\/2025\/01\/cropped-cropped-icono_t-180x180-1.png\",\"width\":512,\"height\":512,\"caption\":\"Thoro Enterprises de M\u00e9xico\"},\"image\":{\"@id\":\"https:\/\/72.167.50.119\/ethoro\/#\/schema\/logo\/image\/\"},\"sameAs\":[\"https:\/\/www.facebook.com\/ThoroEnterprises\",\"https:\/\/www.instagram.com\/thoro.mexico\/\"]}]}<\/script>\n<!-- \/ Yoast SEO plugin. -->","yoast_head_json":{"title":"MARCATEXTOS PUNTA CINCEL ARTLINE A-INK AHM-RS ROSA BASE AGUA - Thoro enterprises de Mexico","robots":{"index":"noindex","follow":"follow"},"og_locale":"es_MX","og_type":"article","og_title":"MARCATEXTOS PUNTA CINCEL ARTLINE A-INK AHM-RS ROSA BASE AGUA - Thoro enterprises de Mexico","og_description":"AHM-RS -Punta cincel. -Barril de pl\u00e1stico. -Secado instant\u00e1neo. -Color uniforme. -2.0 &#8211; 5.0 mil\u00edmetros ancho de escritura.","og_url":"https:\/\/thoro.com.mx\/ethoro\/shop\/sin categor\u00eda\/marcatextos-punta-cincel-artline-a-ink-ahm-rs-rosa-base-agua\/","og_site_name":"Thoro enterprises de Mexico","article_publisher":"https:\/\/www.facebook.com\/ThoroEnterprises","article_modified_time":"2026-04-04T07:11:17+00:00","twitter_card":"summary_large_image","schema":{"@context":"https:\/\/schema.org","@graph":[{"@type":"WebPage","@id":"https:\/\/thoro.com.mx\/ethoro\/shop\/sin categor\u00eda\/marcatextos-punta-cincel-artline-a-ink-ahm-rs-rosa-base-agua\/","url":"https:\/\/thoro.com.mx\/ethoro\/shop\/sin categor\u00eda\/marcatextos-punta-cincel-artline-a-ink-ahm-rs-rosa-base-agua\/","name":"MARCATEXTOS PUNTA CINCEL ARTLINE A-INK AHM-RS ROSA BASE AGUA - Thoro enterprises de Mexico","isPartOf":{"@id":"https:\/\/72.167.50.119\/ethoro\/#website"},"primaryImageOfPage":{"@id":"https:\/\/thoro.com.mx\/ethoro\/shop\/sin categor\u00eda\/marcatextos-punta-cincel-artline-a-ink-ahm-rs-rosa-base-agua\/#primaryimage"},"image":{"@id":"https:\/\/thoro.com.mx\/ethoro\/shop\/sin categor\u00eda\/marcatextos-punta-cincel-artline-a-ink-ahm-rs-rosa-base-agua\/#primaryimage"},"thumbnailUrl":"https:\/\/thoro.com.mx\/ethoro\/wp-content\/uploads\/2025\/09\/PM0536.jpg","datePublished":"2025-08-29T07:12:58+00:00","dateModified":"2026-04-04T07:11:17+00:00","breadcrumb":{"@id":"https:\/\/thoro.com.mx\/ethoro\/shop\/sin categor\u00eda\/marcatextos-punta-cincel-artline-a-ink-ahm-rs-rosa-base-agua\/#breadcrumb"},"inLanguage":"es","potentialAction":[{"@type":"ReadAction","target":["https:\/\/thoro.com.mx\/ethoro\/shop\/sin categor\u00eda\/marcatextos-punta-cincel-artline-a-ink-ahm-rs-rosa-base-agua\/"]}]},{"@type":"ImageObject","inLanguage":"es","@id":"https:\/\/thoro.com.mx\/ethoro\/shop\/sin categor\u00eda\/marcatextos-punta-cincel-artline-a-ink-ahm-rs-rosa-base-agua\/#primaryimage","url":"https:\/\/thoro.com.mx\/ethoro\/wp-content\/uploads\/2025\/09\/PM0536.jpg","contentUrl":"https:\/\/thoro.com.mx\/ethoro\/wp-content\/uploads\/2025\/09\/PM0536.jpg","width":1000,"height":1000},{"@type":"BreadcrumbList","@id":"https:\/\/thoro.com.mx\/ethoro\/shop\/sin categor\u00eda\/marcatextos-punta-cincel-artline-a-ink-ahm-rs-rosa-base-agua\/#breadcrumb","itemListElement":[{"@type":"ListItem","position":1,"name":"Inicio","item":"https:\/\/thoro.com.mx\/ethoro\/"},{"@type":"ListItem","position":2,"name":"Tienda","item":"https:\/\/thoro.com.mx\/ethoro\/shop\/"},{"@type":"ListItem","position":3,"name":"MARCATEXTOS PUNTA CINCEL ARTLINE A-INK AHM-RS ROSA BASE AGUA"}]},{"@type":"WebSite","@id":"https:\/\/72.167.50.119\/ethoro\/#website","url":"https:\/\/72.167.50.119\/ethoro\/","name":"Thoro Enterprises de M\u00e9xico","description":"Todo en Thoro","publisher":{"@id":"https:\/\/72.167.50.119\/ethoro\/#organization"},"alternateName":"Thoro shop","potentialAction":[{"@type":"SearchAction","target":{"@type":"EntryPoint","urlTemplate":"https:\/\/72.167.50.119\/ethoro\/?s={search_term_string}"},"query-input":{"@type":"PropertyValueSpecification","valueRequired":true,"valueName":"search_term_string"}}],"inLanguage":"es"},{"@type":"Organization","@id":"https:\/\/72.167.50.119\/ethoro\/#organization","name":"Thoro Enterprises de M\u00e9xico","alternateName":"Thoro shop","url":"https:\/\/72.167.50.119\/ethoro\/","logo":{"@type":"ImageObject","inLanguage":"es","@id":"https:\/\/72.167.50.119\/ethoro\/#\/schema\/logo\/image\/","url":"https:\/\/72.167.50.119\/ethoro\/wp-content\/uploads\/2025\/01\/cropped-cropped-icono_t-180x180-1.png","contentUrl":"https:\/\/72.167.50.119\/ethoro\/wp-content\/uploads\/2025\/01\/cropped-cropped-icono_t-180x180-1.png","width":512,"height":512,"caption":"Thoro Enterprises de M\u00e9xico"},"image":{"@id":"https:\/\/72.167.50.119\/ethoro\/#\/schema\/logo\/image\/"},"sameAs":["https:\/\/www.facebook.com\/ThoroEnterprises","https:\/\/www.instagram.com\/thoro.mexico\/"]}]}},"_links":{"self":[{"href":"https:\/\/thoro.com.mx\/ethoro\/wp-json\/wp\/v2\/product\/435220","targetHints":{"allow":["GET"]}}],"collection":[{"href":"https:\/\/thoro.com.mx\/ethoro\/wp-json\/wp\/v2\/product"}],"about":[{"href":"https:\/\/thoro.com.mx\/ethoro\/wp-json\/wp\/v2\/types\/product"}],"replies":[{"embeddable":true,"href":"https:\/\/thoro.com.mx\/ethoro\/wp-json\/wp\/v2\/comments?post=435220"}],"wp:featuredmedia":[{"embeddable":true,"href":"https:\/\/thoro.com.mx\/ethoro\/wp-json\/wp\/v2\/media\/440079"}],"wp:attachment":[{"href":"https:\/\/thoro.com.mx\/ethoro\/wp-json\/wp\/v2\/media?parent=435220"}],"wp:term":[{"taxonomy":"product_brand","embeddable":true,"href":"https:\/\/thoro.com.mx\/ethoro\/wp-json\/wp\/v2\/product_brand?post=435220"},{"taxonomy":"product_cat","embeddable":true,"href":"https:\/\/thoro.com.mx\/ethoro\/wp-json\/wp\/v2\/product_cat?post=435220"},{"taxonomy":"product_tag","embeddable":true,"href":"https:\/\/thoro.com.mx\/ethoro\/wp-json\/wp\/v2\/product_tag?post=435220"}],"curies":[{"name":"wp","href":"https:\/\/api.w.org\/{rel}","templated":true}]}}