{"id":440053,"date":"2025-09-27T00:00:18","date_gmt":"2025-09-27T06:00:18","guid":{"rendered":"https:\/\/thoro.com.mx\/ethoro\/shop\/sin categor\u00eda\/convertidor-usb-a-rj45-brobotix-accrbt5230-cable-blanco-usb-2-0-compatible-con-red-ethernet\/"},"modified":"2025-09-29T02:40:53","modified_gmt":"2025-09-29T08:40:53","slug":"convertidor-usb-a-rj45-brobotix-accrbt5230-cable-blanco-usb-2-0-compatible-con-red-ethernet","status":"publish","type":"product","link":"https:\/\/thoro.com.mx\/ethoro\/shop\/tecnologia-2\/equipos-de-computo-y-tecnologia-tecnologia-2\/gadgets-de-tecnologia-equipos-de-computo-y-tecnologia-tecnologia-2\/convertidor-usb-a-rj45-brobotix-accrbt5230-cable-blanco-usb-2-0-compatible-con-red-ethernet\/","title":{"rendered":"CONVERTIDOR USB A RJ45 BROBOTIX ACCRBT5230 CABLE BLANCO USB 2.0 COMPATIBLE CON RED ETHERNET"},"content":{"rendered":"<h4>ACCRBT5230<\/h4>\n<ul>\n<li>Caracter\u00edsticas<\/li>\n<li>Longitud de cable0,12 m<\/li>\n<li>Versi\u00f3n USB2.0<\/li>\n<li>Conector 1USB A<\/li>\n<li>G\u00e9nero del conector 1Macho<\/li>\n<li>G\u00e9nero del conector 2Hembra<\/li>\n<li>Factor de forma de conector 1Derecho<\/li>\n<li>Factor de forma de conector 2Derecho<\/li>\n<li>Color del productoBlanco<\/li>\n<li>Conectar y usar (Plug and Play)<\/li>\n<\/ul>\n","protected":false},"excerpt":{"rendered":"<p>ACCRBT5230 Caracter\u00edsticas Longitud de cable0,12 m Versi\u00f3n USB2.0 Conector 1USB A G\u00e9nero del conector 1Macho G\u00e9nero del conector 2Hembra Factor de forma de conector 1Derecho Factor de forma de conector 2Derecho Color del productoBlanco Conectar y usar (Plug and Play)<\/p>\n","protected":false},"featured_media":440052,"comment_status":"open","ping_status":"closed","template":"","meta":{"_monsterinsights_skip_tracking":false,"_monsterinsights_sitenote_active":false,"_monsterinsights_sitenote_note":"","_monsterinsights_sitenote_category":0,"_joinchat":[]},"product_brand":[],"product_cat":[19183],"product_tag":[],"class_list":{"0":"post-440053","1":"product","2":"type-product","3":"status-publish","4":"has-post-thumbnail","6":"product_cat-gadgets-de-tecnologia-equipos-de-computo-y-tecnologia-tecnologia-2","8":"first","9":"outofstock","10":"sale","11":"taxable","12":"shipping-taxable","13":"purchasable","14":"product-type-simple","15":"add-to-wishlist-after_add_to_cart"},"yoast_head":"<!-- This site is optimized with the Yoast SEO plugin v27.1.1 - https:\/\/yoast.com\/product\/yoast-seo-wordpress\/ -->\n<title>CONVERTIDOR USB A RJ45 BROBOTIX ACCRBT5230 CABLE BLANCO USB 2.0 COMPATIBLE CON RED ETHERNET - Thoro enterprises de Mexico<\/title>\n<meta name=\"robots\" content=\"noindex, follow\" \/>\n<meta property=\"og:locale\" content=\"es_MX\" \/>\n<meta property=\"og:type\" content=\"article\" \/>\n<meta property=\"og:title\" content=\"CONVERTIDOR USB A RJ45 BROBOTIX ACCRBT5230 CABLE BLANCO USB 2.0 COMPATIBLE CON RED ETHERNET - Thoro enterprises de Mexico\" \/>\n<meta property=\"og:description\" content=\"ACCRBT5230 Caracter\u00edsticas Longitud de cable0,12 m Versi\u00f3n USB2.0 Conector 1USB A G\u00e9nero del conector 1Macho G\u00e9nero del conector 2Hembra Factor de forma de conector 1Derecho Factor de forma de conector 2Derecho Color del productoBlanco Conectar y usar (Plug and Play)\" \/>\n<meta property=\"og:url\" content=\"https:\/\/thoro.com.mx\/ethoro\/shop\/sin categor\u00eda\/convertidor-usb-a-rj45-brobotix-accrbt5230-cable-blanco-usb-2-0-compatible-con-red-ethernet\/\" \/>\n<meta property=\"og:site_name\" content=\"Thoro enterprises de Mexico\" \/>\n<meta property=\"article:publisher\" content=\"https:\/\/www.facebook.com\/ThoroEnterprises\" \/>\n<meta property=\"article:modified_time\" content=\"2025-09-29T08:40:53+00:00\" \/>\n<meta name=\"twitter:card\" content=\"summary_large_image\" \/>\n<script type=\"application\/ld+json\" class=\"yoast-schema-graph\">{\"@context\":\"https:\/\/schema.org\",\"@graph\":[{\"@type\":\"WebPage\",\"@id\":\"https:\/\/thoro.com.mx\/ethoro\/shop\/sin categor\u00eda\/convertidor-usb-a-rj45-brobotix-accrbt5230-cable-blanco-usb-2-0-compatible-con-red-ethernet\/\",\"url\":\"https:\/\/thoro.com.mx\/ethoro\/shop\/sin categor\u00eda\/convertidor-usb-a-rj45-brobotix-accrbt5230-cable-blanco-usb-2-0-compatible-con-red-ethernet\/\",\"name\":\"CONVERTIDOR USB A RJ45 BROBOTIX ACCRBT5230 CABLE BLANCO USB 2.0 COMPATIBLE CON RED ETHERNET - Thoro enterprises de Mexico\",\"isPartOf\":{\"@id\":\"https:\/\/72.167.50.119\/ethoro\/#website\"},\"primaryImageOfPage\":{\"@id\":\"https:\/\/thoro.com.mx\/ethoro\/shop\/sin categor\u00eda\/convertidor-usb-a-rj45-brobotix-accrbt5230-cable-blanco-usb-2-0-compatible-con-red-ethernet\/#primaryimage\"},\"image\":{\"@id\":\"https:\/\/thoro.com.mx\/ethoro\/shop\/sin categor\u00eda\/convertidor-usb-a-rj45-brobotix-accrbt5230-cable-blanco-usb-2-0-compatible-con-red-ethernet\/#primaryimage\"},\"thumbnailUrl\":\"https:\/\/thoro.com.mx\/ethoro\/wp-content\/uploads\/2025\/09\/D0254.jpg\",\"datePublished\":\"2025-09-27T06:00:18+00:00\",\"dateModified\":\"2025-09-29T08:40:53+00:00\",\"breadcrumb\":{\"@id\":\"https:\/\/thoro.com.mx\/ethoro\/shop\/sin categor\u00eda\/convertidor-usb-a-rj45-brobotix-accrbt5230-cable-blanco-usb-2-0-compatible-con-red-ethernet\/#breadcrumb\"},\"inLanguage\":\"es\",\"potentialAction\":[{\"@type\":\"ReadAction\",\"target\":[\"https:\/\/thoro.com.mx\/ethoro\/shop\/sin categor\u00eda\/convertidor-usb-a-rj45-brobotix-accrbt5230-cable-blanco-usb-2-0-compatible-con-red-ethernet\/\"]}]},{\"@type\":\"ImageObject\",\"inLanguage\":\"es\",\"@id\":\"https:\/\/thoro.com.mx\/ethoro\/shop\/sin categor\u00eda\/convertidor-usb-a-rj45-brobotix-accrbt5230-cable-blanco-usb-2-0-compatible-con-red-ethernet\/#primaryimage\",\"url\":\"https:\/\/thoro.com.mx\/ethoro\/wp-content\/uploads\/2025\/09\/D0254.jpg\",\"contentUrl\":\"https:\/\/thoro.com.mx\/ethoro\/wp-content\/uploads\/2025\/09\/D0254.jpg\",\"width\":1000,\"height\":1000},{\"@type\":\"BreadcrumbList\",\"@id\":\"https:\/\/thoro.com.mx\/ethoro\/shop\/sin categor\u00eda\/convertidor-usb-a-rj45-brobotix-accrbt5230-cable-blanco-usb-2-0-compatible-con-red-ethernet\/#breadcrumb\",\"itemListElement\":[{\"@type\":\"ListItem\",\"position\":1,\"name\":\"Inicio\",\"item\":\"https:\/\/thoro.com.mx\/ethoro\/\"},{\"@type\":\"ListItem\",\"position\":2,\"name\":\"Tienda\",\"item\":\"https:\/\/thoro.com.mx\/ethoro\/shop\/\"},{\"@type\":\"ListItem\",\"position\":3,\"name\":\"CONVERTIDOR USB A RJ45 BROBOTIX ACCRBT5230 CABLE BLANCO USB 2.0 COMPATIBLE CON RED ETHERNET\"}]},{\"@type\":\"WebSite\",\"@id\":\"https:\/\/72.167.50.119\/ethoro\/#website\",\"url\":\"https:\/\/72.167.50.119\/ethoro\/\",\"name\":\"Thoro Enterprises de M\u00e9xico\",\"description\":\"Todo en Thoro\",\"publisher\":{\"@id\":\"https:\/\/72.167.50.119\/ethoro\/#organization\"},\"alternateName\":\"Thoro shop\",\"potentialAction\":[{\"@type\":\"SearchAction\",\"target\":{\"@type\":\"EntryPoint\",\"urlTemplate\":\"https:\/\/72.167.50.119\/ethoro\/?s={search_term_string}\"},\"query-input\":{\"@type\":\"PropertyValueSpecification\",\"valueRequired\":true,\"valueName\":\"search_term_string\"}}],\"inLanguage\":\"es\"},{\"@type\":\"Organization\",\"@id\":\"https:\/\/72.167.50.119\/ethoro\/#organization\",\"name\":\"Thoro Enterprises de M\u00e9xico\",\"alternateName\":\"Thoro shop\",\"url\":\"https:\/\/72.167.50.119\/ethoro\/\",\"logo\":{\"@type\":\"ImageObject\",\"inLanguage\":\"es\",\"@id\":\"https:\/\/72.167.50.119\/ethoro\/#\/schema\/logo\/image\/\",\"url\":\"https:\/\/72.167.50.119\/ethoro\/wp-content\/uploads\/2025\/01\/cropped-cropped-icono_t-180x180-1.png\",\"contentUrl\":\"https:\/\/72.167.50.119\/ethoro\/wp-content\/uploads\/2025\/01\/cropped-cropped-icono_t-180x180-1.png\",\"width\":512,\"height\":512,\"caption\":\"Thoro Enterprises de M\u00e9xico\"},\"image\":{\"@id\":\"https:\/\/72.167.50.119\/ethoro\/#\/schema\/logo\/image\/\"},\"sameAs\":[\"https:\/\/www.facebook.com\/ThoroEnterprises\",\"https:\/\/www.instagram.com\/thoro.mexico\/\"]}]}<\/script>\n<!-- \/ Yoast SEO plugin. -->","yoast_head_json":{"title":"CONVERTIDOR USB A RJ45 BROBOTIX ACCRBT5230 CABLE BLANCO USB 2.0 COMPATIBLE CON RED ETHERNET - Thoro enterprises de Mexico","robots":{"index":"noindex","follow":"follow"},"og_locale":"es_MX","og_type":"article","og_title":"CONVERTIDOR USB A RJ45 BROBOTIX ACCRBT5230 CABLE BLANCO USB 2.0 COMPATIBLE CON RED ETHERNET - Thoro enterprises de Mexico","og_description":"ACCRBT5230 Caracter\u00edsticas Longitud de cable0,12 m Versi\u00f3n USB2.0 Conector 1USB A G\u00e9nero del conector 1Macho G\u00e9nero del conector 2Hembra Factor de forma de conector 1Derecho Factor de forma de conector 2Derecho Color del productoBlanco Conectar y usar (Plug and Play)","og_url":"https:\/\/thoro.com.mx\/ethoro\/shop\/sin categor\u00eda\/convertidor-usb-a-rj45-brobotix-accrbt5230-cable-blanco-usb-2-0-compatible-con-red-ethernet\/","og_site_name":"Thoro enterprises de Mexico","article_publisher":"https:\/\/www.facebook.com\/ThoroEnterprises","article_modified_time":"2025-09-29T08:40:53+00:00","twitter_card":"summary_large_image","schema":{"@context":"https:\/\/schema.org","@graph":[{"@type":"WebPage","@id":"https:\/\/thoro.com.mx\/ethoro\/shop\/sin categor\u00eda\/convertidor-usb-a-rj45-brobotix-accrbt5230-cable-blanco-usb-2-0-compatible-con-red-ethernet\/","url":"https:\/\/thoro.com.mx\/ethoro\/shop\/sin categor\u00eda\/convertidor-usb-a-rj45-brobotix-accrbt5230-cable-blanco-usb-2-0-compatible-con-red-ethernet\/","name":"CONVERTIDOR USB A RJ45 BROBOTIX ACCRBT5230 CABLE BLANCO USB 2.0 COMPATIBLE CON RED ETHERNET - Thoro enterprises de Mexico","isPartOf":{"@id":"https:\/\/72.167.50.119\/ethoro\/#website"},"primaryImageOfPage":{"@id":"https:\/\/thoro.com.mx\/ethoro\/shop\/sin categor\u00eda\/convertidor-usb-a-rj45-brobotix-accrbt5230-cable-blanco-usb-2-0-compatible-con-red-ethernet\/#primaryimage"},"image":{"@id":"https:\/\/thoro.com.mx\/ethoro\/shop\/sin categor\u00eda\/convertidor-usb-a-rj45-brobotix-accrbt5230-cable-blanco-usb-2-0-compatible-con-red-ethernet\/#primaryimage"},"thumbnailUrl":"https:\/\/thoro.com.mx\/ethoro\/wp-content\/uploads\/2025\/09\/D0254.jpg","datePublished":"2025-09-27T06:00:18+00:00","dateModified":"2025-09-29T08:40:53+00:00","breadcrumb":{"@id":"https:\/\/thoro.com.mx\/ethoro\/shop\/sin categor\u00eda\/convertidor-usb-a-rj45-brobotix-accrbt5230-cable-blanco-usb-2-0-compatible-con-red-ethernet\/#breadcrumb"},"inLanguage":"es","potentialAction":[{"@type":"ReadAction","target":["https:\/\/thoro.com.mx\/ethoro\/shop\/sin categor\u00eda\/convertidor-usb-a-rj45-brobotix-accrbt5230-cable-blanco-usb-2-0-compatible-con-red-ethernet\/"]}]},{"@type":"ImageObject","inLanguage":"es","@id":"https:\/\/thoro.com.mx\/ethoro\/shop\/sin categor\u00eda\/convertidor-usb-a-rj45-brobotix-accrbt5230-cable-blanco-usb-2-0-compatible-con-red-ethernet\/#primaryimage","url":"https:\/\/thoro.com.mx\/ethoro\/wp-content\/uploads\/2025\/09\/D0254.jpg","contentUrl":"https:\/\/thoro.com.mx\/ethoro\/wp-content\/uploads\/2025\/09\/D0254.jpg","width":1000,"height":1000},{"@type":"BreadcrumbList","@id":"https:\/\/thoro.com.mx\/ethoro\/shop\/sin categor\u00eda\/convertidor-usb-a-rj45-brobotix-accrbt5230-cable-blanco-usb-2-0-compatible-con-red-ethernet\/#breadcrumb","itemListElement":[{"@type":"ListItem","position":1,"name":"Inicio","item":"https:\/\/thoro.com.mx\/ethoro\/"},{"@type":"ListItem","position":2,"name":"Tienda","item":"https:\/\/thoro.com.mx\/ethoro\/shop\/"},{"@type":"ListItem","position":3,"name":"CONVERTIDOR USB A RJ45 BROBOTIX ACCRBT5230 CABLE BLANCO USB 2.0 COMPATIBLE CON RED ETHERNET"}]},{"@type":"WebSite","@id":"https:\/\/72.167.50.119\/ethoro\/#website","url":"https:\/\/72.167.50.119\/ethoro\/","name":"Thoro Enterprises de M\u00e9xico","description":"Todo en Thoro","publisher":{"@id":"https:\/\/72.167.50.119\/ethoro\/#organization"},"alternateName":"Thoro shop","potentialAction":[{"@type":"SearchAction","target":{"@type":"EntryPoint","urlTemplate":"https:\/\/72.167.50.119\/ethoro\/?s={search_term_string}"},"query-input":{"@type":"PropertyValueSpecification","valueRequired":true,"valueName":"search_term_string"}}],"inLanguage":"es"},{"@type":"Organization","@id":"https:\/\/72.167.50.119\/ethoro\/#organization","name":"Thoro Enterprises de M\u00e9xico","alternateName":"Thoro shop","url":"https:\/\/72.167.50.119\/ethoro\/","logo":{"@type":"ImageObject","inLanguage":"es","@id":"https:\/\/72.167.50.119\/ethoro\/#\/schema\/logo\/image\/","url":"https:\/\/72.167.50.119\/ethoro\/wp-content\/uploads\/2025\/01\/cropped-cropped-icono_t-180x180-1.png","contentUrl":"https:\/\/72.167.50.119\/ethoro\/wp-content\/uploads\/2025\/01\/cropped-cropped-icono_t-180x180-1.png","width":512,"height":512,"caption":"Thoro Enterprises de M\u00e9xico"},"image":{"@id":"https:\/\/72.167.50.119\/ethoro\/#\/schema\/logo\/image\/"},"sameAs":["https:\/\/www.facebook.com\/ThoroEnterprises","https:\/\/www.instagram.com\/thoro.mexico\/"]}]}},"_links":{"self":[{"href":"https:\/\/thoro.com.mx\/ethoro\/wp-json\/wp\/v2\/product\/440053","targetHints":{"allow":["GET"]}}],"collection":[{"href":"https:\/\/thoro.com.mx\/ethoro\/wp-json\/wp\/v2\/product"}],"about":[{"href":"https:\/\/thoro.com.mx\/ethoro\/wp-json\/wp\/v2\/types\/product"}],"replies":[{"embeddable":true,"href":"https:\/\/thoro.com.mx\/ethoro\/wp-json\/wp\/v2\/comments?post=440053"}],"wp:featuredmedia":[{"embeddable":true,"href":"https:\/\/thoro.com.mx\/ethoro\/wp-json\/wp\/v2\/media\/440052"}],"wp:attachment":[{"href":"https:\/\/thoro.com.mx\/ethoro\/wp-json\/wp\/v2\/media?parent=440053"}],"wp:term":[{"taxonomy":"product_brand","embeddable":true,"href":"https:\/\/thoro.com.mx\/ethoro\/wp-json\/wp\/v2\/product_brand?post=440053"},{"taxonomy":"product_cat","embeddable":true,"href":"https:\/\/thoro.com.mx\/ethoro\/wp-json\/wp\/v2\/product_cat?post=440053"},{"taxonomy":"product_tag","embeddable":true,"href":"https:\/\/thoro.com.mx\/ethoro\/wp-json\/wp\/v2\/product_tag?post=440053"}],"curies":[{"name":"wp","href":"https:\/\/api.w.org\/{rel}","templated":true}]}}