{"id":4474,"date":"2025-02-05T08:30:03","date_gmt":"2025-02-05T14:30:03","guid":{"rendered":"https:\/\/72.167.50.119\/ethoro\/shop\/sin categor\u00eda\/juego-de-3-brocas-escalonadas-gold-step-truper-jbes-3x\/"},"modified":"2026-04-04T00:09:11","modified_gmt":"2026-04-04T06:09:11","slug":"juego-de-3-brocas-escalonadas-gold-step-truper-jbes-3x","status":"publish","type":"product","link":"https:\/\/thoro.com.mx\/ethoro\/shop\/herramientas\/herramientas-de-corte\/brocas-para-metal\/juego-de-3-brocas-escalonadas-gold-step-truper-jbes-3x\/","title":{"rendered":"JUEGO DE 3 BROCAS ESCALONADAS GOLD STEP TRUPER JBES-3X"},"content":{"rendered":"<h4>JBES-3X<\/h4>\n<ul>\n<li>PUNTA SPLIT POINT AUTOCENTRABLE CON DOS FILOS DE CORTE, PARA PERFORACIONES M\u00c1S R\u00c1PIDAS Y PRECISAS<\/li>\n<li>DI\u00c1METRO MARCADO EN L\u00c1SER DE LARGA DURACI\u00d3N<\/li>\n<li>6X MAYOR DURACI\u00d3N QUE LAS BROCAS DE ACERO M2<\/li>\n<li>FABRICADA EN ACERO AL COBALTO CON REVESTIMIENTO DE TITANIO QUE INCREMENTA LA RESISTENCIA AL DESGASTE, 6X MAYOR DURACI\u00d3N QUE LAS BROCAS BLACK STEP<\/li>\n<li>UNA SOLA BROCA REALIZA PERFORACIONES DE DIFERENTES DI\u00c1METROS<\/li>\n<li><\/li>\n<li>1 BROCA DE 6 ESCALONES (3\/16&#8243; &#8211; 1\/2&#8243;)<\/li>\n<li>1 BROCA DE 13 ESCALONES (1\/8&#8243; &#8211; 1\/2&#8243;)<\/li>\n<li>1 BROCA DE 12 ESCALONES (3\/16&#8243; &#8211; 7\/8&#8243;)<\/li>\n<li><\/li>\n<\/ul>\n","protected":false},"excerpt":{"rendered":"<p>JBES-3X PUNTA SPLIT POINT AUTOCENTRABLE CON DOS FILOS DE CORTE, PARA PERFORACIONES M\u00c1S R\u00c1PIDAS Y PRECISAS DI\u00c1METRO MARCADO EN L\u00c1SER DE LARGA DURACI\u00d3N 6X MAYOR DURACI\u00d3N QUE LAS BROCAS DE ACERO M2 FABRICADA EN ACERO AL COBALTO CON REVESTIMIENTO DE TITANIO QUE INCREMENTA LA RESISTENCIA AL DESGASTE, 6X MAYOR DURACI\u00d3N QUE LAS BROCAS BLACK STEP [&hellip;]<\/p>\n","protected":false},"featured_media":429236,"comment_status":"open","ping_status":"closed","template":"","meta":{"_monsterinsights_skip_tracking":false,"_monsterinsights_sitenote_active":false,"_monsterinsights_sitenote_note":"","_monsterinsights_sitenote_category":0,"_joinchat":[]},"product_brand":[],"product_cat":[481],"product_tag":[],"class_list":{"0":"post-4474","1":"product","2":"type-product","3":"status-publish","4":"has-post-thumbnail","6":"product_cat-brocas-para-metal","8":"first","9":"instock","10":"taxable","11":"shipping-taxable","12":"purchasable","13":"product-type-simple","14":"add-to-wishlist-after_add_to_cart"},"yoast_head":"<!-- This site is optimized with the Yoast SEO plugin v27.1.1 - https:\/\/yoast.com\/product\/yoast-seo-wordpress\/ -->\n<title>JUEGO DE 3 BROCAS ESCALONADAS GOLD STEP TRUPER JBES-3X - Thoro enterprises de Mexico<\/title>\n<meta name=\"robots\" content=\"noindex, follow\" \/>\n<meta property=\"og:locale\" content=\"es_MX\" \/>\n<meta property=\"og:type\" content=\"article\" \/>\n<meta property=\"og:title\" content=\"JUEGO DE 3 BROCAS ESCALONADAS GOLD STEP TRUPER JBES-3X - Thoro enterprises de Mexico\" \/>\n<meta property=\"og:description\" content=\"JBES-3X PUNTA SPLIT POINT AUTOCENTRABLE CON DOS FILOS DE CORTE, PARA PERFORACIONES M\u00c1S R\u00c1PIDAS Y PRECISAS DI\u00c1METRO MARCADO EN L\u00c1SER DE LARGA DURACI\u00d3N 6X MAYOR DURACI\u00d3N QUE LAS BROCAS DE ACERO M2 FABRICADA EN ACERO AL COBALTO CON REVESTIMIENTO DE TITANIO QUE INCREMENTA LA RESISTENCIA AL DESGASTE, 6X MAYOR DURACI\u00d3N QUE LAS BROCAS BLACK STEP [&hellip;]\" \/>\n<meta property=\"og:url\" content=\"https:\/\/thoro.com.mx\/ethoro\/shop\/herramientas\/herramientas-de-corte\/brocas-para-metal\/juego-de-3-brocas-escalonadas-gold-step-truper-jbes-3x\/\" \/>\n<meta property=\"og:site_name\" content=\"Thoro enterprises de Mexico\" \/>\n<meta property=\"article:publisher\" content=\"https:\/\/www.facebook.com\/ThoroEnterprises\" \/>\n<meta property=\"article:modified_time\" content=\"2026-04-04T06:09:11+00:00\" \/>\n<meta name=\"twitter:card\" content=\"summary_large_image\" \/>\n<script type=\"application\/ld+json\" class=\"yoast-schema-graph\">{\"@context\":\"https:\/\/schema.org\",\"@graph\":[{\"@type\":\"WebPage\",\"@id\":\"https:\/\/thoro.com.mx\/ethoro\/shop\/herramientas\/herramientas-de-corte\/brocas-para-metal\/juego-de-3-brocas-escalonadas-gold-step-truper-jbes-3x\/\",\"url\":\"https:\/\/thoro.com.mx\/ethoro\/shop\/herramientas\/herramientas-de-corte\/brocas-para-metal\/juego-de-3-brocas-escalonadas-gold-step-truper-jbes-3x\/\",\"name\":\"JUEGO DE 3 BROCAS ESCALONADAS GOLD STEP TRUPER JBES-3X - Thoro enterprises de Mexico\",\"isPartOf\":{\"@id\":\"https:\/\/72.167.50.119\/ethoro\/#website\"},\"primaryImageOfPage\":{\"@id\":\"https:\/\/thoro.com.mx\/ethoro\/shop\/herramientas\/herramientas-de-corte\/brocas-para-metal\/juego-de-3-brocas-escalonadas-gold-step-truper-jbes-3x\/#primaryimage\"},\"image\":{\"@id\":\"https:\/\/thoro.com.mx\/ethoro\/shop\/herramientas\/herramientas-de-corte\/brocas-para-metal\/juego-de-3-brocas-escalonadas-gold-step-truper-jbes-3x\/#primaryimage\"},\"thumbnailUrl\":\"https:\/\/thoro.com.mx\/ethoro\/wp-content\/uploads\/2025\/07\/H12050.jpg\",\"datePublished\":\"2025-02-05T14:30:03+00:00\",\"dateModified\":\"2026-04-04T06:09:11+00:00\",\"breadcrumb\":{\"@id\":\"https:\/\/thoro.com.mx\/ethoro\/shop\/herramientas\/herramientas-de-corte\/brocas-para-metal\/juego-de-3-brocas-escalonadas-gold-step-truper-jbes-3x\/#breadcrumb\"},\"inLanguage\":\"es\",\"potentialAction\":[{\"@type\":\"ReadAction\",\"target\":[\"https:\/\/thoro.com.mx\/ethoro\/shop\/herramientas\/herramientas-de-corte\/brocas-para-metal\/juego-de-3-brocas-escalonadas-gold-step-truper-jbes-3x\/\"]}]},{\"@type\":\"ImageObject\",\"inLanguage\":\"es\",\"@id\":\"https:\/\/thoro.com.mx\/ethoro\/shop\/herramientas\/herramientas-de-corte\/brocas-para-metal\/juego-de-3-brocas-escalonadas-gold-step-truper-jbes-3x\/#primaryimage\",\"url\":\"https:\/\/thoro.com.mx\/ethoro\/wp-content\/uploads\/2025\/07\/H12050.jpg\",\"contentUrl\":\"https:\/\/thoro.com.mx\/ethoro\/wp-content\/uploads\/2025\/07\/H12050.jpg\",\"width\":1000,\"height\":1000},{\"@type\":\"BreadcrumbList\",\"@id\":\"https:\/\/thoro.com.mx\/ethoro\/shop\/herramientas\/herramientas-de-corte\/brocas-para-metal\/juego-de-3-brocas-escalonadas-gold-step-truper-jbes-3x\/#breadcrumb\",\"itemListElement\":[{\"@type\":\"ListItem\",\"position\":1,\"name\":\"Inicio\",\"item\":\"https:\/\/thoro.com.mx\/ethoro\/\"},{\"@type\":\"ListItem\",\"position\":2,\"name\":\"Tienda\",\"item\":\"https:\/\/thoro.com.mx\/ethoro\/shop\/\"},{\"@type\":\"ListItem\",\"position\":3,\"name\":\"JUEGO DE 3 BROCAS ESCALONADAS GOLD STEP TRUPER JBES-3X\"}]},{\"@type\":\"WebSite\",\"@id\":\"https:\/\/72.167.50.119\/ethoro\/#website\",\"url\":\"https:\/\/72.167.50.119\/ethoro\/\",\"name\":\"Thoro Enterprises de M\u00e9xico\",\"description\":\"Todo en Thoro\",\"publisher\":{\"@id\":\"https:\/\/72.167.50.119\/ethoro\/#organization\"},\"alternateName\":\"Thoro shop\",\"potentialAction\":[{\"@type\":\"SearchAction\",\"target\":{\"@type\":\"EntryPoint\",\"urlTemplate\":\"https:\/\/72.167.50.119\/ethoro\/?s={search_term_string}\"},\"query-input\":{\"@type\":\"PropertyValueSpecification\",\"valueRequired\":true,\"valueName\":\"search_term_string\"}}],\"inLanguage\":\"es\"},{\"@type\":\"Organization\",\"@id\":\"https:\/\/72.167.50.119\/ethoro\/#organization\",\"name\":\"Thoro Enterprises de M\u00e9xico\",\"alternateName\":\"Thoro shop\",\"url\":\"https:\/\/72.167.50.119\/ethoro\/\",\"logo\":{\"@type\":\"ImageObject\",\"inLanguage\":\"es\",\"@id\":\"https:\/\/72.167.50.119\/ethoro\/#\/schema\/logo\/image\/\",\"url\":\"https:\/\/72.167.50.119\/ethoro\/wp-content\/uploads\/2025\/01\/cropped-cropped-icono_t-180x180-1.png\",\"contentUrl\":\"https:\/\/72.167.50.119\/ethoro\/wp-content\/uploads\/2025\/01\/cropped-cropped-icono_t-180x180-1.png\",\"width\":512,\"height\":512,\"caption\":\"Thoro Enterprises de M\u00e9xico\"},\"image\":{\"@id\":\"https:\/\/72.167.50.119\/ethoro\/#\/schema\/logo\/image\/\"},\"sameAs\":[\"https:\/\/www.facebook.com\/ThoroEnterprises\",\"https:\/\/www.instagram.com\/thoro.mexico\/\"]}]}<\/script>\n<!-- \/ Yoast SEO plugin. -->","yoast_head_json":{"title":"JUEGO DE 3 BROCAS ESCALONADAS GOLD STEP TRUPER JBES-3X - Thoro enterprises de Mexico","robots":{"index":"noindex","follow":"follow"},"og_locale":"es_MX","og_type":"article","og_title":"JUEGO DE 3 BROCAS ESCALONADAS GOLD STEP TRUPER JBES-3X - Thoro enterprises de Mexico","og_description":"JBES-3X PUNTA SPLIT POINT AUTOCENTRABLE CON DOS FILOS DE CORTE, PARA PERFORACIONES M\u00c1S R\u00c1PIDAS Y PRECISAS DI\u00c1METRO MARCADO EN L\u00c1SER DE LARGA DURACI\u00d3N 6X MAYOR DURACI\u00d3N QUE LAS BROCAS DE ACERO M2 FABRICADA EN ACERO AL COBALTO CON REVESTIMIENTO DE TITANIO QUE INCREMENTA LA RESISTENCIA AL DESGASTE, 6X MAYOR DURACI\u00d3N QUE LAS BROCAS BLACK STEP [&hellip;]","og_url":"https:\/\/thoro.com.mx\/ethoro\/shop\/herramientas\/herramientas-de-corte\/brocas-para-metal\/juego-de-3-brocas-escalonadas-gold-step-truper-jbes-3x\/","og_site_name":"Thoro enterprises de Mexico","article_publisher":"https:\/\/www.facebook.com\/ThoroEnterprises","article_modified_time":"2026-04-04T06:09:11+00:00","twitter_card":"summary_large_image","schema":{"@context":"https:\/\/schema.org","@graph":[{"@type":"WebPage","@id":"https:\/\/thoro.com.mx\/ethoro\/shop\/herramientas\/herramientas-de-corte\/brocas-para-metal\/juego-de-3-brocas-escalonadas-gold-step-truper-jbes-3x\/","url":"https:\/\/thoro.com.mx\/ethoro\/shop\/herramientas\/herramientas-de-corte\/brocas-para-metal\/juego-de-3-brocas-escalonadas-gold-step-truper-jbes-3x\/","name":"JUEGO DE 3 BROCAS ESCALONADAS GOLD STEP TRUPER JBES-3X - Thoro enterprises de Mexico","isPartOf":{"@id":"https:\/\/72.167.50.119\/ethoro\/#website"},"primaryImageOfPage":{"@id":"https:\/\/thoro.com.mx\/ethoro\/shop\/herramientas\/herramientas-de-corte\/brocas-para-metal\/juego-de-3-brocas-escalonadas-gold-step-truper-jbes-3x\/#primaryimage"},"image":{"@id":"https:\/\/thoro.com.mx\/ethoro\/shop\/herramientas\/herramientas-de-corte\/brocas-para-metal\/juego-de-3-brocas-escalonadas-gold-step-truper-jbes-3x\/#primaryimage"},"thumbnailUrl":"https:\/\/thoro.com.mx\/ethoro\/wp-content\/uploads\/2025\/07\/H12050.jpg","datePublished":"2025-02-05T14:30:03+00:00","dateModified":"2026-04-04T06:09:11+00:00","breadcrumb":{"@id":"https:\/\/thoro.com.mx\/ethoro\/shop\/herramientas\/herramientas-de-corte\/brocas-para-metal\/juego-de-3-brocas-escalonadas-gold-step-truper-jbes-3x\/#breadcrumb"},"inLanguage":"es","potentialAction":[{"@type":"ReadAction","target":["https:\/\/thoro.com.mx\/ethoro\/shop\/herramientas\/herramientas-de-corte\/brocas-para-metal\/juego-de-3-brocas-escalonadas-gold-step-truper-jbes-3x\/"]}]},{"@type":"ImageObject","inLanguage":"es","@id":"https:\/\/thoro.com.mx\/ethoro\/shop\/herramientas\/herramientas-de-corte\/brocas-para-metal\/juego-de-3-brocas-escalonadas-gold-step-truper-jbes-3x\/#primaryimage","url":"https:\/\/thoro.com.mx\/ethoro\/wp-content\/uploads\/2025\/07\/H12050.jpg","contentUrl":"https:\/\/thoro.com.mx\/ethoro\/wp-content\/uploads\/2025\/07\/H12050.jpg","width":1000,"height":1000},{"@type":"BreadcrumbList","@id":"https:\/\/thoro.com.mx\/ethoro\/shop\/herramientas\/herramientas-de-corte\/brocas-para-metal\/juego-de-3-brocas-escalonadas-gold-step-truper-jbes-3x\/#breadcrumb","itemListElement":[{"@type":"ListItem","position":1,"name":"Inicio","item":"https:\/\/thoro.com.mx\/ethoro\/"},{"@type":"ListItem","position":2,"name":"Tienda","item":"https:\/\/thoro.com.mx\/ethoro\/shop\/"},{"@type":"ListItem","position":3,"name":"JUEGO DE 3 BROCAS ESCALONADAS GOLD STEP TRUPER JBES-3X"}]},{"@type":"WebSite","@id":"https:\/\/72.167.50.119\/ethoro\/#website","url":"https:\/\/72.167.50.119\/ethoro\/","name":"Thoro Enterprises de M\u00e9xico","description":"Todo en Thoro","publisher":{"@id":"https:\/\/72.167.50.119\/ethoro\/#organization"},"alternateName":"Thoro shop","potentialAction":[{"@type":"SearchAction","target":{"@type":"EntryPoint","urlTemplate":"https:\/\/72.167.50.119\/ethoro\/?s={search_term_string}"},"query-input":{"@type":"PropertyValueSpecification","valueRequired":true,"valueName":"search_term_string"}}],"inLanguage":"es"},{"@type":"Organization","@id":"https:\/\/72.167.50.119\/ethoro\/#organization","name":"Thoro Enterprises de M\u00e9xico","alternateName":"Thoro shop","url":"https:\/\/72.167.50.119\/ethoro\/","logo":{"@type":"ImageObject","inLanguage":"es","@id":"https:\/\/72.167.50.119\/ethoro\/#\/schema\/logo\/image\/","url":"https:\/\/72.167.50.119\/ethoro\/wp-content\/uploads\/2025\/01\/cropped-cropped-icono_t-180x180-1.png","contentUrl":"https:\/\/72.167.50.119\/ethoro\/wp-content\/uploads\/2025\/01\/cropped-cropped-icono_t-180x180-1.png","width":512,"height":512,"caption":"Thoro Enterprises de M\u00e9xico"},"image":{"@id":"https:\/\/72.167.50.119\/ethoro\/#\/schema\/logo\/image\/"},"sameAs":["https:\/\/www.facebook.com\/ThoroEnterprises","https:\/\/www.instagram.com\/thoro.mexico\/"]}]}},"_links":{"self":[{"href":"https:\/\/thoro.com.mx\/ethoro\/wp-json\/wp\/v2\/product\/4474","targetHints":{"allow":["GET"]}}],"collection":[{"href":"https:\/\/thoro.com.mx\/ethoro\/wp-json\/wp\/v2\/product"}],"about":[{"href":"https:\/\/thoro.com.mx\/ethoro\/wp-json\/wp\/v2\/types\/product"}],"replies":[{"embeddable":true,"href":"https:\/\/thoro.com.mx\/ethoro\/wp-json\/wp\/v2\/comments?post=4474"}],"wp:featuredmedia":[{"embeddable":true,"href":"https:\/\/thoro.com.mx\/ethoro\/wp-json\/wp\/v2\/media\/429236"}],"wp:attachment":[{"href":"https:\/\/thoro.com.mx\/ethoro\/wp-json\/wp\/v2\/media?parent=4474"}],"wp:term":[{"taxonomy":"product_brand","embeddable":true,"href":"https:\/\/thoro.com.mx\/ethoro\/wp-json\/wp\/v2\/product_brand?post=4474"},{"taxonomy":"product_cat","embeddable":true,"href":"https:\/\/thoro.com.mx\/ethoro\/wp-json\/wp\/v2\/product_cat?post=4474"},{"taxonomy":"product_tag","embeddable":true,"href":"https:\/\/thoro.com.mx\/ethoro\/wp-json\/wp\/v2\/product_tag?post=4474"}],"curies":[{"name":"wp","href":"https:\/\/api.w.org\/{rel}","templated":true}]}}