{"id":4528,"date":"2025-02-05T08:30:33","date_gmt":"2025-02-05T14:30:33","guid":{"rendered":"https:\/\/72.167.50.119\/ethoro\/shop\/sin categor\u00eda\/juego-de-11-brocasierras-bimetalicas-y-2-mandriles-truper-expert-kitb-11\/"},"modified":"2026-04-04T00:09:26","modified_gmt":"2026-04-04T06:09:26","slug":"juego-de-11-brocasierras-bimetalicas-y-2-mandriles-truper-expert-kitb-11","status":"publish","type":"product","link":"https:\/\/thoro.com.mx\/ethoro\/shop\/herramientas\/herramientas-manuales\/juegos-de-herramientas-herramientas-manuales\/juego-de-11-brocasierras-bimetalicas-y-2-mandriles-truper-expert-kitb-11\/","title":{"rendered":"JUEGO DE 11 BROCASIERRAS BIMET\u00c1LICAS Y 2 MANDRILES TRUPER EXPERT KITB-11"},"content":{"rendered":"<h4>KITB-11<\/h4>\n<ul>\n<li>BROCASIERRAS BIMET\u00c1LICAS 10X MAYOR DURABILIDAD QUE LAS DE ACERO AL CARBONO<\/li>\n<li>DIENTES DE ACERO ALTA VELOCIDAD<\/li>\n<li>RANURA AMPLIA PARA F\u00c1CIL EXTRACCI\u00d3N DE RESIDUOS<\/li>\n<li>ESTUCHE CON BROCHES MET\u00c1LICOS<\/li>\n<li>INCLUYE<\/li>\n<li>11 BROCASIERRAS 3\/4&#8243;, 7\/8&#8243;, 1&#8243;, 1 1\/8&#8243;, 1 1\/4&#8243;, 1 3\/8&#8243;, 1 1\/2&#8243;, 1 3\/4&#8243;, 2&#8243;, 2 1\/4&#8243; Y 2 1\/2&#8243; <\/li>\n<li>2 MANDRILES DE 3\/8&#8243; Y 7\/16&#8243; CON ADAPTADOR 7\/16&#8243;<\/li>\n<li>ESPECIFICACIONES<\/li>\n<li>PROFUNDIDAD DE CORTE\t50 MM<\/li>\n<li>EMPAQUE INDIVIDUAL\tCAJA<\/li>\n<li><\/li>\n<li><\/li>\n<li><\/li>\n<\/ul>\n","protected":false},"excerpt":{"rendered":"<p>KITB-11 BROCASIERRAS BIMET\u00c1LICAS 10X MAYOR DURABILIDAD QUE LAS DE ACERO AL CARBONO DIENTES DE ACERO ALTA VELOCIDAD RANURA AMPLIA PARA F\u00c1CIL EXTRACCI\u00d3N DE RESIDUOS ESTUCHE CON BROCHES MET\u00c1LICOS INCLUYE 11 BROCASIERRAS 3\/4&#8243;, 7\/8&#8243;, 1&#8243;, 1 1\/8&#8243;, 1 1\/4&#8243;, 1 3\/8&#8243;, 1 1\/2&#8243;, 1 3\/4&#8243;, 2&#8243;, 2 1\/4&#8243; Y 2 1\/2&#8243; 2 MANDRILES DE 3\/8&#8243; Y [&hellip;]<\/p>\n","protected":false},"featured_media":0,"comment_status":"open","ping_status":"closed","template":"","meta":{"_monsterinsights_skip_tracking":false,"_monsterinsights_sitenote_active":false,"_monsterinsights_sitenote_note":"","_monsterinsights_sitenote_category":0,"_joinchat":[]},"product_brand":[],"product_cat":[424],"product_tag":[],"class_list":{"0":"post-4528","1":"product","2":"type-product","3":"status-publish","5":"product_cat-juegos-de-herramientas-herramientas-manuales","7":"first","8":"instock","9":"taxable","10":"shipping-taxable","11":"purchasable","12":"product-type-simple","13":"add-to-wishlist-after_add_to_cart"},"yoast_head":"<!-- This site is optimized with the Yoast SEO plugin v27.1.1 - https:\/\/yoast.com\/product\/yoast-seo-wordpress\/ -->\n<title>JUEGO DE 11 BROCASIERRAS BIMET\u00c1LICAS Y 2 MANDRILES TRUPER EXPERT KITB-11 - Thoro enterprises de Mexico<\/title>\n<meta name=\"robots\" content=\"noindex, follow\" \/>\n<meta property=\"og:locale\" content=\"es_MX\" \/>\n<meta property=\"og:type\" content=\"article\" \/>\n<meta property=\"og:title\" content=\"JUEGO DE 11 BROCASIERRAS BIMET\u00c1LICAS Y 2 MANDRILES TRUPER EXPERT KITB-11 - Thoro enterprises de Mexico\" \/>\n<meta property=\"og:description\" content=\"KITB-11 BROCASIERRAS BIMET\u00c1LICAS 10X MAYOR DURABILIDAD QUE LAS DE ACERO AL CARBONO DIENTES DE ACERO ALTA VELOCIDAD RANURA AMPLIA PARA F\u00c1CIL EXTRACCI\u00d3N DE RESIDUOS ESTUCHE CON BROCHES MET\u00c1LICOS INCLUYE 11 BROCASIERRAS 3\/4&#8243;, 7\/8&#8243;, 1&#8243;, 1 1\/8&#8243;, 1 1\/4&#8243;, 1 3\/8&#8243;, 1 1\/2&#8243;, 1 3\/4&#8243;, 2&#8243;, 2 1\/4&#8243; Y 2 1\/2&#8243; 2 MANDRILES DE 3\/8&#8243; Y [&hellip;]\" \/>\n<meta property=\"og:url\" content=\"https:\/\/thoro.com.mx\/ethoro\/shop\/herramientas\/herramientas-manuales\/juegos-de-herramientas-herramientas-manuales\/juego-de-11-brocasierras-bimetalicas-y-2-mandriles-truper-expert-kitb-11\/\" \/>\n<meta property=\"og:site_name\" content=\"Thoro enterprises de Mexico\" \/>\n<meta property=\"article:publisher\" content=\"https:\/\/www.facebook.com\/ThoroEnterprises\" \/>\n<meta property=\"article:modified_time\" content=\"2026-04-04T06:09:26+00:00\" \/>\n<meta name=\"twitter:card\" content=\"summary_large_image\" \/>\n<script type=\"application\/ld+json\" class=\"yoast-schema-graph\">{\"@context\":\"https:\/\/schema.org\",\"@graph\":[{\"@type\":\"WebPage\",\"@id\":\"https:\/\/thoro.com.mx\/ethoro\/shop\/herramientas\/herramientas-manuales\/juegos-de-herramientas-herramientas-manuales\/juego-de-11-brocasierras-bimetalicas-y-2-mandriles-truper-expert-kitb-11\/\",\"url\":\"https:\/\/thoro.com.mx\/ethoro\/shop\/herramientas\/herramientas-manuales\/juegos-de-herramientas-herramientas-manuales\/juego-de-11-brocasierras-bimetalicas-y-2-mandriles-truper-expert-kitb-11\/\",\"name\":\"JUEGO DE 11 BROCASIERRAS BIMET\u00c1LICAS Y 2 MANDRILES TRUPER EXPERT KITB-11 - Thoro enterprises de Mexico\",\"isPartOf\":{\"@id\":\"https:\/\/72.167.50.119\/ethoro\/#website\"},\"datePublished\":\"2025-02-05T14:30:33+00:00\",\"dateModified\":\"2026-04-04T06:09:26+00:00\",\"breadcrumb\":{\"@id\":\"https:\/\/thoro.com.mx\/ethoro\/shop\/herramientas\/herramientas-manuales\/juegos-de-herramientas-herramientas-manuales\/juego-de-11-brocasierras-bimetalicas-y-2-mandriles-truper-expert-kitb-11\/#breadcrumb\"},\"inLanguage\":\"es\",\"potentialAction\":[{\"@type\":\"ReadAction\",\"target\":[\"https:\/\/thoro.com.mx\/ethoro\/shop\/herramientas\/herramientas-manuales\/juegos-de-herramientas-herramientas-manuales\/juego-de-11-brocasierras-bimetalicas-y-2-mandriles-truper-expert-kitb-11\/\"]}]},{\"@type\":\"BreadcrumbList\",\"@id\":\"https:\/\/thoro.com.mx\/ethoro\/shop\/herramientas\/herramientas-manuales\/juegos-de-herramientas-herramientas-manuales\/juego-de-11-brocasierras-bimetalicas-y-2-mandriles-truper-expert-kitb-11\/#breadcrumb\",\"itemListElement\":[{\"@type\":\"ListItem\",\"position\":1,\"name\":\"Inicio\",\"item\":\"https:\/\/thoro.com.mx\/ethoro\/\"},{\"@type\":\"ListItem\",\"position\":2,\"name\":\"Tienda\",\"item\":\"https:\/\/thoro.com.mx\/ethoro\/shop\/\"},{\"@type\":\"ListItem\",\"position\":3,\"name\":\"JUEGO DE 11 BROCASIERRAS BIMET\u00c1LICAS Y 2 MANDRILES TRUPER EXPERT KITB-11\"}]},{\"@type\":\"WebSite\",\"@id\":\"https:\/\/72.167.50.119\/ethoro\/#website\",\"url\":\"https:\/\/72.167.50.119\/ethoro\/\",\"name\":\"Thoro Enterprises de M\u00e9xico\",\"description\":\"Todo en Thoro\",\"publisher\":{\"@id\":\"https:\/\/72.167.50.119\/ethoro\/#organization\"},\"alternateName\":\"Thoro shop\",\"potentialAction\":[{\"@type\":\"SearchAction\",\"target\":{\"@type\":\"EntryPoint\",\"urlTemplate\":\"https:\/\/72.167.50.119\/ethoro\/?s={search_term_string}\"},\"query-input\":{\"@type\":\"PropertyValueSpecification\",\"valueRequired\":true,\"valueName\":\"search_term_string\"}}],\"inLanguage\":\"es\"},{\"@type\":\"Organization\",\"@id\":\"https:\/\/72.167.50.119\/ethoro\/#organization\",\"name\":\"Thoro Enterprises de M\u00e9xico\",\"alternateName\":\"Thoro shop\",\"url\":\"https:\/\/72.167.50.119\/ethoro\/\",\"logo\":{\"@type\":\"ImageObject\",\"inLanguage\":\"es\",\"@id\":\"https:\/\/72.167.50.119\/ethoro\/#\/schema\/logo\/image\/\",\"url\":\"https:\/\/72.167.50.119\/ethoro\/wp-content\/uploads\/2025\/01\/cropped-cropped-icono_t-180x180-1.png\",\"contentUrl\":\"https:\/\/72.167.50.119\/ethoro\/wp-content\/uploads\/2025\/01\/cropped-cropped-icono_t-180x180-1.png\",\"width\":512,\"height\":512,\"caption\":\"Thoro Enterprises de M\u00e9xico\"},\"image\":{\"@id\":\"https:\/\/72.167.50.119\/ethoro\/#\/schema\/logo\/image\/\"},\"sameAs\":[\"https:\/\/www.facebook.com\/ThoroEnterprises\",\"https:\/\/www.instagram.com\/thoro.mexico\/\"]}]}<\/script>\n<!-- \/ Yoast SEO plugin. -->","yoast_head_json":{"title":"JUEGO DE 11 BROCASIERRAS BIMET\u00c1LICAS Y 2 MANDRILES TRUPER EXPERT KITB-11 - Thoro enterprises de Mexico","robots":{"index":"noindex","follow":"follow"},"og_locale":"es_MX","og_type":"article","og_title":"JUEGO DE 11 BROCASIERRAS BIMET\u00c1LICAS Y 2 MANDRILES TRUPER EXPERT KITB-11 - Thoro enterprises de Mexico","og_description":"KITB-11 BROCASIERRAS BIMET\u00c1LICAS 10X MAYOR DURABILIDAD QUE LAS DE ACERO AL CARBONO DIENTES DE ACERO ALTA VELOCIDAD RANURA AMPLIA PARA F\u00c1CIL EXTRACCI\u00d3N DE RESIDUOS ESTUCHE CON BROCHES MET\u00c1LICOS INCLUYE 11 BROCASIERRAS 3\/4&#8243;, 7\/8&#8243;, 1&#8243;, 1 1\/8&#8243;, 1 1\/4&#8243;, 1 3\/8&#8243;, 1 1\/2&#8243;, 1 3\/4&#8243;, 2&#8243;, 2 1\/4&#8243; Y 2 1\/2&#8243; 2 MANDRILES DE 3\/8&#8243; Y [&hellip;]","og_url":"https:\/\/thoro.com.mx\/ethoro\/shop\/herramientas\/herramientas-manuales\/juegos-de-herramientas-herramientas-manuales\/juego-de-11-brocasierras-bimetalicas-y-2-mandriles-truper-expert-kitb-11\/","og_site_name":"Thoro enterprises de Mexico","article_publisher":"https:\/\/www.facebook.com\/ThoroEnterprises","article_modified_time":"2026-04-04T06:09:26+00:00","twitter_card":"summary_large_image","schema":{"@context":"https:\/\/schema.org","@graph":[{"@type":"WebPage","@id":"https:\/\/thoro.com.mx\/ethoro\/shop\/herramientas\/herramientas-manuales\/juegos-de-herramientas-herramientas-manuales\/juego-de-11-brocasierras-bimetalicas-y-2-mandriles-truper-expert-kitb-11\/","url":"https:\/\/thoro.com.mx\/ethoro\/shop\/herramientas\/herramientas-manuales\/juegos-de-herramientas-herramientas-manuales\/juego-de-11-brocasierras-bimetalicas-y-2-mandriles-truper-expert-kitb-11\/","name":"JUEGO DE 11 BROCASIERRAS BIMET\u00c1LICAS Y 2 MANDRILES TRUPER EXPERT KITB-11 - Thoro enterprises de Mexico","isPartOf":{"@id":"https:\/\/72.167.50.119\/ethoro\/#website"},"datePublished":"2025-02-05T14:30:33+00:00","dateModified":"2026-04-04T06:09:26+00:00","breadcrumb":{"@id":"https:\/\/thoro.com.mx\/ethoro\/shop\/herramientas\/herramientas-manuales\/juegos-de-herramientas-herramientas-manuales\/juego-de-11-brocasierras-bimetalicas-y-2-mandriles-truper-expert-kitb-11\/#breadcrumb"},"inLanguage":"es","potentialAction":[{"@type":"ReadAction","target":["https:\/\/thoro.com.mx\/ethoro\/shop\/herramientas\/herramientas-manuales\/juegos-de-herramientas-herramientas-manuales\/juego-de-11-brocasierras-bimetalicas-y-2-mandriles-truper-expert-kitb-11\/"]}]},{"@type":"BreadcrumbList","@id":"https:\/\/thoro.com.mx\/ethoro\/shop\/herramientas\/herramientas-manuales\/juegos-de-herramientas-herramientas-manuales\/juego-de-11-brocasierras-bimetalicas-y-2-mandriles-truper-expert-kitb-11\/#breadcrumb","itemListElement":[{"@type":"ListItem","position":1,"name":"Inicio","item":"https:\/\/thoro.com.mx\/ethoro\/"},{"@type":"ListItem","position":2,"name":"Tienda","item":"https:\/\/thoro.com.mx\/ethoro\/shop\/"},{"@type":"ListItem","position":3,"name":"JUEGO DE 11 BROCASIERRAS BIMET\u00c1LICAS Y 2 MANDRILES TRUPER EXPERT KITB-11"}]},{"@type":"WebSite","@id":"https:\/\/72.167.50.119\/ethoro\/#website","url":"https:\/\/72.167.50.119\/ethoro\/","name":"Thoro Enterprises de M\u00e9xico","description":"Todo en Thoro","publisher":{"@id":"https:\/\/72.167.50.119\/ethoro\/#organization"},"alternateName":"Thoro shop","potentialAction":[{"@type":"SearchAction","target":{"@type":"EntryPoint","urlTemplate":"https:\/\/72.167.50.119\/ethoro\/?s={search_term_string}"},"query-input":{"@type":"PropertyValueSpecification","valueRequired":true,"valueName":"search_term_string"}}],"inLanguage":"es"},{"@type":"Organization","@id":"https:\/\/72.167.50.119\/ethoro\/#organization","name":"Thoro Enterprises de M\u00e9xico","alternateName":"Thoro shop","url":"https:\/\/72.167.50.119\/ethoro\/","logo":{"@type":"ImageObject","inLanguage":"es","@id":"https:\/\/72.167.50.119\/ethoro\/#\/schema\/logo\/image\/","url":"https:\/\/72.167.50.119\/ethoro\/wp-content\/uploads\/2025\/01\/cropped-cropped-icono_t-180x180-1.png","contentUrl":"https:\/\/72.167.50.119\/ethoro\/wp-content\/uploads\/2025\/01\/cropped-cropped-icono_t-180x180-1.png","width":512,"height":512,"caption":"Thoro Enterprises de M\u00e9xico"},"image":{"@id":"https:\/\/72.167.50.119\/ethoro\/#\/schema\/logo\/image\/"},"sameAs":["https:\/\/www.facebook.com\/ThoroEnterprises","https:\/\/www.instagram.com\/thoro.mexico\/"]}]}},"_links":{"self":[{"href":"https:\/\/thoro.com.mx\/ethoro\/wp-json\/wp\/v2\/product\/4528","targetHints":{"allow":["GET"]}}],"collection":[{"href":"https:\/\/thoro.com.mx\/ethoro\/wp-json\/wp\/v2\/product"}],"about":[{"href":"https:\/\/thoro.com.mx\/ethoro\/wp-json\/wp\/v2\/types\/product"}],"replies":[{"embeddable":true,"href":"https:\/\/thoro.com.mx\/ethoro\/wp-json\/wp\/v2\/comments?post=4528"}],"wp:attachment":[{"href":"https:\/\/thoro.com.mx\/ethoro\/wp-json\/wp\/v2\/media?parent=4528"}],"wp:term":[{"taxonomy":"product_brand","embeddable":true,"href":"https:\/\/thoro.com.mx\/ethoro\/wp-json\/wp\/v2\/product_brand?post=4528"},{"taxonomy":"product_cat","embeddable":true,"href":"https:\/\/thoro.com.mx\/ethoro\/wp-json\/wp\/v2\/product_cat?post=4528"},{"taxonomy":"product_tag","embeddable":true,"href":"https:\/\/thoro.com.mx\/ethoro\/wp-json\/wp\/v2\/product_tag?post=4528"}],"curies":[{"name":"wp","href":"https:\/\/api.w.org\/{rel}","templated":true}]}}