{"id":4550,"date":"2025-02-05T08:30:46","date_gmt":"2025-02-05T14:30:46","guid":{"rendered":"https:\/\/72.167.50.119\/ethoro\/shop\/sin categor\u00eda\/bomba-electrica-periferica-autocebante-truper-bopa-1-consumo-de-11-a-hp-de-1\/"},"modified":"2026-04-03T00:07:39","modified_gmt":"2026-04-03T06:07:39","slug":"bomba-electrica-periferica-autocebante-truper-bopa-1-consumo-de-11-a-hp-de-1","status":"publish","type":"product","link":"https:\/\/thoro.com.mx\/ethoro\/shop\/herramientas\/herramientas-para-campo-y-jardin\/bombas-hidraulicas\/bomba-electrica-periferica-autocebante-truper-bopa-1-consumo-de-11-a-hp-de-1\/","title":{"rendered":"BOMBA ELECTRICA PERIFERICA AUTOCEBANTE TRUPER BOPA-1 CONSUMO DE 11 A HP DE 1"},"content":{"rendered":"<h4>BOPA-1<\/h4>\n<ul>\n<li>GENERA MAYOR PRESI\u00d3N CUANDO SE REQUIERE BOMBEAR AGUA LIMPIA SIN PART\u00cdCULAS ABRASIVAS Y L\u00cdQUIDOS NO CORROSIVOS<\/li>\n<li>F\u00c1CIL MANTENIMIENTO, SOLO REQUIERE SER CEBADA LA PRIMERA VEZ QUE VA A SER UTILIZADA<\/li>\n<li>ALTURA M\u00c1XIMA: 60 M<\/li>\n<li>FLUJO M\u00c1XIMO: 60 L\/MIN<\/li>\n<li>PROFUNDIDAD M\u00c1XIMA DE SUCCI\u00d3N: 8 M<\/li>\n<li><\/li>\n<\/ul>\n","protected":false},"excerpt":{"rendered":"<p>BOPA-1 GENERA MAYOR PRESI\u00d3N CUANDO SE REQUIERE BOMBEAR AGUA LIMPIA SIN PART\u00cdCULAS ABRASIVAS Y L\u00cdQUIDOS NO CORROSIVOS F\u00c1CIL MANTENIMIENTO, SOLO REQUIERE SER CEBADA LA PRIMERA VEZ QUE VA A SER UTILIZADA ALTURA M\u00c1XIMA: 60 M FLUJO M\u00c1XIMO: 60 L\/MIN PROFUNDIDAD M\u00c1XIMA DE SUCCI\u00d3N: 8 M<\/p>\n","protected":false},"featured_media":4549,"comment_status":"open","ping_status":"closed","template":"","meta":{"_monsterinsights_skip_tracking":false,"_monsterinsights_sitenote_active":false,"_monsterinsights_sitenote_note":"","_monsterinsights_sitenote_category":0,"_joinchat":[]},"product_brand":[],"product_cat":[491],"product_tag":[],"class_list":{"0":"post-4550","1":"product","2":"type-product","3":"status-publish","4":"has-post-thumbnail","6":"product_cat-bombas-hidraulicas","8":"first","9":"instock","10":"taxable","11":"shipping-taxable","12":"purchasable","13":"product-type-simple","14":"add-to-wishlist-after_add_to_cart"},"yoast_head":"<!-- This site is optimized with the Yoast SEO plugin v27.1.1 - https:\/\/yoast.com\/product\/yoast-seo-wordpress\/ -->\n<title>BOMBA ELECTRICA PERIFERICA AUTOCEBANTE TRUPER BOPA-1 CONSUMO DE 11 A HP DE 1 - Thoro enterprises de Mexico<\/title>\n<meta name=\"robots\" content=\"noindex, follow\" \/>\n<meta property=\"og:locale\" content=\"es_MX\" \/>\n<meta property=\"og:type\" content=\"article\" \/>\n<meta property=\"og:title\" content=\"BOMBA ELECTRICA PERIFERICA AUTOCEBANTE TRUPER BOPA-1 CONSUMO DE 11 A HP DE 1 - Thoro enterprises de Mexico\" \/>\n<meta property=\"og:description\" content=\"BOPA-1 GENERA MAYOR PRESI\u00d3N CUANDO SE REQUIERE BOMBEAR AGUA LIMPIA SIN PART\u00cdCULAS ABRASIVAS Y L\u00cdQUIDOS NO CORROSIVOS F\u00c1CIL MANTENIMIENTO, SOLO REQUIERE SER CEBADA LA PRIMERA VEZ QUE VA A SER UTILIZADA ALTURA M\u00c1XIMA: 60 M FLUJO M\u00c1XIMO: 60 L\/MIN PROFUNDIDAD M\u00c1XIMA DE SUCCI\u00d3N: 8 M\" \/>\n<meta property=\"og:url\" content=\"https:\/\/thoro.com.mx\/ethoro\/shop\/herramientas\/herramientas-para-campo-y-jardin\/bombas-hidraulicas\/bomba-electrica-periferica-autocebante-truper-bopa-1-consumo-de-11-a-hp-de-1\/\" \/>\n<meta property=\"og:site_name\" content=\"Thoro enterprises de Mexico\" \/>\n<meta property=\"article:publisher\" content=\"https:\/\/www.facebook.com\/ThoroEnterprises\" \/>\n<meta property=\"article:modified_time\" content=\"2026-04-03T06:07:39+00:00\" \/>\n<meta property=\"og:image\" content=\"https:\/\/thoro.com.mx\/ethoro\/wp-content\/uploads\/2025\/02\/H12432.jpg\" \/>\n\t<meta property=\"og:image:width\" content=\"1000\" \/>\n\t<meta property=\"og:image:height\" content=\"1000\" \/>\n\t<meta property=\"og:image:type\" content=\"image\/jpeg\" \/>\n<meta name=\"twitter:card\" content=\"summary_large_image\" \/>\n<script type=\"application\/ld+json\" class=\"yoast-schema-graph\">{\"@context\":\"https:\/\/schema.org\",\"@graph\":[{\"@type\":\"WebPage\",\"@id\":\"https:\/\/thoro.com.mx\/ethoro\/shop\/herramientas\/herramientas-para-campo-y-jardin\/bombas-hidraulicas\/bomba-electrica-periferica-autocebante-truper-bopa-1-consumo-de-11-a-hp-de-1\/\",\"url\":\"https:\/\/thoro.com.mx\/ethoro\/shop\/herramientas\/herramientas-para-campo-y-jardin\/bombas-hidraulicas\/bomba-electrica-periferica-autocebante-truper-bopa-1-consumo-de-11-a-hp-de-1\/\",\"name\":\"BOMBA ELECTRICA PERIFERICA AUTOCEBANTE TRUPER BOPA-1 CONSUMO DE 11 A HP DE 1 - Thoro enterprises de Mexico\",\"isPartOf\":{\"@id\":\"https:\/\/72.167.50.119\/ethoro\/#website\"},\"primaryImageOfPage\":{\"@id\":\"https:\/\/thoro.com.mx\/ethoro\/shop\/herramientas\/herramientas-para-campo-y-jardin\/bombas-hidraulicas\/bomba-electrica-periferica-autocebante-truper-bopa-1-consumo-de-11-a-hp-de-1\/#primaryimage\"},\"image\":{\"@id\":\"https:\/\/thoro.com.mx\/ethoro\/shop\/herramientas\/herramientas-para-campo-y-jardin\/bombas-hidraulicas\/bomba-electrica-periferica-autocebante-truper-bopa-1-consumo-de-11-a-hp-de-1\/#primaryimage\"},\"thumbnailUrl\":\"https:\/\/thoro.com.mx\/ethoro\/wp-content\/uploads\/2025\/02\/H12432.jpg\",\"datePublished\":\"2025-02-05T14:30:46+00:00\",\"dateModified\":\"2026-04-03T06:07:39+00:00\",\"breadcrumb\":{\"@id\":\"https:\/\/thoro.com.mx\/ethoro\/shop\/herramientas\/herramientas-para-campo-y-jardin\/bombas-hidraulicas\/bomba-electrica-periferica-autocebante-truper-bopa-1-consumo-de-11-a-hp-de-1\/#breadcrumb\"},\"inLanguage\":\"es\",\"potentialAction\":[{\"@type\":\"ReadAction\",\"target\":[\"https:\/\/thoro.com.mx\/ethoro\/shop\/herramientas\/herramientas-para-campo-y-jardin\/bombas-hidraulicas\/bomba-electrica-periferica-autocebante-truper-bopa-1-consumo-de-11-a-hp-de-1\/\"]}]},{\"@type\":\"ImageObject\",\"inLanguage\":\"es\",\"@id\":\"https:\/\/thoro.com.mx\/ethoro\/shop\/herramientas\/herramientas-para-campo-y-jardin\/bombas-hidraulicas\/bomba-electrica-periferica-autocebante-truper-bopa-1-consumo-de-11-a-hp-de-1\/#primaryimage\",\"url\":\"https:\/\/thoro.com.mx\/ethoro\/wp-content\/uploads\/2025\/02\/H12432.jpg\",\"contentUrl\":\"https:\/\/thoro.com.mx\/ethoro\/wp-content\/uploads\/2025\/02\/H12432.jpg\",\"width\":1000,\"height\":1000},{\"@type\":\"BreadcrumbList\",\"@id\":\"https:\/\/thoro.com.mx\/ethoro\/shop\/herramientas\/herramientas-para-campo-y-jardin\/bombas-hidraulicas\/bomba-electrica-periferica-autocebante-truper-bopa-1-consumo-de-11-a-hp-de-1\/#breadcrumb\",\"itemListElement\":[{\"@type\":\"ListItem\",\"position\":1,\"name\":\"Inicio\",\"item\":\"https:\/\/thoro.com.mx\/ethoro\/\"},{\"@type\":\"ListItem\",\"position\":2,\"name\":\"Tienda\",\"item\":\"https:\/\/thoro.com.mx\/ethoro\/shop\/\"},{\"@type\":\"ListItem\",\"position\":3,\"name\":\"BOMBA ELECTRICA PERIFERICA AUTOCEBANTE TRUPER BOPA-1 CONSUMO DE 11 A HP DE 1\"}]},{\"@type\":\"WebSite\",\"@id\":\"https:\/\/72.167.50.119\/ethoro\/#website\",\"url\":\"https:\/\/72.167.50.119\/ethoro\/\",\"name\":\"Thoro Enterprises de M\u00e9xico\",\"description\":\"Todo en Thoro\",\"publisher\":{\"@id\":\"https:\/\/72.167.50.119\/ethoro\/#organization\"},\"alternateName\":\"Thoro shop\",\"potentialAction\":[{\"@type\":\"SearchAction\",\"target\":{\"@type\":\"EntryPoint\",\"urlTemplate\":\"https:\/\/72.167.50.119\/ethoro\/?s={search_term_string}\"},\"query-input\":{\"@type\":\"PropertyValueSpecification\",\"valueRequired\":true,\"valueName\":\"search_term_string\"}}],\"inLanguage\":\"es\"},{\"@type\":\"Organization\",\"@id\":\"https:\/\/72.167.50.119\/ethoro\/#organization\",\"name\":\"Thoro Enterprises de M\u00e9xico\",\"alternateName\":\"Thoro shop\",\"url\":\"https:\/\/72.167.50.119\/ethoro\/\",\"logo\":{\"@type\":\"ImageObject\",\"inLanguage\":\"es\",\"@id\":\"https:\/\/72.167.50.119\/ethoro\/#\/schema\/logo\/image\/\",\"url\":\"https:\/\/72.167.50.119\/ethoro\/wp-content\/uploads\/2025\/01\/cropped-cropped-icono_t-180x180-1.png\",\"contentUrl\":\"https:\/\/72.167.50.119\/ethoro\/wp-content\/uploads\/2025\/01\/cropped-cropped-icono_t-180x180-1.png\",\"width\":512,\"height\":512,\"caption\":\"Thoro Enterprises de M\u00e9xico\"},\"image\":{\"@id\":\"https:\/\/72.167.50.119\/ethoro\/#\/schema\/logo\/image\/\"},\"sameAs\":[\"https:\/\/www.facebook.com\/ThoroEnterprises\",\"https:\/\/www.instagram.com\/thoro.mexico\/\"]}]}<\/script>\n<!-- \/ Yoast SEO plugin. -->","yoast_head_json":{"title":"BOMBA ELECTRICA PERIFERICA AUTOCEBANTE TRUPER BOPA-1 CONSUMO DE 11 A HP DE 1 - Thoro enterprises de Mexico","robots":{"index":"noindex","follow":"follow"},"og_locale":"es_MX","og_type":"article","og_title":"BOMBA ELECTRICA PERIFERICA AUTOCEBANTE TRUPER BOPA-1 CONSUMO DE 11 A HP DE 1 - Thoro enterprises de Mexico","og_description":"BOPA-1 GENERA MAYOR PRESI\u00d3N CUANDO SE REQUIERE BOMBEAR AGUA LIMPIA SIN PART\u00cdCULAS ABRASIVAS Y L\u00cdQUIDOS NO CORROSIVOS F\u00c1CIL MANTENIMIENTO, SOLO REQUIERE SER CEBADA LA PRIMERA VEZ QUE VA A SER UTILIZADA ALTURA M\u00c1XIMA: 60 M FLUJO M\u00c1XIMO: 60 L\/MIN PROFUNDIDAD M\u00c1XIMA DE SUCCI\u00d3N: 8 M","og_url":"https:\/\/thoro.com.mx\/ethoro\/shop\/herramientas\/herramientas-para-campo-y-jardin\/bombas-hidraulicas\/bomba-electrica-periferica-autocebante-truper-bopa-1-consumo-de-11-a-hp-de-1\/","og_site_name":"Thoro enterprises de Mexico","article_publisher":"https:\/\/www.facebook.com\/ThoroEnterprises","article_modified_time":"2026-04-03T06:07:39+00:00","og_image":[{"width":1000,"height":1000,"url":"https:\/\/thoro.com.mx\/ethoro\/wp-content\/uploads\/2025\/02\/H12432.jpg","type":"image\/jpeg"}],"twitter_card":"summary_large_image","schema":{"@context":"https:\/\/schema.org","@graph":[{"@type":"WebPage","@id":"https:\/\/thoro.com.mx\/ethoro\/shop\/herramientas\/herramientas-para-campo-y-jardin\/bombas-hidraulicas\/bomba-electrica-periferica-autocebante-truper-bopa-1-consumo-de-11-a-hp-de-1\/","url":"https:\/\/thoro.com.mx\/ethoro\/shop\/herramientas\/herramientas-para-campo-y-jardin\/bombas-hidraulicas\/bomba-electrica-periferica-autocebante-truper-bopa-1-consumo-de-11-a-hp-de-1\/","name":"BOMBA ELECTRICA PERIFERICA AUTOCEBANTE TRUPER BOPA-1 CONSUMO DE 11 A HP DE 1 - Thoro enterprises de Mexico","isPartOf":{"@id":"https:\/\/72.167.50.119\/ethoro\/#website"},"primaryImageOfPage":{"@id":"https:\/\/thoro.com.mx\/ethoro\/shop\/herramientas\/herramientas-para-campo-y-jardin\/bombas-hidraulicas\/bomba-electrica-periferica-autocebante-truper-bopa-1-consumo-de-11-a-hp-de-1\/#primaryimage"},"image":{"@id":"https:\/\/thoro.com.mx\/ethoro\/shop\/herramientas\/herramientas-para-campo-y-jardin\/bombas-hidraulicas\/bomba-electrica-periferica-autocebante-truper-bopa-1-consumo-de-11-a-hp-de-1\/#primaryimage"},"thumbnailUrl":"https:\/\/thoro.com.mx\/ethoro\/wp-content\/uploads\/2025\/02\/H12432.jpg","datePublished":"2025-02-05T14:30:46+00:00","dateModified":"2026-04-03T06:07:39+00:00","breadcrumb":{"@id":"https:\/\/thoro.com.mx\/ethoro\/shop\/herramientas\/herramientas-para-campo-y-jardin\/bombas-hidraulicas\/bomba-electrica-periferica-autocebante-truper-bopa-1-consumo-de-11-a-hp-de-1\/#breadcrumb"},"inLanguage":"es","potentialAction":[{"@type":"ReadAction","target":["https:\/\/thoro.com.mx\/ethoro\/shop\/herramientas\/herramientas-para-campo-y-jardin\/bombas-hidraulicas\/bomba-electrica-periferica-autocebante-truper-bopa-1-consumo-de-11-a-hp-de-1\/"]}]},{"@type":"ImageObject","inLanguage":"es","@id":"https:\/\/thoro.com.mx\/ethoro\/shop\/herramientas\/herramientas-para-campo-y-jardin\/bombas-hidraulicas\/bomba-electrica-periferica-autocebante-truper-bopa-1-consumo-de-11-a-hp-de-1\/#primaryimage","url":"https:\/\/thoro.com.mx\/ethoro\/wp-content\/uploads\/2025\/02\/H12432.jpg","contentUrl":"https:\/\/thoro.com.mx\/ethoro\/wp-content\/uploads\/2025\/02\/H12432.jpg","width":1000,"height":1000},{"@type":"BreadcrumbList","@id":"https:\/\/thoro.com.mx\/ethoro\/shop\/herramientas\/herramientas-para-campo-y-jardin\/bombas-hidraulicas\/bomba-electrica-periferica-autocebante-truper-bopa-1-consumo-de-11-a-hp-de-1\/#breadcrumb","itemListElement":[{"@type":"ListItem","position":1,"name":"Inicio","item":"https:\/\/thoro.com.mx\/ethoro\/"},{"@type":"ListItem","position":2,"name":"Tienda","item":"https:\/\/thoro.com.mx\/ethoro\/shop\/"},{"@type":"ListItem","position":3,"name":"BOMBA ELECTRICA PERIFERICA AUTOCEBANTE TRUPER BOPA-1 CONSUMO DE 11 A HP DE 1"}]},{"@type":"WebSite","@id":"https:\/\/72.167.50.119\/ethoro\/#website","url":"https:\/\/72.167.50.119\/ethoro\/","name":"Thoro Enterprises de M\u00e9xico","description":"Todo en Thoro","publisher":{"@id":"https:\/\/72.167.50.119\/ethoro\/#organization"},"alternateName":"Thoro shop","potentialAction":[{"@type":"SearchAction","target":{"@type":"EntryPoint","urlTemplate":"https:\/\/72.167.50.119\/ethoro\/?s={search_term_string}"},"query-input":{"@type":"PropertyValueSpecification","valueRequired":true,"valueName":"search_term_string"}}],"inLanguage":"es"},{"@type":"Organization","@id":"https:\/\/72.167.50.119\/ethoro\/#organization","name":"Thoro Enterprises de M\u00e9xico","alternateName":"Thoro shop","url":"https:\/\/72.167.50.119\/ethoro\/","logo":{"@type":"ImageObject","inLanguage":"es","@id":"https:\/\/72.167.50.119\/ethoro\/#\/schema\/logo\/image\/","url":"https:\/\/72.167.50.119\/ethoro\/wp-content\/uploads\/2025\/01\/cropped-cropped-icono_t-180x180-1.png","contentUrl":"https:\/\/72.167.50.119\/ethoro\/wp-content\/uploads\/2025\/01\/cropped-cropped-icono_t-180x180-1.png","width":512,"height":512,"caption":"Thoro Enterprises de M\u00e9xico"},"image":{"@id":"https:\/\/72.167.50.119\/ethoro\/#\/schema\/logo\/image\/"},"sameAs":["https:\/\/www.facebook.com\/ThoroEnterprises","https:\/\/www.instagram.com\/thoro.mexico\/"]}]}},"_links":{"self":[{"href":"https:\/\/thoro.com.mx\/ethoro\/wp-json\/wp\/v2\/product\/4550","targetHints":{"allow":["GET"]}}],"collection":[{"href":"https:\/\/thoro.com.mx\/ethoro\/wp-json\/wp\/v2\/product"}],"about":[{"href":"https:\/\/thoro.com.mx\/ethoro\/wp-json\/wp\/v2\/types\/product"}],"replies":[{"embeddable":true,"href":"https:\/\/thoro.com.mx\/ethoro\/wp-json\/wp\/v2\/comments?post=4550"}],"wp:featuredmedia":[{"embeddable":true,"href":"https:\/\/thoro.com.mx\/ethoro\/wp-json\/wp\/v2\/media\/4549"}],"wp:attachment":[{"href":"https:\/\/thoro.com.mx\/ethoro\/wp-json\/wp\/v2\/media?parent=4550"}],"wp:term":[{"taxonomy":"product_brand","embeddable":true,"href":"https:\/\/thoro.com.mx\/ethoro\/wp-json\/wp\/v2\/product_brand?post=4550"},{"taxonomy":"product_cat","embeddable":true,"href":"https:\/\/thoro.com.mx\/ethoro\/wp-json\/wp\/v2\/product_cat?post=4550"},{"taxonomy":"product_tag","embeddable":true,"href":"https:\/\/thoro.com.mx\/ethoro\/wp-json\/wp\/v2\/product_tag?post=4550"}],"curies":[{"name":"wp","href":"https:\/\/api.w.org\/{rel}","templated":true}]}}