{"id":4918,"date":"2025-02-05T08:33:21","date_gmt":"2025-02-05T14:33:21","guid":{"rendered":"https:\/\/72.167.50.119\/ethoro\/shop\/sin categor\u00eda\/flexometro-surtek-b122080-3-metros-x-5-8-anti-impacto\/"},"modified":"2026-05-17T06:40:17","modified_gmt":"2026-05-17T12:40:17","slug":"flexometro-surtek-b122080-3-metros-x-5-8-anti-impacto","status":"publish","type":"product","link":"https:\/\/thoro.com.mx\/ethoro\/shop\/herramientas\/instrumentos-de-medicion\/flexometros\/flexometro-surtek-b122080-3-metros-x-5-8-anti-impacto\/","title":{"rendered":"FLEXOMETRO SURTEK B122080 3 METROS X 5\/8&#8221; ANTI IMPACTO"},"content":{"rendered":"<h4>B122080<\/h4>\n<ul>\n<li>Gancho con tres remaches<\/li>\n<li>Gancho doble<\/li>\n<li>Cinta en color amarillo con n\u00fameros grandes para su mejor lectura<\/li>\n<li>Bot\u00f3n de pausa de activaci\u00f3n r\u00e1pida<\/li>\n<li>Sistema con amortiguador que absorbe el impacto al regreso de la cinta<\/li>\n<li>Cinta ancha que permite extenderse a una longitud mayor sin doblarse<\/li>\n<li><\/li>\n<\/ul>\n","protected":false},"excerpt":{"rendered":"<p>B122080 Gancho con tres remaches Gancho doble Cinta en color amarillo con n\u00fameros grandes para su mejor lectura Bot\u00f3n de pausa de activaci\u00f3n r\u00e1pida Sistema con amortiguador que absorbe el impacto al regreso de la cinta Cinta ancha que permite extenderse a una longitud mayor sin doblarse<\/p>\n","protected":false},"featured_media":679932,"comment_status":"open","ping_status":"closed","template":"","meta":{"_monsterinsights_skip_tracking":false,"_monsterinsights_sitenote_active":false,"_monsterinsights_sitenote_note":"","_monsterinsights_sitenote_category":0,"_joinchat":[]},"product_brand":[],"product_cat":[431],"product_tag":[],"class_list":{"0":"post-4918","1":"product","2":"type-product","3":"status-publish","4":"has-post-thumbnail","6":"product_cat-flexometros","8":"first","9":"instock","10":"taxable","11":"shipping-taxable","12":"purchasable","13":"product-type-simple","14":"add-to-wishlist-after_add_to_cart"},"yoast_head":"<!-- This site is optimized with the Yoast SEO plugin v27.3 - https:\/\/yoast.com\/product\/yoast-seo-wordpress\/ -->\n<title>FLEXOMETRO SURTEK B122080 3 METROS X 5\/8&#039;&#039; ANTI IMPACTO - Thoro enterprises de Mexico<\/title>\n<meta name=\"robots\" content=\"noindex, follow\" \/>\n<meta property=\"og:locale\" content=\"es_MX\" \/>\n<meta property=\"og:type\" content=\"article\" \/>\n<meta property=\"og:title\" content=\"FLEXOMETRO SURTEK B122080 3 METROS X 5\/8&#039;&#039; ANTI IMPACTO - Thoro enterprises de Mexico\" \/>\n<meta property=\"og:description\" content=\"B122080 Gancho con tres remaches Gancho doble Cinta en color amarillo con n\u00fameros grandes para su mejor lectura Bot\u00f3n de pausa de activaci\u00f3n r\u00e1pida Sistema con amortiguador que absorbe el impacto al regreso de la cinta Cinta ancha que permite extenderse a una longitud mayor sin doblarse\" \/>\n<meta property=\"og:url\" content=\"https:\/\/thoro.com.mx\/ethoro\/shop\/herramientas\/instrumentos-de-medicion\/flexometros\/flexometro-surtek-b122080-3-metros-x-5-8-anti-impacto\/\" \/>\n<meta property=\"og:site_name\" content=\"Thoro enterprises de Mexico\" \/>\n<meta property=\"article:publisher\" content=\"https:\/\/www.facebook.com\/ThoroEnterprises\" \/>\n<meta property=\"article:modified_time\" content=\"2026-05-17T12:40:17+00:00\" \/>\n<meta property=\"og:image\" content=\"https:\/\/thoro.com.mx\/ethoro\/wp-content\/uploads\/2025\/02\/H1350.jpg\" \/>\n\t<meta property=\"og:image:width\" content=\"1000\" \/>\n\t<meta property=\"og:image:height\" content=\"1000\" \/>\n\t<meta property=\"og:image:type\" content=\"image\/jpeg\" \/>\n<meta name=\"twitter:card\" content=\"summary_large_image\" \/>\n<script type=\"application\/ld+json\" class=\"yoast-schema-graph\">{\"@context\":\"https:\\\/\\\/schema.org\",\"@graph\":[{\"@type\":\"WebPage\",\"@id\":\"https:\\\/\\\/thoro.com.mx\\\/ethoro\\\/shop\\\/herramientas\\\/instrumentos-de-medicion\\\/flexometros\\\/flexometro-surtek-b122080-3-metros-x-5-8-anti-impacto\\\/\",\"url\":\"https:\\\/\\\/thoro.com.mx\\\/ethoro\\\/shop\\\/herramientas\\\/instrumentos-de-medicion\\\/flexometros\\\/flexometro-surtek-b122080-3-metros-x-5-8-anti-impacto\\\/\",\"name\":\"FLEXOMETRO SURTEK B122080 3 METROS X 5\\\/8'' ANTI IMPACTO - Thoro enterprises de Mexico\",\"isPartOf\":{\"@id\":\"https:\\\/\\\/72.167.50.119\\\/ethoro\\\/#website\"},\"primaryImageOfPage\":{\"@id\":\"https:\\\/\\\/thoro.com.mx\\\/ethoro\\\/shop\\\/herramientas\\\/instrumentos-de-medicion\\\/flexometros\\\/flexometro-surtek-b122080-3-metros-x-5-8-anti-impacto\\\/#primaryimage\"},\"image\":{\"@id\":\"https:\\\/\\\/thoro.com.mx\\\/ethoro\\\/shop\\\/herramientas\\\/instrumentos-de-medicion\\\/flexometros\\\/flexometro-surtek-b122080-3-metros-x-5-8-anti-impacto\\\/#primaryimage\"},\"thumbnailUrl\":\"https:\\\/\\\/thoro.com.mx\\\/ethoro\\\/wp-content\\\/uploads\\\/2026\\\/05\\\/H1350.jpg\",\"datePublished\":\"2025-02-05T14:33:21+00:00\",\"dateModified\":\"2026-05-17T12:40:17+00:00\",\"breadcrumb\":{\"@id\":\"https:\\\/\\\/thoro.com.mx\\\/ethoro\\\/shop\\\/herramientas\\\/instrumentos-de-medicion\\\/flexometros\\\/flexometro-surtek-b122080-3-metros-x-5-8-anti-impacto\\\/#breadcrumb\"},\"inLanguage\":\"es\",\"potentialAction\":[{\"@type\":\"ReadAction\",\"target\":[\"https:\\\/\\\/thoro.com.mx\\\/ethoro\\\/shop\\\/herramientas\\\/instrumentos-de-medicion\\\/flexometros\\\/flexometro-surtek-b122080-3-metros-x-5-8-anti-impacto\\\/\"]}]},{\"@type\":\"ImageObject\",\"inLanguage\":\"es\",\"@id\":\"https:\\\/\\\/thoro.com.mx\\\/ethoro\\\/shop\\\/herramientas\\\/instrumentos-de-medicion\\\/flexometros\\\/flexometro-surtek-b122080-3-metros-x-5-8-anti-impacto\\\/#primaryimage\",\"url\":\"https:\\\/\\\/thoro.com.mx\\\/ethoro\\\/wp-content\\\/uploads\\\/2026\\\/05\\\/H1350.jpg\",\"contentUrl\":\"https:\\\/\\\/thoro.com.mx\\\/ethoro\\\/wp-content\\\/uploads\\\/2026\\\/05\\\/H1350.jpg\",\"width\":1000,\"height\":1000},{\"@type\":\"BreadcrumbList\",\"@id\":\"https:\\\/\\\/thoro.com.mx\\\/ethoro\\\/shop\\\/herramientas\\\/instrumentos-de-medicion\\\/flexometros\\\/flexometro-surtek-b122080-3-metros-x-5-8-anti-impacto\\\/#breadcrumb\",\"itemListElement\":[{\"@type\":\"ListItem\",\"position\":1,\"name\":\"Inicio\",\"item\":\"https:\\\/\\\/thoro.com.mx\\\/ethoro\\\/\"},{\"@type\":\"ListItem\",\"position\":2,\"name\":\"Tienda\",\"item\":\"https:\\\/\\\/thoro.com.mx\\\/ethoro\\\/shop\\\/\"},{\"@type\":\"ListItem\",\"position\":3,\"name\":\"FLEXOMETRO SURTEK B122080 3 METROS X 5\\\/8&#8221; ANTI IMPACTO\"}]},{\"@type\":\"WebSite\",\"@id\":\"https:\\\/\\\/72.167.50.119\\\/ethoro\\\/#website\",\"url\":\"https:\\\/\\\/72.167.50.119\\\/ethoro\\\/\",\"name\":\"Thoro Enterprises de M\u00e9xico\",\"description\":\"Todo en Thoro\",\"publisher\":{\"@id\":\"https:\\\/\\\/72.167.50.119\\\/ethoro\\\/#organization\"},\"alternateName\":\"Thoro shop\",\"potentialAction\":[{\"@type\":\"SearchAction\",\"target\":{\"@type\":\"EntryPoint\",\"urlTemplate\":\"https:\\\/\\\/72.167.50.119\\\/ethoro\\\/?s={search_term_string}\"},\"query-input\":{\"@type\":\"PropertyValueSpecification\",\"valueRequired\":true,\"valueName\":\"search_term_string\"}}],\"inLanguage\":\"es\"},{\"@type\":\"Organization\",\"@id\":\"https:\\\/\\\/72.167.50.119\\\/ethoro\\\/#organization\",\"name\":\"Thoro Enterprises de M\u00e9xico\",\"alternateName\":\"Thoro shop\",\"url\":\"https:\\\/\\\/72.167.50.119\\\/ethoro\\\/\",\"logo\":{\"@type\":\"ImageObject\",\"inLanguage\":\"es\",\"@id\":\"https:\\\/\\\/72.167.50.119\\\/ethoro\\\/#\\\/schema\\\/logo\\\/image\\\/\",\"url\":\"https:\\\/\\\/72.167.50.119\\\/ethoro\\\/wp-content\\\/uploads\\\/2025\\\/01\\\/cropped-cropped-icono_t-180x180-1.png\",\"contentUrl\":\"https:\\\/\\\/72.167.50.119\\\/ethoro\\\/wp-content\\\/uploads\\\/2025\\\/01\\\/cropped-cropped-icono_t-180x180-1.png\",\"width\":512,\"height\":512,\"caption\":\"Thoro Enterprises de M\u00e9xico\"},\"image\":{\"@id\":\"https:\\\/\\\/72.167.50.119\\\/ethoro\\\/#\\\/schema\\\/logo\\\/image\\\/\"},\"sameAs\":[\"https:\\\/\\\/www.facebook.com\\\/ThoroEnterprises\",\"https:\\\/\\\/www.instagram.com\\\/thoro.mexico\\\/\"]}]}<\/script>\n<!-- \/ Yoast SEO plugin. -->","yoast_head_json":{"title":"FLEXOMETRO SURTEK B122080 3 METROS X 5\/8'' ANTI IMPACTO - Thoro enterprises de Mexico","robots":{"index":"noindex","follow":"follow"},"og_locale":"es_MX","og_type":"article","og_title":"FLEXOMETRO SURTEK B122080 3 METROS X 5\/8'' ANTI IMPACTO - Thoro enterprises de Mexico","og_description":"B122080 Gancho con tres remaches Gancho doble Cinta en color amarillo con n\u00fameros grandes para su mejor lectura Bot\u00f3n de pausa de activaci\u00f3n r\u00e1pida Sistema con amortiguador que absorbe el impacto al regreso de la cinta Cinta ancha que permite extenderse a una longitud mayor sin doblarse","og_url":"https:\/\/thoro.com.mx\/ethoro\/shop\/herramientas\/instrumentos-de-medicion\/flexometros\/flexometro-surtek-b122080-3-metros-x-5-8-anti-impacto\/","og_site_name":"Thoro enterprises de Mexico","article_publisher":"https:\/\/www.facebook.com\/ThoroEnterprises","article_modified_time":"2026-05-17T12:40:17+00:00","og_image":[{"width":1000,"height":1000,"url":"https:\/\/thoro.com.mx\/ethoro\/wp-content\/uploads\/2025\/02\/H1350.jpg","type":"image\/jpeg"}],"twitter_card":"summary_large_image","schema":{"@context":"https:\/\/schema.org","@graph":[{"@type":"WebPage","@id":"https:\/\/thoro.com.mx\/ethoro\/shop\/herramientas\/instrumentos-de-medicion\/flexometros\/flexometro-surtek-b122080-3-metros-x-5-8-anti-impacto\/","url":"https:\/\/thoro.com.mx\/ethoro\/shop\/herramientas\/instrumentos-de-medicion\/flexometros\/flexometro-surtek-b122080-3-metros-x-5-8-anti-impacto\/","name":"FLEXOMETRO SURTEK B122080 3 METROS X 5\/8'' ANTI IMPACTO - Thoro enterprises de Mexico","isPartOf":{"@id":"https:\/\/72.167.50.119\/ethoro\/#website"},"primaryImageOfPage":{"@id":"https:\/\/thoro.com.mx\/ethoro\/shop\/herramientas\/instrumentos-de-medicion\/flexometros\/flexometro-surtek-b122080-3-metros-x-5-8-anti-impacto\/#primaryimage"},"image":{"@id":"https:\/\/thoro.com.mx\/ethoro\/shop\/herramientas\/instrumentos-de-medicion\/flexometros\/flexometro-surtek-b122080-3-metros-x-5-8-anti-impacto\/#primaryimage"},"thumbnailUrl":"https:\/\/thoro.com.mx\/ethoro\/wp-content\/uploads\/2026\/05\/H1350.jpg","datePublished":"2025-02-05T14:33:21+00:00","dateModified":"2026-05-17T12:40:17+00:00","breadcrumb":{"@id":"https:\/\/thoro.com.mx\/ethoro\/shop\/herramientas\/instrumentos-de-medicion\/flexometros\/flexometro-surtek-b122080-3-metros-x-5-8-anti-impacto\/#breadcrumb"},"inLanguage":"es","potentialAction":[{"@type":"ReadAction","target":["https:\/\/thoro.com.mx\/ethoro\/shop\/herramientas\/instrumentos-de-medicion\/flexometros\/flexometro-surtek-b122080-3-metros-x-5-8-anti-impacto\/"]}]},{"@type":"ImageObject","inLanguage":"es","@id":"https:\/\/thoro.com.mx\/ethoro\/shop\/herramientas\/instrumentos-de-medicion\/flexometros\/flexometro-surtek-b122080-3-metros-x-5-8-anti-impacto\/#primaryimage","url":"https:\/\/thoro.com.mx\/ethoro\/wp-content\/uploads\/2026\/05\/H1350.jpg","contentUrl":"https:\/\/thoro.com.mx\/ethoro\/wp-content\/uploads\/2026\/05\/H1350.jpg","width":1000,"height":1000},{"@type":"BreadcrumbList","@id":"https:\/\/thoro.com.mx\/ethoro\/shop\/herramientas\/instrumentos-de-medicion\/flexometros\/flexometro-surtek-b122080-3-metros-x-5-8-anti-impacto\/#breadcrumb","itemListElement":[{"@type":"ListItem","position":1,"name":"Inicio","item":"https:\/\/thoro.com.mx\/ethoro\/"},{"@type":"ListItem","position":2,"name":"Tienda","item":"https:\/\/thoro.com.mx\/ethoro\/shop\/"},{"@type":"ListItem","position":3,"name":"FLEXOMETRO SURTEK B122080 3 METROS X 5\/8&#8221; ANTI IMPACTO"}]},{"@type":"WebSite","@id":"https:\/\/72.167.50.119\/ethoro\/#website","url":"https:\/\/72.167.50.119\/ethoro\/","name":"Thoro Enterprises de M\u00e9xico","description":"Todo en Thoro","publisher":{"@id":"https:\/\/72.167.50.119\/ethoro\/#organization"},"alternateName":"Thoro shop","potentialAction":[{"@type":"SearchAction","target":{"@type":"EntryPoint","urlTemplate":"https:\/\/72.167.50.119\/ethoro\/?s={search_term_string}"},"query-input":{"@type":"PropertyValueSpecification","valueRequired":true,"valueName":"search_term_string"}}],"inLanguage":"es"},{"@type":"Organization","@id":"https:\/\/72.167.50.119\/ethoro\/#organization","name":"Thoro Enterprises de M\u00e9xico","alternateName":"Thoro shop","url":"https:\/\/72.167.50.119\/ethoro\/","logo":{"@type":"ImageObject","inLanguage":"es","@id":"https:\/\/72.167.50.119\/ethoro\/#\/schema\/logo\/image\/","url":"https:\/\/72.167.50.119\/ethoro\/wp-content\/uploads\/2025\/01\/cropped-cropped-icono_t-180x180-1.png","contentUrl":"https:\/\/72.167.50.119\/ethoro\/wp-content\/uploads\/2025\/01\/cropped-cropped-icono_t-180x180-1.png","width":512,"height":512,"caption":"Thoro Enterprises de M\u00e9xico"},"image":{"@id":"https:\/\/72.167.50.119\/ethoro\/#\/schema\/logo\/image\/"},"sameAs":["https:\/\/www.facebook.com\/ThoroEnterprises","https:\/\/www.instagram.com\/thoro.mexico\/"]}]}},"_links":{"self":[{"href":"https:\/\/thoro.com.mx\/ethoro\/wp-json\/wp\/v2\/product\/4918","targetHints":{"allow":["GET"]}}],"collection":[{"href":"https:\/\/thoro.com.mx\/ethoro\/wp-json\/wp\/v2\/product"}],"about":[{"href":"https:\/\/thoro.com.mx\/ethoro\/wp-json\/wp\/v2\/types\/product"}],"replies":[{"embeddable":true,"href":"https:\/\/thoro.com.mx\/ethoro\/wp-json\/wp\/v2\/comments?post=4918"}],"wp:featuredmedia":[{"embeddable":true,"href":"https:\/\/thoro.com.mx\/ethoro\/wp-json\/wp\/v2\/media\/679932"}],"wp:attachment":[{"href":"https:\/\/thoro.com.mx\/ethoro\/wp-json\/wp\/v2\/media?parent=4918"}],"wp:term":[{"taxonomy":"product_brand","embeddable":true,"href":"https:\/\/thoro.com.mx\/ethoro\/wp-json\/wp\/v2\/product_brand?post=4918"},{"taxonomy":"product_cat","embeddable":true,"href":"https:\/\/thoro.com.mx\/ethoro\/wp-json\/wp\/v2\/product_cat?post=4918"},{"taxonomy":"product_tag","embeddable":true,"href":"https:\/\/thoro.com.mx\/ethoro\/wp-json\/wp\/v2\/product_tag?post=4918"}],"curies":[{"name":"wp","href":"https:\/\/api.w.org\/{rel}","templated":true}]}}