{"id":499351,"date":"2026-04-22T01:12:44","date_gmt":"2026-04-22T07:12:44","guid":{"rendered":"https:\/\/thoro.com.mx\/ethoro\/shop\/sin%20categor\u00eda\/pilas-alcalinas-aa-kirkland-signature\/"},"modified":"2026-05-06T03:46:43","modified_gmt":"2026-05-06T09:46:43","slug":"pilas-alcalinas-aa-kirkland-signature","status":"publish","type":"product","link":"https:\/\/thoro.com.mx\/ethoro\/shop\/papeleria-y-oficina\/pilas-y-cargadores-papeleria-y-oficina\/pilas-alcalinas-pilas-y-cargadores-papeleria-y-oficina\/pilas-alcalinas-aa-kirkland-signature\/","title":{"rendered":"PILAS ALCALINAS AA KIRKLAND SIGNATURE 1.5 VOLTS"},"content":{"rendered":"<h4><\/h4>\n<ul>\n<li>Las PILAS ALCALINAS AA DE 48 PIEZAS KIRKLAND SIGNATURE son la soluci\u00f3n ideal para una amplia gama de dispositivos de uso cotidiano, especialmente en dispositivos port\u00e1tiles.<\/li>\n<li>Rinden su m\u00e1ximo provecho cuando se busca una alimentaci\u00f3n fiable y duradera para los dispositivos de uso cotidiano, tales como juguetes mec\u00e1nicos, consolas port\u00e1tiles de video juegos, mandos a distancia, linternas, etc.<\/li>\n<li>A granel.<\/li>\n<\/ul>\n","protected":false},"excerpt":{"rendered":"<p>Las PILAS ALCALINAS AA DE 48 PIEZAS KIRKLAND SIGNATURE son la soluci\u00f3n ideal para una amplia gama de dispositivos de uso cotidiano, especialmente en dispositivos port\u00e1tiles. Rinden su m\u00e1ximo provecho cuando se busca una alimentaci\u00f3n fiable y duradera para los dispositivos de uso cotidiano, tales como juguetes mec\u00e1nicos, consolas port\u00e1tiles de video juegos, mandos a [&hellip;]<\/p>\n","protected":false},"featured_media":609803,"comment_status":"open","ping_status":"closed","template":"","meta":{"_monsterinsights_skip_tracking":false,"_monsterinsights_sitenote_active":false,"_monsterinsights_sitenote_note":"","_monsterinsights_sitenote_category":0,"_joinchat":[]},"product_brand":[],"product_cat":[19209],"product_tag":[],"class_list":{"0":"post-499351","1":"product","2":"type-product","3":"status-publish","4":"has-post-thumbnail","6":"product_cat-pilas-alcalinas-pilas-y-cargadores-papeleria-y-oficina","8":"first","9":"instock","10":"taxable","11":"shipping-taxable","12":"purchasable","13":"product-type-simple","14":"add-to-wishlist-after_add_to_cart"},"yoast_head":"<!-- This site is optimized with the Yoast SEO plugin v27.3 - https:\/\/yoast.com\/product\/yoast-seo-wordpress\/ -->\n<title>PILAS ALCALINAS AA KIRKLAND SIGNATURE 1.5 VOLTS - Thoro enterprises de Mexico<\/title>\n<meta name=\"robots\" content=\"noindex, follow\" \/>\n<meta property=\"og:locale\" content=\"es_MX\" \/>\n<meta property=\"og:type\" content=\"article\" \/>\n<meta property=\"og:title\" content=\"PILAS ALCALINAS AA KIRKLAND SIGNATURE 1.5 VOLTS - Thoro enterprises de Mexico\" \/>\n<meta property=\"og:description\" content=\"Las PILAS ALCALINAS AA DE 48 PIEZAS KIRKLAND SIGNATURE son la soluci\u00f3n ideal para una amplia gama de dispositivos de uso cotidiano, especialmente en dispositivos port\u00e1tiles. Rinden su m\u00e1ximo provecho cuando se busca una alimentaci\u00f3n fiable y duradera para los dispositivos de uso cotidiano, tales como juguetes mec\u00e1nicos, consolas port\u00e1tiles de video juegos, mandos a [&hellip;]\" \/>\n<meta property=\"og:url\" content=\"https:\/\/thoro.com.mx\/ethoro\/shop\/papeleria-y-oficina\/pilas-y-cargadores-papeleria-y-oficina\/pilas-alcalinas-pilas-y-cargadores-papeleria-y-oficina\/pilas-alcalinas-aa-kirkland-signature\/\" \/>\n<meta property=\"og:site_name\" content=\"Thoro enterprises de Mexico\" \/>\n<meta property=\"article:publisher\" content=\"https:\/\/www.facebook.com\/ThoroEnterprises\" \/>\n<meta property=\"article:modified_time\" content=\"2026-05-06T09:46:43+00:00\" \/>\n<meta name=\"twitter:card\" content=\"summary_large_image\" \/>\n<script type=\"application\/ld+json\" class=\"yoast-schema-graph\">{\"@context\":\"https:\\\/\\\/schema.org\",\"@graph\":[{\"@type\":\"WebPage\",\"@id\":\"https:\\\/\\\/thoro.com.mx\\\/ethoro\\\/shop\\\/papeleria-y-oficina\\\/pilas-y-cargadores-papeleria-y-oficina\\\/pilas-alcalinas-pilas-y-cargadores-papeleria-y-oficina\\\/pilas-alcalinas-aa-kirkland-signature\\\/\",\"url\":\"https:\\\/\\\/thoro.com.mx\\\/ethoro\\\/shop\\\/papeleria-y-oficina\\\/pilas-y-cargadores-papeleria-y-oficina\\\/pilas-alcalinas-pilas-y-cargadores-papeleria-y-oficina\\\/pilas-alcalinas-aa-kirkland-signature\\\/\",\"name\":\"PILAS ALCALINAS AA KIRKLAND SIGNATURE 1.5 VOLTS - Thoro enterprises de Mexico\",\"isPartOf\":{\"@id\":\"https:\\\/\\\/72.167.50.119\\\/ethoro\\\/#website\"},\"primaryImageOfPage\":{\"@id\":\"https:\\\/\\\/thoro.com.mx\\\/ethoro\\\/shop\\\/papeleria-y-oficina\\\/pilas-y-cargadores-papeleria-y-oficina\\\/pilas-alcalinas-pilas-y-cargadores-papeleria-y-oficina\\\/pilas-alcalinas-aa-kirkland-signature\\\/#primaryimage\"},\"image\":{\"@id\":\"https:\\\/\\\/thoro.com.mx\\\/ethoro\\\/shop\\\/papeleria-y-oficina\\\/pilas-y-cargadores-papeleria-y-oficina\\\/pilas-alcalinas-pilas-y-cargadores-papeleria-y-oficina\\\/pilas-alcalinas-aa-kirkland-signature\\\/#primaryimage\"},\"thumbnailUrl\":\"https:\\\/\\\/thoro.com.mx\\\/ethoro\\\/wp-content\\\/uploads\\\/2026\\\/05\\\/PV0026.jpg\",\"datePublished\":\"2026-04-22T07:12:44+00:00\",\"dateModified\":\"2026-05-06T09:46:43+00:00\",\"breadcrumb\":{\"@id\":\"https:\\\/\\\/thoro.com.mx\\\/ethoro\\\/shop\\\/papeleria-y-oficina\\\/pilas-y-cargadores-papeleria-y-oficina\\\/pilas-alcalinas-pilas-y-cargadores-papeleria-y-oficina\\\/pilas-alcalinas-aa-kirkland-signature\\\/#breadcrumb\"},\"inLanguage\":\"es\",\"potentialAction\":[{\"@type\":\"ReadAction\",\"target\":[\"https:\\\/\\\/thoro.com.mx\\\/ethoro\\\/shop\\\/papeleria-y-oficina\\\/pilas-y-cargadores-papeleria-y-oficina\\\/pilas-alcalinas-pilas-y-cargadores-papeleria-y-oficina\\\/pilas-alcalinas-aa-kirkland-signature\\\/\"]}]},{\"@type\":\"ImageObject\",\"inLanguage\":\"es\",\"@id\":\"https:\\\/\\\/thoro.com.mx\\\/ethoro\\\/shop\\\/papeleria-y-oficina\\\/pilas-y-cargadores-papeleria-y-oficina\\\/pilas-alcalinas-pilas-y-cargadores-papeleria-y-oficina\\\/pilas-alcalinas-aa-kirkland-signature\\\/#primaryimage\",\"url\":\"https:\\\/\\\/thoro.com.mx\\\/ethoro\\\/wp-content\\\/uploads\\\/2026\\\/05\\\/PV0026.jpg\",\"contentUrl\":\"https:\\\/\\\/thoro.com.mx\\\/ethoro\\\/wp-content\\\/uploads\\\/2026\\\/05\\\/PV0026.jpg\",\"width\":1000,\"height\":1000},{\"@type\":\"BreadcrumbList\",\"@id\":\"https:\\\/\\\/thoro.com.mx\\\/ethoro\\\/shop\\\/papeleria-y-oficina\\\/pilas-y-cargadores-papeleria-y-oficina\\\/pilas-alcalinas-pilas-y-cargadores-papeleria-y-oficina\\\/pilas-alcalinas-aa-kirkland-signature\\\/#breadcrumb\",\"itemListElement\":[{\"@type\":\"ListItem\",\"position\":1,\"name\":\"Inicio\",\"item\":\"https:\\\/\\\/thoro.com.mx\\\/ethoro\\\/\"},{\"@type\":\"ListItem\",\"position\":2,\"name\":\"Tienda\",\"item\":\"https:\\\/\\\/thoro.com.mx\\\/ethoro\\\/shop\\\/\"},{\"@type\":\"ListItem\",\"position\":3,\"name\":\"PILAS ALCALINAS AA KIRKLAND SIGNATURE 1.5 VOLTS\"}]},{\"@type\":\"WebSite\",\"@id\":\"https:\\\/\\\/72.167.50.119\\\/ethoro\\\/#website\",\"url\":\"https:\\\/\\\/72.167.50.119\\\/ethoro\\\/\",\"name\":\"Thoro Enterprises de M\u00e9xico\",\"description\":\"Todo en Thoro\",\"publisher\":{\"@id\":\"https:\\\/\\\/72.167.50.119\\\/ethoro\\\/#organization\"},\"alternateName\":\"Thoro shop\",\"potentialAction\":[{\"@type\":\"SearchAction\",\"target\":{\"@type\":\"EntryPoint\",\"urlTemplate\":\"https:\\\/\\\/72.167.50.119\\\/ethoro\\\/?s={search_term_string}\"},\"query-input\":{\"@type\":\"PropertyValueSpecification\",\"valueRequired\":true,\"valueName\":\"search_term_string\"}}],\"inLanguage\":\"es\"},{\"@type\":\"Organization\",\"@id\":\"https:\\\/\\\/72.167.50.119\\\/ethoro\\\/#organization\",\"name\":\"Thoro Enterprises de M\u00e9xico\",\"alternateName\":\"Thoro shop\",\"url\":\"https:\\\/\\\/72.167.50.119\\\/ethoro\\\/\",\"logo\":{\"@type\":\"ImageObject\",\"inLanguage\":\"es\",\"@id\":\"https:\\\/\\\/72.167.50.119\\\/ethoro\\\/#\\\/schema\\\/logo\\\/image\\\/\",\"url\":\"https:\\\/\\\/72.167.50.119\\\/ethoro\\\/wp-content\\\/uploads\\\/2025\\\/01\\\/cropped-cropped-icono_t-180x180-1.png\",\"contentUrl\":\"https:\\\/\\\/72.167.50.119\\\/ethoro\\\/wp-content\\\/uploads\\\/2025\\\/01\\\/cropped-cropped-icono_t-180x180-1.png\",\"width\":512,\"height\":512,\"caption\":\"Thoro Enterprises de M\u00e9xico\"},\"image\":{\"@id\":\"https:\\\/\\\/72.167.50.119\\\/ethoro\\\/#\\\/schema\\\/logo\\\/image\\\/\"},\"sameAs\":[\"https:\\\/\\\/www.facebook.com\\\/ThoroEnterprises\",\"https:\\\/\\\/www.instagram.com\\\/thoro.mexico\\\/\"]}]}<\/script>\n<!-- \/ Yoast SEO plugin. -->","yoast_head_json":{"title":"PILAS ALCALINAS AA KIRKLAND SIGNATURE 1.5 VOLTS - Thoro enterprises de Mexico","robots":{"index":"noindex","follow":"follow"},"og_locale":"es_MX","og_type":"article","og_title":"PILAS ALCALINAS AA KIRKLAND SIGNATURE 1.5 VOLTS - Thoro enterprises de Mexico","og_description":"Las PILAS ALCALINAS AA DE 48 PIEZAS KIRKLAND SIGNATURE son la soluci\u00f3n ideal para una amplia gama de dispositivos de uso cotidiano, especialmente en dispositivos port\u00e1tiles. Rinden su m\u00e1ximo provecho cuando se busca una alimentaci\u00f3n fiable y duradera para los dispositivos de uso cotidiano, tales como juguetes mec\u00e1nicos, consolas port\u00e1tiles de video juegos, mandos a [&hellip;]","og_url":"https:\/\/thoro.com.mx\/ethoro\/shop\/papeleria-y-oficina\/pilas-y-cargadores-papeleria-y-oficina\/pilas-alcalinas-pilas-y-cargadores-papeleria-y-oficina\/pilas-alcalinas-aa-kirkland-signature\/","og_site_name":"Thoro enterprises de Mexico","article_publisher":"https:\/\/www.facebook.com\/ThoroEnterprises","article_modified_time":"2026-05-06T09:46:43+00:00","twitter_card":"summary_large_image","schema":{"@context":"https:\/\/schema.org","@graph":[{"@type":"WebPage","@id":"https:\/\/thoro.com.mx\/ethoro\/shop\/papeleria-y-oficina\/pilas-y-cargadores-papeleria-y-oficina\/pilas-alcalinas-pilas-y-cargadores-papeleria-y-oficina\/pilas-alcalinas-aa-kirkland-signature\/","url":"https:\/\/thoro.com.mx\/ethoro\/shop\/papeleria-y-oficina\/pilas-y-cargadores-papeleria-y-oficina\/pilas-alcalinas-pilas-y-cargadores-papeleria-y-oficina\/pilas-alcalinas-aa-kirkland-signature\/","name":"PILAS ALCALINAS AA KIRKLAND SIGNATURE 1.5 VOLTS - Thoro enterprises de Mexico","isPartOf":{"@id":"https:\/\/72.167.50.119\/ethoro\/#website"},"primaryImageOfPage":{"@id":"https:\/\/thoro.com.mx\/ethoro\/shop\/papeleria-y-oficina\/pilas-y-cargadores-papeleria-y-oficina\/pilas-alcalinas-pilas-y-cargadores-papeleria-y-oficina\/pilas-alcalinas-aa-kirkland-signature\/#primaryimage"},"image":{"@id":"https:\/\/thoro.com.mx\/ethoro\/shop\/papeleria-y-oficina\/pilas-y-cargadores-papeleria-y-oficina\/pilas-alcalinas-pilas-y-cargadores-papeleria-y-oficina\/pilas-alcalinas-aa-kirkland-signature\/#primaryimage"},"thumbnailUrl":"https:\/\/thoro.com.mx\/ethoro\/wp-content\/uploads\/2026\/05\/PV0026.jpg","datePublished":"2026-04-22T07:12:44+00:00","dateModified":"2026-05-06T09:46:43+00:00","breadcrumb":{"@id":"https:\/\/thoro.com.mx\/ethoro\/shop\/papeleria-y-oficina\/pilas-y-cargadores-papeleria-y-oficina\/pilas-alcalinas-pilas-y-cargadores-papeleria-y-oficina\/pilas-alcalinas-aa-kirkland-signature\/#breadcrumb"},"inLanguage":"es","potentialAction":[{"@type":"ReadAction","target":["https:\/\/thoro.com.mx\/ethoro\/shop\/papeleria-y-oficina\/pilas-y-cargadores-papeleria-y-oficina\/pilas-alcalinas-pilas-y-cargadores-papeleria-y-oficina\/pilas-alcalinas-aa-kirkland-signature\/"]}]},{"@type":"ImageObject","inLanguage":"es","@id":"https:\/\/thoro.com.mx\/ethoro\/shop\/papeleria-y-oficina\/pilas-y-cargadores-papeleria-y-oficina\/pilas-alcalinas-pilas-y-cargadores-papeleria-y-oficina\/pilas-alcalinas-aa-kirkland-signature\/#primaryimage","url":"https:\/\/thoro.com.mx\/ethoro\/wp-content\/uploads\/2026\/05\/PV0026.jpg","contentUrl":"https:\/\/thoro.com.mx\/ethoro\/wp-content\/uploads\/2026\/05\/PV0026.jpg","width":1000,"height":1000},{"@type":"BreadcrumbList","@id":"https:\/\/thoro.com.mx\/ethoro\/shop\/papeleria-y-oficina\/pilas-y-cargadores-papeleria-y-oficina\/pilas-alcalinas-pilas-y-cargadores-papeleria-y-oficina\/pilas-alcalinas-aa-kirkland-signature\/#breadcrumb","itemListElement":[{"@type":"ListItem","position":1,"name":"Inicio","item":"https:\/\/thoro.com.mx\/ethoro\/"},{"@type":"ListItem","position":2,"name":"Tienda","item":"https:\/\/thoro.com.mx\/ethoro\/shop\/"},{"@type":"ListItem","position":3,"name":"PILAS ALCALINAS AA KIRKLAND SIGNATURE 1.5 VOLTS"}]},{"@type":"WebSite","@id":"https:\/\/72.167.50.119\/ethoro\/#website","url":"https:\/\/72.167.50.119\/ethoro\/","name":"Thoro Enterprises de M\u00e9xico","description":"Todo en Thoro","publisher":{"@id":"https:\/\/72.167.50.119\/ethoro\/#organization"},"alternateName":"Thoro shop","potentialAction":[{"@type":"SearchAction","target":{"@type":"EntryPoint","urlTemplate":"https:\/\/72.167.50.119\/ethoro\/?s={search_term_string}"},"query-input":{"@type":"PropertyValueSpecification","valueRequired":true,"valueName":"search_term_string"}}],"inLanguage":"es"},{"@type":"Organization","@id":"https:\/\/72.167.50.119\/ethoro\/#organization","name":"Thoro Enterprises de M\u00e9xico","alternateName":"Thoro shop","url":"https:\/\/72.167.50.119\/ethoro\/","logo":{"@type":"ImageObject","inLanguage":"es","@id":"https:\/\/72.167.50.119\/ethoro\/#\/schema\/logo\/image\/","url":"https:\/\/72.167.50.119\/ethoro\/wp-content\/uploads\/2025\/01\/cropped-cropped-icono_t-180x180-1.png","contentUrl":"https:\/\/72.167.50.119\/ethoro\/wp-content\/uploads\/2025\/01\/cropped-cropped-icono_t-180x180-1.png","width":512,"height":512,"caption":"Thoro Enterprises de M\u00e9xico"},"image":{"@id":"https:\/\/72.167.50.119\/ethoro\/#\/schema\/logo\/image\/"},"sameAs":["https:\/\/www.facebook.com\/ThoroEnterprises","https:\/\/www.instagram.com\/thoro.mexico\/"]}]}},"_links":{"self":[{"href":"https:\/\/thoro.com.mx\/ethoro\/wp-json\/wp\/v2\/product\/499351","targetHints":{"allow":["GET"]}}],"collection":[{"href":"https:\/\/thoro.com.mx\/ethoro\/wp-json\/wp\/v2\/product"}],"about":[{"href":"https:\/\/thoro.com.mx\/ethoro\/wp-json\/wp\/v2\/types\/product"}],"replies":[{"embeddable":true,"href":"https:\/\/thoro.com.mx\/ethoro\/wp-json\/wp\/v2\/comments?post=499351"}],"wp:featuredmedia":[{"embeddable":true,"href":"https:\/\/thoro.com.mx\/ethoro\/wp-json\/wp\/v2\/media\/609803"}],"wp:attachment":[{"href":"https:\/\/thoro.com.mx\/ethoro\/wp-json\/wp\/v2\/media?parent=499351"}],"wp:term":[{"taxonomy":"product_brand","embeddable":true,"href":"https:\/\/thoro.com.mx\/ethoro\/wp-json\/wp\/v2\/product_brand?post=499351"},{"taxonomy":"product_cat","embeddable":true,"href":"https:\/\/thoro.com.mx\/ethoro\/wp-json\/wp\/v2\/product_cat?post=499351"},{"taxonomy":"product_tag","embeddable":true,"href":"https:\/\/thoro.com.mx\/ethoro\/wp-json\/wp\/v2\/product_tag?post=499351"}],"curies":[{"name":"wp","href":"https:\/\/api.w.org\/{rel}","templated":true}]}}