{"id":5007,"date":"2025-02-05T08:44:50","date_gmt":"2025-02-05T14:44:50","guid":{"rendered":"https:\/\/72.167.50.119\/ethoro\/shop\/sin%20categor\u00eda\/diablo-pegable-truper-dia-200ax\/"},"modified":"2026-05-15T00:11:39","modified_gmt":"2026-05-15T06:11:39","slug":"diablo-pegable-truper-dia-200ax","status":"publish","type":"product","link":"https:\/\/thoro.com.mx\/ethoro\/shop\/herramientas\/herramientas-de-carga\/diablos\/diablo-pegable-truper-dia-200ax\/","title":{"rendered":"DIABLO PEGABLE TRUPER DIA-200AX"},"content":{"rendered":"<h4>DIA-200AX<\/h4>\n<ul>\n<li>Ruedas de TPR y polipropileno.<\/li>\n<li>Mangos telesc\u00f3picos.<\/li>\n<li>Ligero y compacto para f\u00e1cil transportaci\u00f3n y almacenamiento.<\/li>\n<li>Llantas y base pagables en un solo paso.<\/li>\n<li>Mangos de dos posiciones.<\/li>\n<li>Cuerpo y base 100% aluminio.<\/li>\n<\/ul>\n","protected":false},"excerpt":{"rendered":"<p>DIA-200AX Ruedas de TPR y polipropileno. Mangos telesc\u00f3picos. Ligero y compacto para f\u00e1cil transportaci\u00f3n y almacenamiento. Llantas y base pagables en un solo paso. Mangos de dos posiciones. Cuerpo y base 100% aluminio.<\/p>\n","protected":false},"featured_media":0,"comment_status":"open","ping_status":"closed","template":"","meta":{"_monsterinsights_skip_tracking":false,"_monsterinsights_sitenote_active":false,"_monsterinsights_sitenote_note":"","_monsterinsights_sitenote_category":0,"_joinchat":[]},"product_brand":[],"product_cat":[1740],"product_tag":[],"class_list":{"0":"post-5007","1":"product","2":"type-product","3":"status-publish","5":"product_cat-diablos","7":"first","8":"instock","9":"taxable","10":"shipping-taxable","11":"purchasable","12":"product-type-simple","13":"add-to-wishlist-after_add_to_cart"},"yoast_head":"<!-- This site is optimized with the Yoast SEO plugin v27.3 - https:\/\/yoast.com\/product\/yoast-seo-wordpress\/ -->\n<title>DIABLO PEGABLE TRUPER DIA-200AX - Thoro enterprises de Mexico<\/title>\n<meta name=\"robots\" content=\"noindex, follow\" \/>\n<meta property=\"og:locale\" content=\"es_MX\" \/>\n<meta property=\"og:type\" content=\"article\" \/>\n<meta property=\"og:title\" content=\"DIABLO PEGABLE TRUPER DIA-200AX - Thoro enterprises de Mexico\" \/>\n<meta property=\"og:description\" content=\"DIA-200AX Ruedas de TPR y polipropileno. Mangos telesc\u00f3picos. Ligero y compacto para f\u00e1cil transportaci\u00f3n y almacenamiento. Llantas y base pagables en un solo paso. Mangos de dos posiciones. Cuerpo y base 100% aluminio.\" \/>\n<meta property=\"og:url\" content=\"https:\/\/thoro.com.mx\/ethoro\/shop\/herramientas\/herramientas-de-carga\/diablos\/diablo-pegable-truper-dia-200ax\/\" \/>\n<meta property=\"og:site_name\" content=\"Thoro enterprises de Mexico\" \/>\n<meta property=\"article:publisher\" content=\"https:\/\/www.facebook.com\/ThoroEnterprises\" \/>\n<meta property=\"article:modified_time\" content=\"2026-05-15T06:11:39+00:00\" \/>\n<meta name=\"twitter:card\" content=\"summary_large_image\" \/>\n<script type=\"application\/ld+json\" class=\"yoast-schema-graph\">{\"@context\":\"https:\\\/\\\/schema.org\",\"@graph\":[{\"@type\":\"WebPage\",\"@id\":\"https:\\\/\\\/thoro.com.mx\\\/ethoro\\\/shop\\\/herramientas\\\/herramientas-de-carga\\\/diablos\\\/diablo-pegable-truper-dia-200ax\\\/\",\"url\":\"https:\\\/\\\/thoro.com.mx\\\/ethoro\\\/shop\\\/herramientas\\\/herramientas-de-carga\\\/diablos\\\/diablo-pegable-truper-dia-200ax\\\/\",\"name\":\"DIABLO PEGABLE TRUPER DIA-200AX - Thoro enterprises de Mexico\",\"isPartOf\":{\"@id\":\"https:\\\/\\\/72.167.50.119\\\/ethoro\\\/#website\"},\"datePublished\":\"2025-02-05T14:44:50+00:00\",\"dateModified\":\"2026-05-15T06:11:39+00:00\",\"breadcrumb\":{\"@id\":\"https:\\\/\\\/thoro.com.mx\\\/ethoro\\\/shop\\\/herramientas\\\/herramientas-de-carga\\\/diablos\\\/diablo-pegable-truper-dia-200ax\\\/#breadcrumb\"},\"inLanguage\":\"es\",\"potentialAction\":[{\"@type\":\"ReadAction\",\"target\":[\"https:\\\/\\\/thoro.com.mx\\\/ethoro\\\/shop\\\/herramientas\\\/herramientas-de-carga\\\/diablos\\\/diablo-pegable-truper-dia-200ax\\\/\"]}]},{\"@type\":\"BreadcrumbList\",\"@id\":\"https:\\\/\\\/thoro.com.mx\\\/ethoro\\\/shop\\\/herramientas\\\/herramientas-de-carga\\\/diablos\\\/diablo-pegable-truper-dia-200ax\\\/#breadcrumb\",\"itemListElement\":[{\"@type\":\"ListItem\",\"position\":1,\"name\":\"Inicio\",\"item\":\"https:\\\/\\\/thoro.com.mx\\\/ethoro\\\/\"},{\"@type\":\"ListItem\",\"position\":2,\"name\":\"Tienda\",\"item\":\"https:\\\/\\\/thoro.com.mx\\\/ethoro\\\/shop\\\/\"},{\"@type\":\"ListItem\",\"position\":3,\"name\":\"DIABLO PEGABLE TRUPER DIA-200AX\"}]},{\"@type\":\"WebSite\",\"@id\":\"https:\\\/\\\/72.167.50.119\\\/ethoro\\\/#website\",\"url\":\"https:\\\/\\\/72.167.50.119\\\/ethoro\\\/\",\"name\":\"Thoro Enterprises de M\u00e9xico\",\"description\":\"Todo en Thoro\",\"publisher\":{\"@id\":\"https:\\\/\\\/72.167.50.119\\\/ethoro\\\/#organization\"},\"alternateName\":\"Thoro shop\",\"potentialAction\":[{\"@type\":\"SearchAction\",\"target\":{\"@type\":\"EntryPoint\",\"urlTemplate\":\"https:\\\/\\\/72.167.50.119\\\/ethoro\\\/?s={search_term_string}\"},\"query-input\":{\"@type\":\"PropertyValueSpecification\",\"valueRequired\":true,\"valueName\":\"search_term_string\"}}],\"inLanguage\":\"es\"},{\"@type\":\"Organization\",\"@id\":\"https:\\\/\\\/72.167.50.119\\\/ethoro\\\/#organization\",\"name\":\"Thoro Enterprises de M\u00e9xico\",\"alternateName\":\"Thoro shop\",\"url\":\"https:\\\/\\\/72.167.50.119\\\/ethoro\\\/\",\"logo\":{\"@type\":\"ImageObject\",\"inLanguage\":\"es\",\"@id\":\"https:\\\/\\\/72.167.50.119\\\/ethoro\\\/#\\\/schema\\\/logo\\\/image\\\/\",\"url\":\"https:\\\/\\\/72.167.50.119\\\/ethoro\\\/wp-content\\\/uploads\\\/2025\\\/01\\\/cropped-cropped-icono_t-180x180-1.png\",\"contentUrl\":\"https:\\\/\\\/72.167.50.119\\\/ethoro\\\/wp-content\\\/uploads\\\/2025\\\/01\\\/cropped-cropped-icono_t-180x180-1.png\",\"width\":512,\"height\":512,\"caption\":\"Thoro Enterprises de M\u00e9xico\"},\"image\":{\"@id\":\"https:\\\/\\\/72.167.50.119\\\/ethoro\\\/#\\\/schema\\\/logo\\\/image\\\/\"},\"sameAs\":[\"https:\\\/\\\/www.facebook.com\\\/ThoroEnterprises\",\"https:\\\/\\\/www.instagram.com\\\/thoro.mexico\\\/\"]}]}<\/script>\n<!-- \/ Yoast SEO plugin. -->","yoast_head_json":{"title":"DIABLO PEGABLE TRUPER DIA-200AX - Thoro enterprises de Mexico","robots":{"index":"noindex","follow":"follow"},"og_locale":"es_MX","og_type":"article","og_title":"DIABLO PEGABLE TRUPER DIA-200AX - Thoro enterprises de Mexico","og_description":"DIA-200AX Ruedas de TPR y polipropileno. Mangos telesc\u00f3picos. Ligero y compacto para f\u00e1cil transportaci\u00f3n y almacenamiento. Llantas y base pagables en un solo paso. Mangos de dos posiciones. Cuerpo y base 100% aluminio.","og_url":"https:\/\/thoro.com.mx\/ethoro\/shop\/herramientas\/herramientas-de-carga\/diablos\/diablo-pegable-truper-dia-200ax\/","og_site_name":"Thoro enterprises de Mexico","article_publisher":"https:\/\/www.facebook.com\/ThoroEnterprises","article_modified_time":"2026-05-15T06:11:39+00:00","twitter_card":"summary_large_image","schema":{"@context":"https:\/\/schema.org","@graph":[{"@type":"WebPage","@id":"https:\/\/thoro.com.mx\/ethoro\/shop\/herramientas\/herramientas-de-carga\/diablos\/diablo-pegable-truper-dia-200ax\/","url":"https:\/\/thoro.com.mx\/ethoro\/shop\/herramientas\/herramientas-de-carga\/diablos\/diablo-pegable-truper-dia-200ax\/","name":"DIABLO PEGABLE TRUPER DIA-200AX - Thoro enterprises de Mexico","isPartOf":{"@id":"https:\/\/72.167.50.119\/ethoro\/#website"},"datePublished":"2025-02-05T14:44:50+00:00","dateModified":"2026-05-15T06:11:39+00:00","breadcrumb":{"@id":"https:\/\/thoro.com.mx\/ethoro\/shop\/herramientas\/herramientas-de-carga\/diablos\/diablo-pegable-truper-dia-200ax\/#breadcrumb"},"inLanguage":"es","potentialAction":[{"@type":"ReadAction","target":["https:\/\/thoro.com.mx\/ethoro\/shop\/herramientas\/herramientas-de-carga\/diablos\/diablo-pegable-truper-dia-200ax\/"]}]},{"@type":"BreadcrumbList","@id":"https:\/\/thoro.com.mx\/ethoro\/shop\/herramientas\/herramientas-de-carga\/diablos\/diablo-pegable-truper-dia-200ax\/#breadcrumb","itemListElement":[{"@type":"ListItem","position":1,"name":"Inicio","item":"https:\/\/thoro.com.mx\/ethoro\/"},{"@type":"ListItem","position":2,"name":"Tienda","item":"https:\/\/thoro.com.mx\/ethoro\/shop\/"},{"@type":"ListItem","position":3,"name":"DIABLO PEGABLE TRUPER DIA-200AX"}]},{"@type":"WebSite","@id":"https:\/\/72.167.50.119\/ethoro\/#website","url":"https:\/\/72.167.50.119\/ethoro\/","name":"Thoro Enterprises de M\u00e9xico","description":"Todo en Thoro","publisher":{"@id":"https:\/\/72.167.50.119\/ethoro\/#organization"},"alternateName":"Thoro shop","potentialAction":[{"@type":"SearchAction","target":{"@type":"EntryPoint","urlTemplate":"https:\/\/72.167.50.119\/ethoro\/?s={search_term_string}"},"query-input":{"@type":"PropertyValueSpecification","valueRequired":true,"valueName":"search_term_string"}}],"inLanguage":"es"},{"@type":"Organization","@id":"https:\/\/72.167.50.119\/ethoro\/#organization","name":"Thoro Enterprises de M\u00e9xico","alternateName":"Thoro shop","url":"https:\/\/72.167.50.119\/ethoro\/","logo":{"@type":"ImageObject","inLanguage":"es","@id":"https:\/\/72.167.50.119\/ethoro\/#\/schema\/logo\/image\/","url":"https:\/\/72.167.50.119\/ethoro\/wp-content\/uploads\/2025\/01\/cropped-cropped-icono_t-180x180-1.png","contentUrl":"https:\/\/72.167.50.119\/ethoro\/wp-content\/uploads\/2025\/01\/cropped-cropped-icono_t-180x180-1.png","width":512,"height":512,"caption":"Thoro Enterprises de M\u00e9xico"},"image":{"@id":"https:\/\/72.167.50.119\/ethoro\/#\/schema\/logo\/image\/"},"sameAs":["https:\/\/www.facebook.com\/ThoroEnterprises","https:\/\/www.instagram.com\/thoro.mexico\/"]}]}},"_links":{"self":[{"href":"https:\/\/thoro.com.mx\/ethoro\/wp-json\/wp\/v2\/product\/5007","targetHints":{"allow":["GET"]}}],"collection":[{"href":"https:\/\/thoro.com.mx\/ethoro\/wp-json\/wp\/v2\/product"}],"about":[{"href":"https:\/\/thoro.com.mx\/ethoro\/wp-json\/wp\/v2\/types\/product"}],"replies":[{"embeddable":true,"href":"https:\/\/thoro.com.mx\/ethoro\/wp-json\/wp\/v2\/comments?post=5007"}],"wp:attachment":[{"href":"https:\/\/thoro.com.mx\/ethoro\/wp-json\/wp\/v2\/media?parent=5007"}],"wp:term":[{"taxonomy":"product_brand","embeddable":true,"href":"https:\/\/thoro.com.mx\/ethoro\/wp-json\/wp\/v2\/product_brand?post=5007"},{"taxonomy":"product_cat","embeddable":true,"href":"https:\/\/thoro.com.mx\/ethoro\/wp-json\/wp\/v2\/product_cat?post=5007"},{"taxonomy":"product_tag","embeddable":true,"href":"https:\/\/thoro.com.mx\/ethoro\/wp-json\/wp\/v2\/product_tag?post=5007"}],"curies":[{"name":"wp","href":"https:\/\/api.w.org\/{rel}","templated":true}]}}