{"id":5182,"date":"2025-02-05T11:59:29","date_gmt":"2025-02-05T17:59:29","guid":{"rendered":"https:\/\/72.167.50.119\/ethoro\/shop\/sin categor\u00eda\/estante-metalico-con-5-repisas-truper-r-est-120\/"},"modified":"2026-04-07T00:15:57","modified_gmt":"2026-04-07T06:15:57","slug":"estante-metalico-con-5-repisas-truper-r-est-120","status":"publish","type":"product","link":"https:\/\/thoro.com.mx\/ethoro\/shop\/herramientas\/organizacion-y-almacenamiento\/estantes\/estante-metalico-con-5-repisas-truper-r-est-120\/","title":{"rendered":"ESTANTE METALICO CON 5 REPISAS TRUPER R-EST-120"},"content":{"rendered":"<h4>R-EST-120<\/h4>\n<ul>\n<li>Fabricados en l\u00e1mina de acero con pintura electrost\u00e1tica.<\/li>\n<li>Repisas con refuerzos que permiten una distribuci\u00f3n uniforme de la carga.<\/li>\n<li>Cartabones que proporcionan mayor estabilidad.<\/li>\n<li>Capacidad m\u00e1xima de carga por estante de 600 kg.<\/li>\n<li>Incluye torniller\u00eda.<\/li>\n<li><\/li>\n<\/ul>\n","protected":false},"excerpt":{"rendered":"<p>R-EST-120 Fabricados en l\u00e1mina de acero con pintura electrost\u00e1tica. Repisas con refuerzos que permiten una distribuci\u00f3n uniforme de la carga. Cartabones que proporcionan mayor estabilidad. Capacidad m\u00e1xima de carga por estante de 600 kg. Incluye torniller\u00eda.<\/p>\n","protected":false},"featured_media":0,"comment_status":"open","ping_status":"closed","template":"","meta":{"_monsterinsights_skip_tracking":false,"_monsterinsights_sitenote_active":false,"_monsterinsights_sitenote_note":"","_monsterinsights_sitenote_category":0,"_joinchat":[]},"product_brand":[],"product_cat":[1761],"product_tag":[],"class_list":{"0":"post-5182","1":"product","2":"type-product","3":"status-publish","5":"product_cat-estantes","7":"first","8":"instock","9":"sale","10":"taxable","11":"shipping-taxable","12":"purchasable","13":"product-type-simple","14":"add-to-wishlist-after_add_to_cart"},"yoast_head":"<!-- This site is optimized with the Yoast SEO plugin v27.1.1 - https:\/\/yoast.com\/product\/yoast-seo-wordpress\/ -->\n<title>ESTANTE METALICO CON 5 REPISAS TRUPER R-EST-120 - Thoro enterprises de Mexico<\/title>\n<meta name=\"robots\" content=\"noindex, follow\" \/>\n<meta property=\"og:locale\" content=\"es_MX\" \/>\n<meta property=\"og:type\" content=\"article\" \/>\n<meta property=\"og:title\" content=\"ESTANTE METALICO CON 5 REPISAS TRUPER R-EST-120 - Thoro enterprises de Mexico\" \/>\n<meta property=\"og:description\" content=\"R-EST-120 Fabricados en l\u00e1mina de acero con pintura electrost\u00e1tica. Repisas con refuerzos que permiten una distribuci\u00f3n uniforme de la carga. Cartabones que proporcionan mayor estabilidad. Capacidad m\u00e1xima de carga por estante de 600 kg. Incluye torniller\u00eda.\" \/>\n<meta property=\"og:url\" content=\"https:\/\/thoro.com.mx\/ethoro\/shop\/herramientas\/organizacion-y-almacenamiento\/estantes\/estante-metalico-con-5-repisas-truper-r-est-120\/\" \/>\n<meta property=\"og:site_name\" content=\"Thoro enterprises de Mexico\" \/>\n<meta property=\"article:publisher\" content=\"https:\/\/www.facebook.com\/ThoroEnterprises\" \/>\n<meta property=\"article:modified_time\" content=\"2026-04-07T06:15:57+00:00\" \/>\n<meta name=\"twitter:card\" content=\"summary_large_image\" \/>\n<script type=\"application\/ld+json\" class=\"yoast-schema-graph\">{\"@context\":\"https:\/\/schema.org\",\"@graph\":[{\"@type\":\"WebPage\",\"@id\":\"https:\/\/thoro.com.mx\/ethoro\/shop\/herramientas\/organizacion-y-almacenamiento\/estantes\/estante-metalico-con-5-repisas-truper-r-est-120\/\",\"url\":\"https:\/\/thoro.com.mx\/ethoro\/shop\/herramientas\/organizacion-y-almacenamiento\/estantes\/estante-metalico-con-5-repisas-truper-r-est-120\/\",\"name\":\"ESTANTE METALICO CON 5 REPISAS TRUPER R-EST-120 - Thoro enterprises de Mexico\",\"isPartOf\":{\"@id\":\"https:\/\/72.167.50.119\/ethoro\/#website\"},\"datePublished\":\"2025-02-05T17:59:29+00:00\",\"dateModified\":\"2026-04-07T06:15:57+00:00\",\"breadcrumb\":{\"@id\":\"https:\/\/thoro.com.mx\/ethoro\/shop\/herramientas\/organizacion-y-almacenamiento\/estantes\/estante-metalico-con-5-repisas-truper-r-est-120\/#breadcrumb\"},\"inLanguage\":\"es\",\"potentialAction\":[{\"@type\":\"ReadAction\",\"target\":[\"https:\/\/thoro.com.mx\/ethoro\/shop\/herramientas\/organizacion-y-almacenamiento\/estantes\/estante-metalico-con-5-repisas-truper-r-est-120\/\"]}]},{\"@type\":\"BreadcrumbList\",\"@id\":\"https:\/\/thoro.com.mx\/ethoro\/shop\/herramientas\/organizacion-y-almacenamiento\/estantes\/estante-metalico-con-5-repisas-truper-r-est-120\/#breadcrumb\",\"itemListElement\":[{\"@type\":\"ListItem\",\"position\":1,\"name\":\"Inicio\",\"item\":\"https:\/\/thoro.com.mx\/ethoro\/\"},{\"@type\":\"ListItem\",\"position\":2,\"name\":\"Tienda\",\"item\":\"https:\/\/thoro.com.mx\/ethoro\/shop\/\"},{\"@type\":\"ListItem\",\"position\":3,\"name\":\"ESTANTE METALICO CON 5 REPISAS TRUPER R-EST-120\"}]},{\"@type\":\"WebSite\",\"@id\":\"https:\/\/72.167.50.119\/ethoro\/#website\",\"url\":\"https:\/\/72.167.50.119\/ethoro\/\",\"name\":\"Thoro Enterprises de M\u00e9xico\",\"description\":\"Todo en Thoro\",\"publisher\":{\"@id\":\"https:\/\/72.167.50.119\/ethoro\/#organization\"},\"alternateName\":\"Thoro shop\",\"potentialAction\":[{\"@type\":\"SearchAction\",\"target\":{\"@type\":\"EntryPoint\",\"urlTemplate\":\"https:\/\/72.167.50.119\/ethoro\/?s={search_term_string}\"},\"query-input\":{\"@type\":\"PropertyValueSpecification\",\"valueRequired\":true,\"valueName\":\"search_term_string\"}}],\"inLanguage\":\"es\"},{\"@type\":\"Organization\",\"@id\":\"https:\/\/72.167.50.119\/ethoro\/#organization\",\"name\":\"Thoro Enterprises de M\u00e9xico\",\"alternateName\":\"Thoro shop\",\"url\":\"https:\/\/72.167.50.119\/ethoro\/\",\"logo\":{\"@type\":\"ImageObject\",\"inLanguage\":\"es\",\"@id\":\"https:\/\/72.167.50.119\/ethoro\/#\/schema\/logo\/image\/\",\"url\":\"https:\/\/72.167.50.119\/ethoro\/wp-content\/uploads\/2025\/01\/cropped-cropped-icono_t-180x180-1.png\",\"contentUrl\":\"https:\/\/72.167.50.119\/ethoro\/wp-content\/uploads\/2025\/01\/cropped-cropped-icono_t-180x180-1.png\",\"width\":512,\"height\":512,\"caption\":\"Thoro Enterprises de M\u00e9xico\"},\"image\":{\"@id\":\"https:\/\/72.167.50.119\/ethoro\/#\/schema\/logo\/image\/\"},\"sameAs\":[\"https:\/\/www.facebook.com\/ThoroEnterprises\",\"https:\/\/www.instagram.com\/thoro.mexico\/\"]}]}<\/script>\n<!-- \/ Yoast SEO plugin. -->","yoast_head_json":{"title":"ESTANTE METALICO CON 5 REPISAS TRUPER R-EST-120 - Thoro enterprises de Mexico","robots":{"index":"noindex","follow":"follow"},"og_locale":"es_MX","og_type":"article","og_title":"ESTANTE METALICO CON 5 REPISAS TRUPER R-EST-120 - Thoro enterprises de Mexico","og_description":"R-EST-120 Fabricados en l\u00e1mina de acero con pintura electrost\u00e1tica. Repisas con refuerzos que permiten una distribuci\u00f3n uniforme de la carga. Cartabones que proporcionan mayor estabilidad. Capacidad m\u00e1xima de carga por estante de 600 kg. Incluye torniller\u00eda.","og_url":"https:\/\/thoro.com.mx\/ethoro\/shop\/herramientas\/organizacion-y-almacenamiento\/estantes\/estante-metalico-con-5-repisas-truper-r-est-120\/","og_site_name":"Thoro enterprises de Mexico","article_publisher":"https:\/\/www.facebook.com\/ThoroEnterprises","article_modified_time":"2026-04-07T06:15:57+00:00","twitter_card":"summary_large_image","schema":{"@context":"https:\/\/schema.org","@graph":[{"@type":"WebPage","@id":"https:\/\/thoro.com.mx\/ethoro\/shop\/herramientas\/organizacion-y-almacenamiento\/estantes\/estante-metalico-con-5-repisas-truper-r-est-120\/","url":"https:\/\/thoro.com.mx\/ethoro\/shop\/herramientas\/organizacion-y-almacenamiento\/estantes\/estante-metalico-con-5-repisas-truper-r-est-120\/","name":"ESTANTE METALICO CON 5 REPISAS TRUPER R-EST-120 - Thoro enterprises de Mexico","isPartOf":{"@id":"https:\/\/72.167.50.119\/ethoro\/#website"},"datePublished":"2025-02-05T17:59:29+00:00","dateModified":"2026-04-07T06:15:57+00:00","breadcrumb":{"@id":"https:\/\/thoro.com.mx\/ethoro\/shop\/herramientas\/organizacion-y-almacenamiento\/estantes\/estante-metalico-con-5-repisas-truper-r-est-120\/#breadcrumb"},"inLanguage":"es","potentialAction":[{"@type":"ReadAction","target":["https:\/\/thoro.com.mx\/ethoro\/shop\/herramientas\/organizacion-y-almacenamiento\/estantes\/estante-metalico-con-5-repisas-truper-r-est-120\/"]}]},{"@type":"BreadcrumbList","@id":"https:\/\/thoro.com.mx\/ethoro\/shop\/herramientas\/organizacion-y-almacenamiento\/estantes\/estante-metalico-con-5-repisas-truper-r-est-120\/#breadcrumb","itemListElement":[{"@type":"ListItem","position":1,"name":"Inicio","item":"https:\/\/thoro.com.mx\/ethoro\/"},{"@type":"ListItem","position":2,"name":"Tienda","item":"https:\/\/thoro.com.mx\/ethoro\/shop\/"},{"@type":"ListItem","position":3,"name":"ESTANTE METALICO CON 5 REPISAS TRUPER R-EST-120"}]},{"@type":"WebSite","@id":"https:\/\/72.167.50.119\/ethoro\/#website","url":"https:\/\/72.167.50.119\/ethoro\/","name":"Thoro Enterprises de M\u00e9xico","description":"Todo en Thoro","publisher":{"@id":"https:\/\/72.167.50.119\/ethoro\/#organization"},"alternateName":"Thoro shop","potentialAction":[{"@type":"SearchAction","target":{"@type":"EntryPoint","urlTemplate":"https:\/\/72.167.50.119\/ethoro\/?s={search_term_string}"},"query-input":{"@type":"PropertyValueSpecification","valueRequired":true,"valueName":"search_term_string"}}],"inLanguage":"es"},{"@type":"Organization","@id":"https:\/\/72.167.50.119\/ethoro\/#organization","name":"Thoro Enterprises de M\u00e9xico","alternateName":"Thoro shop","url":"https:\/\/72.167.50.119\/ethoro\/","logo":{"@type":"ImageObject","inLanguage":"es","@id":"https:\/\/72.167.50.119\/ethoro\/#\/schema\/logo\/image\/","url":"https:\/\/72.167.50.119\/ethoro\/wp-content\/uploads\/2025\/01\/cropped-cropped-icono_t-180x180-1.png","contentUrl":"https:\/\/72.167.50.119\/ethoro\/wp-content\/uploads\/2025\/01\/cropped-cropped-icono_t-180x180-1.png","width":512,"height":512,"caption":"Thoro Enterprises de M\u00e9xico"},"image":{"@id":"https:\/\/72.167.50.119\/ethoro\/#\/schema\/logo\/image\/"},"sameAs":["https:\/\/www.facebook.com\/ThoroEnterprises","https:\/\/www.instagram.com\/thoro.mexico\/"]}]}},"_links":{"self":[{"href":"https:\/\/thoro.com.mx\/ethoro\/wp-json\/wp\/v2\/product\/5182","targetHints":{"allow":["GET"]}}],"collection":[{"href":"https:\/\/thoro.com.mx\/ethoro\/wp-json\/wp\/v2\/product"}],"about":[{"href":"https:\/\/thoro.com.mx\/ethoro\/wp-json\/wp\/v2\/types\/product"}],"replies":[{"embeddable":true,"href":"https:\/\/thoro.com.mx\/ethoro\/wp-json\/wp\/v2\/comments?post=5182"}],"wp:attachment":[{"href":"https:\/\/thoro.com.mx\/ethoro\/wp-json\/wp\/v2\/media?parent=5182"}],"wp:term":[{"taxonomy":"product_brand","embeddable":true,"href":"https:\/\/thoro.com.mx\/ethoro\/wp-json\/wp\/v2\/product_brand?post=5182"},{"taxonomy":"product_cat","embeddable":true,"href":"https:\/\/thoro.com.mx\/ethoro\/wp-json\/wp\/v2\/product_cat?post=5182"},{"taxonomy":"product_tag","embeddable":true,"href":"https:\/\/thoro.com.mx\/ethoro\/wp-json\/wp\/v2\/product_tag?post=5182"}],"curies":[{"name":"wp","href":"https:\/\/api.w.org\/{rel}","templated":true}]}}