{"id":5191,"date":"2025-02-05T11:59:33","date_gmt":"2025-02-05T17:59:33","guid":{"rendered":"https:\/\/72.167.50.119\/ethoro\/shop\/sin categor\u00eda\/flexometro-compacto-de-8-metros-truper-fcg-8m\/"},"modified":"2025-04-23T02:22:52","modified_gmt":"2025-04-23T08:22:52","slug":"flexometro-compacto-de-8-metros-truper-fcg-8m","status":"publish","type":"product","link":"https:\/\/thoro.com.mx\/ethoro\/shop\/herramientas\/instrumentos-de-medicion\/flexometros\/flexometro-compacto-de-8-metros-truper-fcg-8m\/","title":{"rendered":"FLEXOMETRO COMPACTO DE 8 METROS TRUPER FCG-8M"},"content":{"rendered":"<h4>FCG-8M<\/h4>\n<ul>\n<li>Cinta impresa por ambos lados recubierta de laca para m\u00e1xima duraci\u00f3n de la graduaci\u00f3n.<\/li>\n<li>Gancho doble que facilita la medici\u00f3n por ambos lados.<\/li>\n<li>N\u00fameros grandes de f\u00e1cil lectura.<\/li>\n<li>Graduaci\u00f3n vertical en cara posterior.<\/li>\n<\/ul>\n","protected":false},"excerpt":{"rendered":"<p>FCG-8M Cinta impresa por ambos lados recubierta de laca para m\u00e1xima duraci\u00f3n de la graduaci\u00f3n. Gancho doble que facilita la medici\u00f3n por ambos lados. N\u00fameros grandes de f\u00e1cil lectura. Graduaci\u00f3n vertical en cara posterior.<\/p>\n","protected":false},"featured_media":5190,"comment_status":"open","ping_status":"closed","template":"","meta":{"_monsterinsights_skip_tracking":false,"_monsterinsights_sitenote_active":false,"_monsterinsights_sitenote_note":"","_monsterinsights_sitenote_category":0,"_joinchat":[]},"product_brand":[],"product_cat":[431],"product_tag":[],"class_list":{"0":"post-5191","1":"product","2":"type-product","3":"status-publish","4":"has-post-thumbnail","6":"product_cat-flexometros","8":"first","9":"outofstock","10":"taxable","11":"shipping-taxable","12":"purchasable","13":"product-type-simple","14":"add-to-wishlist-after_add_to_cart"},"yoast_head":"<!-- This site is optimized with the Yoast SEO plugin v27.1.1 - https:\/\/yoast.com\/product\/yoast-seo-wordpress\/ -->\n<title>FLEXOMETRO COMPACTO DE 8 METROS TRUPER FCG-8M - Thoro enterprises de Mexico<\/title>\n<meta name=\"robots\" content=\"noindex, follow\" \/>\n<meta property=\"og:locale\" content=\"es_MX\" \/>\n<meta property=\"og:type\" content=\"article\" \/>\n<meta property=\"og:title\" content=\"FLEXOMETRO COMPACTO DE 8 METROS TRUPER FCG-8M - Thoro enterprises de Mexico\" \/>\n<meta property=\"og:description\" content=\"FCG-8M Cinta impresa por ambos lados recubierta de laca para m\u00e1xima duraci\u00f3n de la graduaci\u00f3n. Gancho doble que facilita la medici\u00f3n por ambos lados. N\u00fameros grandes de f\u00e1cil lectura. Graduaci\u00f3n vertical en cara posterior.\" \/>\n<meta property=\"og:url\" content=\"https:\/\/thoro.com.mx\/ethoro\/shop\/herramientas\/instrumentos-de-medicion\/flexometros\/flexometro-compacto-de-8-metros-truper-fcg-8m\/\" \/>\n<meta property=\"og:site_name\" content=\"Thoro enterprises de Mexico\" \/>\n<meta property=\"article:publisher\" content=\"https:\/\/www.facebook.com\/ThoroEnterprises\" \/>\n<meta property=\"article:modified_time\" content=\"2025-04-23T08:22:52+00:00\" \/>\n<meta property=\"og:image\" content=\"https:\/\/thoro.com.mx\/ethoro\/wp-content\/uploads\/2025\/02\/H14630.jpg\" \/>\n\t<meta property=\"og:image:width\" content=\"1000\" \/>\n\t<meta property=\"og:image:height\" content=\"1000\" \/>\n\t<meta property=\"og:image:type\" content=\"image\/jpeg\" \/>\n<meta name=\"twitter:card\" content=\"summary_large_image\" \/>\n<script type=\"application\/ld+json\" class=\"yoast-schema-graph\">{\"@context\":\"https:\/\/schema.org\",\"@graph\":[{\"@type\":\"WebPage\",\"@id\":\"https:\/\/thoro.com.mx\/ethoro\/shop\/herramientas\/instrumentos-de-medicion\/flexometros\/flexometro-compacto-de-8-metros-truper-fcg-8m\/\",\"url\":\"https:\/\/thoro.com.mx\/ethoro\/shop\/herramientas\/instrumentos-de-medicion\/flexometros\/flexometro-compacto-de-8-metros-truper-fcg-8m\/\",\"name\":\"FLEXOMETRO COMPACTO DE 8 METROS TRUPER FCG-8M - Thoro enterprises de Mexico\",\"isPartOf\":{\"@id\":\"https:\/\/72.167.50.119\/ethoro\/#website\"},\"primaryImageOfPage\":{\"@id\":\"https:\/\/thoro.com.mx\/ethoro\/shop\/herramientas\/instrumentos-de-medicion\/flexometros\/flexometro-compacto-de-8-metros-truper-fcg-8m\/#primaryimage\"},\"image\":{\"@id\":\"https:\/\/thoro.com.mx\/ethoro\/shop\/herramientas\/instrumentos-de-medicion\/flexometros\/flexometro-compacto-de-8-metros-truper-fcg-8m\/#primaryimage\"},\"thumbnailUrl\":\"https:\/\/thoro.com.mx\/ethoro\/wp-content\/uploads\/2025\/02\/H14630.jpg\",\"datePublished\":\"2025-02-05T17:59:33+00:00\",\"dateModified\":\"2025-04-23T08:22:52+00:00\",\"breadcrumb\":{\"@id\":\"https:\/\/thoro.com.mx\/ethoro\/shop\/herramientas\/instrumentos-de-medicion\/flexometros\/flexometro-compacto-de-8-metros-truper-fcg-8m\/#breadcrumb\"},\"inLanguage\":\"es\",\"potentialAction\":[{\"@type\":\"ReadAction\",\"target\":[\"https:\/\/thoro.com.mx\/ethoro\/shop\/herramientas\/instrumentos-de-medicion\/flexometros\/flexometro-compacto-de-8-metros-truper-fcg-8m\/\"]}]},{\"@type\":\"ImageObject\",\"inLanguage\":\"es\",\"@id\":\"https:\/\/thoro.com.mx\/ethoro\/shop\/herramientas\/instrumentos-de-medicion\/flexometros\/flexometro-compacto-de-8-metros-truper-fcg-8m\/#primaryimage\",\"url\":\"https:\/\/thoro.com.mx\/ethoro\/wp-content\/uploads\/2025\/02\/H14630.jpg\",\"contentUrl\":\"https:\/\/thoro.com.mx\/ethoro\/wp-content\/uploads\/2025\/02\/H14630.jpg\",\"width\":1000,\"height\":1000},{\"@type\":\"BreadcrumbList\",\"@id\":\"https:\/\/thoro.com.mx\/ethoro\/shop\/herramientas\/instrumentos-de-medicion\/flexometros\/flexometro-compacto-de-8-metros-truper-fcg-8m\/#breadcrumb\",\"itemListElement\":[{\"@type\":\"ListItem\",\"position\":1,\"name\":\"Inicio\",\"item\":\"https:\/\/thoro.com.mx\/ethoro\/\"},{\"@type\":\"ListItem\",\"position\":2,\"name\":\"Tienda\",\"item\":\"https:\/\/thoro.com.mx\/ethoro\/shop\/\"},{\"@type\":\"ListItem\",\"position\":3,\"name\":\"FLEXOMETRO COMPACTO DE 8 METROS TRUPER FCG-8M\"}]},{\"@type\":\"WebSite\",\"@id\":\"https:\/\/72.167.50.119\/ethoro\/#website\",\"url\":\"https:\/\/72.167.50.119\/ethoro\/\",\"name\":\"Thoro Enterprises de M\u00e9xico\",\"description\":\"Todo en Thoro\",\"publisher\":{\"@id\":\"https:\/\/72.167.50.119\/ethoro\/#organization\"},\"alternateName\":\"Thoro shop\",\"potentialAction\":[{\"@type\":\"SearchAction\",\"target\":{\"@type\":\"EntryPoint\",\"urlTemplate\":\"https:\/\/72.167.50.119\/ethoro\/?s={search_term_string}\"},\"query-input\":{\"@type\":\"PropertyValueSpecification\",\"valueRequired\":true,\"valueName\":\"search_term_string\"}}],\"inLanguage\":\"es\"},{\"@type\":\"Organization\",\"@id\":\"https:\/\/72.167.50.119\/ethoro\/#organization\",\"name\":\"Thoro Enterprises de M\u00e9xico\",\"alternateName\":\"Thoro shop\",\"url\":\"https:\/\/72.167.50.119\/ethoro\/\",\"logo\":{\"@type\":\"ImageObject\",\"inLanguage\":\"es\",\"@id\":\"https:\/\/72.167.50.119\/ethoro\/#\/schema\/logo\/image\/\",\"url\":\"https:\/\/72.167.50.119\/ethoro\/wp-content\/uploads\/2025\/01\/cropped-cropped-icono_t-180x180-1.png\",\"contentUrl\":\"https:\/\/72.167.50.119\/ethoro\/wp-content\/uploads\/2025\/01\/cropped-cropped-icono_t-180x180-1.png\",\"width\":512,\"height\":512,\"caption\":\"Thoro Enterprises de M\u00e9xico\"},\"image\":{\"@id\":\"https:\/\/72.167.50.119\/ethoro\/#\/schema\/logo\/image\/\"},\"sameAs\":[\"https:\/\/www.facebook.com\/ThoroEnterprises\",\"https:\/\/www.instagram.com\/thoro.mexico\/\"]}]}<\/script>\n<!-- \/ Yoast SEO plugin. -->","yoast_head_json":{"title":"FLEXOMETRO COMPACTO DE 8 METROS TRUPER FCG-8M - Thoro enterprises de Mexico","robots":{"index":"noindex","follow":"follow"},"og_locale":"es_MX","og_type":"article","og_title":"FLEXOMETRO COMPACTO DE 8 METROS TRUPER FCG-8M - Thoro enterprises de Mexico","og_description":"FCG-8M Cinta impresa por ambos lados recubierta de laca para m\u00e1xima duraci\u00f3n de la graduaci\u00f3n. Gancho doble que facilita la medici\u00f3n por ambos lados. N\u00fameros grandes de f\u00e1cil lectura. Graduaci\u00f3n vertical en cara posterior.","og_url":"https:\/\/thoro.com.mx\/ethoro\/shop\/herramientas\/instrumentos-de-medicion\/flexometros\/flexometro-compacto-de-8-metros-truper-fcg-8m\/","og_site_name":"Thoro enterprises de Mexico","article_publisher":"https:\/\/www.facebook.com\/ThoroEnterprises","article_modified_time":"2025-04-23T08:22:52+00:00","og_image":[{"width":1000,"height":1000,"url":"https:\/\/thoro.com.mx\/ethoro\/wp-content\/uploads\/2025\/02\/H14630.jpg","type":"image\/jpeg"}],"twitter_card":"summary_large_image","schema":{"@context":"https:\/\/schema.org","@graph":[{"@type":"WebPage","@id":"https:\/\/thoro.com.mx\/ethoro\/shop\/herramientas\/instrumentos-de-medicion\/flexometros\/flexometro-compacto-de-8-metros-truper-fcg-8m\/","url":"https:\/\/thoro.com.mx\/ethoro\/shop\/herramientas\/instrumentos-de-medicion\/flexometros\/flexometro-compacto-de-8-metros-truper-fcg-8m\/","name":"FLEXOMETRO COMPACTO DE 8 METROS TRUPER FCG-8M - Thoro enterprises de Mexico","isPartOf":{"@id":"https:\/\/72.167.50.119\/ethoro\/#website"},"primaryImageOfPage":{"@id":"https:\/\/thoro.com.mx\/ethoro\/shop\/herramientas\/instrumentos-de-medicion\/flexometros\/flexometro-compacto-de-8-metros-truper-fcg-8m\/#primaryimage"},"image":{"@id":"https:\/\/thoro.com.mx\/ethoro\/shop\/herramientas\/instrumentos-de-medicion\/flexometros\/flexometro-compacto-de-8-metros-truper-fcg-8m\/#primaryimage"},"thumbnailUrl":"https:\/\/thoro.com.mx\/ethoro\/wp-content\/uploads\/2025\/02\/H14630.jpg","datePublished":"2025-02-05T17:59:33+00:00","dateModified":"2025-04-23T08:22:52+00:00","breadcrumb":{"@id":"https:\/\/thoro.com.mx\/ethoro\/shop\/herramientas\/instrumentos-de-medicion\/flexometros\/flexometro-compacto-de-8-metros-truper-fcg-8m\/#breadcrumb"},"inLanguage":"es","potentialAction":[{"@type":"ReadAction","target":["https:\/\/thoro.com.mx\/ethoro\/shop\/herramientas\/instrumentos-de-medicion\/flexometros\/flexometro-compacto-de-8-metros-truper-fcg-8m\/"]}]},{"@type":"ImageObject","inLanguage":"es","@id":"https:\/\/thoro.com.mx\/ethoro\/shop\/herramientas\/instrumentos-de-medicion\/flexometros\/flexometro-compacto-de-8-metros-truper-fcg-8m\/#primaryimage","url":"https:\/\/thoro.com.mx\/ethoro\/wp-content\/uploads\/2025\/02\/H14630.jpg","contentUrl":"https:\/\/thoro.com.mx\/ethoro\/wp-content\/uploads\/2025\/02\/H14630.jpg","width":1000,"height":1000},{"@type":"BreadcrumbList","@id":"https:\/\/thoro.com.mx\/ethoro\/shop\/herramientas\/instrumentos-de-medicion\/flexometros\/flexometro-compacto-de-8-metros-truper-fcg-8m\/#breadcrumb","itemListElement":[{"@type":"ListItem","position":1,"name":"Inicio","item":"https:\/\/thoro.com.mx\/ethoro\/"},{"@type":"ListItem","position":2,"name":"Tienda","item":"https:\/\/thoro.com.mx\/ethoro\/shop\/"},{"@type":"ListItem","position":3,"name":"FLEXOMETRO COMPACTO DE 8 METROS TRUPER FCG-8M"}]},{"@type":"WebSite","@id":"https:\/\/72.167.50.119\/ethoro\/#website","url":"https:\/\/72.167.50.119\/ethoro\/","name":"Thoro Enterprises de M\u00e9xico","description":"Todo en Thoro","publisher":{"@id":"https:\/\/72.167.50.119\/ethoro\/#organization"},"alternateName":"Thoro shop","potentialAction":[{"@type":"SearchAction","target":{"@type":"EntryPoint","urlTemplate":"https:\/\/72.167.50.119\/ethoro\/?s={search_term_string}"},"query-input":{"@type":"PropertyValueSpecification","valueRequired":true,"valueName":"search_term_string"}}],"inLanguage":"es"},{"@type":"Organization","@id":"https:\/\/72.167.50.119\/ethoro\/#organization","name":"Thoro Enterprises de M\u00e9xico","alternateName":"Thoro shop","url":"https:\/\/72.167.50.119\/ethoro\/","logo":{"@type":"ImageObject","inLanguage":"es","@id":"https:\/\/72.167.50.119\/ethoro\/#\/schema\/logo\/image\/","url":"https:\/\/72.167.50.119\/ethoro\/wp-content\/uploads\/2025\/01\/cropped-cropped-icono_t-180x180-1.png","contentUrl":"https:\/\/72.167.50.119\/ethoro\/wp-content\/uploads\/2025\/01\/cropped-cropped-icono_t-180x180-1.png","width":512,"height":512,"caption":"Thoro Enterprises de M\u00e9xico"},"image":{"@id":"https:\/\/72.167.50.119\/ethoro\/#\/schema\/logo\/image\/"},"sameAs":["https:\/\/www.facebook.com\/ThoroEnterprises","https:\/\/www.instagram.com\/thoro.mexico\/"]}]}},"_links":{"self":[{"href":"https:\/\/thoro.com.mx\/ethoro\/wp-json\/wp\/v2\/product\/5191","targetHints":{"allow":["GET"]}}],"collection":[{"href":"https:\/\/thoro.com.mx\/ethoro\/wp-json\/wp\/v2\/product"}],"about":[{"href":"https:\/\/thoro.com.mx\/ethoro\/wp-json\/wp\/v2\/types\/product"}],"replies":[{"embeddable":true,"href":"https:\/\/thoro.com.mx\/ethoro\/wp-json\/wp\/v2\/comments?post=5191"}],"wp:featuredmedia":[{"embeddable":true,"href":"https:\/\/thoro.com.mx\/ethoro\/wp-json\/wp\/v2\/media\/5190"}],"wp:attachment":[{"href":"https:\/\/thoro.com.mx\/ethoro\/wp-json\/wp\/v2\/media?parent=5191"}],"wp:term":[{"taxonomy":"product_brand","embeddable":true,"href":"https:\/\/thoro.com.mx\/ethoro\/wp-json\/wp\/v2\/product_brand?post=5191"},{"taxonomy":"product_cat","embeddable":true,"href":"https:\/\/thoro.com.mx\/ethoro\/wp-json\/wp\/v2\/product_cat?post=5191"},{"taxonomy":"product_tag","embeddable":true,"href":"https:\/\/thoro.com.mx\/ethoro\/wp-json\/wp\/v2\/product_tag?post=5191"}],"curies":[{"name":"wp","href":"https:\/\/api.w.org\/{rel}","templated":true}]}}