{"id":5212,"date":"2025-02-05T11:59:40","date_gmt":"2025-02-05T17:59:40","guid":{"rendered":"https:\/\/72.167.50.119\/ethoro\/shop\/sin categor\u00eda\/fumigador-de-mochila-con-motor-a-gasolina-de-25-litros-truper-fug-254\/"},"modified":"2026-04-04T00:12:54","modified_gmt":"2026-04-04T06:12:54","slug":"fumigador-de-mochila-con-motor-a-gasolina-de-25-litros-truper-fug-254","status":"publish","type":"product","link":"https:\/\/thoro.com.mx\/ethoro\/shop\/herramientas\/herramientas-para-campo-y-jardin\/fumigadores\/fumigador-de-mochila-con-motor-a-gasolina-de-25-litros-truper-fug-254\/","title":{"rendered":"FUMIGADOR DE MOCHILA CON MOTOR A GASOLINA DE 25 LITROS TRUPER FUG-254"},"content":{"rendered":"<h4>FUG-254<\/h4>\n<ul>\n<li>Presi\u00f3n regulable.<\/li>\n<li>Doble manguera de pulverizado de 1.5 m.<\/li>\n<li>Incluye 2 Boquillas pulverizadoras (abanico doble) , 2 Boquillas pulverizadoras (cono) , 1 Pistola de largo alcance , 1 Llave para buj\u00edas , 2 Llaves allen y 1 conector &#8220;Y&#8221;.<\/li>\n<li>Mango con v\u00e1lvula.<\/li>\n<li>Soporte de espalda y correas acojinadas que reduce la vibraci\u00f3n, la fatiga y brinda comodidad.<\/li>\n<li>Motor OHC 31 cc.<\/li>\n<\/ul>\n","protected":false},"excerpt":{"rendered":"<p>FUG-254 Presi\u00f3n regulable. Doble manguera de pulverizado de 1.5 m. Incluye 2 Boquillas pulverizadoras (abanico doble) , 2 Boquillas pulverizadoras (cono) , 1 Pistola de largo alcance , 1 Llave para buj\u00edas , 2 Llaves allen y 1 conector &#8220;Y&#8221;. Mango con v\u00e1lvula. Soporte de espalda y correas acojinadas que reduce la vibraci\u00f3n, la fatiga [&hellip;]<\/p>\n","protected":false},"featured_media":450764,"comment_status":"open","ping_status":"closed","template":"","meta":{"_monsterinsights_skip_tracking":false,"_monsterinsights_sitenote_active":false,"_monsterinsights_sitenote_note":"","_monsterinsights_sitenote_category":0,"_joinchat":[]},"product_brand":[],"product_cat":[417],"product_tag":[],"class_list":{"0":"post-5212","1":"product","2":"type-product","3":"status-publish","4":"has-post-thumbnail","6":"product_cat-fumigadores","8":"first","9":"instock","10":"taxable","11":"shipping-taxable","12":"purchasable","13":"product-type-simple","14":"add-to-wishlist-after_add_to_cart"},"yoast_head":"<!-- This site is optimized with the Yoast SEO plugin v27.1.1 - https:\/\/yoast.com\/product\/yoast-seo-wordpress\/ -->\n<title>FUMIGADOR DE MOCHILA CON MOTOR A GASOLINA DE 25 LITROS TRUPER FUG-254 - Thoro enterprises de Mexico<\/title>\n<meta name=\"robots\" content=\"noindex, follow\" \/>\n<meta property=\"og:locale\" content=\"es_MX\" \/>\n<meta property=\"og:type\" content=\"article\" \/>\n<meta property=\"og:title\" content=\"FUMIGADOR DE MOCHILA CON MOTOR A GASOLINA DE 25 LITROS TRUPER FUG-254 - Thoro enterprises de Mexico\" \/>\n<meta property=\"og:description\" content=\"FUG-254 Presi\u00f3n regulable. Doble manguera de pulverizado de 1.5 m. Incluye 2 Boquillas pulverizadoras (abanico doble) , 2 Boquillas pulverizadoras (cono) , 1 Pistola de largo alcance , 1 Llave para buj\u00edas , 2 Llaves allen y 1 conector &#8220;Y&#8221;. Mango con v\u00e1lvula. Soporte de espalda y correas acojinadas que reduce la vibraci\u00f3n, la fatiga [&hellip;]\" \/>\n<meta property=\"og:url\" content=\"https:\/\/thoro.com.mx\/ethoro\/shop\/herramientas\/herramientas-para-campo-y-jardin\/fumigadores\/fumigador-de-mochila-con-motor-a-gasolina-de-25-litros-truper-fug-254\/\" \/>\n<meta property=\"og:site_name\" content=\"Thoro enterprises de Mexico\" \/>\n<meta property=\"article:publisher\" content=\"https:\/\/www.facebook.com\/ThoroEnterprises\" \/>\n<meta property=\"article:modified_time\" content=\"2026-04-04T06:12:54+00:00\" \/>\n<meta name=\"twitter:card\" content=\"summary_large_image\" \/>\n<script type=\"application\/ld+json\" class=\"yoast-schema-graph\">{\"@context\":\"https:\/\/schema.org\",\"@graph\":[{\"@type\":\"WebPage\",\"@id\":\"https:\/\/thoro.com.mx\/ethoro\/shop\/herramientas\/herramientas-para-campo-y-jardin\/fumigadores\/fumigador-de-mochila-con-motor-a-gasolina-de-25-litros-truper-fug-254\/\",\"url\":\"https:\/\/thoro.com.mx\/ethoro\/shop\/herramientas\/herramientas-para-campo-y-jardin\/fumigadores\/fumigador-de-mochila-con-motor-a-gasolina-de-25-litros-truper-fug-254\/\",\"name\":\"FUMIGADOR DE MOCHILA CON MOTOR A GASOLINA DE 25 LITROS TRUPER FUG-254 - Thoro enterprises de Mexico\",\"isPartOf\":{\"@id\":\"https:\/\/72.167.50.119\/ethoro\/#website\"},\"primaryImageOfPage\":{\"@id\":\"https:\/\/thoro.com.mx\/ethoro\/shop\/herramientas\/herramientas-para-campo-y-jardin\/fumigadores\/fumigador-de-mochila-con-motor-a-gasolina-de-25-litros-truper-fug-254\/#primaryimage\"},\"image\":{\"@id\":\"https:\/\/thoro.com.mx\/ethoro\/shop\/herramientas\/herramientas-para-campo-y-jardin\/fumigadores\/fumigador-de-mochila-con-motor-a-gasolina-de-25-litros-truper-fug-254\/#primaryimage\"},\"thumbnailUrl\":\"https:\/\/thoro.com.mx\/ethoro\/wp-content\/uploads\/2025\/12\/H14703.jpg\",\"datePublished\":\"2025-02-05T17:59:40+00:00\",\"dateModified\":\"2026-04-04T06:12:54+00:00\",\"breadcrumb\":{\"@id\":\"https:\/\/thoro.com.mx\/ethoro\/shop\/herramientas\/herramientas-para-campo-y-jardin\/fumigadores\/fumigador-de-mochila-con-motor-a-gasolina-de-25-litros-truper-fug-254\/#breadcrumb\"},\"inLanguage\":\"es\",\"potentialAction\":[{\"@type\":\"ReadAction\",\"target\":[\"https:\/\/thoro.com.mx\/ethoro\/shop\/herramientas\/herramientas-para-campo-y-jardin\/fumigadores\/fumigador-de-mochila-con-motor-a-gasolina-de-25-litros-truper-fug-254\/\"]}]},{\"@type\":\"ImageObject\",\"inLanguage\":\"es\",\"@id\":\"https:\/\/thoro.com.mx\/ethoro\/shop\/herramientas\/herramientas-para-campo-y-jardin\/fumigadores\/fumigador-de-mochila-con-motor-a-gasolina-de-25-litros-truper-fug-254\/#primaryimage\",\"url\":\"https:\/\/thoro.com.mx\/ethoro\/wp-content\/uploads\/2025\/12\/H14703.jpg\",\"contentUrl\":\"https:\/\/thoro.com.mx\/ethoro\/wp-content\/uploads\/2025\/12\/H14703.jpg\",\"width\":1000,\"height\":1000},{\"@type\":\"BreadcrumbList\",\"@id\":\"https:\/\/thoro.com.mx\/ethoro\/shop\/herramientas\/herramientas-para-campo-y-jardin\/fumigadores\/fumigador-de-mochila-con-motor-a-gasolina-de-25-litros-truper-fug-254\/#breadcrumb\",\"itemListElement\":[{\"@type\":\"ListItem\",\"position\":1,\"name\":\"Inicio\",\"item\":\"https:\/\/thoro.com.mx\/ethoro\/\"},{\"@type\":\"ListItem\",\"position\":2,\"name\":\"Tienda\",\"item\":\"https:\/\/thoro.com.mx\/ethoro\/shop\/\"},{\"@type\":\"ListItem\",\"position\":3,\"name\":\"FUMIGADOR DE MOCHILA CON MOTOR A GASOLINA DE 25 LITROS TRUPER FUG-254\"}]},{\"@type\":\"WebSite\",\"@id\":\"https:\/\/72.167.50.119\/ethoro\/#website\",\"url\":\"https:\/\/72.167.50.119\/ethoro\/\",\"name\":\"Thoro Enterprises de M\u00e9xico\",\"description\":\"Todo en Thoro\",\"publisher\":{\"@id\":\"https:\/\/72.167.50.119\/ethoro\/#organization\"},\"alternateName\":\"Thoro shop\",\"potentialAction\":[{\"@type\":\"SearchAction\",\"target\":{\"@type\":\"EntryPoint\",\"urlTemplate\":\"https:\/\/72.167.50.119\/ethoro\/?s={search_term_string}\"},\"query-input\":{\"@type\":\"PropertyValueSpecification\",\"valueRequired\":true,\"valueName\":\"search_term_string\"}}],\"inLanguage\":\"es\"},{\"@type\":\"Organization\",\"@id\":\"https:\/\/72.167.50.119\/ethoro\/#organization\",\"name\":\"Thoro Enterprises de M\u00e9xico\",\"alternateName\":\"Thoro shop\",\"url\":\"https:\/\/72.167.50.119\/ethoro\/\",\"logo\":{\"@type\":\"ImageObject\",\"inLanguage\":\"es\",\"@id\":\"https:\/\/72.167.50.119\/ethoro\/#\/schema\/logo\/image\/\",\"url\":\"https:\/\/72.167.50.119\/ethoro\/wp-content\/uploads\/2025\/01\/cropped-cropped-icono_t-180x180-1.png\",\"contentUrl\":\"https:\/\/72.167.50.119\/ethoro\/wp-content\/uploads\/2025\/01\/cropped-cropped-icono_t-180x180-1.png\",\"width\":512,\"height\":512,\"caption\":\"Thoro Enterprises de M\u00e9xico\"},\"image\":{\"@id\":\"https:\/\/72.167.50.119\/ethoro\/#\/schema\/logo\/image\/\"},\"sameAs\":[\"https:\/\/www.facebook.com\/ThoroEnterprises\",\"https:\/\/www.instagram.com\/thoro.mexico\/\"]}]}<\/script>\n<!-- \/ Yoast SEO plugin. -->","yoast_head_json":{"title":"FUMIGADOR DE MOCHILA CON MOTOR A GASOLINA DE 25 LITROS TRUPER FUG-254 - Thoro enterprises de Mexico","robots":{"index":"noindex","follow":"follow"},"og_locale":"es_MX","og_type":"article","og_title":"FUMIGADOR DE MOCHILA CON MOTOR A GASOLINA DE 25 LITROS TRUPER FUG-254 - Thoro enterprises de Mexico","og_description":"FUG-254 Presi\u00f3n regulable. Doble manguera de pulverizado de 1.5 m. Incluye 2 Boquillas pulverizadoras (abanico doble) , 2 Boquillas pulverizadoras (cono) , 1 Pistola de largo alcance , 1 Llave para buj\u00edas , 2 Llaves allen y 1 conector &#8220;Y&#8221;. Mango con v\u00e1lvula. Soporte de espalda y correas acojinadas que reduce la vibraci\u00f3n, la fatiga [&hellip;]","og_url":"https:\/\/thoro.com.mx\/ethoro\/shop\/herramientas\/herramientas-para-campo-y-jardin\/fumigadores\/fumigador-de-mochila-con-motor-a-gasolina-de-25-litros-truper-fug-254\/","og_site_name":"Thoro enterprises de Mexico","article_publisher":"https:\/\/www.facebook.com\/ThoroEnterprises","article_modified_time":"2026-04-04T06:12:54+00:00","twitter_card":"summary_large_image","schema":{"@context":"https:\/\/schema.org","@graph":[{"@type":"WebPage","@id":"https:\/\/thoro.com.mx\/ethoro\/shop\/herramientas\/herramientas-para-campo-y-jardin\/fumigadores\/fumigador-de-mochila-con-motor-a-gasolina-de-25-litros-truper-fug-254\/","url":"https:\/\/thoro.com.mx\/ethoro\/shop\/herramientas\/herramientas-para-campo-y-jardin\/fumigadores\/fumigador-de-mochila-con-motor-a-gasolina-de-25-litros-truper-fug-254\/","name":"FUMIGADOR DE MOCHILA CON MOTOR A GASOLINA DE 25 LITROS TRUPER FUG-254 - Thoro enterprises de Mexico","isPartOf":{"@id":"https:\/\/72.167.50.119\/ethoro\/#website"},"primaryImageOfPage":{"@id":"https:\/\/thoro.com.mx\/ethoro\/shop\/herramientas\/herramientas-para-campo-y-jardin\/fumigadores\/fumigador-de-mochila-con-motor-a-gasolina-de-25-litros-truper-fug-254\/#primaryimage"},"image":{"@id":"https:\/\/thoro.com.mx\/ethoro\/shop\/herramientas\/herramientas-para-campo-y-jardin\/fumigadores\/fumigador-de-mochila-con-motor-a-gasolina-de-25-litros-truper-fug-254\/#primaryimage"},"thumbnailUrl":"https:\/\/thoro.com.mx\/ethoro\/wp-content\/uploads\/2025\/12\/H14703.jpg","datePublished":"2025-02-05T17:59:40+00:00","dateModified":"2026-04-04T06:12:54+00:00","breadcrumb":{"@id":"https:\/\/thoro.com.mx\/ethoro\/shop\/herramientas\/herramientas-para-campo-y-jardin\/fumigadores\/fumigador-de-mochila-con-motor-a-gasolina-de-25-litros-truper-fug-254\/#breadcrumb"},"inLanguage":"es","potentialAction":[{"@type":"ReadAction","target":["https:\/\/thoro.com.mx\/ethoro\/shop\/herramientas\/herramientas-para-campo-y-jardin\/fumigadores\/fumigador-de-mochila-con-motor-a-gasolina-de-25-litros-truper-fug-254\/"]}]},{"@type":"ImageObject","inLanguage":"es","@id":"https:\/\/thoro.com.mx\/ethoro\/shop\/herramientas\/herramientas-para-campo-y-jardin\/fumigadores\/fumigador-de-mochila-con-motor-a-gasolina-de-25-litros-truper-fug-254\/#primaryimage","url":"https:\/\/thoro.com.mx\/ethoro\/wp-content\/uploads\/2025\/12\/H14703.jpg","contentUrl":"https:\/\/thoro.com.mx\/ethoro\/wp-content\/uploads\/2025\/12\/H14703.jpg","width":1000,"height":1000},{"@type":"BreadcrumbList","@id":"https:\/\/thoro.com.mx\/ethoro\/shop\/herramientas\/herramientas-para-campo-y-jardin\/fumigadores\/fumigador-de-mochila-con-motor-a-gasolina-de-25-litros-truper-fug-254\/#breadcrumb","itemListElement":[{"@type":"ListItem","position":1,"name":"Inicio","item":"https:\/\/thoro.com.mx\/ethoro\/"},{"@type":"ListItem","position":2,"name":"Tienda","item":"https:\/\/thoro.com.mx\/ethoro\/shop\/"},{"@type":"ListItem","position":3,"name":"FUMIGADOR DE MOCHILA CON MOTOR A GASOLINA DE 25 LITROS TRUPER FUG-254"}]},{"@type":"WebSite","@id":"https:\/\/72.167.50.119\/ethoro\/#website","url":"https:\/\/72.167.50.119\/ethoro\/","name":"Thoro Enterprises de M\u00e9xico","description":"Todo en Thoro","publisher":{"@id":"https:\/\/72.167.50.119\/ethoro\/#organization"},"alternateName":"Thoro shop","potentialAction":[{"@type":"SearchAction","target":{"@type":"EntryPoint","urlTemplate":"https:\/\/72.167.50.119\/ethoro\/?s={search_term_string}"},"query-input":{"@type":"PropertyValueSpecification","valueRequired":true,"valueName":"search_term_string"}}],"inLanguage":"es"},{"@type":"Organization","@id":"https:\/\/72.167.50.119\/ethoro\/#organization","name":"Thoro Enterprises de M\u00e9xico","alternateName":"Thoro shop","url":"https:\/\/72.167.50.119\/ethoro\/","logo":{"@type":"ImageObject","inLanguage":"es","@id":"https:\/\/72.167.50.119\/ethoro\/#\/schema\/logo\/image\/","url":"https:\/\/72.167.50.119\/ethoro\/wp-content\/uploads\/2025\/01\/cropped-cropped-icono_t-180x180-1.png","contentUrl":"https:\/\/72.167.50.119\/ethoro\/wp-content\/uploads\/2025\/01\/cropped-cropped-icono_t-180x180-1.png","width":512,"height":512,"caption":"Thoro Enterprises de M\u00e9xico"},"image":{"@id":"https:\/\/72.167.50.119\/ethoro\/#\/schema\/logo\/image\/"},"sameAs":["https:\/\/www.facebook.com\/ThoroEnterprises","https:\/\/www.instagram.com\/thoro.mexico\/"]}]}},"_links":{"self":[{"href":"https:\/\/thoro.com.mx\/ethoro\/wp-json\/wp\/v2\/product\/5212","targetHints":{"allow":["GET"]}}],"collection":[{"href":"https:\/\/thoro.com.mx\/ethoro\/wp-json\/wp\/v2\/product"}],"about":[{"href":"https:\/\/thoro.com.mx\/ethoro\/wp-json\/wp\/v2\/types\/product"}],"replies":[{"embeddable":true,"href":"https:\/\/thoro.com.mx\/ethoro\/wp-json\/wp\/v2\/comments?post=5212"}],"wp:featuredmedia":[{"embeddable":true,"href":"https:\/\/thoro.com.mx\/ethoro\/wp-json\/wp\/v2\/media\/450764"}],"wp:attachment":[{"href":"https:\/\/thoro.com.mx\/ethoro\/wp-json\/wp\/v2\/media?parent=5212"}],"wp:term":[{"taxonomy":"product_brand","embeddable":true,"href":"https:\/\/thoro.com.mx\/ethoro\/wp-json\/wp\/v2\/product_brand?post=5212"},{"taxonomy":"product_cat","embeddable":true,"href":"https:\/\/thoro.com.mx\/ethoro\/wp-json\/wp\/v2\/product_cat?post=5212"},{"taxonomy":"product_tag","embeddable":true,"href":"https:\/\/thoro.com.mx\/ethoro\/wp-json\/wp\/v2\/product_tag?post=5212"}],"curies":[{"name":"wp","href":"https:\/\/api.w.org\/{rel}","templated":true}]}}