{"id":5425,"date":"2025-02-05T12:00:51","date_gmt":"2025-02-05T18:00:51","guid":{"rendered":"https:\/\/72.167.50.119\/ethoro\/shop\/sin categor\u00eda\/caja-portaherramientas-metalica-urrea-d7c20-calibre-20-62x24x24-centimetros\/"},"modified":"2026-04-07T02:43:09","modified_gmt":"2026-04-07T08:43:09","slug":"caja-portaherramientas-metalica-urrea-d7c20-calibre-20-62x24x24-centimetros","status":"publish","type":"product","link":"https:\/\/thoro.com.mx\/ethoro\/shop\/herramientas\/organizacion-y-almacenamiento\/cajas-portaherramientas\/caja-portaherramientas-metalica-urrea-d7c20-calibre-20-62x24x24-centimetros\/","title":{"rendered":"CAJA PORTAHERRAMIENTAS MET\u00c1LICA URREA D7C20 CALIBRE 20 62X24X24 CENTIMETROS"},"content":{"rendered":"<h4>D7C20<\/h4>\n<ul>\n<li>Caja portaherramientas met\u00e1lica uso pesado 24-5\/8&#8243; x 9-5\/8&#8243; x 9-5\/8&#8243; in<\/li>\n<li><\/li>\n<li>Uso pesado.<\/li>\n<li>Fabricadas en l\u00e1mina de acero calibre 20.<\/li>\n<li>Pintura electrost\u00e1tica formulada para resistir condiciones ambientales extremas.<\/li>\n<li>Broches de seguridad met\u00e1licos cromados con porta candado.<\/li>\n<li>Incluyen charola met\u00e1lica.<\/li>\n<li>Asa met\u00e1lica s\u00f3lida fija ergon\u00f3mica de alta resistencia.<\/li>\n<li>Altura: 9 5\/8&#8243;<\/li>\n<li>Ancho: 9 5\/8&#8243;<\/li>\n<li>Largo: 24  5\/8&#8243;<\/li>\n<li>Incluye: Compartimentos M\u00f3viles.<\/li>\n<li>Calibre De L\u00e1mina: 20.<\/li>\n<li>Material: L\u00e1mina.<\/li>\n<li>Tipo De Mango: Parte Superior Fijo.<\/li>\n<li>Capacidad De Almacenamiento: 2281 Pulg.Cub.<\/li>\n<\/ul>\n","protected":false},"excerpt":{"rendered":"<p>D7C20 Caja portaherramientas met\u00e1lica uso pesado 24-5\/8&#8243; x 9-5\/8&#8243; x 9-5\/8&#8243; in Uso pesado. Fabricadas en l\u00e1mina de acero calibre 20. Pintura electrost\u00e1tica formulada para resistir condiciones ambientales extremas. Broches de seguridad met\u00e1licos cromados con porta candado. Incluyen charola met\u00e1lica. Asa met\u00e1lica s\u00f3lida fija ergon\u00f3mica de alta resistencia. Altura: 9 5\/8&#8243; Ancho: 9 5\/8&#8243; Largo: [&hellip;]<\/p>\n","protected":false},"featured_media":5424,"comment_status":"open","ping_status":"closed","template":"","meta":{"_monsterinsights_skip_tracking":false,"_monsterinsights_sitenote_active":false,"_monsterinsights_sitenote_note":"","_monsterinsights_sitenote_category":0,"_joinchat":[]},"product_brand":[],"product_cat":[398],"product_tag":[],"class_list":{"0":"post-5425","1":"product","2":"type-product","3":"status-publish","4":"has-post-thumbnail","6":"product_cat-cajas-portaherramientas","8":"first","9":"instock","10":"sale","11":"taxable","12":"shipping-taxable","13":"purchasable","14":"product-type-simple","15":"add-to-wishlist-after_add_to_cart"},"yoast_head":"<!-- This site is optimized with the Yoast SEO plugin v27.1.1 - https:\/\/yoast.com\/product\/yoast-seo-wordpress\/ -->\n<title>CAJA PORTAHERRAMIENTAS MET\u00c1LICA URREA D7C20 CALIBRE 20 62X24X24 CENTIMETROS - Thoro enterprises de Mexico<\/title>\n<meta name=\"robots\" content=\"noindex, follow\" \/>\n<meta property=\"og:locale\" content=\"es_MX\" \/>\n<meta property=\"og:type\" content=\"article\" \/>\n<meta property=\"og:title\" content=\"CAJA PORTAHERRAMIENTAS MET\u00c1LICA URREA D7C20 CALIBRE 20 62X24X24 CENTIMETROS - Thoro enterprises de Mexico\" \/>\n<meta property=\"og:description\" content=\"D7C20 Caja portaherramientas met\u00e1lica uso pesado 24-5\/8&#8243; x 9-5\/8&#8243; x 9-5\/8&#8243; in Uso pesado. Fabricadas en l\u00e1mina de acero calibre 20. Pintura electrost\u00e1tica formulada para resistir condiciones ambientales extremas. Broches de seguridad met\u00e1licos cromados con porta candado. Incluyen charola met\u00e1lica. Asa met\u00e1lica s\u00f3lida fija ergon\u00f3mica de alta resistencia. Altura: 9 5\/8&#8243; Ancho: 9 5\/8&#8243; Largo: [&hellip;]\" \/>\n<meta property=\"og:url\" content=\"https:\/\/thoro.com.mx\/ethoro\/shop\/herramientas\/organizacion-y-almacenamiento\/cajas-portaherramientas\/caja-portaherramientas-metalica-urrea-d7c20-calibre-20-62x24x24-centimetros\/\" \/>\n<meta property=\"og:site_name\" content=\"Thoro enterprises de Mexico\" \/>\n<meta property=\"article:publisher\" content=\"https:\/\/www.facebook.com\/ThoroEnterprises\" \/>\n<meta property=\"article:modified_time\" content=\"2026-04-07T08:43:09+00:00\" \/>\n<meta property=\"og:image\" content=\"https:\/\/thoro.com.mx\/ethoro\/wp-content\/uploads\/2025\/02\/H1551.jpg\" \/>\n\t<meta property=\"og:image:width\" content=\"1000\" \/>\n\t<meta property=\"og:image:height\" content=\"1000\" \/>\n\t<meta property=\"og:image:type\" content=\"image\/jpeg\" \/>\n<meta name=\"twitter:card\" content=\"summary_large_image\" \/>\n<script type=\"application\/ld+json\" class=\"yoast-schema-graph\">{\"@context\":\"https:\/\/schema.org\",\"@graph\":[{\"@type\":\"WebPage\",\"@id\":\"https:\/\/thoro.com.mx\/ethoro\/shop\/herramientas\/organizacion-y-almacenamiento\/cajas-portaherramientas\/caja-portaherramientas-metalica-urrea-d7c20-calibre-20-62x24x24-centimetros\/\",\"url\":\"https:\/\/thoro.com.mx\/ethoro\/shop\/herramientas\/organizacion-y-almacenamiento\/cajas-portaherramientas\/caja-portaherramientas-metalica-urrea-d7c20-calibre-20-62x24x24-centimetros\/\",\"name\":\"CAJA PORTAHERRAMIENTAS MET\u00c1LICA URREA D7C20 CALIBRE 20 62X24X24 CENTIMETROS - Thoro enterprises de Mexico\",\"isPartOf\":{\"@id\":\"https:\/\/72.167.50.119\/ethoro\/#website\"},\"primaryImageOfPage\":{\"@id\":\"https:\/\/thoro.com.mx\/ethoro\/shop\/herramientas\/organizacion-y-almacenamiento\/cajas-portaherramientas\/caja-portaherramientas-metalica-urrea-d7c20-calibre-20-62x24x24-centimetros\/#primaryimage\"},\"image\":{\"@id\":\"https:\/\/thoro.com.mx\/ethoro\/shop\/herramientas\/organizacion-y-almacenamiento\/cajas-portaherramientas\/caja-portaherramientas-metalica-urrea-d7c20-calibre-20-62x24x24-centimetros\/#primaryimage\"},\"thumbnailUrl\":\"https:\/\/thoro.com.mx\/ethoro\/wp-content\/uploads\/2025\/02\/H1551.jpg\",\"datePublished\":\"2025-02-05T18:00:51+00:00\",\"dateModified\":\"2026-04-07T08:43:09+00:00\",\"breadcrumb\":{\"@id\":\"https:\/\/thoro.com.mx\/ethoro\/shop\/herramientas\/organizacion-y-almacenamiento\/cajas-portaherramientas\/caja-portaherramientas-metalica-urrea-d7c20-calibre-20-62x24x24-centimetros\/#breadcrumb\"},\"inLanguage\":\"es\",\"potentialAction\":[{\"@type\":\"ReadAction\",\"target\":[\"https:\/\/thoro.com.mx\/ethoro\/shop\/herramientas\/organizacion-y-almacenamiento\/cajas-portaherramientas\/caja-portaherramientas-metalica-urrea-d7c20-calibre-20-62x24x24-centimetros\/\"]}]},{\"@type\":\"ImageObject\",\"inLanguage\":\"es\",\"@id\":\"https:\/\/thoro.com.mx\/ethoro\/shop\/herramientas\/organizacion-y-almacenamiento\/cajas-portaherramientas\/caja-portaherramientas-metalica-urrea-d7c20-calibre-20-62x24x24-centimetros\/#primaryimage\",\"url\":\"https:\/\/thoro.com.mx\/ethoro\/wp-content\/uploads\/2025\/02\/H1551.jpg\",\"contentUrl\":\"https:\/\/thoro.com.mx\/ethoro\/wp-content\/uploads\/2025\/02\/H1551.jpg\",\"width\":1000,\"height\":1000},{\"@type\":\"BreadcrumbList\",\"@id\":\"https:\/\/thoro.com.mx\/ethoro\/shop\/herramientas\/organizacion-y-almacenamiento\/cajas-portaherramientas\/caja-portaherramientas-metalica-urrea-d7c20-calibre-20-62x24x24-centimetros\/#breadcrumb\",\"itemListElement\":[{\"@type\":\"ListItem\",\"position\":1,\"name\":\"Inicio\",\"item\":\"https:\/\/thoro.com.mx\/ethoro\/\"},{\"@type\":\"ListItem\",\"position\":2,\"name\":\"Tienda\",\"item\":\"https:\/\/thoro.com.mx\/ethoro\/shop\/\"},{\"@type\":\"ListItem\",\"position\":3,\"name\":\"CAJA PORTAHERRAMIENTAS MET\u00c1LICA URREA D7C20 CALIBRE 20 62X24X24 CENTIMETROS\"}]},{\"@type\":\"WebSite\",\"@id\":\"https:\/\/72.167.50.119\/ethoro\/#website\",\"url\":\"https:\/\/72.167.50.119\/ethoro\/\",\"name\":\"Thoro Enterprises de M\u00e9xico\",\"description\":\"Todo en Thoro\",\"publisher\":{\"@id\":\"https:\/\/72.167.50.119\/ethoro\/#organization\"},\"alternateName\":\"Thoro shop\",\"potentialAction\":[{\"@type\":\"SearchAction\",\"target\":{\"@type\":\"EntryPoint\",\"urlTemplate\":\"https:\/\/72.167.50.119\/ethoro\/?s={search_term_string}\"},\"query-input\":{\"@type\":\"PropertyValueSpecification\",\"valueRequired\":true,\"valueName\":\"search_term_string\"}}],\"inLanguage\":\"es\"},{\"@type\":\"Organization\",\"@id\":\"https:\/\/72.167.50.119\/ethoro\/#organization\",\"name\":\"Thoro Enterprises de M\u00e9xico\",\"alternateName\":\"Thoro shop\",\"url\":\"https:\/\/72.167.50.119\/ethoro\/\",\"logo\":{\"@type\":\"ImageObject\",\"inLanguage\":\"es\",\"@id\":\"https:\/\/72.167.50.119\/ethoro\/#\/schema\/logo\/image\/\",\"url\":\"https:\/\/72.167.50.119\/ethoro\/wp-content\/uploads\/2025\/01\/cropped-cropped-icono_t-180x180-1.png\",\"contentUrl\":\"https:\/\/72.167.50.119\/ethoro\/wp-content\/uploads\/2025\/01\/cropped-cropped-icono_t-180x180-1.png\",\"width\":512,\"height\":512,\"caption\":\"Thoro Enterprises de M\u00e9xico\"},\"image\":{\"@id\":\"https:\/\/72.167.50.119\/ethoro\/#\/schema\/logo\/image\/\"},\"sameAs\":[\"https:\/\/www.facebook.com\/ThoroEnterprises\",\"https:\/\/www.instagram.com\/thoro.mexico\/\"]}]}<\/script>\n<!-- \/ Yoast SEO plugin. -->","yoast_head_json":{"title":"CAJA PORTAHERRAMIENTAS MET\u00c1LICA URREA D7C20 CALIBRE 20 62X24X24 CENTIMETROS - Thoro enterprises de Mexico","robots":{"index":"noindex","follow":"follow"},"og_locale":"es_MX","og_type":"article","og_title":"CAJA PORTAHERRAMIENTAS MET\u00c1LICA URREA D7C20 CALIBRE 20 62X24X24 CENTIMETROS - Thoro enterprises de Mexico","og_description":"D7C20 Caja portaherramientas met\u00e1lica uso pesado 24-5\/8&#8243; x 9-5\/8&#8243; x 9-5\/8&#8243; in Uso pesado. Fabricadas en l\u00e1mina de acero calibre 20. Pintura electrost\u00e1tica formulada para resistir condiciones ambientales extremas. Broches de seguridad met\u00e1licos cromados con porta candado. Incluyen charola met\u00e1lica. Asa met\u00e1lica s\u00f3lida fija ergon\u00f3mica de alta resistencia. Altura: 9 5\/8&#8243; Ancho: 9 5\/8&#8243; Largo: [&hellip;]","og_url":"https:\/\/thoro.com.mx\/ethoro\/shop\/herramientas\/organizacion-y-almacenamiento\/cajas-portaherramientas\/caja-portaherramientas-metalica-urrea-d7c20-calibre-20-62x24x24-centimetros\/","og_site_name":"Thoro enterprises de Mexico","article_publisher":"https:\/\/www.facebook.com\/ThoroEnterprises","article_modified_time":"2026-04-07T08:43:09+00:00","og_image":[{"width":1000,"height":1000,"url":"https:\/\/thoro.com.mx\/ethoro\/wp-content\/uploads\/2025\/02\/H1551.jpg","type":"image\/jpeg"}],"twitter_card":"summary_large_image","schema":{"@context":"https:\/\/schema.org","@graph":[{"@type":"WebPage","@id":"https:\/\/thoro.com.mx\/ethoro\/shop\/herramientas\/organizacion-y-almacenamiento\/cajas-portaherramientas\/caja-portaherramientas-metalica-urrea-d7c20-calibre-20-62x24x24-centimetros\/","url":"https:\/\/thoro.com.mx\/ethoro\/shop\/herramientas\/organizacion-y-almacenamiento\/cajas-portaherramientas\/caja-portaherramientas-metalica-urrea-d7c20-calibre-20-62x24x24-centimetros\/","name":"CAJA PORTAHERRAMIENTAS MET\u00c1LICA URREA D7C20 CALIBRE 20 62X24X24 CENTIMETROS - Thoro enterprises de Mexico","isPartOf":{"@id":"https:\/\/72.167.50.119\/ethoro\/#website"},"primaryImageOfPage":{"@id":"https:\/\/thoro.com.mx\/ethoro\/shop\/herramientas\/organizacion-y-almacenamiento\/cajas-portaherramientas\/caja-portaherramientas-metalica-urrea-d7c20-calibre-20-62x24x24-centimetros\/#primaryimage"},"image":{"@id":"https:\/\/thoro.com.mx\/ethoro\/shop\/herramientas\/organizacion-y-almacenamiento\/cajas-portaherramientas\/caja-portaherramientas-metalica-urrea-d7c20-calibre-20-62x24x24-centimetros\/#primaryimage"},"thumbnailUrl":"https:\/\/thoro.com.mx\/ethoro\/wp-content\/uploads\/2025\/02\/H1551.jpg","datePublished":"2025-02-05T18:00:51+00:00","dateModified":"2026-04-07T08:43:09+00:00","breadcrumb":{"@id":"https:\/\/thoro.com.mx\/ethoro\/shop\/herramientas\/organizacion-y-almacenamiento\/cajas-portaherramientas\/caja-portaherramientas-metalica-urrea-d7c20-calibre-20-62x24x24-centimetros\/#breadcrumb"},"inLanguage":"es","potentialAction":[{"@type":"ReadAction","target":["https:\/\/thoro.com.mx\/ethoro\/shop\/herramientas\/organizacion-y-almacenamiento\/cajas-portaherramientas\/caja-portaherramientas-metalica-urrea-d7c20-calibre-20-62x24x24-centimetros\/"]}]},{"@type":"ImageObject","inLanguage":"es","@id":"https:\/\/thoro.com.mx\/ethoro\/shop\/herramientas\/organizacion-y-almacenamiento\/cajas-portaherramientas\/caja-portaherramientas-metalica-urrea-d7c20-calibre-20-62x24x24-centimetros\/#primaryimage","url":"https:\/\/thoro.com.mx\/ethoro\/wp-content\/uploads\/2025\/02\/H1551.jpg","contentUrl":"https:\/\/thoro.com.mx\/ethoro\/wp-content\/uploads\/2025\/02\/H1551.jpg","width":1000,"height":1000},{"@type":"BreadcrumbList","@id":"https:\/\/thoro.com.mx\/ethoro\/shop\/herramientas\/organizacion-y-almacenamiento\/cajas-portaherramientas\/caja-portaherramientas-metalica-urrea-d7c20-calibre-20-62x24x24-centimetros\/#breadcrumb","itemListElement":[{"@type":"ListItem","position":1,"name":"Inicio","item":"https:\/\/thoro.com.mx\/ethoro\/"},{"@type":"ListItem","position":2,"name":"Tienda","item":"https:\/\/thoro.com.mx\/ethoro\/shop\/"},{"@type":"ListItem","position":3,"name":"CAJA PORTAHERRAMIENTAS MET\u00c1LICA URREA D7C20 CALIBRE 20 62X24X24 CENTIMETROS"}]},{"@type":"WebSite","@id":"https:\/\/72.167.50.119\/ethoro\/#website","url":"https:\/\/72.167.50.119\/ethoro\/","name":"Thoro Enterprises de M\u00e9xico","description":"Todo en Thoro","publisher":{"@id":"https:\/\/72.167.50.119\/ethoro\/#organization"},"alternateName":"Thoro shop","potentialAction":[{"@type":"SearchAction","target":{"@type":"EntryPoint","urlTemplate":"https:\/\/72.167.50.119\/ethoro\/?s={search_term_string}"},"query-input":{"@type":"PropertyValueSpecification","valueRequired":true,"valueName":"search_term_string"}}],"inLanguage":"es"},{"@type":"Organization","@id":"https:\/\/72.167.50.119\/ethoro\/#organization","name":"Thoro Enterprises de M\u00e9xico","alternateName":"Thoro shop","url":"https:\/\/72.167.50.119\/ethoro\/","logo":{"@type":"ImageObject","inLanguage":"es","@id":"https:\/\/72.167.50.119\/ethoro\/#\/schema\/logo\/image\/","url":"https:\/\/72.167.50.119\/ethoro\/wp-content\/uploads\/2025\/01\/cropped-cropped-icono_t-180x180-1.png","contentUrl":"https:\/\/72.167.50.119\/ethoro\/wp-content\/uploads\/2025\/01\/cropped-cropped-icono_t-180x180-1.png","width":512,"height":512,"caption":"Thoro Enterprises de M\u00e9xico"},"image":{"@id":"https:\/\/72.167.50.119\/ethoro\/#\/schema\/logo\/image\/"},"sameAs":["https:\/\/www.facebook.com\/ThoroEnterprises","https:\/\/www.instagram.com\/thoro.mexico\/"]}]}},"_links":{"self":[{"href":"https:\/\/thoro.com.mx\/ethoro\/wp-json\/wp\/v2\/product\/5425","targetHints":{"allow":["GET"]}}],"collection":[{"href":"https:\/\/thoro.com.mx\/ethoro\/wp-json\/wp\/v2\/product"}],"about":[{"href":"https:\/\/thoro.com.mx\/ethoro\/wp-json\/wp\/v2\/types\/product"}],"replies":[{"embeddable":true,"href":"https:\/\/thoro.com.mx\/ethoro\/wp-json\/wp\/v2\/comments?post=5425"}],"wp:featuredmedia":[{"embeddable":true,"href":"https:\/\/thoro.com.mx\/ethoro\/wp-json\/wp\/v2\/media\/5424"}],"wp:attachment":[{"href":"https:\/\/thoro.com.mx\/ethoro\/wp-json\/wp\/v2\/media?parent=5425"}],"wp:term":[{"taxonomy":"product_brand","embeddable":true,"href":"https:\/\/thoro.com.mx\/ethoro\/wp-json\/wp\/v2\/product_brand?post=5425"},{"taxonomy":"product_cat","embeddable":true,"href":"https:\/\/thoro.com.mx\/ethoro\/wp-json\/wp\/v2\/product_cat?post=5425"},{"taxonomy":"product_tag","embeddable":true,"href":"https:\/\/thoro.com.mx\/ethoro\/wp-json\/wp\/v2\/product_tag?post=5425"}],"curies":[{"name":"wp","href":"https:\/\/api.w.org\/{rel}","templated":true}]}}