{"id":5429,"date":"2025-02-05T12:00:53","date_gmt":"2025-02-05T18:00:53","guid":{"rendered":"https:\/\/72.167.50.119\/ethoro\/shop\/sin categor\u00eda\/caja-portaherramientas-plastica-urrea-cpu20a-con-broches-metalicos-y-charola-21\/"},"modified":"2026-04-04T00:14:21","modified_gmt":"2026-04-04T06:14:21","slug":"caja-portaherramientas-plastica-urrea-cpu20a-con-broches-metalicos-y-charola-21","status":"publish","type":"product","link":"https:\/\/thoro.com.mx\/ethoro\/shop\/herramientas\/organizacion-y-almacenamiento\/cajas-portaherramientas\/caja-portaherramientas-plastica-urrea-cpu20a-con-broches-metalicos-y-charola-21\/","title":{"rendered":"CAJA PORTAHERRAMIENTAS PL\u00c1STICA URREA CPU20A CON BROCHES MET\u00c1LICOS Y CHAROLA 21&#8221;"},"content":{"rendered":"<h4>CPU20A<\/h4>\n<ul>\n<li>Caja portaherramientas pl\u00e1stica con broches met\u00e1licos y charola 21&#8243;<\/li>\n<li><\/li>\n<li>Uso pesado.<\/li>\n<li>Pl\u00e1stico de alta resistencia.<\/li>\n<li>Espacio de almacenamiento m\u00e1ximo con capacidad de 31,500 cm3<\/li>\n<li>Asa met\u00e1lica de 40,5 cm para mayor resistencia.<\/li>\n<li>Cuerpo con costillas de refuerzo que incrementa la resistencia.<\/li>\n<li>Dise\u00f1o de cuerpo con asas laterales.<\/li>\n<li>Bisagra corrida de 43 cm para mayor vida \u00fatil.<\/li>\n<li>Apertura de tapa de 110\u00b0 para mayor facilidad en el uso.<\/li>\n<li>Broches met\u00e1licos de alta resistencia, con porta candado.<\/li>\n<li>Charola con siete divisiones.<\/li>\n<li>Ancho: 10 3\/4&#8243;&#8221;<\/li>\n<li>Largo: 21&#8243;&#8221;<\/li>\n<li>M\u00e1x. Espacio De Almacenamiento: 31,500 Cm<\/li>\n<li>Peso Grs: 3100<\/li>\n<li>Peso Lbs: 6.8&#8243;<\/li>\n<\/ul>\n","protected":false},"excerpt":{"rendered":"<p>CPU20A Caja portaherramientas pl\u00e1stica con broches met\u00e1licos y charola 21&#8243; Uso pesado. Pl\u00e1stico de alta resistencia. Espacio de almacenamiento m\u00e1ximo con capacidad de 31,500 cm3 Asa met\u00e1lica de 40,5 cm para mayor resistencia. Cuerpo con costillas de refuerzo que incrementa la resistencia. Dise\u00f1o de cuerpo con asas laterales. Bisagra corrida de 43 cm para mayor [&hellip;]<\/p>\n","protected":false},"featured_media":5428,"comment_status":"open","ping_status":"closed","template":"","meta":{"_monsterinsights_skip_tracking":false,"_monsterinsights_sitenote_active":false,"_monsterinsights_sitenote_note":"","_monsterinsights_sitenote_category":0,"_joinchat":[]},"product_brand":[],"product_cat":[398],"product_tag":[],"class_list":{"0":"post-5429","1":"product","2":"type-product","3":"status-publish","4":"has-post-thumbnail","6":"product_cat-cajas-portaherramientas","8":"first","9":"instock","10":"taxable","11":"shipping-taxable","12":"purchasable","13":"product-type-simple","14":"add-to-wishlist-after_add_to_cart"},"yoast_head":"<!-- This site is optimized with the Yoast SEO plugin v27.1.1 - https:\/\/yoast.com\/product\/yoast-seo-wordpress\/ -->\n<title>CAJA PORTAHERRAMIENTAS PL\u00c1STICA URREA CPU20A CON BROCHES MET\u00c1LICOS Y CHAROLA 21&#039;&#039; - Thoro enterprises de Mexico<\/title>\n<meta name=\"robots\" content=\"noindex, follow\" \/>\n<meta property=\"og:locale\" content=\"es_MX\" \/>\n<meta property=\"og:type\" content=\"article\" \/>\n<meta property=\"og:title\" content=\"CAJA PORTAHERRAMIENTAS PL\u00c1STICA URREA CPU20A CON BROCHES MET\u00c1LICOS Y CHAROLA 21&#039;&#039; - Thoro enterprises de Mexico\" \/>\n<meta property=\"og:description\" content=\"CPU20A Caja portaherramientas pl\u00e1stica con broches met\u00e1licos y charola 21&#8243; Uso pesado. Pl\u00e1stico de alta resistencia. Espacio de almacenamiento m\u00e1ximo con capacidad de 31,500 cm3 Asa met\u00e1lica de 40,5 cm para mayor resistencia. Cuerpo con costillas de refuerzo que incrementa la resistencia. Dise\u00f1o de cuerpo con asas laterales. Bisagra corrida de 43 cm para mayor [&hellip;]\" \/>\n<meta property=\"og:url\" content=\"https:\/\/thoro.com.mx\/ethoro\/shop\/herramientas\/organizacion-y-almacenamiento\/cajas-portaherramientas\/caja-portaherramientas-plastica-urrea-cpu20a-con-broches-metalicos-y-charola-21\/\" \/>\n<meta property=\"og:site_name\" content=\"Thoro enterprises de Mexico\" \/>\n<meta property=\"article:publisher\" content=\"https:\/\/www.facebook.com\/ThoroEnterprises\" \/>\n<meta property=\"article:modified_time\" content=\"2026-04-04T06:14:21+00:00\" \/>\n<meta property=\"og:image\" content=\"https:\/\/thoro.com.mx\/ethoro\/wp-content\/uploads\/2025\/02\/H1553.jpg\" \/>\n\t<meta property=\"og:image:width\" content=\"1000\" \/>\n\t<meta property=\"og:image:height\" content=\"1000\" \/>\n\t<meta property=\"og:image:type\" content=\"image\/jpeg\" \/>\n<meta name=\"twitter:card\" content=\"summary_large_image\" \/>\n<script type=\"application\/ld+json\" class=\"yoast-schema-graph\">{\"@context\":\"https:\/\/schema.org\",\"@graph\":[{\"@type\":\"WebPage\",\"@id\":\"https:\/\/thoro.com.mx\/ethoro\/shop\/herramientas\/organizacion-y-almacenamiento\/cajas-portaherramientas\/caja-portaherramientas-plastica-urrea-cpu20a-con-broches-metalicos-y-charola-21\/\",\"url\":\"https:\/\/thoro.com.mx\/ethoro\/shop\/herramientas\/organizacion-y-almacenamiento\/cajas-portaherramientas\/caja-portaherramientas-plastica-urrea-cpu20a-con-broches-metalicos-y-charola-21\/\",\"name\":\"CAJA PORTAHERRAMIENTAS PL\u00c1STICA URREA CPU20A CON BROCHES MET\u00c1LICOS Y CHAROLA 21'' - Thoro enterprises de Mexico\",\"isPartOf\":{\"@id\":\"https:\/\/72.167.50.119\/ethoro\/#website\"},\"primaryImageOfPage\":{\"@id\":\"https:\/\/thoro.com.mx\/ethoro\/shop\/herramientas\/organizacion-y-almacenamiento\/cajas-portaherramientas\/caja-portaherramientas-plastica-urrea-cpu20a-con-broches-metalicos-y-charola-21\/#primaryimage\"},\"image\":{\"@id\":\"https:\/\/thoro.com.mx\/ethoro\/shop\/herramientas\/organizacion-y-almacenamiento\/cajas-portaherramientas\/caja-portaherramientas-plastica-urrea-cpu20a-con-broches-metalicos-y-charola-21\/#primaryimage\"},\"thumbnailUrl\":\"https:\/\/thoro.com.mx\/ethoro\/wp-content\/uploads\/2025\/02\/H1553.jpg\",\"datePublished\":\"2025-02-05T18:00:53+00:00\",\"dateModified\":\"2026-04-04T06:14:21+00:00\",\"breadcrumb\":{\"@id\":\"https:\/\/thoro.com.mx\/ethoro\/shop\/herramientas\/organizacion-y-almacenamiento\/cajas-portaherramientas\/caja-portaherramientas-plastica-urrea-cpu20a-con-broches-metalicos-y-charola-21\/#breadcrumb\"},\"inLanguage\":\"es\",\"potentialAction\":[{\"@type\":\"ReadAction\",\"target\":[\"https:\/\/thoro.com.mx\/ethoro\/shop\/herramientas\/organizacion-y-almacenamiento\/cajas-portaherramientas\/caja-portaherramientas-plastica-urrea-cpu20a-con-broches-metalicos-y-charola-21\/\"]}]},{\"@type\":\"ImageObject\",\"inLanguage\":\"es\",\"@id\":\"https:\/\/thoro.com.mx\/ethoro\/shop\/herramientas\/organizacion-y-almacenamiento\/cajas-portaherramientas\/caja-portaherramientas-plastica-urrea-cpu20a-con-broches-metalicos-y-charola-21\/#primaryimage\",\"url\":\"https:\/\/thoro.com.mx\/ethoro\/wp-content\/uploads\/2025\/02\/H1553.jpg\",\"contentUrl\":\"https:\/\/thoro.com.mx\/ethoro\/wp-content\/uploads\/2025\/02\/H1553.jpg\",\"width\":1000,\"height\":1000},{\"@type\":\"BreadcrumbList\",\"@id\":\"https:\/\/thoro.com.mx\/ethoro\/shop\/herramientas\/organizacion-y-almacenamiento\/cajas-portaherramientas\/caja-portaherramientas-plastica-urrea-cpu20a-con-broches-metalicos-y-charola-21\/#breadcrumb\",\"itemListElement\":[{\"@type\":\"ListItem\",\"position\":1,\"name\":\"Inicio\",\"item\":\"https:\/\/thoro.com.mx\/ethoro\/\"},{\"@type\":\"ListItem\",\"position\":2,\"name\":\"Tienda\",\"item\":\"https:\/\/thoro.com.mx\/ethoro\/shop\/\"},{\"@type\":\"ListItem\",\"position\":3,\"name\":\"CAJA PORTAHERRAMIENTAS PL\u00c1STICA URREA CPU20A CON BROCHES MET\u00c1LICOS Y CHAROLA 21&#8221;\"}]},{\"@type\":\"WebSite\",\"@id\":\"https:\/\/72.167.50.119\/ethoro\/#website\",\"url\":\"https:\/\/72.167.50.119\/ethoro\/\",\"name\":\"Thoro Enterprises de M\u00e9xico\",\"description\":\"Todo en Thoro\",\"publisher\":{\"@id\":\"https:\/\/72.167.50.119\/ethoro\/#organization\"},\"alternateName\":\"Thoro shop\",\"potentialAction\":[{\"@type\":\"SearchAction\",\"target\":{\"@type\":\"EntryPoint\",\"urlTemplate\":\"https:\/\/72.167.50.119\/ethoro\/?s={search_term_string}\"},\"query-input\":{\"@type\":\"PropertyValueSpecification\",\"valueRequired\":true,\"valueName\":\"search_term_string\"}}],\"inLanguage\":\"es\"},{\"@type\":\"Organization\",\"@id\":\"https:\/\/72.167.50.119\/ethoro\/#organization\",\"name\":\"Thoro Enterprises de M\u00e9xico\",\"alternateName\":\"Thoro shop\",\"url\":\"https:\/\/72.167.50.119\/ethoro\/\",\"logo\":{\"@type\":\"ImageObject\",\"inLanguage\":\"es\",\"@id\":\"https:\/\/72.167.50.119\/ethoro\/#\/schema\/logo\/image\/\",\"url\":\"https:\/\/72.167.50.119\/ethoro\/wp-content\/uploads\/2025\/01\/cropped-cropped-icono_t-180x180-1.png\",\"contentUrl\":\"https:\/\/72.167.50.119\/ethoro\/wp-content\/uploads\/2025\/01\/cropped-cropped-icono_t-180x180-1.png\",\"width\":512,\"height\":512,\"caption\":\"Thoro Enterprises de M\u00e9xico\"},\"image\":{\"@id\":\"https:\/\/72.167.50.119\/ethoro\/#\/schema\/logo\/image\/\"},\"sameAs\":[\"https:\/\/www.facebook.com\/ThoroEnterprises\",\"https:\/\/www.instagram.com\/thoro.mexico\/\"]}]}<\/script>\n<!-- \/ Yoast SEO plugin. -->","yoast_head_json":{"title":"CAJA PORTAHERRAMIENTAS PL\u00c1STICA URREA CPU20A CON BROCHES MET\u00c1LICOS Y CHAROLA 21'' - Thoro enterprises de Mexico","robots":{"index":"noindex","follow":"follow"},"og_locale":"es_MX","og_type":"article","og_title":"CAJA PORTAHERRAMIENTAS PL\u00c1STICA URREA CPU20A CON BROCHES MET\u00c1LICOS Y CHAROLA 21'' - Thoro enterprises de Mexico","og_description":"CPU20A Caja portaherramientas pl\u00e1stica con broches met\u00e1licos y charola 21&#8243; Uso pesado. Pl\u00e1stico de alta resistencia. Espacio de almacenamiento m\u00e1ximo con capacidad de 31,500 cm3 Asa met\u00e1lica de 40,5 cm para mayor resistencia. Cuerpo con costillas de refuerzo que incrementa la resistencia. Dise\u00f1o de cuerpo con asas laterales. Bisagra corrida de 43 cm para mayor [&hellip;]","og_url":"https:\/\/thoro.com.mx\/ethoro\/shop\/herramientas\/organizacion-y-almacenamiento\/cajas-portaherramientas\/caja-portaherramientas-plastica-urrea-cpu20a-con-broches-metalicos-y-charola-21\/","og_site_name":"Thoro enterprises de Mexico","article_publisher":"https:\/\/www.facebook.com\/ThoroEnterprises","article_modified_time":"2026-04-04T06:14:21+00:00","og_image":[{"width":1000,"height":1000,"url":"https:\/\/thoro.com.mx\/ethoro\/wp-content\/uploads\/2025\/02\/H1553.jpg","type":"image\/jpeg"}],"twitter_card":"summary_large_image","schema":{"@context":"https:\/\/schema.org","@graph":[{"@type":"WebPage","@id":"https:\/\/thoro.com.mx\/ethoro\/shop\/herramientas\/organizacion-y-almacenamiento\/cajas-portaherramientas\/caja-portaherramientas-plastica-urrea-cpu20a-con-broches-metalicos-y-charola-21\/","url":"https:\/\/thoro.com.mx\/ethoro\/shop\/herramientas\/organizacion-y-almacenamiento\/cajas-portaherramientas\/caja-portaherramientas-plastica-urrea-cpu20a-con-broches-metalicos-y-charola-21\/","name":"CAJA PORTAHERRAMIENTAS PL\u00c1STICA URREA CPU20A CON BROCHES MET\u00c1LICOS Y CHAROLA 21'' - Thoro enterprises de Mexico","isPartOf":{"@id":"https:\/\/72.167.50.119\/ethoro\/#website"},"primaryImageOfPage":{"@id":"https:\/\/thoro.com.mx\/ethoro\/shop\/herramientas\/organizacion-y-almacenamiento\/cajas-portaherramientas\/caja-portaherramientas-plastica-urrea-cpu20a-con-broches-metalicos-y-charola-21\/#primaryimage"},"image":{"@id":"https:\/\/thoro.com.mx\/ethoro\/shop\/herramientas\/organizacion-y-almacenamiento\/cajas-portaherramientas\/caja-portaherramientas-plastica-urrea-cpu20a-con-broches-metalicos-y-charola-21\/#primaryimage"},"thumbnailUrl":"https:\/\/thoro.com.mx\/ethoro\/wp-content\/uploads\/2025\/02\/H1553.jpg","datePublished":"2025-02-05T18:00:53+00:00","dateModified":"2026-04-04T06:14:21+00:00","breadcrumb":{"@id":"https:\/\/thoro.com.mx\/ethoro\/shop\/herramientas\/organizacion-y-almacenamiento\/cajas-portaherramientas\/caja-portaherramientas-plastica-urrea-cpu20a-con-broches-metalicos-y-charola-21\/#breadcrumb"},"inLanguage":"es","potentialAction":[{"@type":"ReadAction","target":["https:\/\/thoro.com.mx\/ethoro\/shop\/herramientas\/organizacion-y-almacenamiento\/cajas-portaherramientas\/caja-portaherramientas-plastica-urrea-cpu20a-con-broches-metalicos-y-charola-21\/"]}]},{"@type":"ImageObject","inLanguage":"es","@id":"https:\/\/thoro.com.mx\/ethoro\/shop\/herramientas\/organizacion-y-almacenamiento\/cajas-portaherramientas\/caja-portaherramientas-plastica-urrea-cpu20a-con-broches-metalicos-y-charola-21\/#primaryimage","url":"https:\/\/thoro.com.mx\/ethoro\/wp-content\/uploads\/2025\/02\/H1553.jpg","contentUrl":"https:\/\/thoro.com.mx\/ethoro\/wp-content\/uploads\/2025\/02\/H1553.jpg","width":1000,"height":1000},{"@type":"BreadcrumbList","@id":"https:\/\/thoro.com.mx\/ethoro\/shop\/herramientas\/organizacion-y-almacenamiento\/cajas-portaherramientas\/caja-portaherramientas-plastica-urrea-cpu20a-con-broches-metalicos-y-charola-21\/#breadcrumb","itemListElement":[{"@type":"ListItem","position":1,"name":"Inicio","item":"https:\/\/thoro.com.mx\/ethoro\/"},{"@type":"ListItem","position":2,"name":"Tienda","item":"https:\/\/thoro.com.mx\/ethoro\/shop\/"},{"@type":"ListItem","position":3,"name":"CAJA PORTAHERRAMIENTAS PL\u00c1STICA URREA CPU20A CON BROCHES MET\u00c1LICOS Y CHAROLA 21&#8221;"}]},{"@type":"WebSite","@id":"https:\/\/72.167.50.119\/ethoro\/#website","url":"https:\/\/72.167.50.119\/ethoro\/","name":"Thoro Enterprises de M\u00e9xico","description":"Todo en Thoro","publisher":{"@id":"https:\/\/72.167.50.119\/ethoro\/#organization"},"alternateName":"Thoro shop","potentialAction":[{"@type":"SearchAction","target":{"@type":"EntryPoint","urlTemplate":"https:\/\/72.167.50.119\/ethoro\/?s={search_term_string}"},"query-input":{"@type":"PropertyValueSpecification","valueRequired":true,"valueName":"search_term_string"}}],"inLanguage":"es"},{"@type":"Organization","@id":"https:\/\/72.167.50.119\/ethoro\/#organization","name":"Thoro Enterprises de M\u00e9xico","alternateName":"Thoro shop","url":"https:\/\/72.167.50.119\/ethoro\/","logo":{"@type":"ImageObject","inLanguage":"es","@id":"https:\/\/72.167.50.119\/ethoro\/#\/schema\/logo\/image\/","url":"https:\/\/72.167.50.119\/ethoro\/wp-content\/uploads\/2025\/01\/cropped-cropped-icono_t-180x180-1.png","contentUrl":"https:\/\/72.167.50.119\/ethoro\/wp-content\/uploads\/2025\/01\/cropped-cropped-icono_t-180x180-1.png","width":512,"height":512,"caption":"Thoro Enterprises de M\u00e9xico"},"image":{"@id":"https:\/\/72.167.50.119\/ethoro\/#\/schema\/logo\/image\/"},"sameAs":["https:\/\/www.facebook.com\/ThoroEnterprises","https:\/\/www.instagram.com\/thoro.mexico\/"]}]}},"_links":{"self":[{"href":"https:\/\/thoro.com.mx\/ethoro\/wp-json\/wp\/v2\/product\/5429","targetHints":{"allow":["GET"]}}],"collection":[{"href":"https:\/\/thoro.com.mx\/ethoro\/wp-json\/wp\/v2\/product"}],"about":[{"href":"https:\/\/thoro.com.mx\/ethoro\/wp-json\/wp\/v2\/types\/product"}],"replies":[{"embeddable":true,"href":"https:\/\/thoro.com.mx\/ethoro\/wp-json\/wp\/v2\/comments?post=5429"}],"wp:featuredmedia":[{"embeddable":true,"href":"https:\/\/thoro.com.mx\/ethoro\/wp-json\/wp\/v2\/media\/5428"}],"wp:attachment":[{"href":"https:\/\/thoro.com.mx\/ethoro\/wp-json\/wp\/v2\/media?parent=5429"}],"wp:term":[{"taxonomy":"product_brand","embeddable":true,"href":"https:\/\/thoro.com.mx\/ethoro\/wp-json\/wp\/v2\/product_brand?post=5429"},{"taxonomy":"product_cat","embeddable":true,"href":"https:\/\/thoro.com.mx\/ethoro\/wp-json\/wp\/v2\/product_cat?post=5429"},{"taxonomy":"product_tag","embeddable":true,"href":"https:\/\/thoro.com.mx\/ethoro\/wp-json\/wp\/v2\/product_tag?post=5429"}],"curies":[{"name":"wp","href":"https:\/\/api.w.org\/{rel}","templated":true}]}}