{"id":5606,"date":"2025-02-05T12:02:10","date_gmt":"2025-02-05T18:02:10","guid":{"rendered":"https:\/\/72.167.50.119\/ethoro\/shop\/sin categor\u00eda\/esmeriladora-industrial-truper-esma-9n4-se-9-pulgadas-con-2450-watts\/"},"modified":"2026-04-07T00:19:14","modified_gmt":"2026-04-07T06:19:14","slug":"esmeriladora-industrial-truper-esma-9n4-se-9-pulgadas-con-2450-watts","status":"publish","type":"product","link":"https:\/\/thoro.com.mx\/ethoro\/shop\/herramientas\/herramientas-electricas\/esmeriladoras-electricas\/esmeriladora-industrial-truper-esma-9n4-se-9-pulgadas-con-2450-watts\/","title":{"rendered":"ESMERILADORA INDUSTRIAL TRUPER ESMA-9N4 SE 9 PULGADAS CON 2,450 WATTS"},"content":{"rendered":"<h4>ESMA-9N4<\/h4>\n<ul>\n<li>Motor de 2450 W, montado sobre balero de bolas para mayor vida \u00fatil y mejor desempe\u00f1o.<\/li>\n<li>Interruptor en mango trasero ergon\u00f3mico antiderrapante con funci\u00f3n de uso continuo.<\/li>\n<li>Bobinado de campo con recubrimiento ep\u00f3xido, prolonga la vida \u00fatil del motor.<\/li>\n<li>Ventilaci\u00f3n doble con m\u00e1xima protecci\u00f3n contra polvo y part\u00edculas met\u00e1licas que prolonga la vida \u00fatil del motor.<\/li>\n<li>Mango antivibraci\u00f3n, ergon\u00f3mico y antiderrapante con 3 posiciones para mayor control.<\/li>\n<li>Incluye: Disco abrasivo de 9&#8243; para desbaste de metal.<\/li>\n<li>Guarda de protecci\u00f3n.<\/li>\n<li>Mango auxiliar.<\/li>\n<li>Llave de dos puntas.<\/li>\n<li>Bridas.<\/li>\n<li>Carbones de repuesto.<\/li>\n<\/ul>\n","protected":false},"excerpt":{"rendered":"<p>ESMA-9N4 Motor de 2450 W, montado sobre balero de bolas para mayor vida \u00fatil y mejor desempe\u00f1o. Interruptor en mango trasero ergon\u00f3mico antiderrapante con funci\u00f3n de uso continuo. Bobinado de campo con recubrimiento ep\u00f3xido, prolonga la vida \u00fatil del motor. Ventilaci\u00f3n doble con m\u00e1xima protecci\u00f3n contra polvo y part\u00edculas met\u00e1licas que prolonga la vida \u00fatil [&hellip;]<\/p>\n","protected":false},"featured_media":451403,"comment_status":"open","ping_status":"closed","template":"","meta":{"_monsterinsights_skip_tracking":false,"_monsterinsights_sitenote_active":false,"_monsterinsights_sitenote_note":"","_monsterinsights_sitenote_category":0,"_joinchat":[]},"product_brand":[],"product_cat":[363],"product_tag":[],"class_list":{"0":"post-5606","1":"product","2":"type-product","3":"status-publish","4":"has-post-thumbnail","6":"product_cat-esmeriladoras-electricas","8":"first","9":"instock","10":"sale","11":"taxable","12":"shipping-taxable","13":"purchasable","14":"product-type-simple","15":"add-to-wishlist-after_add_to_cart"},"yoast_head":"<!-- This site is optimized with the Yoast SEO plugin v27.1.1 - https:\/\/yoast.com\/product\/yoast-seo-wordpress\/ -->\n<title>ESMERILADORA INDUSTRIAL TRUPER ESMA-9N4 SE 9 PULGADAS CON 2,450 WATTS - Thoro enterprises de Mexico<\/title>\n<meta name=\"robots\" content=\"noindex, follow\" \/>\n<meta property=\"og:locale\" content=\"es_MX\" \/>\n<meta property=\"og:type\" content=\"article\" \/>\n<meta property=\"og:title\" content=\"ESMERILADORA INDUSTRIAL TRUPER ESMA-9N4 SE 9 PULGADAS CON 2,450 WATTS - Thoro enterprises de Mexico\" \/>\n<meta property=\"og:description\" content=\"ESMA-9N4 Motor de 2450 W, montado sobre balero de bolas para mayor vida \u00fatil y mejor desempe\u00f1o. Interruptor en mango trasero ergon\u00f3mico antiderrapante con funci\u00f3n de uso continuo. Bobinado de campo con recubrimiento ep\u00f3xido, prolonga la vida \u00fatil del motor. Ventilaci\u00f3n doble con m\u00e1xima protecci\u00f3n contra polvo y part\u00edculas met\u00e1licas que prolonga la vida \u00fatil [&hellip;]\" \/>\n<meta property=\"og:url\" content=\"https:\/\/thoro.com.mx\/ethoro\/shop\/herramientas\/herramientas-electricas\/esmeriladoras-electricas\/esmeriladora-industrial-truper-esma-9n4-se-9-pulgadas-con-2450-watts\/\" \/>\n<meta property=\"og:site_name\" content=\"Thoro enterprises de Mexico\" \/>\n<meta property=\"article:publisher\" content=\"https:\/\/www.facebook.com\/ThoroEnterprises\" \/>\n<meta property=\"article:modified_time\" content=\"2026-04-07T06:19:14+00:00\" \/>\n<meta name=\"twitter:card\" content=\"summary_large_image\" \/>\n<meta name=\"twitter:label1\" content=\"Tiempo de lectura\" \/>\n\t<meta name=\"twitter:data1\" content=\"1 minuto\" \/>\n<script type=\"application\/ld+json\" class=\"yoast-schema-graph\">{\"@context\":\"https:\/\/schema.org\",\"@graph\":[{\"@type\":\"WebPage\",\"@id\":\"https:\/\/thoro.com.mx\/ethoro\/shop\/herramientas\/herramientas-electricas\/esmeriladoras-electricas\/esmeriladora-industrial-truper-esma-9n4-se-9-pulgadas-con-2450-watts\/\",\"url\":\"https:\/\/thoro.com.mx\/ethoro\/shop\/herramientas\/herramientas-electricas\/esmeriladoras-electricas\/esmeriladora-industrial-truper-esma-9n4-se-9-pulgadas-con-2450-watts\/\",\"name\":\"ESMERILADORA INDUSTRIAL TRUPER ESMA-9N4 SE 9 PULGADAS CON 2,450 WATTS - Thoro enterprises de Mexico\",\"isPartOf\":{\"@id\":\"https:\/\/72.167.50.119\/ethoro\/#website\"},\"primaryImageOfPage\":{\"@id\":\"https:\/\/thoro.com.mx\/ethoro\/shop\/herramientas\/herramientas-electricas\/esmeriladoras-electricas\/esmeriladora-industrial-truper-esma-9n4-se-9-pulgadas-con-2450-watts\/#primaryimage\"},\"image\":{\"@id\":\"https:\/\/thoro.com.mx\/ethoro\/shop\/herramientas\/herramientas-electricas\/esmeriladoras-electricas\/esmeriladora-industrial-truper-esma-9n4-se-9-pulgadas-con-2450-watts\/#primaryimage\"},\"thumbnailUrl\":\"https:\/\/thoro.com.mx\/ethoro\/wp-content\/uploads\/2025\/12\/H16202.jpg\",\"datePublished\":\"2025-02-05T18:02:10+00:00\",\"dateModified\":\"2026-04-07T06:19:14+00:00\",\"breadcrumb\":{\"@id\":\"https:\/\/thoro.com.mx\/ethoro\/shop\/herramientas\/herramientas-electricas\/esmeriladoras-electricas\/esmeriladora-industrial-truper-esma-9n4-se-9-pulgadas-con-2450-watts\/#breadcrumb\"},\"inLanguage\":\"es\",\"potentialAction\":[{\"@type\":\"ReadAction\",\"target\":[\"https:\/\/thoro.com.mx\/ethoro\/shop\/herramientas\/herramientas-electricas\/esmeriladoras-electricas\/esmeriladora-industrial-truper-esma-9n4-se-9-pulgadas-con-2450-watts\/\"]}]},{\"@type\":\"ImageObject\",\"inLanguage\":\"es\",\"@id\":\"https:\/\/thoro.com.mx\/ethoro\/shop\/herramientas\/herramientas-electricas\/esmeriladoras-electricas\/esmeriladora-industrial-truper-esma-9n4-se-9-pulgadas-con-2450-watts\/#primaryimage\",\"url\":\"https:\/\/thoro.com.mx\/ethoro\/wp-content\/uploads\/2025\/12\/H16202.jpg\",\"contentUrl\":\"https:\/\/thoro.com.mx\/ethoro\/wp-content\/uploads\/2025\/12\/H16202.jpg\",\"width\":1000,\"height\":1000},{\"@type\":\"BreadcrumbList\",\"@id\":\"https:\/\/thoro.com.mx\/ethoro\/shop\/herramientas\/herramientas-electricas\/esmeriladoras-electricas\/esmeriladora-industrial-truper-esma-9n4-se-9-pulgadas-con-2450-watts\/#breadcrumb\",\"itemListElement\":[{\"@type\":\"ListItem\",\"position\":1,\"name\":\"Inicio\",\"item\":\"https:\/\/thoro.com.mx\/ethoro\/\"},{\"@type\":\"ListItem\",\"position\":2,\"name\":\"Tienda\",\"item\":\"https:\/\/thoro.com.mx\/ethoro\/shop\/\"},{\"@type\":\"ListItem\",\"position\":3,\"name\":\"ESMERILADORA INDUSTRIAL TRUPER ESMA-9N4 SE 9 PULGADAS CON 2,450 WATTS\"}]},{\"@type\":\"WebSite\",\"@id\":\"https:\/\/72.167.50.119\/ethoro\/#website\",\"url\":\"https:\/\/72.167.50.119\/ethoro\/\",\"name\":\"Thoro Enterprises de M\u00e9xico\",\"description\":\"Todo en Thoro\",\"publisher\":{\"@id\":\"https:\/\/72.167.50.119\/ethoro\/#organization\"},\"alternateName\":\"Thoro shop\",\"potentialAction\":[{\"@type\":\"SearchAction\",\"target\":{\"@type\":\"EntryPoint\",\"urlTemplate\":\"https:\/\/72.167.50.119\/ethoro\/?s={search_term_string}\"},\"query-input\":{\"@type\":\"PropertyValueSpecification\",\"valueRequired\":true,\"valueName\":\"search_term_string\"}}],\"inLanguage\":\"es\"},{\"@type\":\"Organization\",\"@id\":\"https:\/\/72.167.50.119\/ethoro\/#organization\",\"name\":\"Thoro Enterprises de M\u00e9xico\",\"alternateName\":\"Thoro shop\",\"url\":\"https:\/\/72.167.50.119\/ethoro\/\",\"logo\":{\"@type\":\"ImageObject\",\"inLanguage\":\"es\",\"@id\":\"https:\/\/72.167.50.119\/ethoro\/#\/schema\/logo\/image\/\",\"url\":\"https:\/\/72.167.50.119\/ethoro\/wp-content\/uploads\/2025\/01\/cropped-cropped-icono_t-180x180-1.png\",\"contentUrl\":\"https:\/\/72.167.50.119\/ethoro\/wp-content\/uploads\/2025\/01\/cropped-cropped-icono_t-180x180-1.png\",\"width\":512,\"height\":512,\"caption\":\"Thoro Enterprises de M\u00e9xico\"},\"image\":{\"@id\":\"https:\/\/72.167.50.119\/ethoro\/#\/schema\/logo\/image\/\"},\"sameAs\":[\"https:\/\/www.facebook.com\/ThoroEnterprises\",\"https:\/\/www.instagram.com\/thoro.mexico\/\"]}]}<\/script>\n<!-- \/ Yoast SEO plugin. -->","yoast_head_json":{"title":"ESMERILADORA INDUSTRIAL TRUPER ESMA-9N4 SE 9 PULGADAS CON 2,450 WATTS - Thoro enterprises de Mexico","robots":{"index":"noindex","follow":"follow"},"og_locale":"es_MX","og_type":"article","og_title":"ESMERILADORA INDUSTRIAL TRUPER ESMA-9N4 SE 9 PULGADAS CON 2,450 WATTS - Thoro enterprises de Mexico","og_description":"ESMA-9N4 Motor de 2450 W, montado sobre balero de bolas para mayor vida \u00fatil y mejor desempe\u00f1o. Interruptor en mango trasero ergon\u00f3mico antiderrapante con funci\u00f3n de uso continuo. Bobinado de campo con recubrimiento ep\u00f3xido, prolonga la vida \u00fatil del motor. Ventilaci\u00f3n doble con m\u00e1xima protecci\u00f3n contra polvo y part\u00edculas met\u00e1licas que prolonga la vida \u00fatil [&hellip;]","og_url":"https:\/\/thoro.com.mx\/ethoro\/shop\/herramientas\/herramientas-electricas\/esmeriladoras-electricas\/esmeriladora-industrial-truper-esma-9n4-se-9-pulgadas-con-2450-watts\/","og_site_name":"Thoro enterprises de Mexico","article_publisher":"https:\/\/www.facebook.com\/ThoroEnterprises","article_modified_time":"2026-04-07T06:19:14+00:00","twitter_card":"summary_large_image","twitter_misc":{"Tiempo de lectura":"1 minuto"},"schema":{"@context":"https:\/\/schema.org","@graph":[{"@type":"WebPage","@id":"https:\/\/thoro.com.mx\/ethoro\/shop\/herramientas\/herramientas-electricas\/esmeriladoras-electricas\/esmeriladora-industrial-truper-esma-9n4-se-9-pulgadas-con-2450-watts\/","url":"https:\/\/thoro.com.mx\/ethoro\/shop\/herramientas\/herramientas-electricas\/esmeriladoras-electricas\/esmeriladora-industrial-truper-esma-9n4-se-9-pulgadas-con-2450-watts\/","name":"ESMERILADORA INDUSTRIAL TRUPER ESMA-9N4 SE 9 PULGADAS CON 2,450 WATTS - Thoro enterprises de Mexico","isPartOf":{"@id":"https:\/\/72.167.50.119\/ethoro\/#website"},"primaryImageOfPage":{"@id":"https:\/\/thoro.com.mx\/ethoro\/shop\/herramientas\/herramientas-electricas\/esmeriladoras-electricas\/esmeriladora-industrial-truper-esma-9n4-se-9-pulgadas-con-2450-watts\/#primaryimage"},"image":{"@id":"https:\/\/thoro.com.mx\/ethoro\/shop\/herramientas\/herramientas-electricas\/esmeriladoras-electricas\/esmeriladora-industrial-truper-esma-9n4-se-9-pulgadas-con-2450-watts\/#primaryimage"},"thumbnailUrl":"https:\/\/thoro.com.mx\/ethoro\/wp-content\/uploads\/2025\/12\/H16202.jpg","datePublished":"2025-02-05T18:02:10+00:00","dateModified":"2026-04-07T06:19:14+00:00","breadcrumb":{"@id":"https:\/\/thoro.com.mx\/ethoro\/shop\/herramientas\/herramientas-electricas\/esmeriladoras-electricas\/esmeriladora-industrial-truper-esma-9n4-se-9-pulgadas-con-2450-watts\/#breadcrumb"},"inLanguage":"es","potentialAction":[{"@type":"ReadAction","target":["https:\/\/thoro.com.mx\/ethoro\/shop\/herramientas\/herramientas-electricas\/esmeriladoras-electricas\/esmeriladora-industrial-truper-esma-9n4-se-9-pulgadas-con-2450-watts\/"]}]},{"@type":"ImageObject","inLanguage":"es","@id":"https:\/\/thoro.com.mx\/ethoro\/shop\/herramientas\/herramientas-electricas\/esmeriladoras-electricas\/esmeriladora-industrial-truper-esma-9n4-se-9-pulgadas-con-2450-watts\/#primaryimage","url":"https:\/\/thoro.com.mx\/ethoro\/wp-content\/uploads\/2025\/12\/H16202.jpg","contentUrl":"https:\/\/thoro.com.mx\/ethoro\/wp-content\/uploads\/2025\/12\/H16202.jpg","width":1000,"height":1000},{"@type":"BreadcrumbList","@id":"https:\/\/thoro.com.mx\/ethoro\/shop\/herramientas\/herramientas-electricas\/esmeriladoras-electricas\/esmeriladora-industrial-truper-esma-9n4-se-9-pulgadas-con-2450-watts\/#breadcrumb","itemListElement":[{"@type":"ListItem","position":1,"name":"Inicio","item":"https:\/\/thoro.com.mx\/ethoro\/"},{"@type":"ListItem","position":2,"name":"Tienda","item":"https:\/\/thoro.com.mx\/ethoro\/shop\/"},{"@type":"ListItem","position":3,"name":"ESMERILADORA INDUSTRIAL TRUPER ESMA-9N4 SE 9 PULGADAS CON 2,450 WATTS"}]},{"@type":"WebSite","@id":"https:\/\/72.167.50.119\/ethoro\/#website","url":"https:\/\/72.167.50.119\/ethoro\/","name":"Thoro Enterprises de M\u00e9xico","description":"Todo en Thoro","publisher":{"@id":"https:\/\/72.167.50.119\/ethoro\/#organization"},"alternateName":"Thoro shop","potentialAction":[{"@type":"SearchAction","target":{"@type":"EntryPoint","urlTemplate":"https:\/\/72.167.50.119\/ethoro\/?s={search_term_string}"},"query-input":{"@type":"PropertyValueSpecification","valueRequired":true,"valueName":"search_term_string"}}],"inLanguage":"es"},{"@type":"Organization","@id":"https:\/\/72.167.50.119\/ethoro\/#organization","name":"Thoro Enterprises de M\u00e9xico","alternateName":"Thoro shop","url":"https:\/\/72.167.50.119\/ethoro\/","logo":{"@type":"ImageObject","inLanguage":"es","@id":"https:\/\/72.167.50.119\/ethoro\/#\/schema\/logo\/image\/","url":"https:\/\/72.167.50.119\/ethoro\/wp-content\/uploads\/2025\/01\/cropped-cropped-icono_t-180x180-1.png","contentUrl":"https:\/\/72.167.50.119\/ethoro\/wp-content\/uploads\/2025\/01\/cropped-cropped-icono_t-180x180-1.png","width":512,"height":512,"caption":"Thoro Enterprises de M\u00e9xico"},"image":{"@id":"https:\/\/72.167.50.119\/ethoro\/#\/schema\/logo\/image\/"},"sameAs":["https:\/\/www.facebook.com\/ThoroEnterprises","https:\/\/www.instagram.com\/thoro.mexico\/"]}]}},"_links":{"self":[{"href":"https:\/\/thoro.com.mx\/ethoro\/wp-json\/wp\/v2\/product\/5606","targetHints":{"allow":["GET"]}}],"collection":[{"href":"https:\/\/thoro.com.mx\/ethoro\/wp-json\/wp\/v2\/product"}],"about":[{"href":"https:\/\/thoro.com.mx\/ethoro\/wp-json\/wp\/v2\/types\/product"}],"replies":[{"embeddable":true,"href":"https:\/\/thoro.com.mx\/ethoro\/wp-json\/wp\/v2\/comments?post=5606"}],"wp:featuredmedia":[{"embeddable":true,"href":"https:\/\/thoro.com.mx\/ethoro\/wp-json\/wp\/v2\/media\/451403"}],"wp:attachment":[{"href":"https:\/\/thoro.com.mx\/ethoro\/wp-json\/wp\/v2\/media?parent=5606"}],"wp:term":[{"taxonomy":"product_brand","embeddable":true,"href":"https:\/\/thoro.com.mx\/ethoro\/wp-json\/wp\/v2\/product_brand?post=5606"},{"taxonomy":"product_cat","embeddable":true,"href":"https:\/\/thoro.com.mx\/ethoro\/wp-json\/wp\/v2\/product_cat?post=5606"},{"taxonomy":"product_tag","embeddable":true,"href":"https:\/\/thoro.com.mx\/ethoro\/wp-json\/wp\/v2\/product_tag?post=5606"}],"curies":[{"name":"wp","href":"https:\/\/api.w.org\/{rel}","templated":true}]}}