{"id":5648,"date":"2025-02-05T12:02:23","date_gmt":"2025-02-05T18:02:23","guid":{"rendered":"https:\/\/72.167.50.119\/ethoro\/shop\/sin categor\u00eda\/esmeril-de-banco-truper-eba-5-de-5-pulgadas-con-1-4-hp\/"},"modified":"2026-04-04T00:15:25","modified_gmt":"2026-04-04T06:15:25","slug":"esmeril-de-banco-truper-eba-5-de-5-pulgadas-con-1-4-hp","status":"publish","type":"product","link":"https:\/\/thoro.com.mx\/ethoro\/shop\/herramientas\/herramientas-estacionarias\/esmeriladoras-electricas-herramientas-estacionarias\/esmeril-de-banco-truper-eba-5-de-5-pulgadas-con-1-4-hp\/","title":{"rendered":"ESMERIL DE BANCO TRUPER EBA-5 DE 5 PULGADAS CON 1\/4 HP"},"content":{"rendered":"<h4>EBA-5<\/h4>\n<ul>\n<li>Motor de inducci\u00f3n 1\/4 HP, con bobinas de cobre 2X mayor durabilidad.<\/li>\n<li>Base y cubierta del motor de aluminio, que minimiza la vibraci\u00f3n al trabajar.<\/li>\n<li>Mica protectora con lupa ajustable.<\/li>\n<li>Guardas protectoras met\u00e1licas.<\/li>\n<li>Soportes de trabajo ajustables a diferentes \u00e1ngulos.<\/li>\n<li>Incluye: 2 Ruedas abrasivas: grano 60 (mediano) y grano 36 (grueso) de 5&#8243; x 5\/8&#8243; x 1\/2&#8243;.<\/li>\n<li><\/li>\n<\/ul>\n","protected":false},"excerpt":{"rendered":"<p>EBA-5 Motor de inducci\u00f3n 1\/4 HP, con bobinas de cobre 2X mayor durabilidad. Base y cubierta del motor de aluminio, que minimiza la vibraci\u00f3n al trabajar. Mica protectora con lupa ajustable. Guardas protectoras met\u00e1licas. Soportes de trabajo ajustables a diferentes \u00e1ngulos. Incluye: 2 Ruedas abrasivas: grano 60 (mediano) y grano 36 (grueso) de 5&#8243; x [&hellip;]<\/p>\n","protected":false},"featured_media":458831,"comment_status":"open","ping_status":"closed","template":"","meta":{"_monsterinsights_skip_tracking":false,"_monsterinsights_sitenote_active":false,"_monsterinsights_sitenote_note":"","_monsterinsights_sitenote_category":0,"_joinchat":[]},"product_brand":[],"product_cat":[1824],"product_tag":[],"class_list":{"0":"post-5648","1":"product","2":"type-product","3":"status-publish","4":"has-post-thumbnail","6":"product_cat-esmeriladoras-electricas-herramientas-estacionarias","8":"first","9":"instock","10":"taxable","11":"shipping-taxable","12":"purchasable","13":"product-type-simple","14":"add-to-wishlist-after_add_to_cart"},"yoast_head":"<!-- This site is optimized with the Yoast SEO plugin v27.1.1 - https:\/\/yoast.com\/product\/yoast-seo-wordpress\/ -->\n<title>ESMERIL DE BANCO TRUPER EBA-5 DE 5 PULGADAS CON 1\/4 HP - Thoro enterprises de Mexico<\/title>\n<meta name=\"robots\" content=\"noindex, follow\" \/>\n<meta property=\"og:locale\" content=\"es_MX\" \/>\n<meta property=\"og:type\" content=\"article\" \/>\n<meta property=\"og:title\" content=\"ESMERIL DE BANCO TRUPER EBA-5 DE 5 PULGADAS CON 1\/4 HP - Thoro enterprises de Mexico\" \/>\n<meta property=\"og:description\" content=\"EBA-5 Motor de inducci\u00f3n 1\/4 HP, con bobinas de cobre 2X mayor durabilidad. Base y cubierta del motor de aluminio, que minimiza la vibraci\u00f3n al trabajar. Mica protectora con lupa ajustable. Guardas protectoras met\u00e1licas. Soportes de trabajo ajustables a diferentes \u00e1ngulos. Incluye: 2 Ruedas abrasivas: grano 60 (mediano) y grano 36 (grueso) de 5&#8243; x [&hellip;]\" \/>\n<meta property=\"og:url\" content=\"https:\/\/thoro.com.mx\/ethoro\/shop\/herramientas\/herramientas-estacionarias\/esmeriladoras-electricas-herramientas-estacionarias\/esmeril-de-banco-truper-eba-5-de-5-pulgadas-con-1-4-hp\/\" \/>\n<meta property=\"og:site_name\" content=\"Thoro enterprises de Mexico\" \/>\n<meta property=\"article:publisher\" content=\"https:\/\/www.facebook.com\/ThoroEnterprises\" \/>\n<meta property=\"article:modified_time\" content=\"2026-04-04T06:15:25+00:00\" \/>\n<meta name=\"twitter:card\" content=\"summary_large_image\" \/>\n<script type=\"application\/ld+json\" class=\"yoast-schema-graph\">{\"@context\":\"https:\/\/schema.org\",\"@graph\":[{\"@type\":\"WebPage\",\"@id\":\"https:\/\/thoro.com.mx\/ethoro\/shop\/herramientas\/herramientas-estacionarias\/esmeriladoras-electricas-herramientas-estacionarias\/esmeril-de-banco-truper-eba-5-de-5-pulgadas-con-1-4-hp\/\",\"url\":\"https:\/\/thoro.com.mx\/ethoro\/shop\/herramientas\/herramientas-estacionarias\/esmeriladoras-electricas-herramientas-estacionarias\/esmeril-de-banco-truper-eba-5-de-5-pulgadas-con-1-4-hp\/\",\"name\":\"ESMERIL DE BANCO TRUPER EBA-5 DE 5 PULGADAS CON 1\/4 HP - Thoro enterprises de Mexico\",\"isPartOf\":{\"@id\":\"https:\/\/72.167.50.119\/ethoro\/#website\"},\"primaryImageOfPage\":{\"@id\":\"https:\/\/thoro.com.mx\/ethoro\/shop\/herramientas\/herramientas-estacionarias\/esmeriladoras-electricas-herramientas-estacionarias\/esmeril-de-banco-truper-eba-5-de-5-pulgadas-con-1-4-hp\/#primaryimage\"},\"image\":{\"@id\":\"https:\/\/thoro.com.mx\/ethoro\/shop\/herramientas\/herramientas-estacionarias\/esmeriladoras-electricas-herramientas-estacionarias\/esmeril-de-banco-truper-eba-5-de-5-pulgadas-con-1-4-hp\/#primaryimage\"},\"thumbnailUrl\":\"https:\/\/thoro.com.mx\/ethoro\/wp-content\/uploads\/2026\/02\/H16336.jpg\",\"datePublished\":\"2025-02-05T18:02:23+00:00\",\"dateModified\":\"2026-04-04T06:15:25+00:00\",\"breadcrumb\":{\"@id\":\"https:\/\/thoro.com.mx\/ethoro\/shop\/herramientas\/herramientas-estacionarias\/esmeriladoras-electricas-herramientas-estacionarias\/esmeril-de-banco-truper-eba-5-de-5-pulgadas-con-1-4-hp\/#breadcrumb\"},\"inLanguage\":\"es\",\"potentialAction\":[{\"@type\":\"ReadAction\",\"target\":[\"https:\/\/thoro.com.mx\/ethoro\/shop\/herramientas\/herramientas-estacionarias\/esmeriladoras-electricas-herramientas-estacionarias\/esmeril-de-banco-truper-eba-5-de-5-pulgadas-con-1-4-hp\/\"]}]},{\"@type\":\"ImageObject\",\"inLanguage\":\"es\",\"@id\":\"https:\/\/thoro.com.mx\/ethoro\/shop\/herramientas\/herramientas-estacionarias\/esmeriladoras-electricas-herramientas-estacionarias\/esmeril-de-banco-truper-eba-5-de-5-pulgadas-con-1-4-hp\/#primaryimage\",\"url\":\"https:\/\/thoro.com.mx\/ethoro\/wp-content\/uploads\/2026\/02\/H16336.jpg\",\"contentUrl\":\"https:\/\/thoro.com.mx\/ethoro\/wp-content\/uploads\/2026\/02\/H16336.jpg\",\"width\":1000,\"height\":1000},{\"@type\":\"BreadcrumbList\",\"@id\":\"https:\/\/thoro.com.mx\/ethoro\/shop\/herramientas\/herramientas-estacionarias\/esmeriladoras-electricas-herramientas-estacionarias\/esmeril-de-banco-truper-eba-5-de-5-pulgadas-con-1-4-hp\/#breadcrumb\",\"itemListElement\":[{\"@type\":\"ListItem\",\"position\":1,\"name\":\"Inicio\",\"item\":\"https:\/\/thoro.com.mx\/ethoro\/\"},{\"@type\":\"ListItem\",\"position\":2,\"name\":\"Tienda\",\"item\":\"https:\/\/thoro.com.mx\/ethoro\/shop\/\"},{\"@type\":\"ListItem\",\"position\":3,\"name\":\"ESMERIL DE BANCO TRUPER EBA-5 DE 5 PULGADAS CON 1\/4 HP\"}]},{\"@type\":\"WebSite\",\"@id\":\"https:\/\/72.167.50.119\/ethoro\/#website\",\"url\":\"https:\/\/72.167.50.119\/ethoro\/\",\"name\":\"Thoro Enterprises de M\u00e9xico\",\"description\":\"Todo en Thoro\",\"publisher\":{\"@id\":\"https:\/\/72.167.50.119\/ethoro\/#organization\"},\"alternateName\":\"Thoro shop\",\"potentialAction\":[{\"@type\":\"SearchAction\",\"target\":{\"@type\":\"EntryPoint\",\"urlTemplate\":\"https:\/\/72.167.50.119\/ethoro\/?s={search_term_string}\"},\"query-input\":{\"@type\":\"PropertyValueSpecification\",\"valueRequired\":true,\"valueName\":\"search_term_string\"}}],\"inLanguage\":\"es\"},{\"@type\":\"Organization\",\"@id\":\"https:\/\/72.167.50.119\/ethoro\/#organization\",\"name\":\"Thoro Enterprises de M\u00e9xico\",\"alternateName\":\"Thoro shop\",\"url\":\"https:\/\/72.167.50.119\/ethoro\/\",\"logo\":{\"@type\":\"ImageObject\",\"inLanguage\":\"es\",\"@id\":\"https:\/\/72.167.50.119\/ethoro\/#\/schema\/logo\/image\/\",\"url\":\"https:\/\/72.167.50.119\/ethoro\/wp-content\/uploads\/2025\/01\/cropped-cropped-icono_t-180x180-1.png\",\"contentUrl\":\"https:\/\/72.167.50.119\/ethoro\/wp-content\/uploads\/2025\/01\/cropped-cropped-icono_t-180x180-1.png\",\"width\":512,\"height\":512,\"caption\":\"Thoro Enterprises de M\u00e9xico\"},\"image\":{\"@id\":\"https:\/\/72.167.50.119\/ethoro\/#\/schema\/logo\/image\/\"},\"sameAs\":[\"https:\/\/www.facebook.com\/ThoroEnterprises\",\"https:\/\/www.instagram.com\/thoro.mexico\/\"]}]}<\/script>\n<!-- \/ Yoast SEO plugin. -->","yoast_head_json":{"title":"ESMERIL DE BANCO TRUPER EBA-5 DE 5 PULGADAS CON 1\/4 HP - Thoro enterprises de Mexico","robots":{"index":"noindex","follow":"follow"},"og_locale":"es_MX","og_type":"article","og_title":"ESMERIL DE BANCO TRUPER EBA-5 DE 5 PULGADAS CON 1\/4 HP - Thoro enterprises de Mexico","og_description":"EBA-5 Motor de inducci\u00f3n 1\/4 HP, con bobinas de cobre 2X mayor durabilidad. Base y cubierta del motor de aluminio, que minimiza la vibraci\u00f3n al trabajar. Mica protectora con lupa ajustable. Guardas protectoras met\u00e1licas. Soportes de trabajo ajustables a diferentes \u00e1ngulos. Incluye: 2 Ruedas abrasivas: grano 60 (mediano) y grano 36 (grueso) de 5&#8243; x [&hellip;]","og_url":"https:\/\/thoro.com.mx\/ethoro\/shop\/herramientas\/herramientas-estacionarias\/esmeriladoras-electricas-herramientas-estacionarias\/esmeril-de-banco-truper-eba-5-de-5-pulgadas-con-1-4-hp\/","og_site_name":"Thoro enterprises de Mexico","article_publisher":"https:\/\/www.facebook.com\/ThoroEnterprises","article_modified_time":"2026-04-04T06:15:25+00:00","twitter_card":"summary_large_image","schema":{"@context":"https:\/\/schema.org","@graph":[{"@type":"WebPage","@id":"https:\/\/thoro.com.mx\/ethoro\/shop\/herramientas\/herramientas-estacionarias\/esmeriladoras-electricas-herramientas-estacionarias\/esmeril-de-banco-truper-eba-5-de-5-pulgadas-con-1-4-hp\/","url":"https:\/\/thoro.com.mx\/ethoro\/shop\/herramientas\/herramientas-estacionarias\/esmeriladoras-electricas-herramientas-estacionarias\/esmeril-de-banco-truper-eba-5-de-5-pulgadas-con-1-4-hp\/","name":"ESMERIL DE BANCO TRUPER EBA-5 DE 5 PULGADAS CON 1\/4 HP - Thoro enterprises de Mexico","isPartOf":{"@id":"https:\/\/72.167.50.119\/ethoro\/#website"},"primaryImageOfPage":{"@id":"https:\/\/thoro.com.mx\/ethoro\/shop\/herramientas\/herramientas-estacionarias\/esmeriladoras-electricas-herramientas-estacionarias\/esmeril-de-banco-truper-eba-5-de-5-pulgadas-con-1-4-hp\/#primaryimage"},"image":{"@id":"https:\/\/thoro.com.mx\/ethoro\/shop\/herramientas\/herramientas-estacionarias\/esmeriladoras-electricas-herramientas-estacionarias\/esmeril-de-banco-truper-eba-5-de-5-pulgadas-con-1-4-hp\/#primaryimage"},"thumbnailUrl":"https:\/\/thoro.com.mx\/ethoro\/wp-content\/uploads\/2026\/02\/H16336.jpg","datePublished":"2025-02-05T18:02:23+00:00","dateModified":"2026-04-04T06:15:25+00:00","breadcrumb":{"@id":"https:\/\/thoro.com.mx\/ethoro\/shop\/herramientas\/herramientas-estacionarias\/esmeriladoras-electricas-herramientas-estacionarias\/esmeril-de-banco-truper-eba-5-de-5-pulgadas-con-1-4-hp\/#breadcrumb"},"inLanguage":"es","potentialAction":[{"@type":"ReadAction","target":["https:\/\/thoro.com.mx\/ethoro\/shop\/herramientas\/herramientas-estacionarias\/esmeriladoras-electricas-herramientas-estacionarias\/esmeril-de-banco-truper-eba-5-de-5-pulgadas-con-1-4-hp\/"]}]},{"@type":"ImageObject","inLanguage":"es","@id":"https:\/\/thoro.com.mx\/ethoro\/shop\/herramientas\/herramientas-estacionarias\/esmeriladoras-electricas-herramientas-estacionarias\/esmeril-de-banco-truper-eba-5-de-5-pulgadas-con-1-4-hp\/#primaryimage","url":"https:\/\/thoro.com.mx\/ethoro\/wp-content\/uploads\/2026\/02\/H16336.jpg","contentUrl":"https:\/\/thoro.com.mx\/ethoro\/wp-content\/uploads\/2026\/02\/H16336.jpg","width":1000,"height":1000},{"@type":"BreadcrumbList","@id":"https:\/\/thoro.com.mx\/ethoro\/shop\/herramientas\/herramientas-estacionarias\/esmeriladoras-electricas-herramientas-estacionarias\/esmeril-de-banco-truper-eba-5-de-5-pulgadas-con-1-4-hp\/#breadcrumb","itemListElement":[{"@type":"ListItem","position":1,"name":"Inicio","item":"https:\/\/thoro.com.mx\/ethoro\/"},{"@type":"ListItem","position":2,"name":"Tienda","item":"https:\/\/thoro.com.mx\/ethoro\/shop\/"},{"@type":"ListItem","position":3,"name":"ESMERIL DE BANCO TRUPER EBA-5 DE 5 PULGADAS CON 1\/4 HP"}]},{"@type":"WebSite","@id":"https:\/\/72.167.50.119\/ethoro\/#website","url":"https:\/\/72.167.50.119\/ethoro\/","name":"Thoro Enterprises de M\u00e9xico","description":"Todo en Thoro","publisher":{"@id":"https:\/\/72.167.50.119\/ethoro\/#organization"},"alternateName":"Thoro shop","potentialAction":[{"@type":"SearchAction","target":{"@type":"EntryPoint","urlTemplate":"https:\/\/72.167.50.119\/ethoro\/?s={search_term_string}"},"query-input":{"@type":"PropertyValueSpecification","valueRequired":true,"valueName":"search_term_string"}}],"inLanguage":"es"},{"@type":"Organization","@id":"https:\/\/72.167.50.119\/ethoro\/#organization","name":"Thoro Enterprises de M\u00e9xico","alternateName":"Thoro shop","url":"https:\/\/72.167.50.119\/ethoro\/","logo":{"@type":"ImageObject","inLanguage":"es","@id":"https:\/\/72.167.50.119\/ethoro\/#\/schema\/logo\/image\/","url":"https:\/\/72.167.50.119\/ethoro\/wp-content\/uploads\/2025\/01\/cropped-cropped-icono_t-180x180-1.png","contentUrl":"https:\/\/72.167.50.119\/ethoro\/wp-content\/uploads\/2025\/01\/cropped-cropped-icono_t-180x180-1.png","width":512,"height":512,"caption":"Thoro Enterprises de M\u00e9xico"},"image":{"@id":"https:\/\/72.167.50.119\/ethoro\/#\/schema\/logo\/image\/"},"sameAs":["https:\/\/www.facebook.com\/ThoroEnterprises","https:\/\/www.instagram.com\/thoro.mexico\/"]}]}},"_links":{"self":[{"href":"https:\/\/thoro.com.mx\/ethoro\/wp-json\/wp\/v2\/product\/5648","targetHints":{"allow":["GET"]}}],"collection":[{"href":"https:\/\/thoro.com.mx\/ethoro\/wp-json\/wp\/v2\/product"}],"about":[{"href":"https:\/\/thoro.com.mx\/ethoro\/wp-json\/wp\/v2\/types\/product"}],"replies":[{"embeddable":true,"href":"https:\/\/thoro.com.mx\/ethoro\/wp-json\/wp\/v2\/comments?post=5648"}],"wp:featuredmedia":[{"embeddable":true,"href":"https:\/\/thoro.com.mx\/ethoro\/wp-json\/wp\/v2\/media\/458831"}],"wp:attachment":[{"href":"https:\/\/thoro.com.mx\/ethoro\/wp-json\/wp\/v2\/media?parent=5648"}],"wp:term":[{"taxonomy":"product_brand","embeddable":true,"href":"https:\/\/thoro.com.mx\/ethoro\/wp-json\/wp\/v2\/product_brand?post=5648"},{"taxonomy":"product_cat","embeddable":true,"href":"https:\/\/thoro.com.mx\/ethoro\/wp-json\/wp\/v2\/product_cat?post=5648"},{"taxonomy":"product_tag","embeddable":true,"href":"https:\/\/thoro.com.mx\/ethoro\/wp-json\/wp\/v2\/product_tag?post=5648"}],"curies":[{"name":"wp","href":"https:\/\/api.w.org\/{rel}","templated":true}]}}