{"id":5707,"date":"2025-02-05T12:53:41","date_gmt":"2025-02-05T18:53:41","guid":{"rendered":"https:\/\/72.167.50.119\/ethoro\/shop\/sin categor\u00eda\/caja-portaherramientas-metalica-urrea-d6c20-20-1-16-x-8-7-16-x-9-7-16\/"},"modified":"2026-04-04T00:15:43","modified_gmt":"2026-04-04T06:15:43","slug":"caja-portaherramientas-metalica-urrea-d6c20-20-1-16-x-8-7-16-x-9-7-16","status":"publish","type":"product","link":"https:\/\/thoro.com.mx\/ethoro\/shop\/herramientas\/organizacion-y-almacenamiento\/cajas-portaherramientas\/caja-portaherramientas-metalica-urrea-d6c20-20-1-16-x-8-7-16-x-9-7-16\/","title":{"rendered":"CAJA PORTAHERRAMIENTAS METALICA URREA D6C20 20-1\/16&#8221; X 8-7\/16&#8221; X 9-7\/16&#8221;"},"content":{"rendered":"<h4>D6C20<\/h4>\n<ul>\n<li>Uso pesado<\/li>\n<li>Asa de aluminio s\u00f3lido atornillada a la tapa con dise\u00f1o ergon\u00f3mico<\/li>\n<li>Asa laterales de apoyo para facilitar su manejo, sobre todo cuando el peso almacenada es mayor<\/li>\n<li>L\u00e1mina de acero calibre 20 para mayor resistencia<\/li>\n<li>Pintura electrost\u00e1tica formulada para resistir condiciones ambientales extremas<\/li>\n<li>Broches de seguridad met\u00e1licos cromados con porta candado<\/li>\n<li>Broche central portacandados para mantener seguro el contenido de la caja <\/li>\n<li>Incluyen charola met\u00e1lica de 2 divisiones<\/li>\n<li>Incluye compartimentos m\u00f3viles<\/li>\n<li>Capacidad De Almacenamiento: 1598 pulgadas c\u00fabicas<\/li>\n<li>Tipo de mango parte superior fijo<\/li>\n<li>Material: L\u00e1mina<\/li>\n<li>Altura: 9-7\/16&#8243;<\/li>\n<li>Ancho: 8-7\/16&#8243;<\/li>\n<li>Largo: 20-1\/16&#8243;<\/li>\n<\/ul>\n","protected":false},"excerpt":{"rendered":"<p>D6C20 Uso pesado Asa de aluminio s\u00f3lido atornillada a la tapa con dise\u00f1o ergon\u00f3mico Asa laterales de apoyo para facilitar su manejo, sobre todo cuando el peso almacenada es mayor L\u00e1mina de acero calibre 20 para mayor resistencia Pintura electrost\u00e1tica formulada para resistir condiciones ambientales extremas Broches de seguridad met\u00e1licos cromados con porta candado Broche [&hellip;]<\/p>\n","protected":false},"featured_media":5706,"comment_status":"open","ping_status":"closed","template":"","meta":{"_monsterinsights_skip_tracking":false,"_monsterinsights_sitenote_active":false,"_monsterinsights_sitenote_note":"","_monsterinsights_sitenote_category":0,"_joinchat":[]},"product_brand":[],"product_cat":[398],"product_tag":[],"class_list":{"0":"post-5707","1":"product","2":"type-product","3":"status-publish","4":"has-post-thumbnail","6":"product_cat-cajas-portaherramientas","8":"first","9":"instock","10":"taxable","11":"shipping-taxable","12":"purchasable","13":"product-type-simple","14":"add-to-wishlist-after_add_to_cart"},"yoast_head":"<!-- This site is optimized with the Yoast SEO plugin v27.1.1 - https:\/\/yoast.com\/product\/yoast-seo-wordpress\/ -->\n<title>CAJA PORTAHERRAMIENTAS METALICA URREA D6C20 20-1\/16&#039;&#039; X 8-7\/16&#039;&#039; X 9-7\/16&#039;&#039; - Thoro enterprises de Mexico<\/title>\n<meta name=\"robots\" content=\"noindex, follow\" \/>\n<meta property=\"og:locale\" content=\"es_MX\" \/>\n<meta property=\"og:type\" content=\"article\" \/>\n<meta property=\"og:title\" content=\"CAJA PORTAHERRAMIENTAS METALICA URREA D6C20 20-1\/16&#039;&#039; X 8-7\/16&#039;&#039; X 9-7\/16&#039;&#039; - Thoro enterprises de Mexico\" \/>\n<meta property=\"og:description\" content=\"D6C20 Uso pesado Asa de aluminio s\u00f3lido atornillada a la tapa con dise\u00f1o ergon\u00f3mico Asa laterales de apoyo para facilitar su manejo, sobre todo cuando el peso almacenada es mayor L\u00e1mina de acero calibre 20 para mayor resistencia Pintura electrost\u00e1tica formulada para resistir condiciones ambientales extremas Broches de seguridad met\u00e1licos cromados con porta candado Broche [&hellip;]\" \/>\n<meta property=\"og:url\" content=\"https:\/\/thoro.com.mx\/ethoro\/shop\/herramientas\/organizacion-y-almacenamiento\/cajas-portaherramientas\/caja-portaherramientas-metalica-urrea-d6c20-20-1-16-x-8-7-16-x-9-7-16\/\" \/>\n<meta property=\"og:site_name\" content=\"Thoro enterprises de Mexico\" \/>\n<meta property=\"article:publisher\" content=\"https:\/\/www.facebook.com\/ThoroEnterprises\" \/>\n<meta property=\"article:modified_time\" content=\"2026-04-04T06:15:43+00:00\" \/>\n<meta property=\"og:image\" content=\"https:\/\/thoro.com.mx\/ethoro\/wp-content\/uploads\/2025\/02\/H1645.jpg\" \/>\n\t<meta property=\"og:image:width\" content=\"1000\" \/>\n\t<meta property=\"og:image:height\" content=\"1000\" \/>\n\t<meta property=\"og:image:type\" content=\"image\/jpeg\" \/>\n<meta name=\"twitter:card\" content=\"summary_large_image\" \/>\n<meta name=\"twitter:label1\" content=\"Tiempo de lectura\" \/>\n\t<meta name=\"twitter:data1\" content=\"1 minuto\" \/>\n<script type=\"application\/ld+json\" class=\"yoast-schema-graph\">{\"@context\":\"https:\/\/schema.org\",\"@graph\":[{\"@type\":\"WebPage\",\"@id\":\"https:\/\/thoro.com.mx\/ethoro\/shop\/herramientas\/organizacion-y-almacenamiento\/cajas-portaherramientas\/caja-portaherramientas-metalica-urrea-d6c20-20-1-16-x-8-7-16-x-9-7-16\/\",\"url\":\"https:\/\/thoro.com.mx\/ethoro\/shop\/herramientas\/organizacion-y-almacenamiento\/cajas-portaherramientas\/caja-portaherramientas-metalica-urrea-d6c20-20-1-16-x-8-7-16-x-9-7-16\/\",\"name\":\"CAJA PORTAHERRAMIENTAS METALICA URREA D6C20 20-1\/16'' X 8-7\/16'' X 9-7\/16'' - Thoro enterprises de Mexico\",\"isPartOf\":{\"@id\":\"https:\/\/72.167.50.119\/ethoro\/#website\"},\"primaryImageOfPage\":{\"@id\":\"https:\/\/thoro.com.mx\/ethoro\/shop\/herramientas\/organizacion-y-almacenamiento\/cajas-portaherramientas\/caja-portaherramientas-metalica-urrea-d6c20-20-1-16-x-8-7-16-x-9-7-16\/#primaryimage\"},\"image\":{\"@id\":\"https:\/\/thoro.com.mx\/ethoro\/shop\/herramientas\/organizacion-y-almacenamiento\/cajas-portaherramientas\/caja-portaherramientas-metalica-urrea-d6c20-20-1-16-x-8-7-16-x-9-7-16\/#primaryimage\"},\"thumbnailUrl\":\"https:\/\/thoro.com.mx\/ethoro\/wp-content\/uploads\/2025\/02\/H1645.jpg\",\"datePublished\":\"2025-02-05T18:53:41+00:00\",\"dateModified\":\"2026-04-04T06:15:43+00:00\",\"breadcrumb\":{\"@id\":\"https:\/\/thoro.com.mx\/ethoro\/shop\/herramientas\/organizacion-y-almacenamiento\/cajas-portaherramientas\/caja-portaherramientas-metalica-urrea-d6c20-20-1-16-x-8-7-16-x-9-7-16\/#breadcrumb\"},\"inLanguage\":\"es\",\"potentialAction\":[{\"@type\":\"ReadAction\",\"target\":[\"https:\/\/thoro.com.mx\/ethoro\/shop\/herramientas\/organizacion-y-almacenamiento\/cajas-portaherramientas\/caja-portaherramientas-metalica-urrea-d6c20-20-1-16-x-8-7-16-x-9-7-16\/\"]}]},{\"@type\":\"ImageObject\",\"inLanguage\":\"es\",\"@id\":\"https:\/\/thoro.com.mx\/ethoro\/shop\/herramientas\/organizacion-y-almacenamiento\/cajas-portaherramientas\/caja-portaherramientas-metalica-urrea-d6c20-20-1-16-x-8-7-16-x-9-7-16\/#primaryimage\",\"url\":\"https:\/\/thoro.com.mx\/ethoro\/wp-content\/uploads\/2025\/02\/H1645.jpg\",\"contentUrl\":\"https:\/\/thoro.com.mx\/ethoro\/wp-content\/uploads\/2025\/02\/H1645.jpg\",\"width\":1000,\"height\":1000},{\"@type\":\"BreadcrumbList\",\"@id\":\"https:\/\/thoro.com.mx\/ethoro\/shop\/herramientas\/organizacion-y-almacenamiento\/cajas-portaherramientas\/caja-portaherramientas-metalica-urrea-d6c20-20-1-16-x-8-7-16-x-9-7-16\/#breadcrumb\",\"itemListElement\":[{\"@type\":\"ListItem\",\"position\":1,\"name\":\"Inicio\",\"item\":\"https:\/\/thoro.com.mx\/ethoro\/\"},{\"@type\":\"ListItem\",\"position\":2,\"name\":\"Tienda\",\"item\":\"https:\/\/thoro.com.mx\/ethoro\/shop\/\"},{\"@type\":\"ListItem\",\"position\":3,\"name\":\"CAJA PORTAHERRAMIENTAS METALICA URREA D6C20 20-1\/16&#8221; X 8-7\/16&#8221; X 9-7\/16&#8221;\"}]},{\"@type\":\"WebSite\",\"@id\":\"https:\/\/72.167.50.119\/ethoro\/#website\",\"url\":\"https:\/\/72.167.50.119\/ethoro\/\",\"name\":\"Thoro Enterprises de M\u00e9xico\",\"description\":\"Todo en Thoro\",\"publisher\":{\"@id\":\"https:\/\/72.167.50.119\/ethoro\/#organization\"},\"alternateName\":\"Thoro shop\",\"potentialAction\":[{\"@type\":\"SearchAction\",\"target\":{\"@type\":\"EntryPoint\",\"urlTemplate\":\"https:\/\/72.167.50.119\/ethoro\/?s={search_term_string}\"},\"query-input\":{\"@type\":\"PropertyValueSpecification\",\"valueRequired\":true,\"valueName\":\"search_term_string\"}}],\"inLanguage\":\"es\"},{\"@type\":\"Organization\",\"@id\":\"https:\/\/72.167.50.119\/ethoro\/#organization\",\"name\":\"Thoro Enterprises de M\u00e9xico\",\"alternateName\":\"Thoro shop\",\"url\":\"https:\/\/72.167.50.119\/ethoro\/\",\"logo\":{\"@type\":\"ImageObject\",\"inLanguage\":\"es\",\"@id\":\"https:\/\/72.167.50.119\/ethoro\/#\/schema\/logo\/image\/\",\"url\":\"https:\/\/72.167.50.119\/ethoro\/wp-content\/uploads\/2025\/01\/cropped-cropped-icono_t-180x180-1.png\",\"contentUrl\":\"https:\/\/72.167.50.119\/ethoro\/wp-content\/uploads\/2025\/01\/cropped-cropped-icono_t-180x180-1.png\",\"width\":512,\"height\":512,\"caption\":\"Thoro Enterprises de M\u00e9xico\"},\"image\":{\"@id\":\"https:\/\/72.167.50.119\/ethoro\/#\/schema\/logo\/image\/\"},\"sameAs\":[\"https:\/\/www.facebook.com\/ThoroEnterprises\",\"https:\/\/www.instagram.com\/thoro.mexico\/\"]}]}<\/script>\n<!-- \/ Yoast SEO plugin. -->","yoast_head_json":{"title":"CAJA PORTAHERRAMIENTAS METALICA URREA D6C20 20-1\/16'' X 8-7\/16'' X 9-7\/16'' - Thoro enterprises de Mexico","robots":{"index":"noindex","follow":"follow"},"og_locale":"es_MX","og_type":"article","og_title":"CAJA PORTAHERRAMIENTAS METALICA URREA D6C20 20-1\/16'' X 8-7\/16'' X 9-7\/16'' - Thoro enterprises de Mexico","og_description":"D6C20 Uso pesado Asa de aluminio s\u00f3lido atornillada a la tapa con dise\u00f1o ergon\u00f3mico Asa laterales de apoyo para facilitar su manejo, sobre todo cuando el peso almacenada es mayor L\u00e1mina de acero calibre 20 para mayor resistencia Pintura electrost\u00e1tica formulada para resistir condiciones ambientales extremas Broches de seguridad met\u00e1licos cromados con porta candado Broche [&hellip;]","og_url":"https:\/\/thoro.com.mx\/ethoro\/shop\/herramientas\/organizacion-y-almacenamiento\/cajas-portaherramientas\/caja-portaherramientas-metalica-urrea-d6c20-20-1-16-x-8-7-16-x-9-7-16\/","og_site_name":"Thoro enterprises de Mexico","article_publisher":"https:\/\/www.facebook.com\/ThoroEnterprises","article_modified_time":"2026-04-04T06:15:43+00:00","og_image":[{"width":1000,"height":1000,"url":"https:\/\/thoro.com.mx\/ethoro\/wp-content\/uploads\/2025\/02\/H1645.jpg","type":"image\/jpeg"}],"twitter_card":"summary_large_image","twitter_misc":{"Tiempo de lectura":"1 minuto"},"schema":{"@context":"https:\/\/schema.org","@graph":[{"@type":"WebPage","@id":"https:\/\/thoro.com.mx\/ethoro\/shop\/herramientas\/organizacion-y-almacenamiento\/cajas-portaherramientas\/caja-portaherramientas-metalica-urrea-d6c20-20-1-16-x-8-7-16-x-9-7-16\/","url":"https:\/\/thoro.com.mx\/ethoro\/shop\/herramientas\/organizacion-y-almacenamiento\/cajas-portaherramientas\/caja-portaherramientas-metalica-urrea-d6c20-20-1-16-x-8-7-16-x-9-7-16\/","name":"CAJA PORTAHERRAMIENTAS METALICA URREA D6C20 20-1\/16'' X 8-7\/16'' X 9-7\/16'' - Thoro enterprises de Mexico","isPartOf":{"@id":"https:\/\/72.167.50.119\/ethoro\/#website"},"primaryImageOfPage":{"@id":"https:\/\/thoro.com.mx\/ethoro\/shop\/herramientas\/organizacion-y-almacenamiento\/cajas-portaherramientas\/caja-portaherramientas-metalica-urrea-d6c20-20-1-16-x-8-7-16-x-9-7-16\/#primaryimage"},"image":{"@id":"https:\/\/thoro.com.mx\/ethoro\/shop\/herramientas\/organizacion-y-almacenamiento\/cajas-portaherramientas\/caja-portaherramientas-metalica-urrea-d6c20-20-1-16-x-8-7-16-x-9-7-16\/#primaryimage"},"thumbnailUrl":"https:\/\/thoro.com.mx\/ethoro\/wp-content\/uploads\/2025\/02\/H1645.jpg","datePublished":"2025-02-05T18:53:41+00:00","dateModified":"2026-04-04T06:15:43+00:00","breadcrumb":{"@id":"https:\/\/thoro.com.mx\/ethoro\/shop\/herramientas\/organizacion-y-almacenamiento\/cajas-portaherramientas\/caja-portaherramientas-metalica-urrea-d6c20-20-1-16-x-8-7-16-x-9-7-16\/#breadcrumb"},"inLanguage":"es","potentialAction":[{"@type":"ReadAction","target":["https:\/\/thoro.com.mx\/ethoro\/shop\/herramientas\/organizacion-y-almacenamiento\/cajas-portaherramientas\/caja-portaherramientas-metalica-urrea-d6c20-20-1-16-x-8-7-16-x-9-7-16\/"]}]},{"@type":"ImageObject","inLanguage":"es","@id":"https:\/\/thoro.com.mx\/ethoro\/shop\/herramientas\/organizacion-y-almacenamiento\/cajas-portaherramientas\/caja-portaherramientas-metalica-urrea-d6c20-20-1-16-x-8-7-16-x-9-7-16\/#primaryimage","url":"https:\/\/thoro.com.mx\/ethoro\/wp-content\/uploads\/2025\/02\/H1645.jpg","contentUrl":"https:\/\/thoro.com.mx\/ethoro\/wp-content\/uploads\/2025\/02\/H1645.jpg","width":1000,"height":1000},{"@type":"BreadcrumbList","@id":"https:\/\/thoro.com.mx\/ethoro\/shop\/herramientas\/organizacion-y-almacenamiento\/cajas-portaherramientas\/caja-portaherramientas-metalica-urrea-d6c20-20-1-16-x-8-7-16-x-9-7-16\/#breadcrumb","itemListElement":[{"@type":"ListItem","position":1,"name":"Inicio","item":"https:\/\/thoro.com.mx\/ethoro\/"},{"@type":"ListItem","position":2,"name":"Tienda","item":"https:\/\/thoro.com.mx\/ethoro\/shop\/"},{"@type":"ListItem","position":3,"name":"CAJA PORTAHERRAMIENTAS METALICA URREA D6C20 20-1\/16&#8221; X 8-7\/16&#8221; X 9-7\/16&#8221;"}]},{"@type":"WebSite","@id":"https:\/\/72.167.50.119\/ethoro\/#website","url":"https:\/\/72.167.50.119\/ethoro\/","name":"Thoro Enterprises de M\u00e9xico","description":"Todo en Thoro","publisher":{"@id":"https:\/\/72.167.50.119\/ethoro\/#organization"},"alternateName":"Thoro shop","potentialAction":[{"@type":"SearchAction","target":{"@type":"EntryPoint","urlTemplate":"https:\/\/72.167.50.119\/ethoro\/?s={search_term_string}"},"query-input":{"@type":"PropertyValueSpecification","valueRequired":true,"valueName":"search_term_string"}}],"inLanguage":"es"},{"@type":"Organization","@id":"https:\/\/72.167.50.119\/ethoro\/#organization","name":"Thoro Enterprises de M\u00e9xico","alternateName":"Thoro shop","url":"https:\/\/72.167.50.119\/ethoro\/","logo":{"@type":"ImageObject","inLanguage":"es","@id":"https:\/\/72.167.50.119\/ethoro\/#\/schema\/logo\/image\/","url":"https:\/\/72.167.50.119\/ethoro\/wp-content\/uploads\/2025\/01\/cropped-cropped-icono_t-180x180-1.png","contentUrl":"https:\/\/72.167.50.119\/ethoro\/wp-content\/uploads\/2025\/01\/cropped-cropped-icono_t-180x180-1.png","width":512,"height":512,"caption":"Thoro Enterprises de M\u00e9xico"},"image":{"@id":"https:\/\/72.167.50.119\/ethoro\/#\/schema\/logo\/image\/"},"sameAs":["https:\/\/www.facebook.com\/ThoroEnterprises","https:\/\/www.instagram.com\/thoro.mexico\/"]}]}},"_links":{"self":[{"href":"https:\/\/thoro.com.mx\/ethoro\/wp-json\/wp\/v2\/product\/5707","targetHints":{"allow":["GET"]}}],"collection":[{"href":"https:\/\/thoro.com.mx\/ethoro\/wp-json\/wp\/v2\/product"}],"about":[{"href":"https:\/\/thoro.com.mx\/ethoro\/wp-json\/wp\/v2\/types\/product"}],"replies":[{"embeddable":true,"href":"https:\/\/thoro.com.mx\/ethoro\/wp-json\/wp\/v2\/comments?post=5707"}],"wp:featuredmedia":[{"embeddable":true,"href":"https:\/\/thoro.com.mx\/ethoro\/wp-json\/wp\/v2\/media\/5706"}],"wp:attachment":[{"href":"https:\/\/thoro.com.mx\/ethoro\/wp-json\/wp\/v2\/media?parent=5707"}],"wp:term":[{"taxonomy":"product_brand","embeddable":true,"href":"https:\/\/thoro.com.mx\/ethoro\/wp-json\/wp\/v2\/product_brand?post=5707"},{"taxonomy":"product_cat","embeddable":true,"href":"https:\/\/thoro.com.mx\/ethoro\/wp-json\/wp\/v2\/product_cat?post=5707"},{"taxonomy":"product_tag","embeddable":true,"href":"https:\/\/thoro.com.mx\/ethoro\/wp-json\/wp\/v2\/product_tag?post=5707"}],"curies":[{"name":"wp","href":"https:\/\/api.w.org\/{rel}","templated":true}]}}