{"id":5723,"date":"2025-02-05T12:53:46","date_gmt":"2025-02-05T18:53:46","guid":{"rendered":"https:\/\/72.167.50.119\/ethoro\/shop\/sin categor\u00eda\/lijadora-de-banda-truper-liba-4x24n3-de-4x24-pulgadas-con-1200-watts\/"},"modified":"2026-04-05T00:16:31","modified_gmt":"2026-04-05T06:16:31","slug":"lijadora-de-banda-truper-liba-4x24n3-de-4x24-pulgadas-con-1200-watts","status":"publish","type":"product","link":"https:\/\/thoro.com.mx\/ethoro\/shop\/herramientas\/herramientas-electricas\/lijadoras-electricas\/lijadora-de-banda-truper-liba-4x24n3-de-4x24-pulgadas-con-1200-watts\/","title":{"rendered":"LIJADORA DE BANDA TRUPER LIBA-4X24N3 DE 4X24 PULGADAS CON 1,200 WATTS"},"content":{"rendered":"<h4>LIBA-4X24N3<\/h4>\n<ul>\n<li>Velocidad de la lija 500 m\/min para el retiro r\u00e1pido del material.<\/li>\n<li>Palanca de tensi\u00f3n con sistema de cambio r\u00e1pido de banda.<\/li>\n<li>Perilla de alineaci\u00f3n para ajuste r\u00e1pido de la banda.<\/li>\n<li>Mango ergon\u00f3mico con grip antiderrapante para mayor control para el operador.<\/li>\n<li>Interruptor con bot\u00f3n de uso continuo.<\/li>\n<li>Incluye: Banda de lija , Bolsa recolectora de polvo.<\/li>\n<\/ul>\n","protected":false},"excerpt":{"rendered":"<p>LIBA-4X24N3 Velocidad de la lija 500 m\/min para el retiro r\u00e1pido del material. Palanca de tensi\u00f3n con sistema de cambio r\u00e1pido de banda. Perilla de alineaci\u00f3n para ajuste r\u00e1pido de la banda. Mango ergon\u00f3mico con grip antiderrapante para mayor control para el operador. Interruptor con bot\u00f3n de uso continuo. Incluye: Banda de lija , Bolsa [&hellip;]<\/p>\n","protected":false},"featured_media":0,"comment_status":"open","ping_status":"closed","template":"","meta":{"_monsterinsights_skip_tracking":false,"_monsterinsights_sitenote_active":false,"_monsterinsights_sitenote_note":"","_monsterinsights_sitenote_category":0,"_joinchat":[]},"product_brand":[],"product_cat":[1827],"product_tag":[],"class_list":{"0":"post-5723","1":"product","2":"type-product","3":"status-publish","5":"product_cat-lijadoras-electricas","7":"first","8":"instock","9":"taxable","10":"shipping-taxable","11":"purchasable","12":"product-type-simple","13":"add-to-wishlist-after_add_to_cart"},"yoast_head":"<!-- This site is optimized with the Yoast SEO plugin v27.1.1 - https:\/\/yoast.com\/product\/yoast-seo-wordpress\/ -->\n<title>LIJADORA DE BANDA TRUPER LIBA-4X24N3 DE 4X24 PULGADAS CON 1,200 WATTS - Thoro enterprises de Mexico<\/title>\n<meta name=\"robots\" content=\"noindex, follow\" \/>\n<meta property=\"og:locale\" content=\"es_MX\" \/>\n<meta property=\"og:type\" content=\"article\" \/>\n<meta property=\"og:title\" content=\"LIJADORA DE BANDA TRUPER LIBA-4X24N3 DE 4X24 PULGADAS CON 1,200 WATTS - Thoro enterprises de Mexico\" \/>\n<meta property=\"og:description\" content=\"LIBA-4X24N3 Velocidad de la lija 500 m\/min para el retiro r\u00e1pido del material. Palanca de tensi\u00f3n con sistema de cambio r\u00e1pido de banda. Perilla de alineaci\u00f3n para ajuste r\u00e1pido de la banda. Mango ergon\u00f3mico con grip antiderrapante para mayor control para el operador. Interruptor con bot\u00f3n de uso continuo. Incluye: Banda de lija , Bolsa [&hellip;]\" \/>\n<meta property=\"og:url\" content=\"https:\/\/thoro.com.mx\/ethoro\/shop\/herramientas\/herramientas-electricas\/lijadoras-electricas\/lijadora-de-banda-truper-liba-4x24n3-de-4x24-pulgadas-con-1200-watts\/\" \/>\n<meta property=\"og:site_name\" content=\"Thoro enterprises de Mexico\" \/>\n<meta property=\"article:publisher\" content=\"https:\/\/www.facebook.com\/ThoroEnterprises\" \/>\n<meta property=\"article:modified_time\" content=\"2026-04-05T06:16:31+00:00\" \/>\n<meta name=\"twitter:card\" content=\"summary_large_image\" \/>\n<script type=\"application\/ld+json\" class=\"yoast-schema-graph\">{\"@context\":\"https:\/\/schema.org\",\"@graph\":[{\"@type\":\"WebPage\",\"@id\":\"https:\/\/thoro.com.mx\/ethoro\/shop\/herramientas\/herramientas-electricas\/lijadoras-electricas\/lijadora-de-banda-truper-liba-4x24n3-de-4x24-pulgadas-con-1200-watts\/\",\"url\":\"https:\/\/thoro.com.mx\/ethoro\/shop\/herramientas\/herramientas-electricas\/lijadoras-electricas\/lijadora-de-banda-truper-liba-4x24n3-de-4x24-pulgadas-con-1200-watts\/\",\"name\":\"LIJADORA DE BANDA TRUPER LIBA-4X24N3 DE 4X24 PULGADAS CON 1,200 WATTS - Thoro enterprises de Mexico\",\"isPartOf\":{\"@id\":\"https:\/\/72.167.50.119\/ethoro\/#website\"},\"datePublished\":\"2025-02-05T18:53:46+00:00\",\"dateModified\":\"2026-04-05T06:16:31+00:00\",\"breadcrumb\":{\"@id\":\"https:\/\/thoro.com.mx\/ethoro\/shop\/herramientas\/herramientas-electricas\/lijadoras-electricas\/lijadora-de-banda-truper-liba-4x24n3-de-4x24-pulgadas-con-1200-watts\/#breadcrumb\"},\"inLanguage\":\"es\",\"potentialAction\":[{\"@type\":\"ReadAction\",\"target\":[\"https:\/\/thoro.com.mx\/ethoro\/shop\/herramientas\/herramientas-electricas\/lijadoras-electricas\/lijadora-de-banda-truper-liba-4x24n3-de-4x24-pulgadas-con-1200-watts\/\"]}]},{\"@type\":\"BreadcrumbList\",\"@id\":\"https:\/\/thoro.com.mx\/ethoro\/shop\/herramientas\/herramientas-electricas\/lijadoras-electricas\/lijadora-de-banda-truper-liba-4x24n3-de-4x24-pulgadas-con-1200-watts\/#breadcrumb\",\"itemListElement\":[{\"@type\":\"ListItem\",\"position\":1,\"name\":\"Inicio\",\"item\":\"https:\/\/thoro.com.mx\/ethoro\/\"},{\"@type\":\"ListItem\",\"position\":2,\"name\":\"Tienda\",\"item\":\"https:\/\/thoro.com.mx\/ethoro\/shop\/\"},{\"@type\":\"ListItem\",\"position\":3,\"name\":\"LIJADORA DE BANDA TRUPER LIBA-4X24N3 DE 4X24 PULGADAS CON 1,200 WATTS\"}]},{\"@type\":\"WebSite\",\"@id\":\"https:\/\/72.167.50.119\/ethoro\/#website\",\"url\":\"https:\/\/72.167.50.119\/ethoro\/\",\"name\":\"Thoro Enterprises de M\u00e9xico\",\"description\":\"Todo en Thoro\",\"publisher\":{\"@id\":\"https:\/\/72.167.50.119\/ethoro\/#organization\"},\"alternateName\":\"Thoro shop\",\"potentialAction\":[{\"@type\":\"SearchAction\",\"target\":{\"@type\":\"EntryPoint\",\"urlTemplate\":\"https:\/\/72.167.50.119\/ethoro\/?s={search_term_string}\"},\"query-input\":{\"@type\":\"PropertyValueSpecification\",\"valueRequired\":true,\"valueName\":\"search_term_string\"}}],\"inLanguage\":\"es\"},{\"@type\":\"Organization\",\"@id\":\"https:\/\/72.167.50.119\/ethoro\/#organization\",\"name\":\"Thoro Enterprises de M\u00e9xico\",\"alternateName\":\"Thoro shop\",\"url\":\"https:\/\/72.167.50.119\/ethoro\/\",\"logo\":{\"@type\":\"ImageObject\",\"inLanguage\":\"es\",\"@id\":\"https:\/\/72.167.50.119\/ethoro\/#\/schema\/logo\/image\/\",\"url\":\"https:\/\/72.167.50.119\/ethoro\/wp-content\/uploads\/2025\/01\/cropped-cropped-icono_t-180x180-1.png\",\"contentUrl\":\"https:\/\/72.167.50.119\/ethoro\/wp-content\/uploads\/2025\/01\/cropped-cropped-icono_t-180x180-1.png\",\"width\":512,\"height\":512,\"caption\":\"Thoro Enterprises de M\u00e9xico\"},\"image\":{\"@id\":\"https:\/\/72.167.50.119\/ethoro\/#\/schema\/logo\/image\/\"},\"sameAs\":[\"https:\/\/www.facebook.com\/ThoroEnterprises\",\"https:\/\/www.instagram.com\/thoro.mexico\/\"]}]}<\/script>\n<!-- \/ Yoast SEO plugin. -->","yoast_head_json":{"title":"LIJADORA DE BANDA TRUPER LIBA-4X24N3 DE 4X24 PULGADAS CON 1,200 WATTS - Thoro enterprises de Mexico","robots":{"index":"noindex","follow":"follow"},"og_locale":"es_MX","og_type":"article","og_title":"LIJADORA DE BANDA TRUPER LIBA-4X24N3 DE 4X24 PULGADAS CON 1,200 WATTS - Thoro enterprises de Mexico","og_description":"LIBA-4X24N3 Velocidad de la lija 500 m\/min para el retiro r\u00e1pido del material. Palanca de tensi\u00f3n con sistema de cambio r\u00e1pido de banda. Perilla de alineaci\u00f3n para ajuste r\u00e1pido de la banda. Mango ergon\u00f3mico con grip antiderrapante para mayor control para el operador. Interruptor con bot\u00f3n de uso continuo. Incluye: Banda de lija , Bolsa [&hellip;]","og_url":"https:\/\/thoro.com.mx\/ethoro\/shop\/herramientas\/herramientas-electricas\/lijadoras-electricas\/lijadora-de-banda-truper-liba-4x24n3-de-4x24-pulgadas-con-1200-watts\/","og_site_name":"Thoro enterprises de Mexico","article_publisher":"https:\/\/www.facebook.com\/ThoroEnterprises","article_modified_time":"2026-04-05T06:16:31+00:00","twitter_card":"summary_large_image","schema":{"@context":"https:\/\/schema.org","@graph":[{"@type":"WebPage","@id":"https:\/\/thoro.com.mx\/ethoro\/shop\/herramientas\/herramientas-electricas\/lijadoras-electricas\/lijadora-de-banda-truper-liba-4x24n3-de-4x24-pulgadas-con-1200-watts\/","url":"https:\/\/thoro.com.mx\/ethoro\/shop\/herramientas\/herramientas-electricas\/lijadoras-electricas\/lijadora-de-banda-truper-liba-4x24n3-de-4x24-pulgadas-con-1200-watts\/","name":"LIJADORA DE BANDA TRUPER LIBA-4X24N3 DE 4X24 PULGADAS CON 1,200 WATTS - Thoro enterprises de Mexico","isPartOf":{"@id":"https:\/\/72.167.50.119\/ethoro\/#website"},"datePublished":"2025-02-05T18:53:46+00:00","dateModified":"2026-04-05T06:16:31+00:00","breadcrumb":{"@id":"https:\/\/thoro.com.mx\/ethoro\/shop\/herramientas\/herramientas-electricas\/lijadoras-electricas\/lijadora-de-banda-truper-liba-4x24n3-de-4x24-pulgadas-con-1200-watts\/#breadcrumb"},"inLanguage":"es","potentialAction":[{"@type":"ReadAction","target":["https:\/\/thoro.com.mx\/ethoro\/shop\/herramientas\/herramientas-electricas\/lijadoras-electricas\/lijadora-de-banda-truper-liba-4x24n3-de-4x24-pulgadas-con-1200-watts\/"]}]},{"@type":"BreadcrumbList","@id":"https:\/\/thoro.com.mx\/ethoro\/shop\/herramientas\/herramientas-electricas\/lijadoras-electricas\/lijadora-de-banda-truper-liba-4x24n3-de-4x24-pulgadas-con-1200-watts\/#breadcrumb","itemListElement":[{"@type":"ListItem","position":1,"name":"Inicio","item":"https:\/\/thoro.com.mx\/ethoro\/"},{"@type":"ListItem","position":2,"name":"Tienda","item":"https:\/\/thoro.com.mx\/ethoro\/shop\/"},{"@type":"ListItem","position":3,"name":"LIJADORA DE BANDA TRUPER LIBA-4X24N3 DE 4X24 PULGADAS CON 1,200 WATTS"}]},{"@type":"WebSite","@id":"https:\/\/72.167.50.119\/ethoro\/#website","url":"https:\/\/72.167.50.119\/ethoro\/","name":"Thoro Enterprises de M\u00e9xico","description":"Todo en Thoro","publisher":{"@id":"https:\/\/72.167.50.119\/ethoro\/#organization"},"alternateName":"Thoro shop","potentialAction":[{"@type":"SearchAction","target":{"@type":"EntryPoint","urlTemplate":"https:\/\/72.167.50.119\/ethoro\/?s={search_term_string}"},"query-input":{"@type":"PropertyValueSpecification","valueRequired":true,"valueName":"search_term_string"}}],"inLanguage":"es"},{"@type":"Organization","@id":"https:\/\/72.167.50.119\/ethoro\/#organization","name":"Thoro Enterprises de M\u00e9xico","alternateName":"Thoro shop","url":"https:\/\/72.167.50.119\/ethoro\/","logo":{"@type":"ImageObject","inLanguage":"es","@id":"https:\/\/72.167.50.119\/ethoro\/#\/schema\/logo\/image\/","url":"https:\/\/72.167.50.119\/ethoro\/wp-content\/uploads\/2025\/01\/cropped-cropped-icono_t-180x180-1.png","contentUrl":"https:\/\/72.167.50.119\/ethoro\/wp-content\/uploads\/2025\/01\/cropped-cropped-icono_t-180x180-1.png","width":512,"height":512,"caption":"Thoro Enterprises de M\u00e9xico"},"image":{"@id":"https:\/\/72.167.50.119\/ethoro\/#\/schema\/logo\/image\/"},"sameAs":["https:\/\/www.facebook.com\/ThoroEnterprises","https:\/\/www.instagram.com\/thoro.mexico\/"]}]}},"_links":{"self":[{"href":"https:\/\/thoro.com.mx\/ethoro\/wp-json\/wp\/v2\/product\/5723","targetHints":{"allow":["GET"]}}],"collection":[{"href":"https:\/\/thoro.com.mx\/ethoro\/wp-json\/wp\/v2\/product"}],"about":[{"href":"https:\/\/thoro.com.mx\/ethoro\/wp-json\/wp\/v2\/types\/product"}],"replies":[{"embeddable":true,"href":"https:\/\/thoro.com.mx\/ethoro\/wp-json\/wp\/v2\/comments?post=5723"}],"wp:attachment":[{"href":"https:\/\/thoro.com.mx\/ethoro\/wp-json\/wp\/v2\/media?parent=5723"}],"wp:term":[{"taxonomy":"product_brand","embeddable":true,"href":"https:\/\/thoro.com.mx\/ethoro\/wp-json\/wp\/v2\/product_brand?post=5723"},{"taxonomy":"product_cat","embeddable":true,"href":"https:\/\/thoro.com.mx\/ethoro\/wp-json\/wp\/v2\/product_cat?post=5723"},{"taxonomy":"product_tag","embeddable":true,"href":"https:\/\/thoro.com.mx\/ethoro\/wp-json\/wp\/v2\/product_tag?post=5723"}],"curies":[{"name":"wp","href":"https:\/\/api.w.org\/{rel}","templated":true}]}}