{"id":6635,"date":"2025-02-05T13:00:09","date_gmt":"2025-02-05T19:00:09","guid":{"rendered":"https:\/\/72.167.50.119\/ethoro\/shop\/sin categor\u00eda\/juego-combinado-de-herramienta-urrea-jcb01-con-caja-plastica-de-3-gavetas-450-piezas\/"},"modified":"2026-04-05T00:21:00","modified_gmt":"2026-04-05T06:21:00","slug":"juego-combinado-de-herramienta-urrea-jcb01-con-caja-plastica-de-3-gavetas-450-piezas","status":"publish","type":"product","link":"https:\/\/thoro.com.mx\/ethoro\/shop\/herramientas\/juegos-de-herramientas-herramientas\/juegos-de-herramientas-juegos-de-herramientas-herramientas\/juego-combinado-de-herramienta-urrea-jcb01-con-caja-plastica-de-3-gavetas-450-piezas\/","title":{"rendered":"JUEGO COMBINADO DE HERRAMIENTA URREA JCB01 CON CAJA PLASTICA DE 3 GAVETAS 450 PIEZAS"},"content":{"rendered":"<h4>JCB01<\/h4>\n<ul>\n<li>&#8220;-Contenido: 23 dados 1\/4&#8243;&#8221;  6 puntas; 10 dados 1\/4&#8243;&#8221; 12 puntas;  21 dados largos 1\/4&#8243;&#8221;;   16 dados 1\/4&#8243;&#8221; de punta torx y hexagonales; 1 matraca 1\/4&#8243;&#8221;; 2 extensiones 1\/4&#8243;&#8221;.<\/li>\n<li>-mango magn\u00e9tico 1\/4&#8243;&#8221;, 3 adaptadores 1\/4&#8243;&#8221;;  30 dados 3\/8&#8243;&#8221; 6 puntas; 13 dados 3\/8&#8243;&#8221; 12 puntas el pulgadas; 15 dados m\u00e9tricos 3\/8&#8243;&#8221; de 12 puntas; 19 dados largos 3\/8&#8243;&#8221; de 6 puntas.  <\/li>\n<li>-5 dados 8 puntas en pulgadas; 2 dados para buj\u00eda en pulgadas; 1 dado para buj\u00eda 18mm;  19 dados 3\/8&#8243;&#8221; de puntas torx y hexagonal; 16 dados de 1\/2&#8243;&#8221; de 12 puntas.<\/li>\n<li>&#8211; 5 llaves combinadas en pulgadas 12 puntas: 7 llaves combinadas m\u00e9tricas de 12 puntas; 2 llaves combinadas cortas en pulgadas, 2 llaves combinadas cortas m\u00e9tricas.<\/li>\n<li>-Para uso de m\u00faltiples tareas. Incluye caja pl\u00e1stica. Variedad de tama\u00f1os y medidas. Pr\u00e1ctico estuche pl\u00e1stico que mantiene la herramienta ordenada. Acabado cromado. Matraca con funci\u00f3n reversible. <\/li>\n<li>-Ideales para una amplia variedad de tareas mec\u00e1nicas, de mantenimiento, armado y desarmado.&#8221;<\/li>\n<li><\/li>\n<\/ul>\n","protected":false},"excerpt":{"rendered":"<p>JCB01 &#8220;-Contenido: 23 dados 1\/4&#8243;&#8221; 6 puntas; 10 dados 1\/4&#8243;&#8221; 12 puntas; 21 dados largos 1\/4&#8243;&#8221;; 16 dados 1\/4&#8243;&#8221; de punta torx y hexagonales; 1 matraca 1\/4&#8243;&#8221;; 2 extensiones 1\/4&#8243;&#8221;. -mango magn\u00e9tico 1\/4&#8243;&#8221;, 3 adaptadores 1\/4&#8243;&#8221;; 30 dados 3\/8&#8243;&#8221; 6 puntas; 13 dados 3\/8&#8243;&#8221; 12 puntas el pulgadas; 15 dados m\u00e9tricos 3\/8&#8243;&#8221; de 12 puntas; [&hellip;]<\/p>\n","protected":false},"featured_media":6634,"comment_status":"open","ping_status":"closed","template":"","meta":{"_monsterinsights_skip_tracking":false,"_monsterinsights_sitenote_active":false,"_monsterinsights_sitenote_note":"","_monsterinsights_sitenote_category":0,"_joinchat":[]},"product_brand":[],"product_cat":[388],"product_tag":[],"class_list":{"0":"post-6635","1":"product","2":"type-product","3":"status-publish","4":"has-post-thumbnail","6":"product_cat-juegos-de-herramientas-juegos-de-herramientas-herramientas","8":"first","9":"instock","10":"taxable","11":"shipping-taxable","12":"purchasable","13":"product-type-simple","14":"add-to-wishlist-after_add_to_cart"},"yoast_head":"<!-- This site is optimized with the Yoast SEO plugin v27.1.1 - https:\/\/yoast.com\/product\/yoast-seo-wordpress\/ -->\n<title>JUEGO COMBINADO DE HERRAMIENTA URREA JCB01 CON CAJA PLASTICA DE 3 GAVETAS 450 PIEZAS - Thoro enterprises de Mexico<\/title>\n<meta name=\"robots\" content=\"noindex, follow\" \/>\n<meta property=\"og:locale\" content=\"es_MX\" \/>\n<meta property=\"og:type\" content=\"article\" \/>\n<meta property=\"og:title\" content=\"JUEGO COMBINADO DE HERRAMIENTA URREA JCB01 CON CAJA PLASTICA DE 3 GAVETAS 450 PIEZAS - Thoro enterprises de Mexico\" \/>\n<meta property=\"og:description\" content=\"JCB01 &#8220;-Contenido: 23 dados 1\/4&#8243;&#8221; 6 puntas; 10 dados 1\/4&#8243;&#8221; 12 puntas; 21 dados largos 1\/4&#8243;&#8221;; 16 dados 1\/4&#8243;&#8221; de punta torx y hexagonales; 1 matraca 1\/4&#8243;&#8221;; 2 extensiones 1\/4&#8243;&#8221;. -mango magn\u00e9tico 1\/4&#8243;&#8221;, 3 adaptadores 1\/4&#8243;&#8221;; 30 dados 3\/8&#8243;&#8221; 6 puntas; 13 dados 3\/8&#8243;&#8221; 12 puntas el pulgadas; 15 dados m\u00e9tricos 3\/8&#8243;&#8221; de 12 puntas; [&hellip;]\" \/>\n<meta property=\"og:url\" content=\"https:\/\/thoro.com.mx\/ethoro\/shop\/herramientas\/juegos-de-herramientas-herramientas\/juegos-de-herramientas-juegos-de-herramientas-herramientas\/juego-combinado-de-herramienta-urrea-jcb01-con-caja-plastica-de-3-gavetas-450-piezas\/\" \/>\n<meta property=\"og:site_name\" content=\"Thoro enterprises de Mexico\" \/>\n<meta property=\"article:publisher\" content=\"https:\/\/www.facebook.com\/ThoroEnterprises\" \/>\n<meta property=\"article:modified_time\" content=\"2026-04-05T06:21:00+00:00\" \/>\n<meta property=\"og:image\" content=\"https:\/\/thoro.com.mx\/ethoro\/wp-content\/uploads\/2025\/02\/H20215.jpg\" \/>\n\t<meta property=\"og:image:width\" content=\"1000\" \/>\n\t<meta property=\"og:image:height\" content=\"1000\" \/>\n\t<meta property=\"og:image:type\" content=\"image\/jpeg\" \/>\n<meta name=\"twitter:card\" content=\"summary_large_image\" \/>\n<meta name=\"twitter:label1\" content=\"Tiempo de lectura\" \/>\n\t<meta name=\"twitter:data1\" content=\"1 minuto\" \/>\n<script type=\"application\/ld+json\" class=\"yoast-schema-graph\">{\"@context\":\"https:\/\/schema.org\",\"@graph\":[{\"@type\":\"WebPage\",\"@id\":\"https:\/\/thoro.com.mx\/ethoro\/shop\/herramientas\/juegos-de-herramientas-herramientas\/juegos-de-herramientas-juegos-de-herramientas-herramientas\/juego-combinado-de-herramienta-urrea-jcb01-con-caja-plastica-de-3-gavetas-450-piezas\/\",\"url\":\"https:\/\/thoro.com.mx\/ethoro\/shop\/herramientas\/juegos-de-herramientas-herramientas\/juegos-de-herramientas-juegos-de-herramientas-herramientas\/juego-combinado-de-herramienta-urrea-jcb01-con-caja-plastica-de-3-gavetas-450-piezas\/\",\"name\":\"JUEGO COMBINADO DE HERRAMIENTA URREA JCB01 CON CAJA PLASTICA DE 3 GAVETAS 450 PIEZAS - Thoro enterprises de Mexico\",\"isPartOf\":{\"@id\":\"https:\/\/72.167.50.119\/ethoro\/#website\"},\"primaryImageOfPage\":{\"@id\":\"https:\/\/thoro.com.mx\/ethoro\/shop\/herramientas\/juegos-de-herramientas-herramientas\/juegos-de-herramientas-juegos-de-herramientas-herramientas\/juego-combinado-de-herramienta-urrea-jcb01-con-caja-plastica-de-3-gavetas-450-piezas\/#primaryimage\"},\"image\":{\"@id\":\"https:\/\/thoro.com.mx\/ethoro\/shop\/herramientas\/juegos-de-herramientas-herramientas\/juegos-de-herramientas-juegos-de-herramientas-herramientas\/juego-combinado-de-herramienta-urrea-jcb01-con-caja-plastica-de-3-gavetas-450-piezas\/#primaryimage\"},\"thumbnailUrl\":\"https:\/\/thoro.com.mx\/ethoro\/wp-content\/uploads\/2025\/02\/H20215.jpg\",\"datePublished\":\"2025-02-05T19:00:09+00:00\",\"dateModified\":\"2026-04-05T06:21:00+00:00\",\"breadcrumb\":{\"@id\":\"https:\/\/thoro.com.mx\/ethoro\/shop\/herramientas\/juegos-de-herramientas-herramientas\/juegos-de-herramientas-juegos-de-herramientas-herramientas\/juego-combinado-de-herramienta-urrea-jcb01-con-caja-plastica-de-3-gavetas-450-piezas\/#breadcrumb\"},\"inLanguage\":\"es\",\"potentialAction\":[{\"@type\":\"ReadAction\",\"target\":[\"https:\/\/thoro.com.mx\/ethoro\/shop\/herramientas\/juegos-de-herramientas-herramientas\/juegos-de-herramientas-juegos-de-herramientas-herramientas\/juego-combinado-de-herramienta-urrea-jcb01-con-caja-plastica-de-3-gavetas-450-piezas\/\"]}]},{\"@type\":\"ImageObject\",\"inLanguage\":\"es\",\"@id\":\"https:\/\/thoro.com.mx\/ethoro\/shop\/herramientas\/juegos-de-herramientas-herramientas\/juegos-de-herramientas-juegos-de-herramientas-herramientas\/juego-combinado-de-herramienta-urrea-jcb01-con-caja-plastica-de-3-gavetas-450-piezas\/#primaryimage\",\"url\":\"https:\/\/thoro.com.mx\/ethoro\/wp-content\/uploads\/2025\/02\/H20215.jpg\",\"contentUrl\":\"https:\/\/thoro.com.mx\/ethoro\/wp-content\/uploads\/2025\/02\/H20215.jpg\",\"width\":1000,\"height\":1000},{\"@type\":\"BreadcrumbList\",\"@id\":\"https:\/\/thoro.com.mx\/ethoro\/shop\/herramientas\/juegos-de-herramientas-herramientas\/juegos-de-herramientas-juegos-de-herramientas-herramientas\/juego-combinado-de-herramienta-urrea-jcb01-con-caja-plastica-de-3-gavetas-450-piezas\/#breadcrumb\",\"itemListElement\":[{\"@type\":\"ListItem\",\"position\":1,\"name\":\"Inicio\",\"item\":\"https:\/\/thoro.com.mx\/ethoro\/\"},{\"@type\":\"ListItem\",\"position\":2,\"name\":\"Tienda\",\"item\":\"https:\/\/thoro.com.mx\/ethoro\/shop\/\"},{\"@type\":\"ListItem\",\"position\":3,\"name\":\"JUEGO COMBINADO DE HERRAMIENTA URREA JCB01 CON CAJA PLASTICA DE 3 GAVETAS 450 PIEZAS\"}]},{\"@type\":\"WebSite\",\"@id\":\"https:\/\/72.167.50.119\/ethoro\/#website\",\"url\":\"https:\/\/72.167.50.119\/ethoro\/\",\"name\":\"Thoro Enterprises de M\u00e9xico\",\"description\":\"Todo en Thoro\",\"publisher\":{\"@id\":\"https:\/\/72.167.50.119\/ethoro\/#organization\"},\"alternateName\":\"Thoro shop\",\"potentialAction\":[{\"@type\":\"SearchAction\",\"target\":{\"@type\":\"EntryPoint\",\"urlTemplate\":\"https:\/\/72.167.50.119\/ethoro\/?s={search_term_string}\"},\"query-input\":{\"@type\":\"PropertyValueSpecification\",\"valueRequired\":true,\"valueName\":\"search_term_string\"}}],\"inLanguage\":\"es\"},{\"@type\":\"Organization\",\"@id\":\"https:\/\/72.167.50.119\/ethoro\/#organization\",\"name\":\"Thoro Enterprises de M\u00e9xico\",\"alternateName\":\"Thoro shop\",\"url\":\"https:\/\/72.167.50.119\/ethoro\/\",\"logo\":{\"@type\":\"ImageObject\",\"inLanguage\":\"es\",\"@id\":\"https:\/\/72.167.50.119\/ethoro\/#\/schema\/logo\/image\/\",\"url\":\"https:\/\/72.167.50.119\/ethoro\/wp-content\/uploads\/2025\/01\/cropped-cropped-icono_t-180x180-1.png\",\"contentUrl\":\"https:\/\/72.167.50.119\/ethoro\/wp-content\/uploads\/2025\/01\/cropped-cropped-icono_t-180x180-1.png\",\"width\":512,\"height\":512,\"caption\":\"Thoro Enterprises de M\u00e9xico\"},\"image\":{\"@id\":\"https:\/\/72.167.50.119\/ethoro\/#\/schema\/logo\/image\/\"},\"sameAs\":[\"https:\/\/www.facebook.com\/ThoroEnterprises\",\"https:\/\/www.instagram.com\/thoro.mexico\/\"]}]}<\/script>\n<!-- \/ Yoast SEO plugin. -->","yoast_head_json":{"title":"JUEGO COMBINADO DE HERRAMIENTA URREA JCB01 CON CAJA PLASTICA DE 3 GAVETAS 450 PIEZAS - Thoro enterprises de Mexico","robots":{"index":"noindex","follow":"follow"},"og_locale":"es_MX","og_type":"article","og_title":"JUEGO COMBINADO DE HERRAMIENTA URREA JCB01 CON CAJA PLASTICA DE 3 GAVETAS 450 PIEZAS - Thoro enterprises de Mexico","og_description":"JCB01 &#8220;-Contenido: 23 dados 1\/4&#8243;&#8221; 6 puntas; 10 dados 1\/4&#8243;&#8221; 12 puntas; 21 dados largos 1\/4&#8243;&#8221;; 16 dados 1\/4&#8243;&#8221; de punta torx y hexagonales; 1 matraca 1\/4&#8243;&#8221;; 2 extensiones 1\/4&#8243;&#8221;. -mango magn\u00e9tico 1\/4&#8243;&#8221;, 3 adaptadores 1\/4&#8243;&#8221;; 30 dados 3\/8&#8243;&#8221; 6 puntas; 13 dados 3\/8&#8243;&#8221; 12 puntas el pulgadas; 15 dados m\u00e9tricos 3\/8&#8243;&#8221; de 12 puntas; [&hellip;]","og_url":"https:\/\/thoro.com.mx\/ethoro\/shop\/herramientas\/juegos-de-herramientas-herramientas\/juegos-de-herramientas-juegos-de-herramientas-herramientas\/juego-combinado-de-herramienta-urrea-jcb01-con-caja-plastica-de-3-gavetas-450-piezas\/","og_site_name":"Thoro enterprises de Mexico","article_publisher":"https:\/\/www.facebook.com\/ThoroEnterprises","article_modified_time":"2026-04-05T06:21:00+00:00","og_image":[{"width":1000,"height":1000,"url":"https:\/\/thoro.com.mx\/ethoro\/wp-content\/uploads\/2025\/02\/H20215.jpg","type":"image\/jpeg"}],"twitter_card":"summary_large_image","twitter_misc":{"Tiempo de lectura":"1 minuto"},"schema":{"@context":"https:\/\/schema.org","@graph":[{"@type":"WebPage","@id":"https:\/\/thoro.com.mx\/ethoro\/shop\/herramientas\/juegos-de-herramientas-herramientas\/juegos-de-herramientas-juegos-de-herramientas-herramientas\/juego-combinado-de-herramienta-urrea-jcb01-con-caja-plastica-de-3-gavetas-450-piezas\/","url":"https:\/\/thoro.com.mx\/ethoro\/shop\/herramientas\/juegos-de-herramientas-herramientas\/juegos-de-herramientas-juegos-de-herramientas-herramientas\/juego-combinado-de-herramienta-urrea-jcb01-con-caja-plastica-de-3-gavetas-450-piezas\/","name":"JUEGO COMBINADO DE HERRAMIENTA URREA JCB01 CON CAJA PLASTICA DE 3 GAVETAS 450 PIEZAS - Thoro enterprises de Mexico","isPartOf":{"@id":"https:\/\/72.167.50.119\/ethoro\/#website"},"primaryImageOfPage":{"@id":"https:\/\/thoro.com.mx\/ethoro\/shop\/herramientas\/juegos-de-herramientas-herramientas\/juegos-de-herramientas-juegos-de-herramientas-herramientas\/juego-combinado-de-herramienta-urrea-jcb01-con-caja-plastica-de-3-gavetas-450-piezas\/#primaryimage"},"image":{"@id":"https:\/\/thoro.com.mx\/ethoro\/shop\/herramientas\/juegos-de-herramientas-herramientas\/juegos-de-herramientas-juegos-de-herramientas-herramientas\/juego-combinado-de-herramienta-urrea-jcb01-con-caja-plastica-de-3-gavetas-450-piezas\/#primaryimage"},"thumbnailUrl":"https:\/\/thoro.com.mx\/ethoro\/wp-content\/uploads\/2025\/02\/H20215.jpg","datePublished":"2025-02-05T19:00:09+00:00","dateModified":"2026-04-05T06:21:00+00:00","breadcrumb":{"@id":"https:\/\/thoro.com.mx\/ethoro\/shop\/herramientas\/juegos-de-herramientas-herramientas\/juegos-de-herramientas-juegos-de-herramientas-herramientas\/juego-combinado-de-herramienta-urrea-jcb01-con-caja-plastica-de-3-gavetas-450-piezas\/#breadcrumb"},"inLanguage":"es","potentialAction":[{"@type":"ReadAction","target":["https:\/\/thoro.com.mx\/ethoro\/shop\/herramientas\/juegos-de-herramientas-herramientas\/juegos-de-herramientas-juegos-de-herramientas-herramientas\/juego-combinado-de-herramienta-urrea-jcb01-con-caja-plastica-de-3-gavetas-450-piezas\/"]}]},{"@type":"ImageObject","inLanguage":"es","@id":"https:\/\/thoro.com.mx\/ethoro\/shop\/herramientas\/juegos-de-herramientas-herramientas\/juegos-de-herramientas-juegos-de-herramientas-herramientas\/juego-combinado-de-herramienta-urrea-jcb01-con-caja-plastica-de-3-gavetas-450-piezas\/#primaryimage","url":"https:\/\/thoro.com.mx\/ethoro\/wp-content\/uploads\/2025\/02\/H20215.jpg","contentUrl":"https:\/\/thoro.com.mx\/ethoro\/wp-content\/uploads\/2025\/02\/H20215.jpg","width":1000,"height":1000},{"@type":"BreadcrumbList","@id":"https:\/\/thoro.com.mx\/ethoro\/shop\/herramientas\/juegos-de-herramientas-herramientas\/juegos-de-herramientas-juegos-de-herramientas-herramientas\/juego-combinado-de-herramienta-urrea-jcb01-con-caja-plastica-de-3-gavetas-450-piezas\/#breadcrumb","itemListElement":[{"@type":"ListItem","position":1,"name":"Inicio","item":"https:\/\/thoro.com.mx\/ethoro\/"},{"@type":"ListItem","position":2,"name":"Tienda","item":"https:\/\/thoro.com.mx\/ethoro\/shop\/"},{"@type":"ListItem","position":3,"name":"JUEGO COMBINADO DE HERRAMIENTA URREA JCB01 CON CAJA PLASTICA DE 3 GAVETAS 450 PIEZAS"}]},{"@type":"WebSite","@id":"https:\/\/72.167.50.119\/ethoro\/#website","url":"https:\/\/72.167.50.119\/ethoro\/","name":"Thoro Enterprises de M\u00e9xico","description":"Todo en Thoro","publisher":{"@id":"https:\/\/72.167.50.119\/ethoro\/#organization"},"alternateName":"Thoro shop","potentialAction":[{"@type":"SearchAction","target":{"@type":"EntryPoint","urlTemplate":"https:\/\/72.167.50.119\/ethoro\/?s={search_term_string}"},"query-input":{"@type":"PropertyValueSpecification","valueRequired":true,"valueName":"search_term_string"}}],"inLanguage":"es"},{"@type":"Organization","@id":"https:\/\/72.167.50.119\/ethoro\/#organization","name":"Thoro Enterprises de M\u00e9xico","alternateName":"Thoro shop","url":"https:\/\/72.167.50.119\/ethoro\/","logo":{"@type":"ImageObject","inLanguage":"es","@id":"https:\/\/72.167.50.119\/ethoro\/#\/schema\/logo\/image\/","url":"https:\/\/72.167.50.119\/ethoro\/wp-content\/uploads\/2025\/01\/cropped-cropped-icono_t-180x180-1.png","contentUrl":"https:\/\/72.167.50.119\/ethoro\/wp-content\/uploads\/2025\/01\/cropped-cropped-icono_t-180x180-1.png","width":512,"height":512,"caption":"Thoro Enterprises de M\u00e9xico"},"image":{"@id":"https:\/\/72.167.50.119\/ethoro\/#\/schema\/logo\/image\/"},"sameAs":["https:\/\/www.facebook.com\/ThoroEnterprises","https:\/\/www.instagram.com\/thoro.mexico\/"]}]}},"_links":{"self":[{"href":"https:\/\/thoro.com.mx\/ethoro\/wp-json\/wp\/v2\/product\/6635","targetHints":{"allow":["GET"]}}],"collection":[{"href":"https:\/\/thoro.com.mx\/ethoro\/wp-json\/wp\/v2\/product"}],"about":[{"href":"https:\/\/thoro.com.mx\/ethoro\/wp-json\/wp\/v2\/types\/product"}],"replies":[{"embeddable":true,"href":"https:\/\/thoro.com.mx\/ethoro\/wp-json\/wp\/v2\/comments?post=6635"}],"wp:featuredmedia":[{"embeddable":true,"href":"https:\/\/thoro.com.mx\/ethoro\/wp-json\/wp\/v2\/media\/6634"}],"wp:attachment":[{"href":"https:\/\/thoro.com.mx\/ethoro\/wp-json\/wp\/v2\/media?parent=6635"}],"wp:term":[{"taxonomy":"product_brand","embeddable":true,"href":"https:\/\/thoro.com.mx\/ethoro\/wp-json\/wp\/v2\/product_brand?post=6635"},{"taxonomy":"product_cat","embeddable":true,"href":"https:\/\/thoro.com.mx\/ethoro\/wp-json\/wp\/v2\/product_cat?post=6635"},{"taxonomy":"product_tag","embeddable":true,"href":"https:\/\/thoro.com.mx\/ethoro\/wp-json\/wp\/v2\/product_tag?post=6635"}],"curies":[{"name":"wp","href":"https:\/\/api.w.org\/{rel}","templated":true}]}}