{"id":672961,"date":"2026-05-16T00:52:16","date_gmt":"2026-05-16T06:52:16","guid":{"rendered":"https:\/\/thoro.com.mx\/ethoro\/shop\/sin categor\u00eda\/aire-acondicionado-whirlpool-swa3228q-blanco-2-toneladas-22000-btu-solo-frio\/"},"modified":"2026-05-16T00:52:24","modified_gmt":"2026-05-16T06:52:24","slug":"aire-acondicionado-whirlpool-swa3228q-blanco-2-toneladas-22000-btu-solo-frio","status":"publish","type":"product","link":"https:\/\/thoro.com.mx\/ethoro\/shop\/papeleria-y-oficina\/linea-blanca-papeleria-y-oficina\/aires-acondicionados-linea-blanca-papeleria-y-oficina\/aire-acondicionado-whirlpool-swa3228q-blanco-2-toneladas-22000-btu-solo-frio\/","title":{"rendered":"AIRE ACONDICIONADO WHIRLPOOL SWA3228Q BLANCO 2 TONELADAS 22000 BTU (SOLO FRIO)"},"content":{"rendered":"<h4><\/h4>\n<ul>\n<li>Autodiagno\u0301stico: S\u00ed<\/li>\n<li>Condensador: Descarga horizontal<\/li>\n<li>Control Remoto: Con pantalla LCD e indicador de temperatura<\/li>\n<li>Display: Oculto color blanco<\/li>\n<li>Filtros: De polipropileno lavable<\/li>\n<li>Flujo de Aire: 4-Way Swing (vertical y horizontal)<\/li>\n<li>Modos de Operaci\u00f3n: Auto, Cool, Dry, Fan Only, Sleep<\/li>\n<li>N\u00famero de Modos de Operaci\u00f3n: 5<\/li>\n<li>Selecci\u00f3n de Velocidades de Ventilaci\u00f3n: Auto, Low, Mid, High<\/li>\n<li>Sistema: Solo Fr\u00edo<\/li>\n<li>Tecnolog\u00eda Especial: Around U, iClean, Anti-Fungus, Turbo<\/li>\n<li>Tipo de gas: R410A<\/li>\n<li>Capacidad: 22,000 BTU \/ 2 Toneladas<\/li>\n<li>Voltaje: 220 V<\/li>\n<li>Temporizador: 24 horas<\/li>\n<li>Deshumidificador: S\u00ed<\/li>\n<li>Filtro: Lavable de polipropileno<\/li>\n<li>Aplicaci\u00f3n: Dom\u00e9stico y comercial<\/li>\n<\/ul>\n","protected":false},"excerpt":{"rendered":"<p>Autodiagno\u0301stico: S\u00ed Condensador: Descarga horizontal Control Remoto: Con pantalla LCD e indicador de temperatura Display: Oculto color blanco Filtros: De polipropileno lavable Flujo de Aire: 4-Way Swing (vertical y horizontal) Modos de Operaci\u00f3n: Auto, Cool, Dry, Fan Only, Sleep N\u00famero de Modos de Operaci\u00f3n: 5 Selecci\u00f3n de Velocidades de Ventilaci\u00f3n: Auto, Low, Mid, High Sistema: [&hellip;]<\/p>\n","protected":false},"featured_media":0,"comment_status":"open","ping_status":"closed","template":"","meta":{"_monsterinsights_skip_tracking":false,"_monsterinsights_sitenote_active":false,"_monsterinsights_sitenote_note":"","_monsterinsights_sitenote_category":0,"_joinchat":[]},"product_brand":[],"product_cat":[21721],"product_tag":[],"class_list":{"0":"post-672961","1":"product","2":"type-product","3":"status-publish","5":"product_cat-aires-acondicionados-linea-blanca-papeleria-y-oficina","7":"first","8":"instock","9":"taxable","10":"shipping-taxable","11":"purchasable","12":"product-type-simple","13":"add-to-wishlist-after_add_to_cart"},"yoast_head":"<!-- This site is optimized with the Yoast SEO plugin v27.3 - https:\/\/yoast.com\/product\/yoast-seo-wordpress\/ -->\n<title>AIRE ACONDICIONADO WHIRLPOOL SWA3228Q BLANCO 2 TONELADAS 22000 BTU (SOLO FRIO) - Thoro enterprises de Mexico<\/title>\n<meta name=\"robots\" content=\"noindex, follow\" \/>\n<meta property=\"og:locale\" content=\"es_MX\" \/>\n<meta property=\"og:type\" content=\"article\" \/>\n<meta property=\"og:title\" content=\"AIRE ACONDICIONADO WHIRLPOOL SWA3228Q BLANCO 2 TONELADAS 22000 BTU (SOLO FRIO) - Thoro enterprises de Mexico\" \/>\n<meta property=\"og:description\" content=\"Autodiagno\u0301stico: S\u00ed Condensador: Descarga horizontal Control Remoto: Con pantalla LCD e indicador de temperatura Display: Oculto color blanco Filtros: De polipropileno lavable Flujo de Aire: 4-Way Swing (vertical y horizontal) Modos de Operaci\u00f3n: Auto, Cool, Dry, Fan Only, Sleep N\u00famero de Modos de Operaci\u00f3n: 5 Selecci\u00f3n de Velocidades de Ventilaci\u00f3n: Auto, Low, Mid, High Sistema: [&hellip;]\" \/>\n<meta property=\"og:url\" content=\"https:\/\/thoro.com.mx\/ethoro\/shop\/sin categor\u00eda\/aire-acondicionado-whirlpool-swa3228q-blanco-2-toneladas-22000-btu-solo-frio\/\" \/>\n<meta property=\"og:site_name\" content=\"Thoro enterprises de Mexico\" \/>\n<meta property=\"article:publisher\" content=\"https:\/\/www.facebook.com\/ThoroEnterprises\" \/>\n<meta property=\"article:modified_time\" content=\"2026-05-16T06:52:24+00:00\" \/>\n<meta name=\"twitter:card\" content=\"summary_large_image\" \/>\n<script type=\"application\/ld+json\" class=\"yoast-schema-graph\">{\"@context\":\"https:\\\/\\\/schema.org\",\"@graph\":[{\"@type\":\"WebPage\",\"@id\":\"https:\\\/\\\/thoro.com.mx\\\/ethoro\\\/shop\\\/sin categor\u00eda\\\/aire-acondicionado-whirlpool-swa3228q-blanco-2-toneladas-22000-btu-solo-frio\\\/\",\"url\":\"https:\\\/\\\/thoro.com.mx\\\/ethoro\\\/shop\\\/sin categor\u00eda\\\/aire-acondicionado-whirlpool-swa3228q-blanco-2-toneladas-22000-btu-solo-frio\\\/\",\"name\":\"AIRE ACONDICIONADO WHIRLPOOL SWA3228Q BLANCO 2 TONELADAS 22000 BTU (SOLO FRIO) - Thoro enterprises de Mexico\",\"isPartOf\":{\"@id\":\"https:\\\/\\\/72.167.50.119\\\/ethoro\\\/#website\"},\"datePublished\":\"2026-05-16T06:52:16+00:00\",\"dateModified\":\"2026-05-16T06:52:24+00:00\",\"breadcrumb\":{\"@id\":\"https:\\\/\\\/thoro.com.mx\\\/ethoro\\\/shop\\\/sin categor\u00eda\\\/aire-acondicionado-whirlpool-swa3228q-blanco-2-toneladas-22000-btu-solo-frio\\\/#breadcrumb\"},\"inLanguage\":\"es\",\"potentialAction\":[{\"@type\":\"ReadAction\",\"target\":[\"https:\\\/\\\/thoro.com.mx\\\/ethoro\\\/shop\\\/sin categor\u00eda\\\/aire-acondicionado-whirlpool-swa3228q-blanco-2-toneladas-22000-btu-solo-frio\\\/\"]}]},{\"@type\":\"BreadcrumbList\",\"@id\":\"https:\\\/\\\/thoro.com.mx\\\/ethoro\\\/shop\\\/sin categor\u00eda\\\/aire-acondicionado-whirlpool-swa3228q-blanco-2-toneladas-22000-btu-solo-frio\\\/#breadcrumb\",\"itemListElement\":[{\"@type\":\"ListItem\",\"position\":1,\"name\":\"Inicio\",\"item\":\"https:\\\/\\\/thoro.com.mx\\\/ethoro\\\/\"},{\"@type\":\"ListItem\",\"position\":2,\"name\":\"Tienda\",\"item\":\"https:\\\/\\\/thoro.com.mx\\\/ethoro\\\/shop\\\/\"},{\"@type\":\"ListItem\",\"position\":3,\"name\":\"AIRE ACONDICIONADO WHIRLPOOL SWA3228Q BLANCO 2 TONELADAS 22000 BTU (SOLO FRIO)\"}]},{\"@type\":\"WebSite\",\"@id\":\"https:\\\/\\\/72.167.50.119\\\/ethoro\\\/#website\",\"url\":\"https:\\\/\\\/72.167.50.119\\\/ethoro\\\/\",\"name\":\"Thoro Enterprises de M\u00e9xico\",\"description\":\"Todo en Thoro\",\"publisher\":{\"@id\":\"https:\\\/\\\/72.167.50.119\\\/ethoro\\\/#organization\"},\"alternateName\":\"Thoro shop\",\"potentialAction\":[{\"@type\":\"SearchAction\",\"target\":{\"@type\":\"EntryPoint\",\"urlTemplate\":\"https:\\\/\\\/72.167.50.119\\\/ethoro\\\/?s={search_term_string}\"},\"query-input\":{\"@type\":\"PropertyValueSpecification\",\"valueRequired\":true,\"valueName\":\"search_term_string\"}}],\"inLanguage\":\"es\"},{\"@type\":\"Organization\",\"@id\":\"https:\\\/\\\/72.167.50.119\\\/ethoro\\\/#organization\",\"name\":\"Thoro Enterprises de M\u00e9xico\",\"alternateName\":\"Thoro shop\",\"url\":\"https:\\\/\\\/72.167.50.119\\\/ethoro\\\/\",\"logo\":{\"@type\":\"ImageObject\",\"inLanguage\":\"es\",\"@id\":\"https:\\\/\\\/72.167.50.119\\\/ethoro\\\/#\\\/schema\\\/logo\\\/image\\\/\",\"url\":\"https:\\\/\\\/72.167.50.119\\\/ethoro\\\/wp-content\\\/uploads\\\/2025\\\/01\\\/cropped-cropped-icono_t-180x180-1.png\",\"contentUrl\":\"https:\\\/\\\/72.167.50.119\\\/ethoro\\\/wp-content\\\/uploads\\\/2025\\\/01\\\/cropped-cropped-icono_t-180x180-1.png\",\"width\":512,\"height\":512,\"caption\":\"Thoro Enterprises de M\u00e9xico\"},\"image\":{\"@id\":\"https:\\\/\\\/72.167.50.119\\\/ethoro\\\/#\\\/schema\\\/logo\\\/image\\\/\"},\"sameAs\":[\"https:\\\/\\\/www.facebook.com\\\/ThoroEnterprises\",\"https:\\\/\\\/www.instagram.com\\\/thoro.mexico\\\/\"]}]}<\/script>\n<!-- \/ Yoast SEO plugin. -->","yoast_head_json":{"title":"AIRE ACONDICIONADO WHIRLPOOL SWA3228Q BLANCO 2 TONELADAS 22000 BTU (SOLO FRIO) - Thoro enterprises de Mexico","robots":{"index":"noindex","follow":"follow"},"og_locale":"es_MX","og_type":"article","og_title":"AIRE ACONDICIONADO WHIRLPOOL SWA3228Q BLANCO 2 TONELADAS 22000 BTU (SOLO FRIO) - Thoro enterprises de Mexico","og_description":"Autodiagno\u0301stico: S\u00ed Condensador: Descarga horizontal Control Remoto: Con pantalla LCD e indicador de temperatura Display: Oculto color blanco Filtros: De polipropileno lavable Flujo de Aire: 4-Way Swing (vertical y horizontal) Modos de Operaci\u00f3n: Auto, Cool, Dry, Fan Only, Sleep N\u00famero de Modos de Operaci\u00f3n: 5 Selecci\u00f3n de Velocidades de Ventilaci\u00f3n: Auto, Low, Mid, High Sistema: [&hellip;]","og_url":"https:\/\/thoro.com.mx\/ethoro\/shop\/sin categor\u00eda\/aire-acondicionado-whirlpool-swa3228q-blanco-2-toneladas-22000-btu-solo-frio\/","og_site_name":"Thoro enterprises de Mexico","article_publisher":"https:\/\/www.facebook.com\/ThoroEnterprises","article_modified_time":"2026-05-16T06:52:24+00:00","twitter_card":"summary_large_image","schema":{"@context":"https:\/\/schema.org","@graph":[{"@type":"WebPage","@id":"https:\/\/thoro.com.mx\/ethoro\/shop\/sin categor\u00eda\/aire-acondicionado-whirlpool-swa3228q-blanco-2-toneladas-22000-btu-solo-frio\/","url":"https:\/\/thoro.com.mx\/ethoro\/shop\/sin categor\u00eda\/aire-acondicionado-whirlpool-swa3228q-blanco-2-toneladas-22000-btu-solo-frio\/","name":"AIRE ACONDICIONADO WHIRLPOOL SWA3228Q BLANCO 2 TONELADAS 22000 BTU (SOLO FRIO) - Thoro enterprises de Mexico","isPartOf":{"@id":"https:\/\/72.167.50.119\/ethoro\/#website"},"datePublished":"2026-05-16T06:52:16+00:00","dateModified":"2026-05-16T06:52:24+00:00","breadcrumb":{"@id":"https:\/\/thoro.com.mx\/ethoro\/shop\/sin categor\u00eda\/aire-acondicionado-whirlpool-swa3228q-blanco-2-toneladas-22000-btu-solo-frio\/#breadcrumb"},"inLanguage":"es","potentialAction":[{"@type":"ReadAction","target":["https:\/\/thoro.com.mx\/ethoro\/shop\/sin categor\u00eda\/aire-acondicionado-whirlpool-swa3228q-blanco-2-toneladas-22000-btu-solo-frio\/"]}]},{"@type":"BreadcrumbList","@id":"https:\/\/thoro.com.mx\/ethoro\/shop\/sin categor\u00eda\/aire-acondicionado-whirlpool-swa3228q-blanco-2-toneladas-22000-btu-solo-frio\/#breadcrumb","itemListElement":[{"@type":"ListItem","position":1,"name":"Inicio","item":"https:\/\/thoro.com.mx\/ethoro\/"},{"@type":"ListItem","position":2,"name":"Tienda","item":"https:\/\/thoro.com.mx\/ethoro\/shop\/"},{"@type":"ListItem","position":3,"name":"AIRE ACONDICIONADO WHIRLPOOL SWA3228Q BLANCO 2 TONELADAS 22000 BTU (SOLO FRIO)"}]},{"@type":"WebSite","@id":"https:\/\/72.167.50.119\/ethoro\/#website","url":"https:\/\/72.167.50.119\/ethoro\/","name":"Thoro Enterprises de M\u00e9xico","description":"Todo en Thoro","publisher":{"@id":"https:\/\/72.167.50.119\/ethoro\/#organization"},"alternateName":"Thoro shop","potentialAction":[{"@type":"SearchAction","target":{"@type":"EntryPoint","urlTemplate":"https:\/\/72.167.50.119\/ethoro\/?s={search_term_string}"},"query-input":{"@type":"PropertyValueSpecification","valueRequired":true,"valueName":"search_term_string"}}],"inLanguage":"es"},{"@type":"Organization","@id":"https:\/\/72.167.50.119\/ethoro\/#organization","name":"Thoro Enterprises de M\u00e9xico","alternateName":"Thoro shop","url":"https:\/\/72.167.50.119\/ethoro\/","logo":{"@type":"ImageObject","inLanguage":"es","@id":"https:\/\/72.167.50.119\/ethoro\/#\/schema\/logo\/image\/","url":"https:\/\/72.167.50.119\/ethoro\/wp-content\/uploads\/2025\/01\/cropped-cropped-icono_t-180x180-1.png","contentUrl":"https:\/\/72.167.50.119\/ethoro\/wp-content\/uploads\/2025\/01\/cropped-cropped-icono_t-180x180-1.png","width":512,"height":512,"caption":"Thoro Enterprises de M\u00e9xico"},"image":{"@id":"https:\/\/72.167.50.119\/ethoro\/#\/schema\/logo\/image\/"},"sameAs":["https:\/\/www.facebook.com\/ThoroEnterprises","https:\/\/www.instagram.com\/thoro.mexico\/"]}]}},"_links":{"self":[{"href":"https:\/\/thoro.com.mx\/ethoro\/wp-json\/wp\/v2\/product\/672961","targetHints":{"allow":["GET"]}}],"collection":[{"href":"https:\/\/thoro.com.mx\/ethoro\/wp-json\/wp\/v2\/product"}],"about":[{"href":"https:\/\/thoro.com.mx\/ethoro\/wp-json\/wp\/v2\/types\/product"}],"replies":[{"embeddable":true,"href":"https:\/\/thoro.com.mx\/ethoro\/wp-json\/wp\/v2\/comments?post=672961"}],"wp:attachment":[{"href":"https:\/\/thoro.com.mx\/ethoro\/wp-json\/wp\/v2\/media?parent=672961"}],"wp:term":[{"taxonomy":"product_brand","embeddable":true,"href":"https:\/\/thoro.com.mx\/ethoro\/wp-json\/wp\/v2\/product_brand?post=672961"},{"taxonomy":"product_cat","embeddable":true,"href":"https:\/\/thoro.com.mx\/ethoro\/wp-json\/wp\/v2\/product_cat?post=672961"},{"taxonomy":"product_tag","embeddable":true,"href":"https:\/\/thoro.com.mx\/ethoro\/wp-json\/wp\/v2\/product_tag?post=672961"}],"curies":[{"name":"wp","href":"https:\/\/api.w.org\/{rel}","templated":true}]}}