{"id":6840,"date":"2025-02-05T13:01:30","date_gmt":"2025-02-05T19:01:30","guid":{"rendered":"https:\/\/72.167.50.119\/ethoro\/shop\/sin categor\u00eda\/bascula-electronica-de-plataforma-truper-bas-100pla-plegable-capacidad-100-kilos\/"},"modified":"2026-04-04T00:21:36","modified_gmt":"2026-04-04T06:21:36","slug":"bascula-electronica-de-plataforma-truper-bas-100pla-plegable-capacidad-100-kilos","status":"publish","type":"product","link":"https:\/\/thoro.com.mx\/ethoro\/shop\/herramientas\/instrumentos-de-medicion\/basculas-electronicas-instrumentos-de-medicion\/bascula-electronica-de-plataforma-truper-bas-100pla-plegable-capacidad-100-kilos\/","title":{"rendered":"BASCULA ELECTRONICA DE PLATAFORMA TRUPER BAS-100PLA PLEGABLE CAPACIDAD 100 KILOS"},"content":{"rendered":"<h4>BAS-100PLA<\/h4>\n<ul>\n<li>Capacidad m\u00e1xima de carga 100 kg (220.4 lb)<\/li>\n<li>Divisi\u00f3n m\u00ednima 20 g<\/li>\n<li>Pesada m\u00ednima 0.4 kg<\/li>\n<li>Dimensiones de plataforma 30 cm x 40 cm<\/li>\n<li>Dimensiones (Base x Alto x Fondo) 40 cm x 62 cm x 50 cm<\/li>\n<li>Peso 11 kg<\/li>\n<\/ul>\n","protected":false},"excerpt":{"rendered":"<p>BAS-100PLA Capacidad m\u00e1xima de carga 100 kg (220.4 lb) Divisi\u00f3n m\u00ednima 20 g Pesada m\u00ednima 0.4 kg Dimensiones de plataforma 30 cm x 40 cm Dimensiones (Base x Alto x Fondo) 40 cm x 62 cm x 50 cm Peso 11 kg<\/p>\n","protected":false},"featured_media":6839,"comment_status":"open","ping_status":"closed","template":"","meta":{"_monsterinsights_skip_tracking":false,"_monsterinsights_sitenote_active":false,"_monsterinsights_sitenote_note":"","_monsterinsights_sitenote_category":0,"_joinchat":[]},"product_brand":[],"product_cat":[5342],"product_tag":[],"class_list":{"0":"post-6840","1":"product","2":"type-product","3":"status-publish","4":"has-post-thumbnail","6":"product_cat-basculas-electronicas-instrumentos-de-medicion","8":"first","9":"instock","10":"taxable","11":"shipping-taxable","12":"purchasable","13":"product-type-simple","14":"add-to-wishlist-after_add_to_cart"},"yoast_head":"<!-- This site is optimized with the Yoast SEO plugin v27.1.1 - https:\/\/yoast.com\/product\/yoast-seo-wordpress\/ -->\n<title>BASCULA ELECTRONICA DE PLATAFORMA TRUPER BAS-100PLA PLEGABLE CAPACIDAD 100 KILOS - Thoro enterprises de Mexico<\/title>\n<meta name=\"robots\" content=\"noindex, follow\" \/>\n<meta property=\"og:locale\" content=\"es_MX\" \/>\n<meta property=\"og:type\" content=\"article\" \/>\n<meta property=\"og:title\" content=\"BASCULA ELECTRONICA DE PLATAFORMA TRUPER BAS-100PLA PLEGABLE CAPACIDAD 100 KILOS - Thoro enterprises de Mexico\" \/>\n<meta property=\"og:description\" content=\"BAS-100PLA Capacidad m\u00e1xima de carga 100 kg (220.4 lb) Divisi\u00f3n m\u00ednima 20 g Pesada m\u00ednima 0.4 kg Dimensiones de plataforma 30 cm x 40 cm Dimensiones (Base x Alto x Fondo) 40 cm x 62 cm x 50 cm Peso 11 kg\" \/>\n<meta property=\"og:url\" content=\"https:\/\/thoro.com.mx\/ethoro\/shop\/herramientas\/instrumentos-de-medicion\/basculas-electronicas-instrumentos-de-medicion\/bascula-electronica-de-plataforma-truper-bas-100pla-plegable-capacidad-100-kilos\/\" \/>\n<meta property=\"og:site_name\" content=\"Thoro enterprises de Mexico\" \/>\n<meta property=\"article:publisher\" content=\"https:\/\/www.facebook.com\/ThoroEnterprises\" \/>\n<meta property=\"article:modified_time\" content=\"2026-04-04T06:21:36+00:00\" \/>\n<meta property=\"og:image\" content=\"https:\/\/thoro.com.mx\/ethoro\/wp-content\/uploads\/2025\/02\/H21231.jpg\" \/>\n\t<meta property=\"og:image:width\" content=\"1000\" \/>\n\t<meta property=\"og:image:height\" content=\"1000\" \/>\n\t<meta property=\"og:image:type\" content=\"image\/jpeg\" \/>\n<meta name=\"twitter:card\" content=\"summary_large_image\" \/>\n<script type=\"application\/ld+json\" class=\"yoast-schema-graph\">{\"@context\":\"https:\/\/schema.org\",\"@graph\":[{\"@type\":\"WebPage\",\"@id\":\"https:\/\/thoro.com.mx\/ethoro\/shop\/herramientas\/instrumentos-de-medicion\/basculas-electronicas-instrumentos-de-medicion\/bascula-electronica-de-plataforma-truper-bas-100pla-plegable-capacidad-100-kilos\/\",\"url\":\"https:\/\/thoro.com.mx\/ethoro\/shop\/herramientas\/instrumentos-de-medicion\/basculas-electronicas-instrumentos-de-medicion\/bascula-electronica-de-plataforma-truper-bas-100pla-plegable-capacidad-100-kilos\/\",\"name\":\"BASCULA ELECTRONICA DE PLATAFORMA TRUPER BAS-100PLA PLEGABLE CAPACIDAD 100 KILOS - Thoro enterprises de Mexico\",\"isPartOf\":{\"@id\":\"https:\/\/72.167.50.119\/ethoro\/#website\"},\"primaryImageOfPage\":{\"@id\":\"https:\/\/thoro.com.mx\/ethoro\/shop\/herramientas\/instrumentos-de-medicion\/basculas-electronicas-instrumentos-de-medicion\/bascula-electronica-de-plataforma-truper-bas-100pla-plegable-capacidad-100-kilos\/#primaryimage\"},\"image\":{\"@id\":\"https:\/\/thoro.com.mx\/ethoro\/shop\/herramientas\/instrumentos-de-medicion\/basculas-electronicas-instrumentos-de-medicion\/bascula-electronica-de-plataforma-truper-bas-100pla-plegable-capacidad-100-kilos\/#primaryimage\"},\"thumbnailUrl\":\"https:\/\/thoro.com.mx\/ethoro\/wp-content\/uploads\/2025\/02\/H21231.jpg\",\"datePublished\":\"2025-02-05T19:01:30+00:00\",\"dateModified\":\"2026-04-04T06:21:36+00:00\",\"breadcrumb\":{\"@id\":\"https:\/\/thoro.com.mx\/ethoro\/shop\/herramientas\/instrumentos-de-medicion\/basculas-electronicas-instrumentos-de-medicion\/bascula-electronica-de-plataforma-truper-bas-100pla-plegable-capacidad-100-kilos\/#breadcrumb\"},\"inLanguage\":\"es\",\"potentialAction\":[{\"@type\":\"ReadAction\",\"target\":[\"https:\/\/thoro.com.mx\/ethoro\/shop\/herramientas\/instrumentos-de-medicion\/basculas-electronicas-instrumentos-de-medicion\/bascula-electronica-de-plataforma-truper-bas-100pla-plegable-capacidad-100-kilos\/\"]}]},{\"@type\":\"ImageObject\",\"inLanguage\":\"es\",\"@id\":\"https:\/\/thoro.com.mx\/ethoro\/shop\/herramientas\/instrumentos-de-medicion\/basculas-electronicas-instrumentos-de-medicion\/bascula-electronica-de-plataforma-truper-bas-100pla-plegable-capacidad-100-kilos\/#primaryimage\",\"url\":\"https:\/\/thoro.com.mx\/ethoro\/wp-content\/uploads\/2025\/02\/H21231.jpg\",\"contentUrl\":\"https:\/\/thoro.com.mx\/ethoro\/wp-content\/uploads\/2025\/02\/H21231.jpg\",\"width\":1000,\"height\":1000},{\"@type\":\"BreadcrumbList\",\"@id\":\"https:\/\/thoro.com.mx\/ethoro\/shop\/herramientas\/instrumentos-de-medicion\/basculas-electronicas-instrumentos-de-medicion\/bascula-electronica-de-plataforma-truper-bas-100pla-plegable-capacidad-100-kilos\/#breadcrumb\",\"itemListElement\":[{\"@type\":\"ListItem\",\"position\":1,\"name\":\"Inicio\",\"item\":\"https:\/\/thoro.com.mx\/ethoro\/\"},{\"@type\":\"ListItem\",\"position\":2,\"name\":\"Tienda\",\"item\":\"https:\/\/thoro.com.mx\/ethoro\/shop\/\"},{\"@type\":\"ListItem\",\"position\":3,\"name\":\"BASCULA ELECTRONICA DE PLATAFORMA TRUPER BAS-100PLA PLEGABLE CAPACIDAD 100 KILOS\"}]},{\"@type\":\"WebSite\",\"@id\":\"https:\/\/72.167.50.119\/ethoro\/#website\",\"url\":\"https:\/\/72.167.50.119\/ethoro\/\",\"name\":\"Thoro Enterprises de M\u00e9xico\",\"description\":\"Todo en Thoro\",\"publisher\":{\"@id\":\"https:\/\/72.167.50.119\/ethoro\/#organization\"},\"alternateName\":\"Thoro shop\",\"potentialAction\":[{\"@type\":\"SearchAction\",\"target\":{\"@type\":\"EntryPoint\",\"urlTemplate\":\"https:\/\/72.167.50.119\/ethoro\/?s={search_term_string}\"},\"query-input\":{\"@type\":\"PropertyValueSpecification\",\"valueRequired\":true,\"valueName\":\"search_term_string\"}}],\"inLanguage\":\"es\"},{\"@type\":\"Organization\",\"@id\":\"https:\/\/72.167.50.119\/ethoro\/#organization\",\"name\":\"Thoro Enterprises de M\u00e9xico\",\"alternateName\":\"Thoro shop\",\"url\":\"https:\/\/72.167.50.119\/ethoro\/\",\"logo\":{\"@type\":\"ImageObject\",\"inLanguage\":\"es\",\"@id\":\"https:\/\/72.167.50.119\/ethoro\/#\/schema\/logo\/image\/\",\"url\":\"https:\/\/72.167.50.119\/ethoro\/wp-content\/uploads\/2025\/01\/cropped-cropped-icono_t-180x180-1.png\",\"contentUrl\":\"https:\/\/72.167.50.119\/ethoro\/wp-content\/uploads\/2025\/01\/cropped-cropped-icono_t-180x180-1.png\",\"width\":512,\"height\":512,\"caption\":\"Thoro Enterprises de M\u00e9xico\"},\"image\":{\"@id\":\"https:\/\/72.167.50.119\/ethoro\/#\/schema\/logo\/image\/\"},\"sameAs\":[\"https:\/\/www.facebook.com\/ThoroEnterprises\",\"https:\/\/www.instagram.com\/thoro.mexico\/\"]}]}<\/script>\n<!-- \/ Yoast SEO plugin. -->","yoast_head_json":{"title":"BASCULA ELECTRONICA DE PLATAFORMA TRUPER BAS-100PLA PLEGABLE CAPACIDAD 100 KILOS - Thoro enterprises de Mexico","robots":{"index":"noindex","follow":"follow"},"og_locale":"es_MX","og_type":"article","og_title":"BASCULA ELECTRONICA DE PLATAFORMA TRUPER BAS-100PLA PLEGABLE CAPACIDAD 100 KILOS - Thoro enterprises de Mexico","og_description":"BAS-100PLA Capacidad m\u00e1xima de carga 100 kg (220.4 lb) Divisi\u00f3n m\u00ednima 20 g Pesada m\u00ednima 0.4 kg Dimensiones de plataforma 30 cm x 40 cm Dimensiones (Base x Alto x Fondo) 40 cm x 62 cm x 50 cm Peso 11 kg","og_url":"https:\/\/thoro.com.mx\/ethoro\/shop\/herramientas\/instrumentos-de-medicion\/basculas-electronicas-instrumentos-de-medicion\/bascula-electronica-de-plataforma-truper-bas-100pla-plegable-capacidad-100-kilos\/","og_site_name":"Thoro enterprises de Mexico","article_publisher":"https:\/\/www.facebook.com\/ThoroEnterprises","article_modified_time":"2026-04-04T06:21:36+00:00","og_image":[{"width":1000,"height":1000,"url":"https:\/\/thoro.com.mx\/ethoro\/wp-content\/uploads\/2025\/02\/H21231.jpg","type":"image\/jpeg"}],"twitter_card":"summary_large_image","schema":{"@context":"https:\/\/schema.org","@graph":[{"@type":"WebPage","@id":"https:\/\/thoro.com.mx\/ethoro\/shop\/herramientas\/instrumentos-de-medicion\/basculas-electronicas-instrumentos-de-medicion\/bascula-electronica-de-plataforma-truper-bas-100pla-plegable-capacidad-100-kilos\/","url":"https:\/\/thoro.com.mx\/ethoro\/shop\/herramientas\/instrumentos-de-medicion\/basculas-electronicas-instrumentos-de-medicion\/bascula-electronica-de-plataforma-truper-bas-100pla-plegable-capacidad-100-kilos\/","name":"BASCULA ELECTRONICA DE PLATAFORMA TRUPER BAS-100PLA PLEGABLE CAPACIDAD 100 KILOS - Thoro enterprises de Mexico","isPartOf":{"@id":"https:\/\/72.167.50.119\/ethoro\/#website"},"primaryImageOfPage":{"@id":"https:\/\/thoro.com.mx\/ethoro\/shop\/herramientas\/instrumentos-de-medicion\/basculas-electronicas-instrumentos-de-medicion\/bascula-electronica-de-plataforma-truper-bas-100pla-plegable-capacidad-100-kilos\/#primaryimage"},"image":{"@id":"https:\/\/thoro.com.mx\/ethoro\/shop\/herramientas\/instrumentos-de-medicion\/basculas-electronicas-instrumentos-de-medicion\/bascula-electronica-de-plataforma-truper-bas-100pla-plegable-capacidad-100-kilos\/#primaryimage"},"thumbnailUrl":"https:\/\/thoro.com.mx\/ethoro\/wp-content\/uploads\/2025\/02\/H21231.jpg","datePublished":"2025-02-05T19:01:30+00:00","dateModified":"2026-04-04T06:21:36+00:00","breadcrumb":{"@id":"https:\/\/thoro.com.mx\/ethoro\/shop\/herramientas\/instrumentos-de-medicion\/basculas-electronicas-instrumentos-de-medicion\/bascula-electronica-de-plataforma-truper-bas-100pla-plegable-capacidad-100-kilos\/#breadcrumb"},"inLanguage":"es","potentialAction":[{"@type":"ReadAction","target":["https:\/\/thoro.com.mx\/ethoro\/shop\/herramientas\/instrumentos-de-medicion\/basculas-electronicas-instrumentos-de-medicion\/bascula-electronica-de-plataforma-truper-bas-100pla-plegable-capacidad-100-kilos\/"]}]},{"@type":"ImageObject","inLanguage":"es","@id":"https:\/\/thoro.com.mx\/ethoro\/shop\/herramientas\/instrumentos-de-medicion\/basculas-electronicas-instrumentos-de-medicion\/bascula-electronica-de-plataforma-truper-bas-100pla-plegable-capacidad-100-kilos\/#primaryimage","url":"https:\/\/thoro.com.mx\/ethoro\/wp-content\/uploads\/2025\/02\/H21231.jpg","contentUrl":"https:\/\/thoro.com.mx\/ethoro\/wp-content\/uploads\/2025\/02\/H21231.jpg","width":1000,"height":1000},{"@type":"BreadcrumbList","@id":"https:\/\/thoro.com.mx\/ethoro\/shop\/herramientas\/instrumentos-de-medicion\/basculas-electronicas-instrumentos-de-medicion\/bascula-electronica-de-plataforma-truper-bas-100pla-plegable-capacidad-100-kilos\/#breadcrumb","itemListElement":[{"@type":"ListItem","position":1,"name":"Inicio","item":"https:\/\/thoro.com.mx\/ethoro\/"},{"@type":"ListItem","position":2,"name":"Tienda","item":"https:\/\/thoro.com.mx\/ethoro\/shop\/"},{"@type":"ListItem","position":3,"name":"BASCULA ELECTRONICA DE PLATAFORMA TRUPER BAS-100PLA PLEGABLE CAPACIDAD 100 KILOS"}]},{"@type":"WebSite","@id":"https:\/\/72.167.50.119\/ethoro\/#website","url":"https:\/\/72.167.50.119\/ethoro\/","name":"Thoro Enterprises de M\u00e9xico","description":"Todo en Thoro","publisher":{"@id":"https:\/\/72.167.50.119\/ethoro\/#organization"},"alternateName":"Thoro shop","potentialAction":[{"@type":"SearchAction","target":{"@type":"EntryPoint","urlTemplate":"https:\/\/72.167.50.119\/ethoro\/?s={search_term_string}"},"query-input":{"@type":"PropertyValueSpecification","valueRequired":true,"valueName":"search_term_string"}}],"inLanguage":"es"},{"@type":"Organization","@id":"https:\/\/72.167.50.119\/ethoro\/#organization","name":"Thoro Enterprises de M\u00e9xico","alternateName":"Thoro shop","url":"https:\/\/72.167.50.119\/ethoro\/","logo":{"@type":"ImageObject","inLanguage":"es","@id":"https:\/\/72.167.50.119\/ethoro\/#\/schema\/logo\/image\/","url":"https:\/\/72.167.50.119\/ethoro\/wp-content\/uploads\/2025\/01\/cropped-cropped-icono_t-180x180-1.png","contentUrl":"https:\/\/72.167.50.119\/ethoro\/wp-content\/uploads\/2025\/01\/cropped-cropped-icono_t-180x180-1.png","width":512,"height":512,"caption":"Thoro Enterprises de M\u00e9xico"},"image":{"@id":"https:\/\/72.167.50.119\/ethoro\/#\/schema\/logo\/image\/"},"sameAs":["https:\/\/www.facebook.com\/ThoroEnterprises","https:\/\/www.instagram.com\/thoro.mexico\/"]}]}},"_links":{"self":[{"href":"https:\/\/thoro.com.mx\/ethoro\/wp-json\/wp\/v2\/product\/6840","targetHints":{"allow":["GET"]}}],"collection":[{"href":"https:\/\/thoro.com.mx\/ethoro\/wp-json\/wp\/v2\/product"}],"about":[{"href":"https:\/\/thoro.com.mx\/ethoro\/wp-json\/wp\/v2\/types\/product"}],"replies":[{"embeddable":true,"href":"https:\/\/thoro.com.mx\/ethoro\/wp-json\/wp\/v2\/comments?post=6840"}],"wp:featuredmedia":[{"embeddable":true,"href":"https:\/\/thoro.com.mx\/ethoro\/wp-json\/wp\/v2\/media\/6839"}],"wp:attachment":[{"href":"https:\/\/thoro.com.mx\/ethoro\/wp-json\/wp\/v2\/media?parent=6840"}],"wp:term":[{"taxonomy":"product_brand","embeddable":true,"href":"https:\/\/thoro.com.mx\/ethoro\/wp-json\/wp\/v2\/product_brand?post=6840"},{"taxonomy":"product_cat","embeddable":true,"href":"https:\/\/thoro.com.mx\/ethoro\/wp-json\/wp\/v2\/product_cat?post=6840"},{"taxonomy":"product_tag","embeddable":true,"href":"https:\/\/thoro.com.mx\/ethoro\/wp-json\/wp\/v2\/product_tag?post=6840"}],"curies":[{"name":"wp","href":"https:\/\/api.w.org\/{rel}","templated":true}]}}