{"id":7237,"date":"2025-02-05T13:05:25","date_gmt":"2025-02-05T19:05:25","guid":{"rendered":"https:\/\/72.167.50.119\/ethoro\/shop\/sin categor\u00eda\/juego-de-llaves-combinadas-urrea-ch256p-con-15-piezas-de-pulido-espejo-de-matraca-metrica\/"},"modified":"2026-01-08T00:24:31","modified_gmt":"2026-01-08T06:24:31","slug":"juego-de-llaves-combinadas-urrea-ch256p-con-15-piezas-de-pulido-espejo-de-matraca-metrica","status":"publish","type":"product","link":"https:\/\/thoro.com.mx\/ethoro\/shop\/herramientas\/juegos-de-herramientas-herramientas\/llaves-combinadas-juegos-de-herramientas-herramientas\/juego-de-llaves-combinadas-urrea-ch256p-con-15-piezas-de-pulido-espejo-de-matraca-metrica\/","title":{"rendered":"JUEGO DE LLAVES COMBINADAS URREA CH256P CON 15 PIEZAS DE PULIDO ESPEJO DE MATRACA METRICA"},"content":{"rendered":"<h4>CH256P<\/h4>\n<ul>\n<li>Juego de llaves combinadas tipo matraca, m\u00e9tricas, pulido espejo, con bandeja de espuma EVA dise\u00f1ada para fijarla en la pared, manteniendo la herramienta en su lugar aunque este en posici\u00f3n vertical. -Mecanismo de 72 dientes, recuperaci\u00f3n de 5\u00b0. Exceden norma ASME. -Funciona con esp\u00e1rragos largos, a\u00fan donde los dados largos, no llegan.<\/li>\n<\/ul>\n","protected":false},"excerpt":{"rendered":"<p>CH256P Juego de llaves combinadas tipo matraca, m\u00e9tricas, pulido espejo, con bandeja de espuma EVA dise\u00f1ada para fijarla en la pared, manteniendo la herramienta en su lugar aunque este en posici\u00f3n vertical. -Mecanismo de 72 dientes, recuperaci\u00f3n de 5\u00b0. Exceden norma ASME. -Funciona con esp\u00e1rragos largos, a\u00fan donde los dados largos, no llegan.<\/p>\n","protected":false},"featured_media":7236,"comment_status":"open","ping_status":"closed","template":"","meta":{"_monsterinsights_skip_tracking":false,"_monsterinsights_sitenote_active":false,"_monsterinsights_sitenote_note":"","_monsterinsights_sitenote_category":0,"_joinchat":[]},"product_brand":[],"product_cat":[405],"product_tag":[],"class_list":{"0":"post-7237","1":"product","2":"type-product","3":"status-publish","4":"has-post-thumbnail","6":"product_cat-llaves-combinadas-juegos-de-herramientas-herramientas","8":"first","9":"outofstock","10":"taxable","11":"shipping-taxable","12":"purchasable","13":"product-type-simple","14":"add-to-wishlist-after_add_to_cart"},"yoast_head":"<!-- This site is optimized with the Yoast SEO plugin v27.1.1 - https:\/\/yoast.com\/product\/yoast-seo-wordpress\/ -->\n<title>JUEGO DE LLAVES COMBINADAS URREA CH256P CON 15 PIEZAS DE PULIDO ESPEJO DE MATRACA METRICA - Thoro enterprises de Mexico<\/title>\n<meta name=\"robots\" content=\"noindex, follow\" \/>\n<meta property=\"og:locale\" content=\"es_MX\" \/>\n<meta property=\"og:type\" content=\"article\" \/>\n<meta property=\"og:title\" content=\"JUEGO DE LLAVES COMBINADAS URREA CH256P CON 15 PIEZAS DE PULIDO ESPEJO DE MATRACA METRICA - Thoro enterprises de Mexico\" \/>\n<meta property=\"og:description\" content=\"CH256P Juego de llaves combinadas tipo matraca, m\u00e9tricas, pulido espejo, con bandeja de espuma EVA dise\u00f1ada para fijarla en la pared, manteniendo la herramienta en su lugar aunque este en posici\u00f3n vertical. -Mecanismo de 72 dientes, recuperaci\u00f3n de 5\u00b0. Exceden norma ASME. -Funciona con esp\u00e1rragos largos, a\u00fan donde los dados largos, no llegan.\" \/>\n<meta property=\"og:url\" content=\"https:\/\/thoro.com.mx\/ethoro\/shop\/herramientas\/juegos-de-herramientas-herramientas\/llaves-combinadas-juegos-de-herramientas-herramientas\/juego-de-llaves-combinadas-urrea-ch256p-con-15-piezas-de-pulido-espejo-de-matraca-metrica\/\" \/>\n<meta property=\"og:site_name\" content=\"Thoro enterprises de Mexico\" \/>\n<meta property=\"article:publisher\" content=\"https:\/\/www.facebook.com\/ThoroEnterprises\" \/>\n<meta property=\"article:modified_time\" content=\"2026-01-08T06:24:31+00:00\" \/>\n<meta property=\"og:image\" content=\"https:\/\/thoro.com.mx\/ethoro\/wp-content\/uploads\/2025\/02\/H21492.jpg\" \/>\n\t<meta property=\"og:image:width\" content=\"1000\" \/>\n\t<meta property=\"og:image:height\" content=\"1000\" \/>\n\t<meta property=\"og:image:type\" content=\"image\/jpeg\" \/>\n<meta name=\"twitter:card\" content=\"summary_large_image\" \/>\n<script type=\"application\/ld+json\" class=\"yoast-schema-graph\">{\"@context\":\"https:\/\/schema.org\",\"@graph\":[{\"@type\":\"WebPage\",\"@id\":\"https:\/\/thoro.com.mx\/ethoro\/shop\/herramientas\/juegos-de-herramientas-herramientas\/llaves-combinadas-juegos-de-herramientas-herramientas\/juego-de-llaves-combinadas-urrea-ch256p-con-15-piezas-de-pulido-espejo-de-matraca-metrica\/\",\"url\":\"https:\/\/thoro.com.mx\/ethoro\/shop\/herramientas\/juegos-de-herramientas-herramientas\/llaves-combinadas-juegos-de-herramientas-herramientas\/juego-de-llaves-combinadas-urrea-ch256p-con-15-piezas-de-pulido-espejo-de-matraca-metrica\/\",\"name\":\"JUEGO DE LLAVES COMBINADAS URREA CH256P CON 15 PIEZAS DE PULIDO ESPEJO DE MATRACA METRICA - Thoro enterprises de Mexico\",\"isPartOf\":{\"@id\":\"https:\/\/72.167.50.119\/ethoro\/#website\"},\"primaryImageOfPage\":{\"@id\":\"https:\/\/thoro.com.mx\/ethoro\/shop\/herramientas\/juegos-de-herramientas-herramientas\/llaves-combinadas-juegos-de-herramientas-herramientas\/juego-de-llaves-combinadas-urrea-ch256p-con-15-piezas-de-pulido-espejo-de-matraca-metrica\/#primaryimage\"},\"image\":{\"@id\":\"https:\/\/thoro.com.mx\/ethoro\/shop\/herramientas\/juegos-de-herramientas-herramientas\/llaves-combinadas-juegos-de-herramientas-herramientas\/juego-de-llaves-combinadas-urrea-ch256p-con-15-piezas-de-pulido-espejo-de-matraca-metrica\/#primaryimage\"},\"thumbnailUrl\":\"https:\/\/thoro.com.mx\/ethoro\/wp-content\/uploads\/2025\/02\/H21492.jpg\",\"datePublished\":\"2025-02-05T19:05:25+00:00\",\"dateModified\":\"2026-01-08T06:24:31+00:00\",\"breadcrumb\":{\"@id\":\"https:\/\/thoro.com.mx\/ethoro\/shop\/herramientas\/juegos-de-herramientas-herramientas\/llaves-combinadas-juegos-de-herramientas-herramientas\/juego-de-llaves-combinadas-urrea-ch256p-con-15-piezas-de-pulido-espejo-de-matraca-metrica\/#breadcrumb\"},\"inLanguage\":\"es\",\"potentialAction\":[{\"@type\":\"ReadAction\",\"target\":[\"https:\/\/thoro.com.mx\/ethoro\/shop\/herramientas\/juegos-de-herramientas-herramientas\/llaves-combinadas-juegos-de-herramientas-herramientas\/juego-de-llaves-combinadas-urrea-ch256p-con-15-piezas-de-pulido-espejo-de-matraca-metrica\/\"]}]},{\"@type\":\"ImageObject\",\"inLanguage\":\"es\",\"@id\":\"https:\/\/thoro.com.mx\/ethoro\/shop\/herramientas\/juegos-de-herramientas-herramientas\/llaves-combinadas-juegos-de-herramientas-herramientas\/juego-de-llaves-combinadas-urrea-ch256p-con-15-piezas-de-pulido-espejo-de-matraca-metrica\/#primaryimage\",\"url\":\"https:\/\/thoro.com.mx\/ethoro\/wp-content\/uploads\/2025\/02\/H21492.jpg\",\"contentUrl\":\"https:\/\/thoro.com.mx\/ethoro\/wp-content\/uploads\/2025\/02\/H21492.jpg\",\"width\":1000,\"height\":1000},{\"@type\":\"BreadcrumbList\",\"@id\":\"https:\/\/thoro.com.mx\/ethoro\/shop\/herramientas\/juegos-de-herramientas-herramientas\/llaves-combinadas-juegos-de-herramientas-herramientas\/juego-de-llaves-combinadas-urrea-ch256p-con-15-piezas-de-pulido-espejo-de-matraca-metrica\/#breadcrumb\",\"itemListElement\":[{\"@type\":\"ListItem\",\"position\":1,\"name\":\"Inicio\",\"item\":\"https:\/\/thoro.com.mx\/ethoro\/\"},{\"@type\":\"ListItem\",\"position\":2,\"name\":\"Tienda\",\"item\":\"https:\/\/thoro.com.mx\/ethoro\/shop\/\"},{\"@type\":\"ListItem\",\"position\":3,\"name\":\"JUEGO DE LLAVES COMBINADAS URREA CH256P CON 15 PIEZAS DE PULIDO ESPEJO DE MATRACA METRICA\"}]},{\"@type\":\"WebSite\",\"@id\":\"https:\/\/72.167.50.119\/ethoro\/#website\",\"url\":\"https:\/\/72.167.50.119\/ethoro\/\",\"name\":\"Thoro Enterprises de M\u00e9xico\",\"description\":\"Todo en Thoro\",\"publisher\":{\"@id\":\"https:\/\/72.167.50.119\/ethoro\/#organization\"},\"alternateName\":\"Thoro shop\",\"potentialAction\":[{\"@type\":\"SearchAction\",\"target\":{\"@type\":\"EntryPoint\",\"urlTemplate\":\"https:\/\/72.167.50.119\/ethoro\/?s={search_term_string}\"},\"query-input\":{\"@type\":\"PropertyValueSpecification\",\"valueRequired\":true,\"valueName\":\"search_term_string\"}}],\"inLanguage\":\"es\"},{\"@type\":\"Organization\",\"@id\":\"https:\/\/72.167.50.119\/ethoro\/#organization\",\"name\":\"Thoro Enterprises de M\u00e9xico\",\"alternateName\":\"Thoro shop\",\"url\":\"https:\/\/72.167.50.119\/ethoro\/\",\"logo\":{\"@type\":\"ImageObject\",\"inLanguage\":\"es\",\"@id\":\"https:\/\/72.167.50.119\/ethoro\/#\/schema\/logo\/image\/\",\"url\":\"https:\/\/72.167.50.119\/ethoro\/wp-content\/uploads\/2025\/01\/cropped-cropped-icono_t-180x180-1.png\",\"contentUrl\":\"https:\/\/72.167.50.119\/ethoro\/wp-content\/uploads\/2025\/01\/cropped-cropped-icono_t-180x180-1.png\",\"width\":512,\"height\":512,\"caption\":\"Thoro Enterprises de M\u00e9xico\"},\"image\":{\"@id\":\"https:\/\/72.167.50.119\/ethoro\/#\/schema\/logo\/image\/\"},\"sameAs\":[\"https:\/\/www.facebook.com\/ThoroEnterprises\",\"https:\/\/www.instagram.com\/thoro.mexico\/\"]}]}<\/script>\n<!-- \/ Yoast SEO plugin. -->","yoast_head_json":{"title":"JUEGO DE LLAVES COMBINADAS URREA CH256P CON 15 PIEZAS DE PULIDO ESPEJO DE MATRACA METRICA - Thoro enterprises de Mexico","robots":{"index":"noindex","follow":"follow"},"og_locale":"es_MX","og_type":"article","og_title":"JUEGO DE LLAVES COMBINADAS URREA CH256P CON 15 PIEZAS DE PULIDO ESPEJO DE MATRACA METRICA - Thoro enterprises de Mexico","og_description":"CH256P Juego de llaves combinadas tipo matraca, m\u00e9tricas, pulido espejo, con bandeja de espuma EVA dise\u00f1ada para fijarla en la pared, manteniendo la herramienta en su lugar aunque este en posici\u00f3n vertical. -Mecanismo de 72 dientes, recuperaci\u00f3n de 5\u00b0. Exceden norma ASME. -Funciona con esp\u00e1rragos largos, a\u00fan donde los dados largos, no llegan.","og_url":"https:\/\/thoro.com.mx\/ethoro\/shop\/herramientas\/juegos-de-herramientas-herramientas\/llaves-combinadas-juegos-de-herramientas-herramientas\/juego-de-llaves-combinadas-urrea-ch256p-con-15-piezas-de-pulido-espejo-de-matraca-metrica\/","og_site_name":"Thoro enterprises de Mexico","article_publisher":"https:\/\/www.facebook.com\/ThoroEnterprises","article_modified_time":"2026-01-08T06:24:31+00:00","og_image":[{"width":1000,"height":1000,"url":"https:\/\/thoro.com.mx\/ethoro\/wp-content\/uploads\/2025\/02\/H21492.jpg","type":"image\/jpeg"}],"twitter_card":"summary_large_image","schema":{"@context":"https:\/\/schema.org","@graph":[{"@type":"WebPage","@id":"https:\/\/thoro.com.mx\/ethoro\/shop\/herramientas\/juegos-de-herramientas-herramientas\/llaves-combinadas-juegos-de-herramientas-herramientas\/juego-de-llaves-combinadas-urrea-ch256p-con-15-piezas-de-pulido-espejo-de-matraca-metrica\/","url":"https:\/\/thoro.com.mx\/ethoro\/shop\/herramientas\/juegos-de-herramientas-herramientas\/llaves-combinadas-juegos-de-herramientas-herramientas\/juego-de-llaves-combinadas-urrea-ch256p-con-15-piezas-de-pulido-espejo-de-matraca-metrica\/","name":"JUEGO DE LLAVES COMBINADAS URREA CH256P CON 15 PIEZAS DE PULIDO ESPEJO DE MATRACA METRICA - Thoro enterprises de Mexico","isPartOf":{"@id":"https:\/\/72.167.50.119\/ethoro\/#website"},"primaryImageOfPage":{"@id":"https:\/\/thoro.com.mx\/ethoro\/shop\/herramientas\/juegos-de-herramientas-herramientas\/llaves-combinadas-juegos-de-herramientas-herramientas\/juego-de-llaves-combinadas-urrea-ch256p-con-15-piezas-de-pulido-espejo-de-matraca-metrica\/#primaryimage"},"image":{"@id":"https:\/\/thoro.com.mx\/ethoro\/shop\/herramientas\/juegos-de-herramientas-herramientas\/llaves-combinadas-juegos-de-herramientas-herramientas\/juego-de-llaves-combinadas-urrea-ch256p-con-15-piezas-de-pulido-espejo-de-matraca-metrica\/#primaryimage"},"thumbnailUrl":"https:\/\/thoro.com.mx\/ethoro\/wp-content\/uploads\/2025\/02\/H21492.jpg","datePublished":"2025-02-05T19:05:25+00:00","dateModified":"2026-01-08T06:24:31+00:00","breadcrumb":{"@id":"https:\/\/thoro.com.mx\/ethoro\/shop\/herramientas\/juegos-de-herramientas-herramientas\/llaves-combinadas-juegos-de-herramientas-herramientas\/juego-de-llaves-combinadas-urrea-ch256p-con-15-piezas-de-pulido-espejo-de-matraca-metrica\/#breadcrumb"},"inLanguage":"es","potentialAction":[{"@type":"ReadAction","target":["https:\/\/thoro.com.mx\/ethoro\/shop\/herramientas\/juegos-de-herramientas-herramientas\/llaves-combinadas-juegos-de-herramientas-herramientas\/juego-de-llaves-combinadas-urrea-ch256p-con-15-piezas-de-pulido-espejo-de-matraca-metrica\/"]}]},{"@type":"ImageObject","inLanguage":"es","@id":"https:\/\/thoro.com.mx\/ethoro\/shop\/herramientas\/juegos-de-herramientas-herramientas\/llaves-combinadas-juegos-de-herramientas-herramientas\/juego-de-llaves-combinadas-urrea-ch256p-con-15-piezas-de-pulido-espejo-de-matraca-metrica\/#primaryimage","url":"https:\/\/thoro.com.mx\/ethoro\/wp-content\/uploads\/2025\/02\/H21492.jpg","contentUrl":"https:\/\/thoro.com.mx\/ethoro\/wp-content\/uploads\/2025\/02\/H21492.jpg","width":1000,"height":1000},{"@type":"BreadcrumbList","@id":"https:\/\/thoro.com.mx\/ethoro\/shop\/herramientas\/juegos-de-herramientas-herramientas\/llaves-combinadas-juegos-de-herramientas-herramientas\/juego-de-llaves-combinadas-urrea-ch256p-con-15-piezas-de-pulido-espejo-de-matraca-metrica\/#breadcrumb","itemListElement":[{"@type":"ListItem","position":1,"name":"Inicio","item":"https:\/\/thoro.com.mx\/ethoro\/"},{"@type":"ListItem","position":2,"name":"Tienda","item":"https:\/\/thoro.com.mx\/ethoro\/shop\/"},{"@type":"ListItem","position":3,"name":"JUEGO DE LLAVES COMBINADAS URREA CH256P CON 15 PIEZAS DE PULIDO ESPEJO DE MATRACA METRICA"}]},{"@type":"WebSite","@id":"https:\/\/72.167.50.119\/ethoro\/#website","url":"https:\/\/72.167.50.119\/ethoro\/","name":"Thoro Enterprises de M\u00e9xico","description":"Todo en Thoro","publisher":{"@id":"https:\/\/72.167.50.119\/ethoro\/#organization"},"alternateName":"Thoro shop","potentialAction":[{"@type":"SearchAction","target":{"@type":"EntryPoint","urlTemplate":"https:\/\/72.167.50.119\/ethoro\/?s={search_term_string}"},"query-input":{"@type":"PropertyValueSpecification","valueRequired":true,"valueName":"search_term_string"}}],"inLanguage":"es"},{"@type":"Organization","@id":"https:\/\/72.167.50.119\/ethoro\/#organization","name":"Thoro Enterprises de M\u00e9xico","alternateName":"Thoro shop","url":"https:\/\/72.167.50.119\/ethoro\/","logo":{"@type":"ImageObject","inLanguage":"es","@id":"https:\/\/72.167.50.119\/ethoro\/#\/schema\/logo\/image\/","url":"https:\/\/72.167.50.119\/ethoro\/wp-content\/uploads\/2025\/01\/cropped-cropped-icono_t-180x180-1.png","contentUrl":"https:\/\/72.167.50.119\/ethoro\/wp-content\/uploads\/2025\/01\/cropped-cropped-icono_t-180x180-1.png","width":512,"height":512,"caption":"Thoro Enterprises de M\u00e9xico"},"image":{"@id":"https:\/\/72.167.50.119\/ethoro\/#\/schema\/logo\/image\/"},"sameAs":["https:\/\/www.facebook.com\/ThoroEnterprises","https:\/\/www.instagram.com\/thoro.mexico\/"]}]}},"_links":{"self":[{"href":"https:\/\/thoro.com.mx\/ethoro\/wp-json\/wp\/v2\/product\/7237","targetHints":{"allow":["GET"]}}],"collection":[{"href":"https:\/\/thoro.com.mx\/ethoro\/wp-json\/wp\/v2\/product"}],"about":[{"href":"https:\/\/thoro.com.mx\/ethoro\/wp-json\/wp\/v2\/types\/product"}],"replies":[{"embeddable":true,"href":"https:\/\/thoro.com.mx\/ethoro\/wp-json\/wp\/v2\/comments?post=7237"}],"wp:featuredmedia":[{"embeddable":true,"href":"https:\/\/thoro.com.mx\/ethoro\/wp-json\/wp\/v2\/media\/7236"}],"wp:attachment":[{"href":"https:\/\/thoro.com.mx\/ethoro\/wp-json\/wp\/v2\/media?parent=7237"}],"wp:term":[{"taxonomy":"product_brand","embeddable":true,"href":"https:\/\/thoro.com.mx\/ethoro\/wp-json\/wp\/v2\/product_brand?post=7237"},{"taxonomy":"product_cat","embeddable":true,"href":"https:\/\/thoro.com.mx\/ethoro\/wp-json\/wp\/v2\/product_cat?post=7237"},{"taxonomy":"product_tag","embeddable":true,"href":"https:\/\/thoro.com.mx\/ethoro\/wp-json\/wp\/v2\/product_tag?post=7237"}],"curies":[{"name":"wp","href":"https:\/\/api.w.org\/{rel}","templated":true}]}}