{"id":7263,"date":"2025-02-05T13:05:38","date_gmt":"2025-02-05T19:05:38","guid":{"rendered":"https:\/\/72.167.50.119\/ethoro\/shop\/sin categor\u00eda\/juego-de-herramienta-urrea-ch282p-con-7-piezas\/"},"modified":"2026-04-03T00:21:17","modified_gmt":"2026-04-03T06:21:17","slug":"juego-de-herramienta-urrea-ch282p-con-7-piezas","status":"publish","type":"product","link":"https:\/\/thoro.com.mx\/ethoro\/shop\/herramientas\/juegos-de-herramientas-herramientas\/juegos-de-herramientas-juegos-de-herramientas-herramientas\/juego-de-herramienta-urrea-ch282p-con-7-piezas\/","title":{"rendered":"JUEGO DE HERRAMIENTA URREA CH282P CON 7 PIEZAS"},"content":{"rendered":"<h4>CH282P<\/h4>\n<ul>\n<li>Juego de 7 pinzas combinado Urrea con bandeja de espuma EVA dise\u00f1ada para fijarla en la pared, manteniendo la herramienta en su lugar aunque este en posici\u00f3n vertical. De corte diagonal, corte lateral, poncha cable, punta larga, de extensi\u00f3n, y de mec\u00e1nico.<\/li>\n<\/ul>\n","protected":false},"excerpt":{"rendered":"<p>CH282P Juego de 7 pinzas combinado Urrea con bandeja de espuma EVA dise\u00f1ada para fijarla en la pared, manteniendo la herramienta en su lugar aunque este en posici\u00f3n vertical. De corte diagonal, corte lateral, poncha cable, punta larga, de extensi\u00f3n, y de mec\u00e1nico.<\/p>\n","protected":false},"featured_media":7262,"comment_status":"open","ping_status":"closed","template":"","meta":{"_monsterinsights_skip_tracking":false,"_monsterinsights_sitenote_active":false,"_monsterinsights_sitenote_note":"","_monsterinsights_sitenote_category":0,"_joinchat":[]},"product_brand":[],"product_cat":[388],"product_tag":[],"class_list":{"0":"post-7263","1":"product","2":"type-product","3":"status-publish","4":"has-post-thumbnail","6":"product_cat-juegos-de-herramientas-juegos-de-herramientas-herramientas","8":"first","9":"instock","10":"taxable","11":"shipping-taxable","12":"purchasable","13":"product-type-simple","14":"add-to-wishlist-after_add_to_cart"},"yoast_head":"<!-- This site is optimized with the Yoast SEO plugin v27.1.1 - https:\/\/yoast.com\/product\/yoast-seo-wordpress\/ -->\n<title>JUEGO DE HERRAMIENTA URREA CH282P CON 7 PIEZAS - Thoro enterprises de Mexico<\/title>\n<meta name=\"robots\" content=\"noindex, follow\" \/>\n<meta property=\"og:locale\" content=\"es_MX\" \/>\n<meta property=\"og:type\" content=\"article\" \/>\n<meta property=\"og:title\" content=\"JUEGO DE HERRAMIENTA URREA CH282P CON 7 PIEZAS - Thoro enterprises de Mexico\" \/>\n<meta property=\"og:description\" content=\"CH282P Juego de 7 pinzas combinado Urrea con bandeja de espuma EVA dise\u00f1ada para fijarla en la pared, manteniendo la herramienta en su lugar aunque este en posici\u00f3n vertical. De corte diagonal, corte lateral, poncha cable, punta larga, de extensi\u00f3n, y de mec\u00e1nico.\" \/>\n<meta property=\"og:url\" content=\"https:\/\/thoro.com.mx\/ethoro\/shop\/herramientas\/juegos-de-herramientas-herramientas\/juegos-de-herramientas-juegos-de-herramientas-herramientas\/juego-de-herramienta-urrea-ch282p-con-7-piezas\/\" \/>\n<meta property=\"og:site_name\" content=\"Thoro enterprises de Mexico\" \/>\n<meta property=\"article:publisher\" content=\"https:\/\/www.facebook.com\/ThoroEnterprises\" \/>\n<meta property=\"article:modified_time\" content=\"2026-04-03T06:21:17+00:00\" \/>\n<meta property=\"og:image\" content=\"https:\/\/thoro.com.mx\/ethoro\/wp-content\/uploads\/2025\/02\/H21505.jpg\" \/>\n\t<meta property=\"og:image:width\" content=\"1000\" \/>\n\t<meta property=\"og:image:height\" content=\"1000\" \/>\n\t<meta property=\"og:image:type\" content=\"image\/jpeg\" \/>\n<meta name=\"twitter:card\" content=\"summary_large_image\" \/>\n<script type=\"application\/ld+json\" class=\"yoast-schema-graph\">{\"@context\":\"https:\/\/schema.org\",\"@graph\":[{\"@type\":\"WebPage\",\"@id\":\"https:\/\/thoro.com.mx\/ethoro\/shop\/herramientas\/juegos-de-herramientas-herramientas\/juegos-de-herramientas-juegos-de-herramientas-herramientas\/juego-de-herramienta-urrea-ch282p-con-7-piezas\/\",\"url\":\"https:\/\/thoro.com.mx\/ethoro\/shop\/herramientas\/juegos-de-herramientas-herramientas\/juegos-de-herramientas-juegos-de-herramientas-herramientas\/juego-de-herramienta-urrea-ch282p-con-7-piezas\/\",\"name\":\"JUEGO DE HERRAMIENTA URREA CH282P CON 7 PIEZAS - Thoro enterprises de Mexico\",\"isPartOf\":{\"@id\":\"https:\/\/72.167.50.119\/ethoro\/#website\"},\"primaryImageOfPage\":{\"@id\":\"https:\/\/thoro.com.mx\/ethoro\/shop\/herramientas\/juegos-de-herramientas-herramientas\/juegos-de-herramientas-juegos-de-herramientas-herramientas\/juego-de-herramienta-urrea-ch282p-con-7-piezas\/#primaryimage\"},\"image\":{\"@id\":\"https:\/\/thoro.com.mx\/ethoro\/shop\/herramientas\/juegos-de-herramientas-herramientas\/juegos-de-herramientas-juegos-de-herramientas-herramientas\/juego-de-herramienta-urrea-ch282p-con-7-piezas\/#primaryimage\"},\"thumbnailUrl\":\"https:\/\/thoro.com.mx\/ethoro\/wp-content\/uploads\/2025\/02\/H21505.jpg\",\"datePublished\":\"2025-02-05T19:05:38+00:00\",\"dateModified\":\"2026-04-03T06:21:17+00:00\",\"breadcrumb\":{\"@id\":\"https:\/\/thoro.com.mx\/ethoro\/shop\/herramientas\/juegos-de-herramientas-herramientas\/juegos-de-herramientas-juegos-de-herramientas-herramientas\/juego-de-herramienta-urrea-ch282p-con-7-piezas\/#breadcrumb\"},\"inLanguage\":\"es\",\"potentialAction\":[{\"@type\":\"ReadAction\",\"target\":[\"https:\/\/thoro.com.mx\/ethoro\/shop\/herramientas\/juegos-de-herramientas-herramientas\/juegos-de-herramientas-juegos-de-herramientas-herramientas\/juego-de-herramienta-urrea-ch282p-con-7-piezas\/\"]}]},{\"@type\":\"ImageObject\",\"inLanguage\":\"es\",\"@id\":\"https:\/\/thoro.com.mx\/ethoro\/shop\/herramientas\/juegos-de-herramientas-herramientas\/juegos-de-herramientas-juegos-de-herramientas-herramientas\/juego-de-herramienta-urrea-ch282p-con-7-piezas\/#primaryimage\",\"url\":\"https:\/\/thoro.com.mx\/ethoro\/wp-content\/uploads\/2025\/02\/H21505.jpg\",\"contentUrl\":\"https:\/\/thoro.com.mx\/ethoro\/wp-content\/uploads\/2025\/02\/H21505.jpg\",\"width\":1000,\"height\":1000},{\"@type\":\"BreadcrumbList\",\"@id\":\"https:\/\/thoro.com.mx\/ethoro\/shop\/herramientas\/juegos-de-herramientas-herramientas\/juegos-de-herramientas-juegos-de-herramientas-herramientas\/juego-de-herramienta-urrea-ch282p-con-7-piezas\/#breadcrumb\",\"itemListElement\":[{\"@type\":\"ListItem\",\"position\":1,\"name\":\"Inicio\",\"item\":\"https:\/\/thoro.com.mx\/ethoro\/\"},{\"@type\":\"ListItem\",\"position\":2,\"name\":\"Tienda\",\"item\":\"https:\/\/thoro.com.mx\/ethoro\/shop\/\"},{\"@type\":\"ListItem\",\"position\":3,\"name\":\"JUEGO DE HERRAMIENTA URREA CH282P CON 7 PIEZAS\"}]},{\"@type\":\"WebSite\",\"@id\":\"https:\/\/72.167.50.119\/ethoro\/#website\",\"url\":\"https:\/\/72.167.50.119\/ethoro\/\",\"name\":\"Thoro Enterprises de M\u00e9xico\",\"description\":\"Todo en Thoro\",\"publisher\":{\"@id\":\"https:\/\/72.167.50.119\/ethoro\/#organization\"},\"alternateName\":\"Thoro shop\",\"potentialAction\":[{\"@type\":\"SearchAction\",\"target\":{\"@type\":\"EntryPoint\",\"urlTemplate\":\"https:\/\/72.167.50.119\/ethoro\/?s={search_term_string}\"},\"query-input\":{\"@type\":\"PropertyValueSpecification\",\"valueRequired\":true,\"valueName\":\"search_term_string\"}}],\"inLanguage\":\"es\"},{\"@type\":\"Organization\",\"@id\":\"https:\/\/72.167.50.119\/ethoro\/#organization\",\"name\":\"Thoro Enterprises de M\u00e9xico\",\"alternateName\":\"Thoro shop\",\"url\":\"https:\/\/72.167.50.119\/ethoro\/\",\"logo\":{\"@type\":\"ImageObject\",\"inLanguage\":\"es\",\"@id\":\"https:\/\/72.167.50.119\/ethoro\/#\/schema\/logo\/image\/\",\"url\":\"https:\/\/72.167.50.119\/ethoro\/wp-content\/uploads\/2025\/01\/cropped-cropped-icono_t-180x180-1.png\",\"contentUrl\":\"https:\/\/72.167.50.119\/ethoro\/wp-content\/uploads\/2025\/01\/cropped-cropped-icono_t-180x180-1.png\",\"width\":512,\"height\":512,\"caption\":\"Thoro Enterprises de M\u00e9xico\"},\"image\":{\"@id\":\"https:\/\/72.167.50.119\/ethoro\/#\/schema\/logo\/image\/\"},\"sameAs\":[\"https:\/\/www.facebook.com\/ThoroEnterprises\",\"https:\/\/www.instagram.com\/thoro.mexico\/\"]}]}<\/script>\n<!-- \/ Yoast SEO plugin. -->","yoast_head_json":{"title":"JUEGO DE HERRAMIENTA URREA CH282P CON 7 PIEZAS - Thoro enterprises de Mexico","robots":{"index":"noindex","follow":"follow"},"og_locale":"es_MX","og_type":"article","og_title":"JUEGO DE HERRAMIENTA URREA CH282P CON 7 PIEZAS - Thoro enterprises de Mexico","og_description":"CH282P Juego de 7 pinzas combinado Urrea con bandeja de espuma EVA dise\u00f1ada para fijarla en la pared, manteniendo la herramienta en su lugar aunque este en posici\u00f3n vertical. De corte diagonal, corte lateral, poncha cable, punta larga, de extensi\u00f3n, y de mec\u00e1nico.","og_url":"https:\/\/thoro.com.mx\/ethoro\/shop\/herramientas\/juegos-de-herramientas-herramientas\/juegos-de-herramientas-juegos-de-herramientas-herramientas\/juego-de-herramienta-urrea-ch282p-con-7-piezas\/","og_site_name":"Thoro enterprises de Mexico","article_publisher":"https:\/\/www.facebook.com\/ThoroEnterprises","article_modified_time":"2026-04-03T06:21:17+00:00","og_image":[{"width":1000,"height":1000,"url":"https:\/\/thoro.com.mx\/ethoro\/wp-content\/uploads\/2025\/02\/H21505.jpg","type":"image\/jpeg"}],"twitter_card":"summary_large_image","schema":{"@context":"https:\/\/schema.org","@graph":[{"@type":"WebPage","@id":"https:\/\/thoro.com.mx\/ethoro\/shop\/herramientas\/juegos-de-herramientas-herramientas\/juegos-de-herramientas-juegos-de-herramientas-herramientas\/juego-de-herramienta-urrea-ch282p-con-7-piezas\/","url":"https:\/\/thoro.com.mx\/ethoro\/shop\/herramientas\/juegos-de-herramientas-herramientas\/juegos-de-herramientas-juegos-de-herramientas-herramientas\/juego-de-herramienta-urrea-ch282p-con-7-piezas\/","name":"JUEGO DE HERRAMIENTA URREA CH282P CON 7 PIEZAS - Thoro enterprises de Mexico","isPartOf":{"@id":"https:\/\/72.167.50.119\/ethoro\/#website"},"primaryImageOfPage":{"@id":"https:\/\/thoro.com.mx\/ethoro\/shop\/herramientas\/juegos-de-herramientas-herramientas\/juegos-de-herramientas-juegos-de-herramientas-herramientas\/juego-de-herramienta-urrea-ch282p-con-7-piezas\/#primaryimage"},"image":{"@id":"https:\/\/thoro.com.mx\/ethoro\/shop\/herramientas\/juegos-de-herramientas-herramientas\/juegos-de-herramientas-juegos-de-herramientas-herramientas\/juego-de-herramienta-urrea-ch282p-con-7-piezas\/#primaryimage"},"thumbnailUrl":"https:\/\/thoro.com.mx\/ethoro\/wp-content\/uploads\/2025\/02\/H21505.jpg","datePublished":"2025-02-05T19:05:38+00:00","dateModified":"2026-04-03T06:21:17+00:00","breadcrumb":{"@id":"https:\/\/thoro.com.mx\/ethoro\/shop\/herramientas\/juegos-de-herramientas-herramientas\/juegos-de-herramientas-juegos-de-herramientas-herramientas\/juego-de-herramienta-urrea-ch282p-con-7-piezas\/#breadcrumb"},"inLanguage":"es","potentialAction":[{"@type":"ReadAction","target":["https:\/\/thoro.com.mx\/ethoro\/shop\/herramientas\/juegos-de-herramientas-herramientas\/juegos-de-herramientas-juegos-de-herramientas-herramientas\/juego-de-herramienta-urrea-ch282p-con-7-piezas\/"]}]},{"@type":"ImageObject","inLanguage":"es","@id":"https:\/\/thoro.com.mx\/ethoro\/shop\/herramientas\/juegos-de-herramientas-herramientas\/juegos-de-herramientas-juegos-de-herramientas-herramientas\/juego-de-herramienta-urrea-ch282p-con-7-piezas\/#primaryimage","url":"https:\/\/thoro.com.mx\/ethoro\/wp-content\/uploads\/2025\/02\/H21505.jpg","contentUrl":"https:\/\/thoro.com.mx\/ethoro\/wp-content\/uploads\/2025\/02\/H21505.jpg","width":1000,"height":1000},{"@type":"BreadcrumbList","@id":"https:\/\/thoro.com.mx\/ethoro\/shop\/herramientas\/juegos-de-herramientas-herramientas\/juegos-de-herramientas-juegos-de-herramientas-herramientas\/juego-de-herramienta-urrea-ch282p-con-7-piezas\/#breadcrumb","itemListElement":[{"@type":"ListItem","position":1,"name":"Inicio","item":"https:\/\/thoro.com.mx\/ethoro\/"},{"@type":"ListItem","position":2,"name":"Tienda","item":"https:\/\/thoro.com.mx\/ethoro\/shop\/"},{"@type":"ListItem","position":3,"name":"JUEGO DE HERRAMIENTA URREA CH282P CON 7 PIEZAS"}]},{"@type":"WebSite","@id":"https:\/\/72.167.50.119\/ethoro\/#website","url":"https:\/\/72.167.50.119\/ethoro\/","name":"Thoro Enterprises de M\u00e9xico","description":"Todo en Thoro","publisher":{"@id":"https:\/\/72.167.50.119\/ethoro\/#organization"},"alternateName":"Thoro shop","potentialAction":[{"@type":"SearchAction","target":{"@type":"EntryPoint","urlTemplate":"https:\/\/72.167.50.119\/ethoro\/?s={search_term_string}"},"query-input":{"@type":"PropertyValueSpecification","valueRequired":true,"valueName":"search_term_string"}}],"inLanguage":"es"},{"@type":"Organization","@id":"https:\/\/72.167.50.119\/ethoro\/#organization","name":"Thoro Enterprises de M\u00e9xico","alternateName":"Thoro shop","url":"https:\/\/72.167.50.119\/ethoro\/","logo":{"@type":"ImageObject","inLanguage":"es","@id":"https:\/\/72.167.50.119\/ethoro\/#\/schema\/logo\/image\/","url":"https:\/\/72.167.50.119\/ethoro\/wp-content\/uploads\/2025\/01\/cropped-cropped-icono_t-180x180-1.png","contentUrl":"https:\/\/72.167.50.119\/ethoro\/wp-content\/uploads\/2025\/01\/cropped-cropped-icono_t-180x180-1.png","width":512,"height":512,"caption":"Thoro Enterprises de M\u00e9xico"},"image":{"@id":"https:\/\/72.167.50.119\/ethoro\/#\/schema\/logo\/image\/"},"sameAs":["https:\/\/www.facebook.com\/ThoroEnterprises","https:\/\/www.instagram.com\/thoro.mexico\/"]}]}},"_links":{"self":[{"href":"https:\/\/thoro.com.mx\/ethoro\/wp-json\/wp\/v2\/product\/7263","targetHints":{"allow":["GET"]}}],"collection":[{"href":"https:\/\/thoro.com.mx\/ethoro\/wp-json\/wp\/v2\/product"}],"about":[{"href":"https:\/\/thoro.com.mx\/ethoro\/wp-json\/wp\/v2\/types\/product"}],"replies":[{"embeddable":true,"href":"https:\/\/thoro.com.mx\/ethoro\/wp-json\/wp\/v2\/comments?post=7263"}],"wp:featuredmedia":[{"embeddable":true,"href":"https:\/\/thoro.com.mx\/ethoro\/wp-json\/wp\/v2\/media\/7262"}],"wp:attachment":[{"href":"https:\/\/thoro.com.mx\/ethoro\/wp-json\/wp\/v2\/media?parent=7263"}],"wp:term":[{"taxonomy":"product_brand","embeddable":true,"href":"https:\/\/thoro.com.mx\/ethoro\/wp-json\/wp\/v2\/product_brand?post=7263"},{"taxonomy":"product_cat","embeddable":true,"href":"https:\/\/thoro.com.mx\/ethoro\/wp-json\/wp\/v2\/product_cat?post=7263"},{"taxonomy":"product_tag","embeddable":true,"href":"https:\/\/thoro.com.mx\/ethoro\/wp-json\/wp\/v2\/product_tag?post=7263"}],"curies":[{"name":"wp","href":"https:\/\/api.w.org\/{rel}","templated":true}]}}