{"id":7587,"date":"2025-02-05T13:08:32","date_gmt":"2025-02-05T19:08:32","guid":{"rendered":"https:\/\/72.167.50.119\/ethoro\/shop\/sin categor\u00eda\/juego-de-pinzas-de-presion-urrea-ch127l-con-4-piezas\/"},"modified":"2026-04-05T00:25:53","modified_gmt":"2026-04-05T06:25:53","slug":"juego-de-pinzas-de-presion-urrea-ch127l-con-4-piezas","status":"publish","type":"product","link":"https:\/\/thoro.com.mx\/ethoro\/shop\/herramientas\/juegos-de-herramientas-herramientas\/pinzas-de-presion-juegos-de-herramientas-herramientas\/juego-de-pinzas-de-presion-urrea-ch127l-con-4-piezas\/","title":{"rendered":"JUEGO DE PINZAS DE PRESION URREA CH127L CON 4 PIEZAS"},"content":{"rendered":"<h4>CH127L<\/h4>\n<ul>\n<li>Espuma eva de alta resistencia<\/li>\n<li>Bandeja bicolor<\/li>\n<li>Medida marcada<\/li>\n<li>Alto grado de control<\/li>\n<li>Organizaci\u00f3n y protecci\u00f3n en la herramienta<\/li>\n<li>Doble capa de espuma de EVA de 16 mm de espesor con cubierta de pol\u00edmero laminado de 1,6 mm de espesor que incluye grabado de las medida del producto<\/li>\n<li>Contiene: quijada curva con corta alambre 5&#8243; ,quijada curva con corta alambre 7&#8243;, quijada curva con corta alambre 10&#8243;  y nariz larga 6&#8243; <\/li>\n<\/ul>\n","protected":false},"excerpt":{"rendered":"<p>CH127L Espuma eva de alta resistencia Bandeja bicolor Medida marcada Alto grado de control Organizaci\u00f3n y protecci\u00f3n en la herramienta Doble capa de espuma de EVA de 16 mm de espesor con cubierta de pol\u00edmero laminado de 1,6 mm de espesor que incluye grabado de las medida del producto Contiene: quijada curva con corta alambre [&hellip;]<\/p>\n","protected":false},"featured_media":7586,"comment_status":"open","ping_status":"closed","template":"","meta":{"_monsterinsights_skip_tracking":false,"_monsterinsights_sitenote_active":false,"_monsterinsights_sitenote_note":"","_monsterinsights_sitenote_category":0,"_joinchat":[]},"product_brand":[],"product_cat":[3476],"product_tag":[],"class_list":{"0":"post-7587","1":"product","2":"type-product","3":"status-publish","4":"has-post-thumbnail","6":"product_cat-pinzas-de-presion-juegos-de-herramientas-herramientas","8":"first","9":"instock","10":"taxable","11":"shipping-taxable","12":"purchasable","13":"product-type-simple","14":"add-to-wishlist-after_add_to_cart"},"yoast_head":"<!-- This site is optimized with the Yoast SEO plugin v27.1.1 - https:\/\/yoast.com\/product\/yoast-seo-wordpress\/ -->\n<title>JUEGO DE PINZAS DE PRESION URREA CH127L CON 4 PIEZAS - Thoro enterprises de Mexico<\/title>\n<meta name=\"robots\" content=\"noindex, follow\" \/>\n<meta property=\"og:locale\" content=\"es_MX\" \/>\n<meta property=\"og:type\" content=\"article\" \/>\n<meta property=\"og:title\" content=\"JUEGO DE PINZAS DE PRESION URREA CH127L CON 4 PIEZAS - Thoro enterprises de Mexico\" \/>\n<meta property=\"og:description\" content=\"CH127L Espuma eva de alta resistencia Bandeja bicolor Medida marcada Alto grado de control Organizaci\u00f3n y protecci\u00f3n en la herramienta Doble capa de espuma de EVA de 16 mm de espesor con cubierta de pol\u00edmero laminado de 1,6 mm de espesor que incluye grabado de las medida del producto Contiene: quijada curva con corta alambre [&hellip;]\" \/>\n<meta property=\"og:url\" content=\"https:\/\/thoro.com.mx\/ethoro\/shop\/herramientas\/juegos-de-herramientas-herramientas\/pinzas-de-presion-juegos-de-herramientas-herramientas\/juego-de-pinzas-de-presion-urrea-ch127l-con-4-piezas\/\" \/>\n<meta property=\"og:site_name\" content=\"Thoro enterprises de Mexico\" \/>\n<meta property=\"article:publisher\" content=\"https:\/\/www.facebook.com\/ThoroEnterprises\" \/>\n<meta property=\"article:modified_time\" content=\"2026-04-05T06:25:53+00:00\" \/>\n<meta property=\"og:image\" content=\"https:\/\/thoro.com.mx\/ethoro\/wp-content\/uploads\/2025\/02\/H2502.jpg\" \/>\n\t<meta property=\"og:image:width\" content=\"1000\" \/>\n\t<meta property=\"og:image:height\" content=\"1000\" \/>\n\t<meta property=\"og:image:type\" content=\"image\/jpeg\" \/>\n<meta name=\"twitter:card\" content=\"summary_large_image\" \/>\n<script type=\"application\/ld+json\" class=\"yoast-schema-graph\">{\"@context\":\"https:\/\/schema.org\",\"@graph\":[{\"@type\":\"WebPage\",\"@id\":\"https:\/\/thoro.com.mx\/ethoro\/shop\/herramientas\/juegos-de-herramientas-herramientas\/pinzas-de-presion-juegos-de-herramientas-herramientas\/juego-de-pinzas-de-presion-urrea-ch127l-con-4-piezas\/\",\"url\":\"https:\/\/thoro.com.mx\/ethoro\/shop\/herramientas\/juegos-de-herramientas-herramientas\/pinzas-de-presion-juegos-de-herramientas-herramientas\/juego-de-pinzas-de-presion-urrea-ch127l-con-4-piezas\/\",\"name\":\"JUEGO DE PINZAS DE PRESION URREA CH127L CON 4 PIEZAS - Thoro enterprises de Mexico\",\"isPartOf\":{\"@id\":\"https:\/\/72.167.50.119\/ethoro\/#website\"},\"primaryImageOfPage\":{\"@id\":\"https:\/\/thoro.com.mx\/ethoro\/shop\/herramientas\/juegos-de-herramientas-herramientas\/pinzas-de-presion-juegos-de-herramientas-herramientas\/juego-de-pinzas-de-presion-urrea-ch127l-con-4-piezas\/#primaryimage\"},\"image\":{\"@id\":\"https:\/\/thoro.com.mx\/ethoro\/shop\/herramientas\/juegos-de-herramientas-herramientas\/pinzas-de-presion-juegos-de-herramientas-herramientas\/juego-de-pinzas-de-presion-urrea-ch127l-con-4-piezas\/#primaryimage\"},\"thumbnailUrl\":\"https:\/\/thoro.com.mx\/ethoro\/wp-content\/uploads\/2025\/02\/H2502.jpg\",\"datePublished\":\"2025-02-05T19:08:32+00:00\",\"dateModified\":\"2026-04-05T06:25:53+00:00\",\"breadcrumb\":{\"@id\":\"https:\/\/thoro.com.mx\/ethoro\/shop\/herramientas\/juegos-de-herramientas-herramientas\/pinzas-de-presion-juegos-de-herramientas-herramientas\/juego-de-pinzas-de-presion-urrea-ch127l-con-4-piezas\/#breadcrumb\"},\"inLanguage\":\"es\",\"potentialAction\":[{\"@type\":\"ReadAction\",\"target\":[\"https:\/\/thoro.com.mx\/ethoro\/shop\/herramientas\/juegos-de-herramientas-herramientas\/pinzas-de-presion-juegos-de-herramientas-herramientas\/juego-de-pinzas-de-presion-urrea-ch127l-con-4-piezas\/\"]}]},{\"@type\":\"ImageObject\",\"inLanguage\":\"es\",\"@id\":\"https:\/\/thoro.com.mx\/ethoro\/shop\/herramientas\/juegos-de-herramientas-herramientas\/pinzas-de-presion-juegos-de-herramientas-herramientas\/juego-de-pinzas-de-presion-urrea-ch127l-con-4-piezas\/#primaryimage\",\"url\":\"https:\/\/thoro.com.mx\/ethoro\/wp-content\/uploads\/2025\/02\/H2502.jpg\",\"contentUrl\":\"https:\/\/thoro.com.mx\/ethoro\/wp-content\/uploads\/2025\/02\/H2502.jpg\",\"width\":1000,\"height\":1000},{\"@type\":\"BreadcrumbList\",\"@id\":\"https:\/\/thoro.com.mx\/ethoro\/shop\/herramientas\/juegos-de-herramientas-herramientas\/pinzas-de-presion-juegos-de-herramientas-herramientas\/juego-de-pinzas-de-presion-urrea-ch127l-con-4-piezas\/#breadcrumb\",\"itemListElement\":[{\"@type\":\"ListItem\",\"position\":1,\"name\":\"Inicio\",\"item\":\"https:\/\/thoro.com.mx\/ethoro\/\"},{\"@type\":\"ListItem\",\"position\":2,\"name\":\"Tienda\",\"item\":\"https:\/\/thoro.com.mx\/ethoro\/shop\/\"},{\"@type\":\"ListItem\",\"position\":3,\"name\":\"JUEGO DE PINZAS DE PRESION URREA CH127L CON 4 PIEZAS\"}]},{\"@type\":\"WebSite\",\"@id\":\"https:\/\/72.167.50.119\/ethoro\/#website\",\"url\":\"https:\/\/72.167.50.119\/ethoro\/\",\"name\":\"Thoro Enterprises de M\u00e9xico\",\"description\":\"Todo en Thoro\",\"publisher\":{\"@id\":\"https:\/\/72.167.50.119\/ethoro\/#organization\"},\"alternateName\":\"Thoro shop\",\"potentialAction\":[{\"@type\":\"SearchAction\",\"target\":{\"@type\":\"EntryPoint\",\"urlTemplate\":\"https:\/\/72.167.50.119\/ethoro\/?s={search_term_string}\"},\"query-input\":{\"@type\":\"PropertyValueSpecification\",\"valueRequired\":true,\"valueName\":\"search_term_string\"}}],\"inLanguage\":\"es\"},{\"@type\":\"Organization\",\"@id\":\"https:\/\/72.167.50.119\/ethoro\/#organization\",\"name\":\"Thoro Enterprises de M\u00e9xico\",\"alternateName\":\"Thoro shop\",\"url\":\"https:\/\/72.167.50.119\/ethoro\/\",\"logo\":{\"@type\":\"ImageObject\",\"inLanguage\":\"es\",\"@id\":\"https:\/\/72.167.50.119\/ethoro\/#\/schema\/logo\/image\/\",\"url\":\"https:\/\/72.167.50.119\/ethoro\/wp-content\/uploads\/2025\/01\/cropped-cropped-icono_t-180x180-1.png\",\"contentUrl\":\"https:\/\/72.167.50.119\/ethoro\/wp-content\/uploads\/2025\/01\/cropped-cropped-icono_t-180x180-1.png\",\"width\":512,\"height\":512,\"caption\":\"Thoro Enterprises de M\u00e9xico\"},\"image\":{\"@id\":\"https:\/\/72.167.50.119\/ethoro\/#\/schema\/logo\/image\/\"},\"sameAs\":[\"https:\/\/www.facebook.com\/ThoroEnterprises\",\"https:\/\/www.instagram.com\/thoro.mexico\/\"]}]}<\/script>\n<!-- \/ Yoast SEO plugin. -->","yoast_head_json":{"title":"JUEGO DE PINZAS DE PRESION URREA CH127L CON 4 PIEZAS - Thoro enterprises de Mexico","robots":{"index":"noindex","follow":"follow"},"og_locale":"es_MX","og_type":"article","og_title":"JUEGO DE PINZAS DE PRESION URREA CH127L CON 4 PIEZAS - Thoro enterprises de Mexico","og_description":"CH127L Espuma eva de alta resistencia Bandeja bicolor Medida marcada Alto grado de control Organizaci\u00f3n y protecci\u00f3n en la herramienta Doble capa de espuma de EVA de 16 mm de espesor con cubierta de pol\u00edmero laminado de 1,6 mm de espesor que incluye grabado de las medida del producto Contiene: quijada curva con corta alambre [&hellip;]","og_url":"https:\/\/thoro.com.mx\/ethoro\/shop\/herramientas\/juegos-de-herramientas-herramientas\/pinzas-de-presion-juegos-de-herramientas-herramientas\/juego-de-pinzas-de-presion-urrea-ch127l-con-4-piezas\/","og_site_name":"Thoro enterprises de Mexico","article_publisher":"https:\/\/www.facebook.com\/ThoroEnterprises","article_modified_time":"2026-04-05T06:25:53+00:00","og_image":[{"width":1000,"height":1000,"url":"https:\/\/thoro.com.mx\/ethoro\/wp-content\/uploads\/2025\/02\/H2502.jpg","type":"image\/jpeg"}],"twitter_card":"summary_large_image","schema":{"@context":"https:\/\/schema.org","@graph":[{"@type":"WebPage","@id":"https:\/\/thoro.com.mx\/ethoro\/shop\/herramientas\/juegos-de-herramientas-herramientas\/pinzas-de-presion-juegos-de-herramientas-herramientas\/juego-de-pinzas-de-presion-urrea-ch127l-con-4-piezas\/","url":"https:\/\/thoro.com.mx\/ethoro\/shop\/herramientas\/juegos-de-herramientas-herramientas\/pinzas-de-presion-juegos-de-herramientas-herramientas\/juego-de-pinzas-de-presion-urrea-ch127l-con-4-piezas\/","name":"JUEGO DE PINZAS DE PRESION URREA CH127L CON 4 PIEZAS - Thoro enterprises de Mexico","isPartOf":{"@id":"https:\/\/72.167.50.119\/ethoro\/#website"},"primaryImageOfPage":{"@id":"https:\/\/thoro.com.mx\/ethoro\/shop\/herramientas\/juegos-de-herramientas-herramientas\/pinzas-de-presion-juegos-de-herramientas-herramientas\/juego-de-pinzas-de-presion-urrea-ch127l-con-4-piezas\/#primaryimage"},"image":{"@id":"https:\/\/thoro.com.mx\/ethoro\/shop\/herramientas\/juegos-de-herramientas-herramientas\/pinzas-de-presion-juegos-de-herramientas-herramientas\/juego-de-pinzas-de-presion-urrea-ch127l-con-4-piezas\/#primaryimage"},"thumbnailUrl":"https:\/\/thoro.com.mx\/ethoro\/wp-content\/uploads\/2025\/02\/H2502.jpg","datePublished":"2025-02-05T19:08:32+00:00","dateModified":"2026-04-05T06:25:53+00:00","breadcrumb":{"@id":"https:\/\/thoro.com.mx\/ethoro\/shop\/herramientas\/juegos-de-herramientas-herramientas\/pinzas-de-presion-juegos-de-herramientas-herramientas\/juego-de-pinzas-de-presion-urrea-ch127l-con-4-piezas\/#breadcrumb"},"inLanguage":"es","potentialAction":[{"@type":"ReadAction","target":["https:\/\/thoro.com.mx\/ethoro\/shop\/herramientas\/juegos-de-herramientas-herramientas\/pinzas-de-presion-juegos-de-herramientas-herramientas\/juego-de-pinzas-de-presion-urrea-ch127l-con-4-piezas\/"]}]},{"@type":"ImageObject","inLanguage":"es","@id":"https:\/\/thoro.com.mx\/ethoro\/shop\/herramientas\/juegos-de-herramientas-herramientas\/pinzas-de-presion-juegos-de-herramientas-herramientas\/juego-de-pinzas-de-presion-urrea-ch127l-con-4-piezas\/#primaryimage","url":"https:\/\/thoro.com.mx\/ethoro\/wp-content\/uploads\/2025\/02\/H2502.jpg","contentUrl":"https:\/\/thoro.com.mx\/ethoro\/wp-content\/uploads\/2025\/02\/H2502.jpg","width":1000,"height":1000},{"@type":"BreadcrumbList","@id":"https:\/\/thoro.com.mx\/ethoro\/shop\/herramientas\/juegos-de-herramientas-herramientas\/pinzas-de-presion-juegos-de-herramientas-herramientas\/juego-de-pinzas-de-presion-urrea-ch127l-con-4-piezas\/#breadcrumb","itemListElement":[{"@type":"ListItem","position":1,"name":"Inicio","item":"https:\/\/thoro.com.mx\/ethoro\/"},{"@type":"ListItem","position":2,"name":"Tienda","item":"https:\/\/thoro.com.mx\/ethoro\/shop\/"},{"@type":"ListItem","position":3,"name":"JUEGO DE PINZAS DE PRESION URREA CH127L CON 4 PIEZAS"}]},{"@type":"WebSite","@id":"https:\/\/72.167.50.119\/ethoro\/#website","url":"https:\/\/72.167.50.119\/ethoro\/","name":"Thoro Enterprises de M\u00e9xico","description":"Todo en Thoro","publisher":{"@id":"https:\/\/72.167.50.119\/ethoro\/#organization"},"alternateName":"Thoro shop","potentialAction":[{"@type":"SearchAction","target":{"@type":"EntryPoint","urlTemplate":"https:\/\/72.167.50.119\/ethoro\/?s={search_term_string}"},"query-input":{"@type":"PropertyValueSpecification","valueRequired":true,"valueName":"search_term_string"}}],"inLanguage":"es"},{"@type":"Organization","@id":"https:\/\/72.167.50.119\/ethoro\/#organization","name":"Thoro Enterprises de M\u00e9xico","alternateName":"Thoro shop","url":"https:\/\/72.167.50.119\/ethoro\/","logo":{"@type":"ImageObject","inLanguage":"es","@id":"https:\/\/72.167.50.119\/ethoro\/#\/schema\/logo\/image\/","url":"https:\/\/72.167.50.119\/ethoro\/wp-content\/uploads\/2025\/01\/cropped-cropped-icono_t-180x180-1.png","contentUrl":"https:\/\/72.167.50.119\/ethoro\/wp-content\/uploads\/2025\/01\/cropped-cropped-icono_t-180x180-1.png","width":512,"height":512,"caption":"Thoro Enterprises de M\u00e9xico"},"image":{"@id":"https:\/\/72.167.50.119\/ethoro\/#\/schema\/logo\/image\/"},"sameAs":["https:\/\/www.facebook.com\/ThoroEnterprises","https:\/\/www.instagram.com\/thoro.mexico\/"]}]}},"_links":{"self":[{"href":"https:\/\/thoro.com.mx\/ethoro\/wp-json\/wp\/v2\/product\/7587","targetHints":{"allow":["GET"]}}],"collection":[{"href":"https:\/\/thoro.com.mx\/ethoro\/wp-json\/wp\/v2\/product"}],"about":[{"href":"https:\/\/thoro.com.mx\/ethoro\/wp-json\/wp\/v2\/types\/product"}],"replies":[{"embeddable":true,"href":"https:\/\/thoro.com.mx\/ethoro\/wp-json\/wp\/v2\/comments?post=7587"}],"wp:featuredmedia":[{"embeddable":true,"href":"https:\/\/thoro.com.mx\/ethoro\/wp-json\/wp\/v2\/media\/7586"}],"wp:attachment":[{"href":"https:\/\/thoro.com.mx\/ethoro\/wp-json\/wp\/v2\/media?parent=7587"}],"wp:term":[{"taxonomy":"product_brand","embeddable":true,"href":"https:\/\/thoro.com.mx\/ethoro\/wp-json\/wp\/v2\/product_brand?post=7587"},{"taxonomy":"product_cat","embeddable":true,"href":"https:\/\/thoro.com.mx\/ethoro\/wp-json\/wp\/v2\/product_cat?post=7587"},{"taxonomy":"product_tag","embeddable":true,"href":"https:\/\/thoro.com.mx\/ethoro\/wp-json\/wp\/v2\/product_tag?post=7587"}],"curies":[{"name":"wp","href":"https:\/\/api.w.org\/{rel}","templated":true}]}}