{"id":7835,"date":"2025-02-05T13:10:55","date_gmt":"2025-02-05T19:10:55","guid":{"rendered":"https:\/\/72.167.50.119\/ethoro\/shop\/sin categor\u00eda\/cincel-urrea-86a-1-4-corta-frio-1-4\/"},"modified":"2026-05-17T00:23:13","modified_gmt":"2026-05-17T06:23:13","slug":"cincel-urrea-86a-1-4-corta-frio-1-4","status":"publish","type":"product","link":"https:\/\/thoro.com.mx\/ethoro\/shop\/herramientas\/herramientas-manuales\/cinceles\/cincel-urrea-86a-1-4-corta-frio-1-4\/","title":{"rendered":"CINCEL URREA 86A-1\/4 CORTA FR\u00cdO 1\/4&#8221;"},"content":{"rendered":"<h4>86A-1\/4<\/h4>\n<ul>\n<li>Dise\u00f1ado para remover, cortar o romper materiales con una dureza menor a la del cincel tal es el caso del concreto, piedra, escoria de soldadura, lat\u00f3n, acero sin tratar, tuercas, tornillos, pernos, etc.<\/li>\n<li>Su uso es muy generalizado en la industria de la construcci\u00f3n, as\u00ed como, operaciones de instalaci\u00f3n y mantenimiento de equipo fijo y tuber\u00edas dentro de la industria qu\u00edmica y alimenticia<\/li>\n<li>Tipo de punta recta<\/li>\n<li>Material acero microaleado<\/li>\n<li>Di\u00e1metro de barra 1\/4&#8243;<\/li>\n<li>Medida de punta 5\/16&#8243;<\/li>\n<li>Longitud total de 5  1\/8&#8243;<\/li>\n<\/ul>\n","protected":false},"excerpt":{"rendered":"<p>86A-1\/4 Dise\u00f1ado para remover, cortar o romper materiales con una dureza menor a la del cincel tal es el caso del concreto, piedra, escoria de soldadura, lat\u00f3n, acero sin tratar, tuercas, tornillos, pernos, etc. Su uso es muy generalizado en la industria de la construcci\u00f3n, as\u00ed como, operaciones de instalaci\u00f3n y mantenimiento de equipo fijo [&hellip;]<\/p>\n","protected":false},"featured_media":670576,"comment_status":"open","ping_status":"closed","template":"","meta":{"_monsterinsights_skip_tracking":false,"_monsterinsights_sitenote_active":false,"_monsterinsights_sitenote_note":"","_monsterinsights_sitenote_category":0,"_joinchat":[]},"product_brand":[],"product_cat":[516],"product_tag":[],"class_list":{"0":"post-7835","1":"product","2":"type-product","3":"status-publish","4":"has-post-thumbnail","6":"product_cat-cinceles","8":"first","9":"instock","10":"taxable","11":"shipping-taxable","12":"purchasable","13":"product-type-simple","14":"add-to-wishlist-after_add_to_cart"},"yoast_head":"<!-- This site is optimized with the Yoast SEO plugin v27.3 - https:\/\/yoast.com\/product\/yoast-seo-wordpress\/ -->\n<title>CINCEL URREA 86A-1\/4 CORTA FR\u00cdO 1\/4&#039;&#039; - Thoro enterprises de Mexico<\/title>\n<meta name=\"robots\" content=\"noindex, follow\" \/>\n<meta property=\"og:locale\" content=\"es_MX\" \/>\n<meta property=\"og:type\" content=\"article\" \/>\n<meta property=\"og:title\" content=\"CINCEL URREA 86A-1\/4 CORTA FR\u00cdO 1\/4&#039;&#039; - Thoro enterprises de Mexico\" \/>\n<meta property=\"og:description\" content=\"86A-1\/4 Dise\u00f1ado para remover, cortar o romper materiales con una dureza menor a la del cincel tal es el caso del concreto, piedra, escoria de soldadura, lat\u00f3n, acero sin tratar, tuercas, tornillos, pernos, etc. Su uso es muy generalizado en la industria de la construcci\u00f3n, as\u00ed como, operaciones de instalaci\u00f3n y mantenimiento de equipo fijo [&hellip;]\" \/>\n<meta property=\"og:url\" content=\"https:\/\/thoro.com.mx\/ethoro\/shop\/herramientas\/herramientas-manuales\/cinceles\/cincel-urrea-86a-1-4-corta-frio-1-4\/\" \/>\n<meta property=\"og:site_name\" content=\"Thoro enterprises de Mexico\" \/>\n<meta property=\"article:publisher\" content=\"https:\/\/www.facebook.com\/ThoroEnterprises\" \/>\n<meta property=\"article:modified_time\" content=\"2026-05-17T06:23:13+00:00\" \/>\n<meta property=\"og:image\" content=\"https:\/\/thoro.com.mx\/ethoro\/wp-content\/uploads\/2025\/02\/H2828.jpg\" \/>\n\t<meta property=\"og:image:width\" content=\"1000\" \/>\n\t<meta property=\"og:image:height\" content=\"1000\" \/>\n\t<meta property=\"og:image:type\" content=\"image\/jpeg\" \/>\n<meta name=\"twitter:card\" content=\"summary_large_image\" \/>\n<script type=\"application\/ld+json\" class=\"yoast-schema-graph\">{\"@context\":\"https:\\\/\\\/schema.org\",\"@graph\":[{\"@type\":\"WebPage\",\"@id\":\"https:\\\/\\\/thoro.com.mx\\\/ethoro\\\/shop\\\/herramientas\\\/herramientas-manuales\\\/cinceles\\\/cincel-urrea-86a-1-4-corta-frio-1-4\\\/\",\"url\":\"https:\\\/\\\/thoro.com.mx\\\/ethoro\\\/shop\\\/herramientas\\\/herramientas-manuales\\\/cinceles\\\/cincel-urrea-86a-1-4-corta-frio-1-4\\\/\",\"name\":\"CINCEL URREA 86A-1\\\/4 CORTA FR\u00cdO 1\\\/4'' - Thoro enterprises de Mexico\",\"isPartOf\":{\"@id\":\"https:\\\/\\\/72.167.50.119\\\/ethoro\\\/#website\"},\"primaryImageOfPage\":{\"@id\":\"https:\\\/\\\/thoro.com.mx\\\/ethoro\\\/shop\\\/herramientas\\\/herramientas-manuales\\\/cinceles\\\/cincel-urrea-86a-1-4-corta-frio-1-4\\\/#primaryimage\"},\"image\":{\"@id\":\"https:\\\/\\\/thoro.com.mx\\\/ethoro\\\/shop\\\/herramientas\\\/herramientas-manuales\\\/cinceles\\\/cincel-urrea-86a-1-4-corta-frio-1-4\\\/#primaryimage\"},\"thumbnailUrl\":\"https:\\\/\\\/thoro.com.mx\\\/ethoro\\\/wp-content\\\/uploads\\\/2026\\\/05\\\/H2828.jpg\",\"datePublished\":\"2025-02-05T19:10:55+00:00\",\"dateModified\":\"2026-05-17T06:23:13+00:00\",\"breadcrumb\":{\"@id\":\"https:\\\/\\\/thoro.com.mx\\\/ethoro\\\/shop\\\/herramientas\\\/herramientas-manuales\\\/cinceles\\\/cincel-urrea-86a-1-4-corta-frio-1-4\\\/#breadcrumb\"},\"inLanguage\":\"es\",\"potentialAction\":[{\"@type\":\"ReadAction\",\"target\":[\"https:\\\/\\\/thoro.com.mx\\\/ethoro\\\/shop\\\/herramientas\\\/herramientas-manuales\\\/cinceles\\\/cincel-urrea-86a-1-4-corta-frio-1-4\\\/\"]}]},{\"@type\":\"ImageObject\",\"inLanguage\":\"es\",\"@id\":\"https:\\\/\\\/thoro.com.mx\\\/ethoro\\\/shop\\\/herramientas\\\/herramientas-manuales\\\/cinceles\\\/cincel-urrea-86a-1-4-corta-frio-1-4\\\/#primaryimage\",\"url\":\"https:\\\/\\\/thoro.com.mx\\\/ethoro\\\/wp-content\\\/uploads\\\/2026\\\/05\\\/H2828.jpg\",\"contentUrl\":\"https:\\\/\\\/thoro.com.mx\\\/ethoro\\\/wp-content\\\/uploads\\\/2026\\\/05\\\/H2828.jpg\",\"width\":1000,\"height\":1000},{\"@type\":\"BreadcrumbList\",\"@id\":\"https:\\\/\\\/thoro.com.mx\\\/ethoro\\\/shop\\\/herramientas\\\/herramientas-manuales\\\/cinceles\\\/cincel-urrea-86a-1-4-corta-frio-1-4\\\/#breadcrumb\",\"itemListElement\":[{\"@type\":\"ListItem\",\"position\":1,\"name\":\"Inicio\",\"item\":\"https:\\\/\\\/thoro.com.mx\\\/ethoro\\\/\"},{\"@type\":\"ListItem\",\"position\":2,\"name\":\"Tienda\",\"item\":\"https:\\\/\\\/thoro.com.mx\\\/ethoro\\\/shop\\\/\"},{\"@type\":\"ListItem\",\"position\":3,\"name\":\"CINCEL URREA 86A-1\\\/4 CORTA FR\u00cdO 1\\\/4&#8221;\"}]},{\"@type\":\"WebSite\",\"@id\":\"https:\\\/\\\/72.167.50.119\\\/ethoro\\\/#website\",\"url\":\"https:\\\/\\\/72.167.50.119\\\/ethoro\\\/\",\"name\":\"Thoro Enterprises de M\u00e9xico\",\"description\":\"Todo en Thoro\",\"publisher\":{\"@id\":\"https:\\\/\\\/72.167.50.119\\\/ethoro\\\/#organization\"},\"alternateName\":\"Thoro shop\",\"potentialAction\":[{\"@type\":\"SearchAction\",\"target\":{\"@type\":\"EntryPoint\",\"urlTemplate\":\"https:\\\/\\\/72.167.50.119\\\/ethoro\\\/?s={search_term_string}\"},\"query-input\":{\"@type\":\"PropertyValueSpecification\",\"valueRequired\":true,\"valueName\":\"search_term_string\"}}],\"inLanguage\":\"es\"},{\"@type\":\"Organization\",\"@id\":\"https:\\\/\\\/72.167.50.119\\\/ethoro\\\/#organization\",\"name\":\"Thoro Enterprises de M\u00e9xico\",\"alternateName\":\"Thoro shop\",\"url\":\"https:\\\/\\\/72.167.50.119\\\/ethoro\\\/\",\"logo\":{\"@type\":\"ImageObject\",\"inLanguage\":\"es\",\"@id\":\"https:\\\/\\\/72.167.50.119\\\/ethoro\\\/#\\\/schema\\\/logo\\\/image\\\/\",\"url\":\"https:\\\/\\\/72.167.50.119\\\/ethoro\\\/wp-content\\\/uploads\\\/2025\\\/01\\\/cropped-cropped-icono_t-180x180-1.png\",\"contentUrl\":\"https:\\\/\\\/72.167.50.119\\\/ethoro\\\/wp-content\\\/uploads\\\/2025\\\/01\\\/cropped-cropped-icono_t-180x180-1.png\",\"width\":512,\"height\":512,\"caption\":\"Thoro Enterprises de M\u00e9xico\"},\"image\":{\"@id\":\"https:\\\/\\\/72.167.50.119\\\/ethoro\\\/#\\\/schema\\\/logo\\\/image\\\/\"},\"sameAs\":[\"https:\\\/\\\/www.facebook.com\\\/ThoroEnterprises\",\"https:\\\/\\\/www.instagram.com\\\/thoro.mexico\\\/\"]}]}<\/script>\n<!-- \/ Yoast SEO plugin. -->","yoast_head_json":{"title":"CINCEL URREA 86A-1\/4 CORTA FR\u00cdO 1\/4'' - Thoro enterprises de Mexico","robots":{"index":"noindex","follow":"follow"},"og_locale":"es_MX","og_type":"article","og_title":"CINCEL URREA 86A-1\/4 CORTA FR\u00cdO 1\/4'' - Thoro enterprises de Mexico","og_description":"86A-1\/4 Dise\u00f1ado para remover, cortar o romper materiales con una dureza menor a la del cincel tal es el caso del concreto, piedra, escoria de soldadura, lat\u00f3n, acero sin tratar, tuercas, tornillos, pernos, etc. Su uso es muy generalizado en la industria de la construcci\u00f3n, as\u00ed como, operaciones de instalaci\u00f3n y mantenimiento de equipo fijo [&hellip;]","og_url":"https:\/\/thoro.com.mx\/ethoro\/shop\/herramientas\/herramientas-manuales\/cinceles\/cincel-urrea-86a-1-4-corta-frio-1-4\/","og_site_name":"Thoro enterprises de Mexico","article_publisher":"https:\/\/www.facebook.com\/ThoroEnterprises","article_modified_time":"2026-05-17T06:23:13+00:00","og_image":[{"width":1000,"height":1000,"url":"https:\/\/thoro.com.mx\/ethoro\/wp-content\/uploads\/2025\/02\/H2828.jpg","type":"image\/jpeg"}],"twitter_card":"summary_large_image","schema":{"@context":"https:\/\/schema.org","@graph":[{"@type":"WebPage","@id":"https:\/\/thoro.com.mx\/ethoro\/shop\/herramientas\/herramientas-manuales\/cinceles\/cincel-urrea-86a-1-4-corta-frio-1-4\/","url":"https:\/\/thoro.com.mx\/ethoro\/shop\/herramientas\/herramientas-manuales\/cinceles\/cincel-urrea-86a-1-4-corta-frio-1-4\/","name":"CINCEL URREA 86A-1\/4 CORTA FR\u00cdO 1\/4'' - Thoro enterprises de Mexico","isPartOf":{"@id":"https:\/\/72.167.50.119\/ethoro\/#website"},"primaryImageOfPage":{"@id":"https:\/\/thoro.com.mx\/ethoro\/shop\/herramientas\/herramientas-manuales\/cinceles\/cincel-urrea-86a-1-4-corta-frio-1-4\/#primaryimage"},"image":{"@id":"https:\/\/thoro.com.mx\/ethoro\/shop\/herramientas\/herramientas-manuales\/cinceles\/cincel-urrea-86a-1-4-corta-frio-1-4\/#primaryimage"},"thumbnailUrl":"https:\/\/thoro.com.mx\/ethoro\/wp-content\/uploads\/2026\/05\/H2828.jpg","datePublished":"2025-02-05T19:10:55+00:00","dateModified":"2026-05-17T06:23:13+00:00","breadcrumb":{"@id":"https:\/\/thoro.com.mx\/ethoro\/shop\/herramientas\/herramientas-manuales\/cinceles\/cincel-urrea-86a-1-4-corta-frio-1-4\/#breadcrumb"},"inLanguage":"es","potentialAction":[{"@type":"ReadAction","target":["https:\/\/thoro.com.mx\/ethoro\/shop\/herramientas\/herramientas-manuales\/cinceles\/cincel-urrea-86a-1-4-corta-frio-1-4\/"]}]},{"@type":"ImageObject","inLanguage":"es","@id":"https:\/\/thoro.com.mx\/ethoro\/shop\/herramientas\/herramientas-manuales\/cinceles\/cincel-urrea-86a-1-4-corta-frio-1-4\/#primaryimage","url":"https:\/\/thoro.com.mx\/ethoro\/wp-content\/uploads\/2026\/05\/H2828.jpg","contentUrl":"https:\/\/thoro.com.mx\/ethoro\/wp-content\/uploads\/2026\/05\/H2828.jpg","width":1000,"height":1000},{"@type":"BreadcrumbList","@id":"https:\/\/thoro.com.mx\/ethoro\/shop\/herramientas\/herramientas-manuales\/cinceles\/cincel-urrea-86a-1-4-corta-frio-1-4\/#breadcrumb","itemListElement":[{"@type":"ListItem","position":1,"name":"Inicio","item":"https:\/\/thoro.com.mx\/ethoro\/"},{"@type":"ListItem","position":2,"name":"Tienda","item":"https:\/\/thoro.com.mx\/ethoro\/shop\/"},{"@type":"ListItem","position":3,"name":"CINCEL URREA 86A-1\/4 CORTA FR\u00cdO 1\/4&#8221;"}]},{"@type":"WebSite","@id":"https:\/\/72.167.50.119\/ethoro\/#website","url":"https:\/\/72.167.50.119\/ethoro\/","name":"Thoro Enterprises de M\u00e9xico","description":"Todo en Thoro","publisher":{"@id":"https:\/\/72.167.50.119\/ethoro\/#organization"},"alternateName":"Thoro shop","potentialAction":[{"@type":"SearchAction","target":{"@type":"EntryPoint","urlTemplate":"https:\/\/72.167.50.119\/ethoro\/?s={search_term_string}"},"query-input":{"@type":"PropertyValueSpecification","valueRequired":true,"valueName":"search_term_string"}}],"inLanguage":"es"},{"@type":"Organization","@id":"https:\/\/72.167.50.119\/ethoro\/#organization","name":"Thoro Enterprises de M\u00e9xico","alternateName":"Thoro shop","url":"https:\/\/72.167.50.119\/ethoro\/","logo":{"@type":"ImageObject","inLanguage":"es","@id":"https:\/\/72.167.50.119\/ethoro\/#\/schema\/logo\/image\/","url":"https:\/\/72.167.50.119\/ethoro\/wp-content\/uploads\/2025\/01\/cropped-cropped-icono_t-180x180-1.png","contentUrl":"https:\/\/72.167.50.119\/ethoro\/wp-content\/uploads\/2025\/01\/cropped-cropped-icono_t-180x180-1.png","width":512,"height":512,"caption":"Thoro Enterprises de M\u00e9xico"},"image":{"@id":"https:\/\/72.167.50.119\/ethoro\/#\/schema\/logo\/image\/"},"sameAs":["https:\/\/www.facebook.com\/ThoroEnterprises","https:\/\/www.instagram.com\/thoro.mexico\/"]}]}},"_links":{"self":[{"href":"https:\/\/thoro.com.mx\/ethoro\/wp-json\/wp\/v2\/product\/7835","targetHints":{"allow":["GET"]}}],"collection":[{"href":"https:\/\/thoro.com.mx\/ethoro\/wp-json\/wp\/v2\/product"}],"about":[{"href":"https:\/\/thoro.com.mx\/ethoro\/wp-json\/wp\/v2\/types\/product"}],"replies":[{"embeddable":true,"href":"https:\/\/thoro.com.mx\/ethoro\/wp-json\/wp\/v2\/comments?post=7835"}],"wp:featuredmedia":[{"embeddable":true,"href":"https:\/\/thoro.com.mx\/ethoro\/wp-json\/wp\/v2\/media\/670576"}],"wp:attachment":[{"href":"https:\/\/thoro.com.mx\/ethoro\/wp-json\/wp\/v2\/media?parent=7835"}],"wp:term":[{"taxonomy":"product_brand","embeddable":true,"href":"https:\/\/thoro.com.mx\/ethoro\/wp-json\/wp\/v2\/product_brand?post=7835"},{"taxonomy":"product_cat","embeddable":true,"href":"https:\/\/thoro.com.mx\/ethoro\/wp-json\/wp\/v2\/product_cat?post=7835"},{"taxonomy":"product_tag","embeddable":true,"href":"https:\/\/thoro.com.mx\/ethoro\/wp-json\/wp\/v2\/product_tag?post=7835"}],"curies":[{"name":"wp","href":"https:\/\/api.w.org\/{rel}","templated":true}]}}