{"id":7901,"date":"2025-02-05T13:11:35","date_gmt":"2025-02-05T19:11:35","guid":{"rendered":"https:\/\/72.167.50.119\/ethoro\/shop\/sin categor\u00eda\/juego-de-dados-largos-urrea-52203-con-18-piezas-6-puntas-metricos-3-8\/"},"modified":"2026-04-03T00:26:11","modified_gmt":"2026-04-03T06:26:11","slug":"juego-de-dados-largos-urrea-52203-con-18-piezas-6-puntas-metricos-3-8","status":"publish","type":"product","link":"https:\/\/thoro.com.mx\/ethoro\/shop\/herramientas\/juegos-de-herramientas-herramientas\/juegos-de-dados-y-accesorios\/juego-de-dados-largos-urrea-52203-con-18-piezas-6-puntas-metricos-3-8\/","title":{"rendered":"JUEGO DE DADOS LARGOS URREA 52203 CON 18 PIEZAS 6 PUNTAS METRICOS 3\/8&#8221;"},"content":{"rendered":"<h4>52203<\/h4>\n<ul>\n<li>La l\u00ednea de dados Urrea de geometr\u00eda hexagonal largos, son apropiados para lugares profundos, dise\u00f1ados para usarse en tuercas donde el esp\u00e1rrago sobresale del nivel de la tuerca, permitiendo el dado alojar el esp\u00e1rrago para acceder a la tuerca<\/li>\n<li>Su dise\u00f1o de 6 puntas permite mayor contacto entre las paredes de la tuerca y\/o tornillo gracias a su geometr\u00eda lobular (super drive) con un \u00e1ngulo de recuperaci\u00f3n de 60\u00b0<\/li>\n<li>El sistema de sujeci\u00f3n al cuadro de mando es de ranura interna en las cuatro paredes permitiendo el f\u00e1cil acoplamiento con los accesorios y matracas para su uso<\/li>\n<\/ul>\n","protected":false},"excerpt":{"rendered":"<p>52203 La l\u00ednea de dados Urrea de geometr\u00eda hexagonal largos, son apropiados para lugares profundos, dise\u00f1ados para usarse en tuercas donde el esp\u00e1rrago sobresale del nivel de la tuerca, permitiendo el dado alojar el esp\u00e1rrago para acceder a la tuerca Su dise\u00f1o de 6 puntas permite mayor contacto entre las paredes de la tuerca y\/o [&hellip;]<\/p>\n","protected":false},"featured_media":7900,"comment_status":"open","ping_status":"closed","template":"","meta":{"_monsterinsights_skip_tracking":false,"_monsterinsights_sitenote_active":false,"_monsterinsights_sitenote_note":"","_monsterinsights_sitenote_category":0,"_joinchat":[]},"product_brand":[],"product_cat":[502],"product_tag":[],"class_list":{"0":"post-7901","1":"product","2":"type-product","3":"status-publish","4":"has-post-thumbnail","6":"product_cat-juegos-de-dados-y-accesorios","8":"first","9":"instock","10":"taxable","11":"shipping-taxable","12":"purchasable","13":"product-type-simple","14":"add-to-wishlist-after_add_to_cart"},"yoast_head":"<!-- This site is optimized with the Yoast SEO plugin v27.1.1 - https:\/\/yoast.com\/product\/yoast-seo-wordpress\/ -->\n<title>JUEGO DE DADOS LARGOS URREA 52203 CON 18 PIEZAS 6 PUNTAS METRICOS 3\/8&#039;&#039; - Thoro enterprises de Mexico<\/title>\n<meta name=\"robots\" content=\"noindex, follow\" \/>\n<meta property=\"og:locale\" content=\"es_MX\" \/>\n<meta property=\"og:type\" content=\"article\" \/>\n<meta property=\"og:title\" content=\"JUEGO DE DADOS LARGOS URREA 52203 CON 18 PIEZAS 6 PUNTAS METRICOS 3\/8&#039;&#039; - Thoro enterprises de Mexico\" \/>\n<meta property=\"og:description\" content=\"52203 La l\u00ednea de dados Urrea de geometr\u00eda hexagonal largos, son apropiados para lugares profundos, dise\u00f1ados para usarse en tuercas donde el esp\u00e1rrago sobresale del nivel de la tuerca, permitiendo el dado alojar el esp\u00e1rrago para acceder a la tuerca Su dise\u00f1o de 6 puntas permite mayor contacto entre las paredes de la tuerca y\/o [&hellip;]\" \/>\n<meta property=\"og:url\" content=\"https:\/\/thoro.com.mx\/ethoro\/shop\/herramientas\/juegos-de-herramientas-herramientas\/juegos-de-dados-y-accesorios\/juego-de-dados-largos-urrea-52203-con-18-piezas-6-puntas-metricos-3-8\/\" \/>\n<meta property=\"og:site_name\" content=\"Thoro enterprises de Mexico\" \/>\n<meta property=\"article:publisher\" content=\"https:\/\/www.facebook.com\/ThoroEnterprises\" \/>\n<meta property=\"article:modified_time\" content=\"2026-04-03T06:26:11+00:00\" \/>\n<meta property=\"og:image\" content=\"https:\/\/thoro.com.mx\/ethoro\/wp-content\/uploads\/2025\/02\/H2890.jpg\" \/>\n\t<meta property=\"og:image:width\" content=\"1000\" \/>\n\t<meta property=\"og:image:height\" content=\"1000\" \/>\n\t<meta property=\"og:image:type\" content=\"image\/jpeg\" \/>\n<meta name=\"twitter:card\" content=\"summary_large_image\" \/>\n<meta name=\"twitter:label1\" content=\"Tiempo de lectura\" \/>\n\t<meta name=\"twitter:data1\" content=\"1 minuto\" \/>\n<script type=\"application\/ld+json\" class=\"yoast-schema-graph\">{\"@context\":\"https:\/\/schema.org\",\"@graph\":[{\"@type\":\"WebPage\",\"@id\":\"https:\/\/thoro.com.mx\/ethoro\/shop\/herramientas\/juegos-de-herramientas-herramientas\/juegos-de-dados-y-accesorios\/juego-de-dados-largos-urrea-52203-con-18-piezas-6-puntas-metricos-3-8\/\",\"url\":\"https:\/\/thoro.com.mx\/ethoro\/shop\/herramientas\/juegos-de-herramientas-herramientas\/juegos-de-dados-y-accesorios\/juego-de-dados-largos-urrea-52203-con-18-piezas-6-puntas-metricos-3-8\/\",\"name\":\"JUEGO DE DADOS LARGOS URREA 52203 CON 18 PIEZAS 6 PUNTAS METRICOS 3\/8'' - Thoro enterprises de Mexico\",\"isPartOf\":{\"@id\":\"https:\/\/72.167.50.119\/ethoro\/#website\"},\"primaryImageOfPage\":{\"@id\":\"https:\/\/thoro.com.mx\/ethoro\/shop\/herramientas\/juegos-de-herramientas-herramientas\/juegos-de-dados-y-accesorios\/juego-de-dados-largos-urrea-52203-con-18-piezas-6-puntas-metricos-3-8\/#primaryimage\"},\"image\":{\"@id\":\"https:\/\/thoro.com.mx\/ethoro\/shop\/herramientas\/juegos-de-herramientas-herramientas\/juegos-de-dados-y-accesorios\/juego-de-dados-largos-urrea-52203-con-18-piezas-6-puntas-metricos-3-8\/#primaryimage\"},\"thumbnailUrl\":\"https:\/\/thoro.com.mx\/ethoro\/wp-content\/uploads\/2025\/02\/H2890.jpg\",\"datePublished\":\"2025-02-05T19:11:35+00:00\",\"dateModified\":\"2026-04-03T06:26:11+00:00\",\"breadcrumb\":{\"@id\":\"https:\/\/thoro.com.mx\/ethoro\/shop\/herramientas\/juegos-de-herramientas-herramientas\/juegos-de-dados-y-accesorios\/juego-de-dados-largos-urrea-52203-con-18-piezas-6-puntas-metricos-3-8\/#breadcrumb\"},\"inLanguage\":\"es\",\"potentialAction\":[{\"@type\":\"ReadAction\",\"target\":[\"https:\/\/thoro.com.mx\/ethoro\/shop\/herramientas\/juegos-de-herramientas-herramientas\/juegos-de-dados-y-accesorios\/juego-de-dados-largos-urrea-52203-con-18-piezas-6-puntas-metricos-3-8\/\"]}]},{\"@type\":\"ImageObject\",\"inLanguage\":\"es\",\"@id\":\"https:\/\/thoro.com.mx\/ethoro\/shop\/herramientas\/juegos-de-herramientas-herramientas\/juegos-de-dados-y-accesorios\/juego-de-dados-largos-urrea-52203-con-18-piezas-6-puntas-metricos-3-8\/#primaryimage\",\"url\":\"https:\/\/thoro.com.mx\/ethoro\/wp-content\/uploads\/2025\/02\/H2890.jpg\",\"contentUrl\":\"https:\/\/thoro.com.mx\/ethoro\/wp-content\/uploads\/2025\/02\/H2890.jpg\",\"width\":1000,\"height\":1000},{\"@type\":\"BreadcrumbList\",\"@id\":\"https:\/\/thoro.com.mx\/ethoro\/shop\/herramientas\/juegos-de-herramientas-herramientas\/juegos-de-dados-y-accesorios\/juego-de-dados-largos-urrea-52203-con-18-piezas-6-puntas-metricos-3-8\/#breadcrumb\",\"itemListElement\":[{\"@type\":\"ListItem\",\"position\":1,\"name\":\"Inicio\",\"item\":\"https:\/\/thoro.com.mx\/ethoro\/\"},{\"@type\":\"ListItem\",\"position\":2,\"name\":\"Tienda\",\"item\":\"https:\/\/thoro.com.mx\/ethoro\/shop\/\"},{\"@type\":\"ListItem\",\"position\":3,\"name\":\"JUEGO DE DADOS LARGOS URREA 52203 CON 18 PIEZAS 6 PUNTAS METRICOS 3\/8&#8221;\"}]},{\"@type\":\"WebSite\",\"@id\":\"https:\/\/72.167.50.119\/ethoro\/#website\",\"url\":\"https:\/\/72.167.50.119\/ethoro\/\",\"name\":\"Thoro Enterprises de M\u00e9xico\",\"description\":\"Todo en Thoro\",\"publisher\":{\"@id\":\"https:\/\/72.167.50.119\/ethoro\/#organization\"},\"alternateName\":\"Thoro shop\",\"potentialAction\":[{\"@type\":\"SearchAction\",\"target\":{\"@type\":\"EntryPoint\",\"urlTemplate\":\"https:\/\/72.167.50.119\/ethoro\/?s={search_term_string}\"},\"query-input\":{\"@type\":\"PropertyValueSpecification\",\"valueRequired\":true,\"valueName\":\"search_term_string\"}}],\"inLanguage\":\"es\"},{\"@type\":\"Organization\",\"@id\":\"https:\/\/72.167.50.119\/ethoro\/#organization\",\"name\":\"Thoro Enterprises de M\u00e9xico\",\"alternateName\":\"Thoro shop\",\"url\":\"https:\/\/72.167.50.119\/ethoro\/\",\"logo\":{\"@type\":\"ImageObject\",\"inLanguage\":\"es\",\"@id\":\"https:\/\/72.167.50.119\/ethoro\/#\/schema\/logo\/image\/\",\"url\":\"https:\/\/72.167.50.119\/ethoro\/wp-content\/uploads\/2025\/01\/cropped-cropped-icono_t-180x180-1.png\",\"contentUrl\":\"https:\/\/72.167.50.119\/ethoro\/wp-content\/uploads\/2025\/01\/cropped-cropped-icono_t-180x180-1.png\",\"width\":512,\"height\":512,\"caption\":\"Thoro Enterprises de M\u00e9xico\"},\"image\":{\"@id\":\"https:\/\/72.167.50.119\/ethoro\/#\/schema\/logo\/image\/\"},\"sameAs\":[\"https:\/\/www.facebook.com\/ThoroEnterprises\",\"https:\/\/www.instagram.com\/thoro.mexico\/\"]}]}<\/script>\n<!-- \/ Yoast SEO plugin. -->","yoast_head_json":{"title":"JUEGO DE DADOS LARGOS URREA 52203 CON 18 PIEZAS 6 PUNTAS METRICOS 3\/8'' - Thoro enterprises de Mexico","robots":{"index":"noindex","follow":"follow"},"og_locale":"es_MX","og_type":"article","og_title":"JUEGO DE DADOS LARGOS URREA 52203 CON 18 PIEZAS 6 PUNTAS METRICOS 3\/8'' - Thoro enterprises de Mexico","og_description":"52203 La l\u00ednea de dados Urrea de geometr\u00eda hexagonal largos, son apropiados para lugares profundos, dise\u00f1ados para usarse en tuercas donde el esp\u00e1rrago sobresale del nivel de la tuerca, permitiendo el dado alojar el esp\u00e1rrago para acceder a la tuerca Su dise\u00f1o de 6 puntas permite mayor contacto entre las paredes de la tuerca y\/o [&hellip;]","og_url":"https:\/\/thoro.com.mx\/ethoro\/shop\/herramientas\/juegos-de-herramientas-herramientas\/juegos-de-dados-y-accesorios\/juego-de-dados-largos-urrea-52203-con-18-piezas-6-puntas-metricos-3-8\/","og_site_name":"Thoro enterprises de Mexico","article_publisher":"https:\/\/www.facebook.com\/ThoroEnterprises","article_modified_time":"2026-04-03T06:26:11+00:00","og_image":[{"width":1000,"height":1000,"url":"https:\/\/thoro.com.mx\/ethoro\/wp-content\/uploads\/2025\/02\/H2890.jpg","type":"image\/jpeg"}],"twitter_card":"summary_large_image","twitter_misc":{"Tiempo de lectura":"1 minuto"},"schema":{"@context":"https:\/\/schema.org","@graph":[{"@type":"WebPage","@id":"https:\/\/thoro.com.mx\/ethoro\/shop\/herramientas\/juegos-de-herramientas-herramientas\/juegos-de-dados-y-accesorios\/juego-de-dados-largos-urrea-52203-con-18-piezas-6-puntas-metricos-3-8\/","url":"https:\/\/thoro.com.mx\/ethoro\/shop\/herramientas\/juegos-de-herramientas-herramientas\/juegos-de-dados-y-accesorios\/juego-de-dados-largos-urrea-52203-con-18-piezas-6-puntas-metricos-3-8\/","name":"JUEGO DE DADOS LARGOS URREA 52203 CON 18 PIEZAS 6 PUNTAS METRICOS 3\/8'' - Thoro enterprises de Mexico","isPartOf":{"@id":"https:\/\/72.167.50.119\/ethoro\/#website"},"primaryImageOfPage":{"@id":"https:\/\/thoro.com.mx\/ethoro\/shop\/herramientas\/juegos-de-herramientas-herramientas\/juegos-de-dados-y-accesorios\/juego-de-dados-largos-urrea-52203-con-18-piezas-6-puntas-metricos-3-8\/#primaryimage"},"image":{"@id":"https:\/\/thoro.com.mx\/ethoro\/shop\/herramientas\/juegos-de-herramientas-herramientas\/juegos-de-dados-y-accesorios\/juego-de-dados-largos-urrea-52203-con-18-piezas-6-puntas-metricos-3-8\/#primaryimage"},"thumbnailUrl":"https:\/\/thoro.com.mx\/ethoro\/wp-content\/uploads\/2025\/02\/H2890.jpg","datePublished":"2025-02-05T19:11:35+00:00","dateModified":"2026-04-03T06:26:11+00:00","breadcrumb":{"@id":"https:\/\/thoro.com.mx\/ethoro\/shop\/herramientas\/juegos-de-herramientas-herramientas\/juegos-de-dados-y-accesorios\/juego-de-dados-largos-urrea-52203-con-18-piezas-6-puntas-metricos-3-8\/#breadcrumb"},"inLanguage":"es","potentialAction":[{"@type":"ReadAction","target":["https:\/\/thoro.com.mx\/ethoro\/shop\/herramientas\/juegos-de-herramientas-herramientas\/juegos-de-dados-y-accesorios\/juego-de-dados-largos-urrea-52203-con-18-piezas-6-puntas-metricos-3-8\/"]}]},{"@type":"ImageObject","inLanguage":"es","@id":"https:\/\/thoro.com.mx\/ethoro\/shop\/herramientas\/juegos-de-herramientas-herramientas\/juegos-de-dados-y-accesorios\/juego-de-dados-largos-urrea-52203-con-18-piezas-6-puntas-metricos-3-8\/#primaryimage","url":"https:\/\/thoro.com.mx\/ethoro\/wp-content\/uploads\/2025\/02\/H2890.jpg","contentUrl":"https:\/\/thoro.com.mx\/ethoro\/wp-content\/uploads\/2025\/02\/H2890.jpg","width":1000,"height":1000},{"@type":"BreadcrumbList","@id":"https:\/\/thoro.com.mx\/ethoro\/shop\/herramientas\/juegos-de-herramientas-herramientas\/juegos-de-dados-y-accesorios\/juego-de-dados-largos-urrea-52203-con-18-piezas-6-puntas-metricos-3-8\/#breadcrumb","itemListElement":[{"@type":"ListItem","position":1,"name":"Inicio","item":"https:\/\/thoro.com.mx\/ethoro\/"},{"@type":"ListItem","position":2,"name":"Tienda","item":"https:\/\/thoro.com.mx\/ethoro\/shop\/"},{"@type":"ListItem","position":3,"name":"JUEGO DE DADOS LARGOS URREA 52203 CON 18 PIEZAS 6 PUNTAS METRICOS 3\/8&#8221;"}]},{"@type":"WebSite","@id":"https:\/\/72.167.50.119\/ethoro\/#website","url":"https:\/\/72.167.50.119\/ethoro\/","name":"Thoro Enterprises de M\u00e9xico","description":"Todo en Thoro","publisher":{"@id":"https:\/\/72.167.50.119\/ethoro\/#organization"},"alternateName":"Thoro shop","potentialAction":[{"@type":"SearchAction","target":{"@type":"EntryPoint","urlTemplate":"https:\/\/72.167.50.119\/ethoro\/?s={search_term_string}"},"query-input":{"@type":"PropertyValueSpecification","valueRequired":true,"valueName":"search_term_string"}}],"inLanguage":"es"},{"@type":"Organization","@id":"https:\/\/72.167.50.119\/ethoro\/#organization","name":"Thoro Enterprises de M\u00e9xico","alternateName":"Thoro shop","url":"https:\/\/72.167.50.119\/ethoro\/","logo":{"@type":"ImageObject","inLanguage":"es","@id":"https:\/\/72.167.50.119\/ethoro\/#\/schema\/logo\/image\/","url":"https:\/\/72.167.50.119\/ethoro\/wp-content\/uploads\/2025\/01\/cropped-cropped-icono_t-180x180-1.png","contentUrl":"https:\/\/72.167.50.119\/ethoro\/wp-content\/uploads\/2025\/01\/cropped-cropped-icono_t-180x180-1.png","width":512,"height":512,"caption":"Thoro Enterprises de M\u00e9xico"},"image":{"@id":"https:\/\/72.167.50.119\/ethoro\/#\/schema\/logo\/image\/"},"sameAs":["https:\/\/www.facebook.com\/ThoroEnterprises","https:\/\/www.instagram.com\/thoro.mexico\/"]}]}},"_links":{"self":[{"href":"https:\/\/thoro.com.mx\/ethoro\/wp-json\/wp\/v2\/product\/7901","targetHints":{"allow":["GET"]}}],"collection":[{"href":"https:\/\/thoro.com.mx\/ethoro\/wp-json\/wp\/v2\/product"}],"about":[{"href":"https:\/\/thoro.com.mx\/ethoro\/wp-json\/wp\/v2\/types\/product"}],"replies":[{"embeddable":true,"href":"https:\/\/thoro.com.mx\/ethoro\/wp-json\/wp\/v2\/comments?post=7901"}],"wp:featuredmedia":[{"embeddable":true,"href":"https:\/\/thoro.com.mx\/ethoro\/wp-json\/wp\/v2\/media\/7900"}],"wp:attachment":[{"href":"https:\/\/thoro.com.mx\/ethoro\/wp-json\/wp\/v2\/media?parent=7901"}],"wp:term":[{"taxonomy":"product_brand","embeddable":true,"href":"https:\/\/thoro.com.mx\/ethoro\/wp-json\/wp\/v2\/product_brand?post=7901"},{"taxonomy":"product_cat","embeddable":true,"href":"https:\/\/thoro.com.mx\/ethoro\/wp-json\/wp\/v2\/product_cat?post=7901"},{"taxonomy":"product_tag","embeddable":true,"href":"https:\/\/thoro.com.mx\/ethoro\/wp-json\/wp\/v2\/product_tag?post=7901"}],"curies":[{"name":"wp","href":"https:\/\/api.w.org\/{rel}","templated":true}]}}