{"id":8407,"date":"2025-02-05T13:17:54","date_gmt":"2025-02-05T19:17:54","guid":{"rendered":"https:\/\/72.167.50.119\/ethoro\/shop\/sin categor\u00eda\/juego-de-dados-urrea-54113-con-22-piezas-riel-en-pulgadas-1-2\/"},"modified":"2026-04-05T00:31:22","modified_gmt":"2026-04-05T06:31:22","slug":"juego-de-dados-urrea-54113-con-22-piezas-riel-en-pulgadas-1-2","status":"publish","type":"product","link":"https:\/\/thoro.com.mx\/ethoro\/shop\/herramientas\/juegos-de-herramientas-herramientas\/juegos-de-dados-y-accesorios\/juego-de-dados-urrea-54113-con-22-piezas-riel-en-pulgadas-1-2\/","title":{"rendered":"JUEGO DE DADOS URREA 54113 CON 22 PIEZAS RIEL EN PULGADAS 1\/2&#8221;"},"content":{"rendered":"<h4>54113<\/h4>\n<ul>\n<li>La l\u00ednea de dados URREA de 12 puntas est\u00e1n fabricados con acero de alta calidad permitiendo un alto desempe\u00f1o durante su uso, terminados en cromo-n\u00edquel para evitar la corrosi\u00f3n<\/li>\n<li>Su dise\u00f1o de 12 puntas distribuye los esfuerzos en una zona mayor de las caras activas de la tuerca, m\u00e1s hacia el centro, no en las aristas, los esfuerzos se distribuyen en los l\u00f3bulos de la geometr\u00eda, permite mayor rapidez para embonar en tuercas y\/o tornillos hexagonales y cuadrados, gracias a su geometr\u00eda (super drive) con un \u00e1ngulo de recuperaci\u00f3n de 30\u00b0<\/li>\n<li>El sistema de sujeci\u00f3n al cuadro de mando es de ranura interna en las cuatro paredes permitiendo el f\u00e1cil acoplamiento con los accesorios y matracas para su uso<\/li>\n<li>Juego 22 piezas<\/li>\n<li>Longitud 1 1\/2&#8243; A 1 13\/16&#8243;<\/li>\n<li>Medida De Escoplo 1\/4&#8243; A 1 1\/4&#8243;<\/li>\n<li>N\u00famero De Piezas 22<\/li>\n<li>N\u00famero De Puntas 12<\/li>\n<li>Sae O M\u00e9trico Sae<\/li>\n<li>Tipo De Dado Tipo I, II Y II<\/li>\n<li>Tipo De Impulsi\u00f3n Cuadrado<\/li>\n<li><\/li>\n<\/ul>\n","protected":false},"excerpt":{"rendered":"<p>54113 La l\u00ednea de dados URREA de 12 puntas est\u00e1n fabricados con acero de alta calidad permitiendo un alto desempe\u00f1o durante su uso, terminados en cromo-n\u00edquel para evitar la corrosi\u00f3n Su dise\u00f1o de 12 puntas distribuye los esfuerzos en una zona mayor de las caras activas de la tuerca, m\u00e1s hacia el centro, no en [&hellip;]<\/p>\n","protected":false},"featured_media":8406,"comment_status":"open","ping_status":"closed","template":"","meta":{"_monsterinsights_skip_tracking":false,"_monsterinsights_sitenote_active":false,"_monsterinsights_sitenote_note":"","_monsterinsights_sitenote_category":0,"_joinchat":[]},"product_brand":[],"product_cat":[502],"product_tag":[],"class_list":{"0":"post-8407","1":"product","2":"type-product","3":"status-publish","4":"has-post-thumbnail","6":"product_cat-juegos-de-dados-y-accesorios","8":"first","9":"instock","10":"taxable","11":"shipping-taxable","12":"purchasable","13":"product-type-simple","14":"add-to-wishlist-after_add_to_cart"},"yoast_head":"<!-- This site is optimized with the Yoast SEO plugin v27.1.1 - https:\/\/yoast.com\/product\/yoast-seo-wordpress\/ -->\n<title>JUEGO DE DADOS URREA 54113 CON 22 PIEZAS RIEL EN PULGADAS 1\/2&#039;&#039; - Thoro enterprises de Mexico<\/title>\n<meta name=\"robots\" content=\"noindex, follow\" \/>\n<meta property=\"og:locale\" content=\"es_MX\" \/>\n<meta property=\"og:type\" content=\"article\" \/>\n<meta property=\"og:title\" content=\"JUEGO DE DADOS URREA 54113 CON 22 PIEZAS RIEL EN PULGADAS 1\/2&#039;&#039; - Thoro enterprises de Mexico\" \/>\n<meta property=\"og:description\" content=\"54113 La l\u00ednea de dados URREA de 12 puntas est\u00e1n fabricados con acero de alta calidad permitiendo un alto desempe\u00f1o durante su uso, terminados en cromo-n\u00edquel para evitar la corrosi\u00f3n Su dise\u00f1o de 12 puntas distribuye los esfuerzos en una zona mayor de las caras activas de la tuerca, m\u00e1s hacia el centro, no en [&hellip;]\" \/>\n<meta property=\"og:url\" content=\"https:\/\/thoro.com.mx\/ethoro\/shop\/herramientas\/juegos-de-herramientas-herramientas\/juegos-de-dados-y-accesorios\/juego-de-dados-urrea-54113-con-22-piezas-riel-en-pulgadas-1-2\/\" \/>\n<meta property=\"og:site_name\" content=\"Thoro enterprises de Mexico\" \/>\n<meta property=\"article:publisher\" content=\"https:\/\/www.facebook.com\/ThoroEnterprises\" \/>\n<meta property=\"article:modified_time\" content=\"2026-04-05T06:31:22+00:00\" \/>\n<meta property=\"og:image\" content=\"https:\/\/thoro.com.mx\/ethoro\/wp-content\/uploads\/2025\/02\/H3230.jpg\" \/>\n\t<meta property=\"og:image:width\" content=\"1000\" \/>\n\t<meta property=\"og:image:height\" content=\"1000\" \/>\n\t<meta property=\"og:image:type\" content=\"image\/jpeg\" \/>\n<meta name=\"twitter:card\" content=\"summary_large_image\" \/>\n<meta name=\"twitter:label1\" content=\"Tiempo de lectura\" \/>\n\t<meta name=\"twitter:data1\" content=\"1 minuto\" \/>\n<script type=\"application\/ld+json\" class=\"yoast-schema-graph\">{\"@context\":\"https:\/\/schema.org\",\"@graph\":[{\"@type\":\"WebPage\",\"@id\":\"https:\/\/thoro.com.mx\/ethoro\/shop\/herramientas\/juegos-de-herramientas-herramientas\/juegos-de-dados-y-accesorios\/juego-de-dados-urrea-54113-con-22-piezas-riel-en-pulgadas-1-2\/\",\"url\":\"https:\/\/thoro.com.mx\/ethoro\/shop\/herramientas\/juegos-de-herramientas-herramientas\/juegos-de-dados-y-accesorios\/juego-de-dados-urrea-54113-con-22-piezas-riel-en-pulgadas-1-2\/\",\"name\":\"JUEGO DE DADOS URREA 54113 CON 22 PIEZAS RIEL EN PULGADAS 1\/2'' - Thoro enterprises de Mexico\",\"isPartOf\":{\"@id\":\"https:\/\/72.167.50.119\/ethoro\/#website\"},\"primaryImageOfPage\":{\"@id\":\"https:\/\/thoro.com.mx\/ethoro\/shop\/herramientas\/juegos-de-herramientas-herramientas\/juegos-de-dados-y-accesorios\/juego-de-dados-urrea-54113-con-22-piezas-riel-en-pulgadas-1-2\/#primaryimage\"},\"image\":{\"@id\":\"https:\/\/thoro.com.mx\/ethoro\/shop\/herramientas\/juegos-de-herramientas-herramientas\/juegos-de-dados-y-accesorios\/juego-de-dados-urrea-54113-con-22-piezas-riel-en-pulgadas-1-2\/#primaryimage\"},\"thumbnailUrl\":\"https:\/\/thoro.com.mx\/ethoro\/wp-content\/uploads\/2025\/02\/H3230.jpg\",\"datePublished\":\"2025-02-05T19:17:54+00:00\",\"dateModified\":\"2026-04-05T06:31:22+00:00\",\"breadcrumb\":{\"@id\":\"https:\/\/thoro.com.mx\/ethoro\/shop\/herramientas\/juegos-de-herramientas-herramientas\/juegos-de-dados-y-accesorios\/juego-de-dados-urrea-54113-con-22-piezas-riel-en-pulgadas-1-2\/#breadcrumb\"},\"inLanguage\":\"es\",\"potentialAction\":[{\"@type\":\"ReadAction\",\"target\":[\"https:\/\/thoro.com.mx\/ethoro\/shop\/herramientas\/juegos-de-herramientas-herramientas\/juegos-de-dados-y-accesorios\/juego-de-dados-urrea-54113-con-22-piezas-riel-en-pulgadas-1-2\/\"]}]},{\"@type\":\"ImageObject\",\"inLanguage\":\"es\",\"@id\":\"https:\/\/thoro.com.mx\/ethoro\/shop\/herramientas\/juegos-de-herramientas-herramientas\/juegos-de-dados-y-accesorios\/juego-de-dados-urrea-54113-con-22-piezas-riel-en-pulgadas-1-2\/#primaryimage\",\"url\":\"https:\/\/thoro.com.mx\/ethoro\/wp-content\/uploads\/2025\/02\/H3230.jpg\",\"contentUrl\":\"https:\/\/thoro.com.mx\/ethoro\/wp-content\/uploads\/2025\/02\/H3230.jpg\",\"width\":1000,\"height\":1000},{\"@type\":\"BreadcrumbList\",\"@id\":\"https:\/\/thoro.com.mx\/ethoro\/shop\/herramientas\/juegos-de-herramientas-herramientas\/juegos-de-dados-y-accesorios\/juego-de-dados-urrea-54113-con-22-piezas-riel-en-pulgadas-1-2\/#breadcrumb\",\"itemListElement\":[{\"@type\":\"ListItem\",\"position\":1,\"name\":\"Inicio\",\"item\":\"https:\/\/thoro.com.mx\/ethoro\/\"},{\"@type\":\"ListItem\",\"position\":2,\"name\":\"Tienda\",\"item\":\"https:\/\/thoro.com.mx\/ethoro\/shop\/\"},{\"@type\":\"ListItem\",\"position\":3,\"name\":\"JUEGO DE DADOS URREA 54113 CON 22 PIEZAS RIEL EN PULGADAS 1\/2&#8221;\"}]},{\"@type\":\"WebSite\",\"@id\":\"https:\/\/72.167.50.119\/ethoro\/#website\",\"url\":\"https:\/\/72.167.50.119\/ethoro\/\",\"name\":\"Thoro Enterprises de M\u00e9xico\",\"description\":\"Todo en Thoro\",\"publisher\":{\"@id\":\"https:\/\/72.167.50.119\/ethoro\/#organization\"},\"alternateName\":\"Thoro shop\",\"potentialAction\":[{\"@type\":\"SearchAction\",\"target\":{\"@type\":\"EntryPoint\",\"urlTemplate\":\"https:\/\/72.167.50.119\/ethoro\/?s={search_term_string}\"},\"query-input\":{\"@type\":\"PropertyValueSpecification\",\"valueRequired\":true,\"valueName\":\"search_term_string\"}}],\"inLanguage\":\"es\"},{\"@type\":\"Organization\",\"@id\":\"https:\/\/72.167.50.119\/ethoro\/#organization\",\"name\":\"Thoro Enterprises de M\u00e9xico\",\"alternateName\":\"Thoro shop\",\"url\":\"https:\/\/72.167.50.119\/ethoro\/\",\"logo\":{\"@type\":\"ImageObject\",\"inLanguage\":\"es\",\"@id\":\"https:\/\/72.167.50.119\/ethoro\/#\/schema\/logo\/image\/\",\"url\":\"https:\/\/72.167.50.119\/ethoro\/wp-content\/uploads\/2025\/01\/cropped-cropped-icono_t-180x180-1.png\",\"contentUrl\":\"https:\/\/72.167.50.119\/ethoro\/wp-content\/uploads\/2025\/01\/cropped-cropped-icono_t-180x180-1.png\",\"width\":512,\"height\":512,\"caption\":\"Thoro Enterprises de M\u00e9xico\"},\"image\":{\"@id\":\"https:\/\/72.167.50.119\/ethoro\/#\/schema\/logo\/image\/\"},\"sameAs\":[\"https:\/\/www.facebook.com\/ThoroEnterprises\",\"https:\/\/www.instagram.com\/thoro.mexico\/\"]}]}<\/script>\n<!-- \/ Yoast SEO plugin. -->","yoast_head_json":{"title":"JUEGO DE DADOS URREA 54113 CON 22 PIEZAS RIEL EN PULGADAS 1\/2'' - Thoro enterprises de Mexico","robots":{"index":"noindex","follow":"follow"},"og_locale":"es_MX","og_type":"article","og_title":"JUEGO DE DADOS URREA 54113 CON 22 PIEZAS RIEL EN PULGADAS 1\/2'' - Thoro enterprises de Mexico","og_description":"54113 La l\u00ednea de dados URREA de 12 puntas est\u00e1n fabricados con acero de alta calidad permitiendo un alto desempe\u00f1o durante su uso, terminados en cromo-n\u00edquel para evitar la corrosi\u00f3n Su dise\u00f1o de 12 puntas distribuye los esfuerzos en una zona mayor de las caras activas de la tuerca, m\u00e1s hacia el centro, no en [&hellip;]","og_url":"https:\/\/thoro.com.mx\/ethoro\/shop\/herramientas\/juegos-de-herramientas-herramientas\/juegos-de-dados-y-accesorios\/juego-de-dados-urrea-54113-con-22-piezas-riel-en-pulgadas-1-2\/","og_site_name":"Thoro enterprises de Mexico","article_publisher":"https:\/\/www.facebook.com\/ThoroEnterprises","article_modified_time":"2026-04-05T06:31:22+00:00","og_image":[{"width":1000,"height":1000,"url":"https:\/\/thoro.com.mx\/ethoro\/wp-content\/uploads\/2025\/02\/H3230.jpg","type":"image\/jpeg"}],"twitter_card":"summary_large_image","twitter_misc":{"Tiempo de lectura":"1 minuto"},"schema":{"@context":"https:\/\/schema.org","@graph":[{"@type":"WebPage","@id":"https:\/\/thoro.com.mx\/ethoro\/shop\/herramientas\/juegos-de-herramientas-herramientas\/juegos-de-dados-y-accesorios\/juego-de-dados-urrea-54113-con-22-piezas-riel-en-pulgadas-1-2\/","url":"https:\/\/thoro.com.mx\/ethoro\/shop\/herramientas\/juegos-de-herramientas-herramientas\/juegos-de-dados-y-accesorios\/juego-de-dados-urrea-54113-con-22-piezas-riel-en-pulgadas-1-2\/","name":"JUEGO DE DADOS URREA 54113 CON 22 PIEZAS RIEL EN PULGADAS 1\/2'' - Thoro enterprises de Mexico","isPartOf":{"@id":"https:\/\/72.167.50.119\/ethoro\/#website"},"primaryImageOfPage":{"@id":"https:\/\/thoro.com.mx\/ethoro\/shop\/herramientas\/juegos-de-herramientas-herramientas\/juegos-de-dados-y-accesorios\/juego-de-dados-urrea-54113-con-22-piezas-riel-en-pulgadas-1-2\/#primaryimage"},"image":{"@id":"https:\/\/thoro.com.mx\/ethoro\/shop\/herramientas\/juegos-de-herramientas-herramientas\/juegos-de-dados-y-accesorios\/juego-de-dados-urrea-54113-con-22-piezas-riel-en-pulgadas-1-2\/#primaryimage"},"thumbnailUrl":"https:\/\/thoro.com.mx\/ethoro\/wp-content\/uploads\/2025\/02\/H3230.jpg","datePublished":"2025-02-05T19:17:54+00:00","dateModified":"2026-04-05T06:31:22+00:00","breadcrumb":{"@id":"https:\/\/thoro.com.mx\/ethoro\/shop\/herramientas\/juegos-de-herramientas-herramientas\/juegos-de-dados-y-accesorios\/juego-de-dados-urrea-54113-con-22-piezas-riel-en-pulgadas-1-2\/#breadcrumb"},"inLanguage":"es","potentialAction":[{"@type":"ReadAction","target":["https:\/\/thoro.com.mx\/ethoro\/shop\/herramientas\/juegos-de-herramientas-herramientas\/juegos-de-dados-y-accesorios\/juego-de-dados-urrea-54113-con-22-piezas-riel-en-pulgadas-1-2\/"]}]},{"@type":"ImageObject","inLanguage":"es","@id":"https:\/\/thoro.com.mx\/ethoro\/shop\/herramientas\/juegos-de-herramientas-herramientas\/juegos-de-dados-y-accesorios\/juego-de-dados-urrea-54113-con-22-piezas-riel-en-pulgadas-1-2\/#primaryimage","url":"https:\/\/thoro.com.mx\/ethoro\/wp-content\/uploads\/2025\/02\/H3230.jpg","contentUrl":"https:\/\/thoro.com.mx\/ethoro\/wp-content\/uploads\/2025\/02\/H3230.jpg","width":1000,"height":1000},{"@type":"BreadcrumbList","@id":"https:\/\/thoro.com.mx\/ethoro\/shop\/herramientas\/juegos-de-herramientas-herramientas\/juegos-de-dados-y-accesorios\/juego-de-dados-urrea-54113-con-22-piezas-riel-en-pulgadas-1-2\/#breadcrumb","itemListElement":[{"@type":"ListItem","position":1,"name":"Inicio","item":"https:\/\/thoro.com.mx\/ethoro\/"},{"@type":"ListItem","position":2,"name":"Tienda","item":"https:\/\/thoro.com.mx\/ethoro\/shop\/"},{"@type":"ListItem","position":3,"name":"JUEGO DE DADOS URREA 54113 CON 22 PIEZAS RIEL EN PULGADAS 1\/2&#8221;"}]},{"@type":"WebSite","@id":"https:\/\/72.167.50.119\/ethoro\/#website","url":"https:\/\/72.167.50.119\/ethoro\/","name":"Thoro Enterprises de M\u00e9xico","description":"Todo en Thoro","publisher":{"@id":"https:\/\/72.167.50.119\/ethoro\/#organization"},"alternateName":"Thoro shop","potentialAction":[{"@type":"SearchAction","target":{"@type":"EntryPoint","urlTemplate":"https:\/\/72.167.50.119\/ethoro\/?s={search_term_string}"},"query-input":{"@type":"PropertyValueSpecification","valueRequired":true,"valueName":"search_term_string"}}],"inLanguage":"es"},{"@type":"Organization","@id":"https:\/\/72.167.50.119\/ethoro\/#organization","name":"Thoro Enterprises de M\u00e9xico","alternateName":"Thoro shop","url":"https:\/\/72.167.50.119\/ethoro\/","logo":{"@type":"ImageObject","inLanguage":"es","@id":"https:\/\/72.167.50.119\/ethoro\/#\/schema\/logo\/image\/","url":"https:\/\/72.167.50.119\/ethoro\/wp-content\/uploads\/2025\/01\/cropped-cropped-icono_t-180x180-1.png","contentUrl":"https:\/\/72.167.50.119\/ethoro\/wp-content\/uploads\/2025\/01\/cropped-cropped-icono_t-180x180-1.png","width":512,"height":512,"caption":"Thoro Enterprises de M\u00e9xico"},"image":{"@id":"https:\/\/72.167.50.119\/ethoro\/#\/schema\/logo\/image\/"},"sameAs":["https:\/\/www.facebook.com\/ThoroEnterprises","https:\/\/www.instagram.com\/thoro.mexico\/"]}]}},"_links":{"self":[{"href":"https:\/\/thoro.com.mx\/ethoro\/wp-json\/wp\/v2\/product\/8407","targetHints":{"allow":["GET"]}}],"collection":[{"href":"https:\/\/thoro.com.mx\/ethoro\/wp-json\/wp\/v2\/product"}],"about":[{"href":"https:\/\/thoro.com.mx\/ethoro\/wp-json\/wp\/v2\/types\/product"}],"replies":[{"embeddable":true,"href":"https:\/\/thoro.com.mx\/ethoro\/wp-json\/wp\/v2\/comments?post=8407"}],"wp:featuredmedia":[{"embeddable":true,"href":"https:\/\/thoro.com.mx\/ethoro\/wp-json\/wp\/v2\/media\/8406"}],"wp:attachment":[{"href":"https:\/\/thoro.com.mx\/ethoro\/wp-json\/wp\/v2\/media?parent=8407"}],"wp:term":[{"taxonomy":"product_brand","embeddable":true,"href":"https:\/\/thoro.com.mx\/ethoro\/wp-json\/wp\/v2\/product_brand?post=8407"},{"taxonomy":"product_cat","embeddable":true,"href":"https:\/\/thoro.com.mx\/ethoro\/wp-json\/wp\/v2\/product_cat?post=8407"},{"taxonomy":"product_tag","embeddable":true,"href":"https:\/\/thoro.com.mx\/ethoro\/wp-json\/wp\/v2\/product_tag?post=8407"}],"curies":[{"name":"wp","href":"https:\/\/api.w.org\/{rel}","templated":true}]}}