{"id":9291,"date":"2025-02-05T13:28:41","date_gmt":"2025-02-05T19:28:41","guid":{"rendered":"https:\/\/72.167.50.119\/ethoro\/shop\/sin categor\u00eda\/destornillador-urrea-9452-cushion-grip-barra-redonda-punta-plana-1-4-x-1-3-8\/"},"modified":"2026-04-07T00:45:24","modified_gmt":"2026-04-07T06:45:24","slug":"destornillador-urrea-9452-cushion-grip-barra-redonda-punta-plana-1-4-x-1-3-8","status":"publish","type":"product","link":"https:\/\/thoro.com.mx\/ethoro\/shop\/herramientas\/herramientas-manuales\/desarmadores-y-puntas\/destornillador-urrea-9452-cushion-grip-barra-redonda-punta-plana-1-4-x-1-3-8\/","title":{"rendered":"DESTORNILLADOR URREA 9452 CUSHION GRIP BARRA REDONDA PUNTA PLANA 1\/4&#8221; X 1-3\/8&#8221;"},"content":{"rendered":"<h4>9452<\/h4>\n<ul>\n<li>Punta negra que los hace aptos para usarse en la industria alimenticia y en procesos donde el desprendimiento de objetos extra\u00f1os es cr\u00edtico, ya que evitan el desprendimiento de cromo<\/li>\n<li>Mango \u00e1mbar con recubrimiento acojinado de gran ergonom\u00eda<\/li>\n<li>Tipo trompo punta plana barra redonda<\/li>\n<li>Barra redonda de 1\/4&#8243;<\/li>\n<li>Longitud de barra 1 1\/2&#8243;<\/li>\n<li>Longitud total 3 3\/8&#8243;<\/li>\n<\/ul>\n","protected":false},"excerpt":{"rendered":"<p>9452 Punta negra que los hace aptos para usarse en la industria alimenticia y en procesos donde el desprendimiento de objetos extra\u00f1os es cr\u00edtico, ya que evitan el desprendimiento de cromo Mango \u00e1mbar con recubrimiento acojinado de gran ergonom\u00eda Tipo trompo punta plana barra redonda Barra redonda de 1\/4&#8243; Longitud de barra 1 1\/2&#8243; Longitud [&hellip;]<\/p>\n","protected":false},"featured_media":9290,"comment_status":"open","ping_status":"closed","template":"","meta":{"_monsterinsights_skip_tracking":false,"_monsterinsights_sitenote_active":false,"_monsterinsights_sitenote_note":"","_monsterinsights_sitenote_category":0,"_joinchat":[]},"product_brand":[],"product_cat":[313],"product_tag":[],"class_list":{"0":"post-9291","1":"product","2":"type-product","3":"status-publish","4":"has-post-thumbnail","6":"product_cat-desarmadores-y-puntas","8":"first","9":"instock","10":"sale","11":"taxable","12":"shipping-taxable","13":"purchasable","14":"product-type-simple","15":"add-to-wishlist-after_add_to_cart"},"yoast_head":"<!-- This site is optimized with the Yoast SEO plugin v27.1.1 - https:\/\/yoast.com\/product\/yoast-seo-wordpress\/ -->\n<title>DESTORNILLADOR URREA 9452 CUSHION GRIP BARRA REDONDA PUNTA PLANA 1\/4&#039;&#039; X 1-3\/8&#039;&#039; - Thoro enterprises de Mexico<\/title>\n<meta name=\"robots\" content=\"noindex, follow\" \/>\n<meta property=\"og:locale\" content=\"es_MX\" \/>\n<meta property=\"og:type\" content=\"article\" \/>\n<meta property=\"og:title\" content=\"DESTORNILLADOR URREA 9452 CUSHION GRIP BARRA REDONDA PUNTA PLANA 1\/4&#039;&#039; X 1-3\/8&#039;&#039; - Thoro enterprises de Mexico\" \/>\n<meta property=\"og:description\" content=\"9452 Punta negra que los hace aptos para usarse en la industria alimenticia y en procesos donde el desprendimiento de objetos extra\u00f1os es cr\u00edtico, ya que evitan el desprendimiento de cromo Mango \u00e1mbar con recubrimiento acojinado de gran ergonom\u00eda Tipo trompo punta plana barra redonda Barra redonda de 1\/4&#8243; Longitud de barra 1 1\/2&#8243; Longitud [&hellip;]\" \/>\n<meta property=\"og:url\" content=\"https:\/\/thoro.com.mx\/ethoro\/shop\/herramientas\/herramientas-manuales\/desarmadores-y-puntas\/destornillador-urrea-9452-cushion-grip-barra-redonda-punta-plana-1-4-x-1-3-8\/\" \/>\n<meta property=\"og:site_name\" content=\"Thoro enterprises de Mexico\" \/>\n<meta property=\"article:publisher\" content=\"https:\/\/www.facebook.com\/ThoroEnterprises\" \/>\n<meta property=\"article:modified_time\" content=\"2026-04-07T06:45:24+00:00\" \/>\n<meta property=\"og:image\" content=\"https:\/\/thoro.com.mx\/ethoro\/wp-content\/uploads\/2025\/02\/H3787.jpg\" \/>\n\t<meta property=\"og:image:width\" content=\"1000\" \/>\n\t<meta property=\"og:image:height\" content=\"1000\" \/>\n\t<meta property=\"og:image:type\" content=\"image\/jpeg\" \/>\n<meta name=\"twitter:card\" content=\"summary_large_image\" \/>\n<script type=\"application\/ld+json\" class=\"yoast-schema-graph\">{\"@context\":\"https:\/\/schema.org\",\"@graph\":[{\"@type\":\"WebPage\",\"@id\":\"https:\/\/thoro.com.mx\/ethoro\/shop\/herramientas\/herramientas-manuales\/desarmadores-y-puntas\/destornillador-urrea-9452-cushion-grip-barra-redonda-punta-plana-1-4-x-1-3-8\/\",\"url\":\"https:\/\/thoro.com.mx\/ethoro\/shop\/herramientas\/herramientas-manuales\/desarmadores-y-puntas\/destornillador-urrea-9452-cushion-grip-barra-redonda-punta-plana-1-4-x-1-3-8\/\",\"name\":\"DESTORNILLADOR URREA 9452 CUSHION GRIP BARRA REDONDA PUNTA PLANA 1\/4'' X 1-3\/8'' - Thoro enterprises de Mexico\",\"isPartOf\":{\"@id\":\"https:\/\/72.167.50.119\/ethoro\/#website\"},\"primaryImageOfPage\":{\"@id\":\"https:\/\/thoro.com.mx\/ethoro\/shop\/herramientas\/herramientas-manuales\/desarmadores-y-puntas\/destornillador-urrea-9452-cushion-grip-barra-redonda-punta-plana-1-4-x-1-3-8\/#primaryimage\"},\"image\":{\"@id\":\"https:\/\/thoro.com.mx\/ethoro\/shop\/herramientas\/herramientas-manuales\/desarmadores-y-puntas\/destornillador-urrea-9452-cushion-grip-barra-redonda-punta-plana-1-4-x-1-3-8\/#primaryimage\"},\"thumbnailUrl\":\"https:\/\/thoro.com.mx\/ethoro\/wp-content\/uploads\/2025\/02\/H3787.jpg\",\"datePublished\":\"2025-02-05T19:28:41+00:00\",\"dateModified\":\"2026-04-07T06:45:24+00:00\",\"breadcrumb\":{\"@id\":\"https:\/\/thoro.com.mx\/ethoro\/shop\/herramientas\/herramientas-manuales\/desarmadores-y-puntas\/destornillador-urrea-9452-cushion-grip-barra-redonda-punta-plana-1-4-x-1-3-8\/#breadcrumb\"},\"inLanguage\":\"es\",\"potentialAction\":[{\"@type\":\"ReadAction\",\"target\":[\"https:\/\/thoro.com.mx\/ethoro\/shop\/herramientas\/herramientas-manuales\/desarmadores-y-puntas\/destornillador-urrea-9452-cushion-grip-barra-redonda-punta-plana-1-4-x-1-3-8\/\"]}]},{\"@type\":\"ImageObject\",\"inLanguage\":\"es\",\"@id\":\"https:\/\/thoro.com.mx\/ethoro\/shop\/herramientas\/herramientas-manuales\/desarmadores-y-puntas\/destornillador-urrea-9452-cushion-grip-barra-redonda-punta-plana-1-4-x-1-3-8\/#primaryimage\",\"url\":\"https:\/\/thoro.com.mx\/ethoro\/wp-content\/uploads\/2025\/02\/H3787.jpg\",\"contentUrl\":\"https:\/\/thoro.com.mx\/ethoro\/wp-content\/uploads\/2025\/02\/H3787.jpg\",\"width\":1000,\"height\":1000},{\"@type\":\"BreadcrumbList\",\"@id\":\"https:\/\/thoro.com.mx\/ethoro\/shop\/herramientas\/herramientas-manuales\/desarmadores-y-puntas\/destornillador-urrea-9452-cushion-grip-barra-redonda-punta-plana-1-4-x-1-3-8\/#breadcrumb\",\"itemListElement\":[{\"@type\":\"ListItem\",\"position\":1,\"name\":\"Inicio\",\"item\":\"https:\/\/thoro.com.mx\/ethoro\/\"},{\"@type\":\"ListItem\",\"position\":2,\"name\":\"Tienda\",\"item\":\"https:\/\/thoro.com.mx\/ethoro\/shop\/\"},{\"@type\":\"ListItem\",\"position\":3,\"name\":\"DESTORNILLADOR URREA 9452 CUSHION GRIP BARRA REDONDA PUNTA PLANA 1\/4&#8221; X 1-3\/8&#8221;\"}]},{\"@type\":\"WebSite\",\"@id\":\"https:\/\/72.167.50.119\/ethoro\/#website\",\"url\":\"https:\/\/72.167.50.119\/ethoro\/\",\"name\":\"Thoro Enterprises de M\u00e9xico\",\"description\":\"Todo en Thoro\",\"publisher\":{\"@id\":\"https:\/\/72.167.50.119\/ethoro\/#organization\"},\"alternateName\":\"Thoro shop\",\"potentialAction\":[{\"@type\":\"SearchAction\",\"target\":{\"@type\":\"EntryPoint\",\"urlTemplate\":\"https:\/\/72.167.50.119\/ethoro\/?s={search_term_string}\"},\"query-input\":{\"@type\":\"PropertyValueSpecification\",\"valueRequired\":true,\"valueName\":\"search_term_string\"}}],\"inLanguage\":\"es\"},{\"@type\":\"Organization\",\"@id\":\"https:\/\/72.167.50.119\/ethoro\/#organization\",\"name\":\"Thoro Enterprises de M\u00e9xico\",\"alternateName\":\"Thoro shop\",\"url\":\"https:\/\/72.167.50.119\/ethoro\/\",\"logo\":{\"@type\":\"ImageObject\",\"inLanguage\":\"es\",\"@id\":\"https:\/\/72.167.50.119\/ethoro\/#\/schema\/logo\/image\/\",\"url\":\"https:\/\/72.167.50.119\/ethoro\/wp-content\/uploads\/2025\/01\/cropped-cropped-icono_t-180x180-1.png\",\"contentUrl\":\"https:\/\/72.167.50.119\/ethoro\/wp-content\/uploads\/2025\/01\/cropped-cropped-icono_t-180x180-1.png\",\"width\":512,\"height\":512,\"caption\":\"Thoro Enterprises de M\u00e9xico\"},\"image\":{\"@id\":\"https:\/\/72.167.50.119\/ethoro\/#\/schema\/logo\/image\/\"},\"sameAs\":[\"https:\/\/www.facebook.com\/ThoroEnterprises\",\"https:\/\/www.instagram.com\/thoro.mexico\/\"]}]}<\/script>\n<!-- \/ Yoast SEO plugin. -->","yoast_head_json":{"title":"DESTORNILLADOR URREA 9452 CUSHION GRIP BARRA REDONDA PUNTA PLANA 1\/4'' X 1-3\/8'' - Thoro enterprises de Mexico","robots":{"index":"noindex","follow":"follow"},"og_locale":"es_MX","og_type":"article","og_title":"DESTORNILLADOR URREA 9452 CUSHION GRIP BARRA REDONDA PUNTA PLANA 1\/4'' X 1-3\/8'' - Thoro enterprises de Mexico","og_description":"9452 Punta negra que los hace aptos para usarse en la industria alimenticia y en procesos donde el desprendimiento de objetos extra\u00f1os es cr\u00edtico, ya que evitan el desprendimiento de cromo Mango \u00e1mbar con recubrimiento acojinado de gran ergonom\u00eda Tipo trompo punta plana barra redonda Barra redonda de 1\/4&#8243; Longitud de barra 1 1\/2&#8243; Longitud [&hellip;]","og_url":"https:\/\/thoro.com.mx\/ethoro\/shop\/herramientas\/herramientas-manuales\/desarmadores-y-puntas\/destornillador-urrea-9452-cushion-grip-barra-redonda-punta-plana-1-4-x-1-3-8\/","og_site_name":"Thoro enterprises de Mexico","article_publisher":"https:\/\/www.facebook.com\/ThoroEnterprises","article_modified_time":"2026-04-07T06:45:24+00:00","og_image":[{"width":1000,"height":1000,"url":"https:\/\/thoro.com.mx\/ethoro\/wp-content\/uploads\/2025\/02\/H3787.jpg","type":"image\/jpeg"}],"twitter_card":"summary_large_image","schema":{"@context":"https:\/\/schema.org","@graph":[{"@type":"WebPage","@id":"https:\/\/thoro.com.mx\/ethoro\/shop\/herramientas\/herramientas-manuales\/desarmadores-y-puntas\/destornillador-urrea-9452-cushion-grip-barra-redonda-punta-plana-1-4-x-1-3-8\/","url":"https:\/\/thoro.com.mx\/ethoro\/shop\/herramientas\/herramientas-manuales\/desarmadores-y-puntas\/destornillador-urrea-9452-cushion-grip-barra-redonda-punta-plana-1-4-x-1-3-8\/","name":"DESTORNILLADOR URREA 9452 CUSHION GRIP BARRA REDONDA PUNTA PLANA 1\/4'' X 1-3\/8'' - Thoro enterprises de Mexico","isPartOf":{"@id":"https:\/\/72.167.50.119\/ethoro\/#website"},"primaryImageOfPage":{"@id":"https:\/\/thoro.com.mx\/ethoro\/shop\/herramientas\/herramientas-manuales\/desarmadores-y-puntas\/destornillador-urrea-9452-cushion-grip-barra-redonda-punta-plana-1-4-x-1-3-8\/#primaryimage"},"image":{"@id":"https:\/\/thoro.com.mx\/ethoro\/shop\/herramientas\/herramientas-manuales\/desarmadores-y-puntas\/destornillador-urrea-9452-cushion-grip-barra-redonda-punta-plana-1-4-x-1-3-8\/#primaryimage"},"thumbnailUrl":"https:\/\/thoro.com.mx\/ethoro\/wp-content\/uploads\/2025\/02\/H3787.jpg","datePublished":"2025-02-05T19:28:41+00:00","dateModified":"2026-04-07T06:45:24+00:00","breadcrumb":{"@id":"https:\/\/thoro.com.mx\/ethoro\/shop\/herramientas\/herramientas-manuales\/desarmadores-y-puntas\/destornillador-urrea-9452-cushion-grip-barra-redonda-punta-plana-1-4-x-1-3-8\/#breadcrumb"},"inLanguage":"es","potentialAction":[{"@type":"ReadAction","target":["https:\/\/thoro.com.mx\/ethoro\/shop\/herramientas\/herramientas-manuales\/desarmadores-y-puntas\/destornillador-urrea-9452-cushion-grip-barra-redonda-punta-plana-1-4-x-1-3-8\/"]}]},{"@type":"ImageObject","inLanguage":"es","@id":"https:\/\/thoro.com.mx\/ethoro\/shop\/herramientas\/herramientas-manuales\/desarmadores-y-puntas\/destornillador-urrea-9452-cushion-grip-barra-redonda-punta-plana-1-4-x-1-3-8\/#primaryimage","url":"https:\/\/thoro.com.mx\/ethoro\/wp-content\/uploads\/2025\/02\/H3787.jpg","contentUrl":"https:\/\/thoro.com.mx\/ethoro\/wp-content\/uploads\/2025\/02\/H3787.jpg","width":1000,"height":1000},{"@type":"BreadcrumbList","@id":"https:\/\/thoro.com.mx\/ethoro\/shop\/herramientas\/herramientas-manuales\/desarmadores-y-puntas\/destornillador-urrea-9452-cushion-grip-barra-redonda-punta-plana-1-4-x-1-3-8\/#breadcrumb","itemListElement":[{"@type":"ListItem","position":1,"name":"Inicio","item":"https:\/\/thoro.com.mx\/ethoro\/"},{"@type":"ListItem","position":2,"name":"Tienda","item":"https:\/\/thoro.com.mx\/ethoro\/shop\/"},{"@type":"ListItem","position":3,"name":"DESTORNILLADOR URREA 9452 CUSHION GRIP BARRA REDONDA PUNTA PLANA 1\/4&#8221; X 1-3\/8&#8221;"}]},{"@type":"WebSite","@id":"https:\/\/72.167.50.119\/ethoro\/#website","url":"https:\/\/72.167.50.119\/ethoro\/","name":"Thoro Enterprises de M\u00e9xico","description":"Todo en Thoro","publisher":{"@id":"https:\/\/72.167.50.119\/ethoro\/#organization"},"alternateName":"Thoro shop","potentialAction":[{"@type":"SearchAction","target":{"@type":"EntryPoint","urlTemplate":"https:\/\/72.167.50.119\/ethoro\/?s={search_term_string}"},"query-input":{"@type":"PropertyValueSpecification","valueRequired":true,"valueName":"search_term_string"}}],"inLanguage":"es"},{"@type":"Organization","@id":"https:\/\/72.167.50.119\/ethoro\/#organization","name":"Thoro Enterprises de M\u00e9xico","alternateName":"Thoro shop","url":"https:\/\/72.167.50.119\/ethoro\/","logo":{"@type":"ImageObject","inLanguage":"es","@id":"https:\/\/72.167.50.119\/ethoro\/#\/schema\/logo\/image\/","url":"https:\/\/72.167.50.119\/ethoro\/wp-content\/uploads\/2025\/01\/cropped-cropped-icono_t-180x180-1.png","contentUrl":"https:\/\/72.167.50.119\/ethoro\/wp-content\/uploads\/2025\/01\/cropped-cropped-icono_t-180x180-1.png","width":512,"height":512,"caption":"Thoro Enterprises de M\u00e9xico"},"image":{"@id":"https:\/\/72.167.50.119\/ethoro\/#\/schema\/logo\/image\/"},"sameAs":["https:\/\/www.facebook.com\/ThoroEnterprises","https:\/\/www.instagram.com\/thoro.mexico\/"]}]}},"_links":{"self":[{"href":"https:\/\/thoro.com.mx\/ethoro\/wp-json\/wp\/v2\/product\/9291","targetHints":{"allow":["GET"]}}],"collection":[{"href":"https:\/\/thoro.com.mx\/ethoro\/wp-json\/wp\/v2\/product"}],"about":[{"href":"https:\/\/thoro.com.mx\/ethoro\/wp-json\/wp\/v2\/types\/product"}],"replies":[{"embeddable":true,"href":"https:\/\/thoro.com.mx\/ethoro\/wp-json\/wp\/v2\/comments?post=9291"}],"wp:featuredmedia":[{"embeddable":true,"href":"https:\/\/thoro.com.mx\/ethoro\/wp-json\/wp\/v2\/media\/9290"}],"wp:attachment":[{"href":"https:\/\/thoro.com.mx\/ethoro\/wp-json\/wp\/v2\/media?parent=9291"}],"wp:term":[{"taxonomy":"product_brand","embeddable":true,"href":"https:\/\/thoro.com.mx\/ethoro\/wp-json\/wp\/v2\/product_brand?post=9291"},{"taxonomy":"product_cat","embeddable":true,"href":"https:\/\/thoro.com.mx\/ethoro\/wp-json\/wp\/v2\/product_cat?post=9291"},{"taxonomy":"product_tag","embeddable":true,"href":"https:\/\/thoro.com.mx\/ethoro\/wp-json\/wp\/v2\/product_tag?post=9291"}],"curies":[{"name":"wp","href":"https:\/\/api.w.org\/{rel}","templated":true}]}}