{"id":9489,"date":"2025-02-05T13:30:44","date_gmt":"2025-02-05T19:30:44","guid":{"rendered":"https:\/\/72.167.50.119\/ethoro\/shop\/sin categor\u00eda\/juego-de-destornilladores-urrea-9600ar-con-6-piezas-serie-r-punta-phillips\/"},"modified":"2026-04-04T00:36:06","modified_gmt":"2026-04-04T06:36:06","slug":"juego-de-destornilladores-urrea-9600ar-con-6-piezas-serie-r-punta-phillips","status":"publish","type":"product","link":"https:\/\/thoro.com.mx\/ethoro\/shop\/herramientas\/juegos-de-herramientas-herramientas\/juegos-de-destornilladores\/juego-de-destornilladores-urrea-9600ar-con-6-piezas-serie-r-punta-phillips\/","title":{"rendered":"JUEGO DE DESTORNILLADORES URREA 9600AR CON 6 PIEZAS SERIE R PUNTA PHILLIPS"},"content":{"rendered":"<h4>9600AR<\/h4>\n<ul>\n<li>Juego de 6 destornilladores serie R punta Phillips Urrea<\/li>\n<li>Punta negra que evita el desprendimiento de material en procesos productivos cr\u00edticos (industria alimenticia).<\/li>\n<li>Con dise\u00f1o ergon\u00f3mico que proporciona mayor comodidad al agarre.<\/li>\n<li>Barra de acero aleado (cromo-vanadio), material conocido como el de mayor calidad para destornilladores.<\/li>\n<li>Juego 6 piezas.<\/li>\n<li>Punta Phillips Redonda: No.0X2 1\/2&#8243;, No.1X3&#8243;, No.2X4&#8243;, N<\/li>\n<li>Piezas: 6<\/li>\n<\/ul>\n","protected":false},"excerpt":{"rendered":"<p>9600AR Juego de 6 destornilladores serie R punta Phillips Urrea Punta negra que evita el desprendimiento de material en procesos productivos cr\u00edticos (industria alimenticia). Con dise\u00f1o ergon\u00f3mico que proporciona mayor comodidad al agarre. Barra de acero aleado (cromo-vanadio), material conocido como el de mayor calidad para destornilladores. Juego 6 piezas. Punta Phillips Redonda: No.0X2 1\/2&#8243;, [&hellip;]<\/p>\n","protected":false},"featured_media":9488,"comment_status":"open","ping_status":"closed","template":"","meta":{"_monsterinsights_skip_tracking":false,"_monsterinsights_sitenote_active":false,"_monsterinsights_sitenote_note":"","_monsterinsights_sitenote_category":0,"_joinchat":[]},"product_brand":[],"product_cat":[321],"product_tag":[],"class_list":{"0":"post-9489","1":"product","2":"type-product","3":"status-publish","4":"has-post-thumbnail","6":"product_cat-juegos-de-destornilladores","8":"first","9":"instock","10":"taxable","11":"shipping-taxable","12":"purchasable","13":"product-type-simple","14":"add-to-wishlist-after_add_to_cart"},"yoast_head":"<!-- This site is optimized with the Yoast SEO plugin v27.1.1 - https:\/\/yoast.com\/product\/yoast-seo-wordpress\/ -->\n<title>JUEGO DE DESTORNILLADORES URREA 9600AR CON 6 PIEZAS SERIE R PUNTA PHILLIPS - Thoro enterprises de Mexico<\/title>\n<meta name=\"robots\" content=\"noindex, follow\" \/>\n<meta property=\"og:locale\" content=\"es_MX\" \/>\n<meta property=\"og:type\" content=\"article\" \/>\n<meta property=\"og:title\" content=\"JUEGO DE DESTORNILLADORES URREA 9600AR CON 6 PIEZAS SERIE R PUNTA PHILLIPS - Thoro enterprises de Mexico\" \/>\n<meta property=\"og:description\" content=\"9600AR Juego de 6 destornilladores serie R punta Phillips Urrea Punta negra que evita el desprendimiento de material en procesos productivos cr\u00edticos (industria alimenticia). Con dise\u00f1o ergon\u00f3mico que proporciona mayor comodidad al agarre. Barra de acero aleado (cromo-vanadio), material conocido como el de mayor calidad para destornilladores. Juego 6 piezas. Punta Phillips Redonda: No.0X2 1\/2&#8243;, [&hellip;]\" \/>\n<meta property=\"og:url\" content=\"https:\/\/thoro.com.mx\/ethoro\/shop\/herramientas\/juegos-de-herramientas-herramientas\/juegos-de-destornilladores\/juego-de-destornilladores-urrea-9600ar-con-6-piezas-serie-r-punta-phillips\/\" \/>\n<meta property=\"og:site_name\" content=\"Thoro enterprises de Mexico\" \/>\n<meta property=\"article:publisher\" content=\"https:\/\/www.facebook.com\/ThoroEnterprises\" \/>\n<meta property=\"article:modified_time\" content=\"2026-04-04T06:36:06+00:00\" \/>\n<meta property=\"og:image\" content=\"https:\/\/thoro.com.mx\/ethoro\/wp-content\/uploads\/2025\/02\/H3915.jpg\" \/>\n\t<meta property=\"og:image:width\" content=\"1000\" \/>\n\t<meta property=\"og:image:height\" content=\"1000\" \/>\n\t<meta property=\"og:image:type\" content=\"image\/jpeg\" \/>\n<meta name=\"twitter:card\" content=\"summary_large_image\" \/>\n<script type=\"application\/ld+json\" class=\"yoast-schema-graph\">{\"@context\":\"https:\/\/schema.org\",\"@graph\":[{\"@type\":\"WebPage\",\"@id\":\"https:\/\/thoro.com.mx\/ethoro\/shop\/herramientas\/juegos-de-herramientas-herramientas\/juegos-de-destornilladores\/juego-de-destornilladores-urrea-9600ar-con-6-piezas-serie-r-punta-phillips\/\",\"url\":\"https:\/\/thoro.com.mx\/ethoro\/shop\/herramientas\/juegos-de-herramientas-herramientas\/juegos-de-destornilladores\/juego-de-destornilladores-urrea-9600ar-con-6-piezas-serie-r-punta-phillips\/\",\"name\":\"JUEGO DE DESTORNILLADORES URREA 9600AR CON 6 PIEZAS SERIE R PUNTA PHILLIPS - Thoro enterprises de Mexico\",\"isPartOf\":{\"@id\":\"https:\/\/72.167.50.119\/ethoro\/#website\"},\"primaryImageOfPage\":{\"@id\":\"https:\/\/thoro.com.mx\/ethoro\/shop\/herramientas\/juegos-de-herramientas-herramientas\/juegos-de-destornilladores\/juego-de-destornilladores-urrea-9600ar-con-6-piezas-serie-r-punta-phillips\/#primaryimage\"},\"image\":{\"@id\":\"https:\/\/thoro.com.mx\/ethoro\/shop\/herramientas\/juegos-de-herramientas-herramientas\/juegos-de-destornilladores\/juego-de-destornilladores-urrea-9600ar-con-6-piezas-serie-r-punta-phillips\/#primaryimage\"},\"thumbnailUrl\":\"https:\/\/thoro.com.mx\/ethoro\/wp-content\/uploads\/2025\/02\/H3915.jpg\",\"datePublished\":\"2025-02-05T19:30:44+00:00\",\"dateModified\":\"2026-04-04T06:36:06+00:00\",\"breadcrumb\":{\"@id\":\"https:\/\/thoro.com.mx\/ethoro\/shop\/herramientas\/juegos-de-herramientas-herramientas\/juegos-de-destornilladores\/juego-de-destornilladores-urrea-9600ar-con-6-piezas-serie-r-punta-phillips\/#breadcrumb\"},\"inLanguage\":\"es\",\"potentialAction\":[{\"@type\":\"ReadAction\",\"target\":[\"https:\/\/thoro.com.mx\/ethoro\/shop\/herramientas\/juegos-de-herramientas-herramientas\/juegos-de-destornilladores\/juego-de-destornilladores-urrea-9600ar-con-6-piezas-serie-r-punta-phillips\/\"]}]},{\"@type\":\"ImageObject\",\"inLanguage\":\"es\",\"@id\":\"https:\/\/thoro.com.mx\/ethoro\/shop\/herramientas\/juegos-de-herramientas-herramientas\/juegos-de-destornilladores\/juego-de-destornilladores-urrea-9600ar-con-6-piezas-serie-r-punta-phillips\/#primaryimage\",\"url\":\"https:\/\/thoro.com.mx\/ethoro\/wp-content\/uploads\/2025\/02\/H3915.jpg\",\"contentUrl\":\"https:\/\/thoro.com.mx\/ethoro\/wp-content\/uploads\/2025\/02\/H3915.jpg\",\"width\":1000,\"height\":1000},{\"@type\":\"BreadcrumbList\",\"@id\":\"https:\/\/thoro.com.mx\/ethoro\/shop\/herramientas\/juegos-de-herramientas-herramientas\/juegos-de-destornilladores\/juego-de-destornilladores-urrea-9600ar-con-6-piezas-serie-r-punta-phillips\/#breadcrumb\",\"itemListElement\":[{\"@type\":\"ListItem\",\"position\":1,\"name\":\"Inicio\",\"item\":\"https:\/\/thoro.com.mx\/ethoro\/\"},{\"@type\":\"ListItem\",\"position\":2,\"name\":\"Tienda\",\"item\":\"https:\/\/thoro.com.mx\/ethoro\/shop\/\"},{\"@type\":\"ListItem\",\"position\":3,\"name\":\"JUEGO DE DESTORNILLADORES URREA 9600AR CON 6 PIEZAS SERIE R PUNTA PHILLIPS\"}]},{\"@type\":\"WebSite\",\"@id\":\"https:\/\/72.167.50.119\/ethoro\/#website\",\"url\":\"https:\/\/72.167.50.119\/ethoro\/\",\"name\":\"Thoro Enterprises de M\u00e9xico\",\"description\":\"Todo en Thoro\",\"publisher\":{\"@id\":\"https:\/\/72.167.50.119\/ethoro\/#organization\"},\"alternateName\":\"Thoro shop\",\"potentialAction\":[{\"@type\":\"SearchAction\",\"target\":{\"@type\":\"EntryPoint\",\"urlTemplate\":\"https:\/\/72.167.50.119\/ethoro\/?s={search_term_string}\"},\"query-input\":{\"@type\":\"PropertyValueSpecification\",\"valueRequired\":true,\"valueName\":\"search_term_string\"}}],\"inLanguage\":\"es\"},{\"@type\":\"Organization\",\"@id\":\"https:\/\/72.167.50.119\/ethoro\/#organization\",\"name\":\"Thoro Enterprises de M\u00e9xico\",\"alternateName\":\"Thoro shop\",\"url\":\"https:\/\/72.167.50.119\/ethoro\/\",\"logo\":{\"@type\":\"ImageObject\",\"inLanguage\":\"es\",\"@id\":\"https:\/\/72.167.50.119\/ethoro\/#\/schema\/logo\/image\/\",\"url\":\"https:\/\/72.167.50.119\/ethoro\/wp-content\/uploads\/2025\/01\/cropped-cropped-icono_t-180x180-1.png\",\"contentUrl\":\"https:\/\/72.167.50.119\/ethoro\/wp-content\/uploads\/2025\/01\/cropped-cropped-icono_t-180x180-1.png\",\"width\":512,\"height\":512,\"caption\":\"Thoro Enterprises de M\u00e9xico\"},\"image\":{\"@id\":\"https:\/\/72.167.50.119\/ethoro\/#\/schema\/logo\/image\/\"},\"sameAs\":[\"https:\/\/www.facebook.com\/ThoroEnterprises\",\"https:\/\/www.instagram.com\/thoro.mexico\/\"]}]}<\/script>\n<!-- \/ Yoast SEO plugin. -->","yoast_head_json":{"title":"JUEGO DE DESTORNILLADORES URREA 9600AR CON 6 PIEZAS SERIE R PUNTA PHILLIPS - Thoro enterprises de Mexico","robots":{"index":"noindex","follow":"follow"},"og_locale":"es_MX","og_type":"article","og_title":"JUEGO DE DESTORNILLADORES URREA 9600AR CON 6 PIEZAS SERIE R PUNTA PHILLIPS - Thoro enterprises de Mexico","og_description":"9600AR Juego de 6 destornilladores serie R punta Phillips Urrea Punta negra que evita el desprendimiento de material en procesos productivos cr\u00edticos (industria alimenticia). Con dise\u00f1o ergon\u00f3mico que proporciona mayor comodidad al agarre. Barra de acero aleado (cromo-vanadio), material conocido como el de mayor calidad para destornilladores. Juego 6 piezas. Punta Phillips Redonda: No.0X2 1\/2&#8243;, [&hellip;]","og_url":"https:\/\/thoro.com.mx\/ethoro\/shop\/herramientas\/juegos-de-herramientas-herramientas\/juegos-de-destornilladores\/juego-de-destornilladores-urrea-9600ar-con-6-piezas-serie-r-punta-phillips\/","og_site_name":"Thoro enterprises de Mexico","article_publisher":"https:\/\/www.facebook.com\/ThoroEnterprises","article_modified_time":"2026-04-04T06:36:06+00:00","og_image":[{"width":1000,"height":1000,"url":"https:\/\/thoro.com.mx\/ethoro\/wp-content\/uploads\/2025\/02\/H3915.jpg","type":"image\/jpeg"}],"twitter_card":"summary_large_image","schema":{"@context":"https:\/\/schema.org","@graph":[{"@type":"WebPage","@id":"https:\/\/thoro.com.mx\/ethoro\/shop\/herramientas\/juegos-de-herramientas-herramientas\/juegos-de-destornilladores\/juego-de-destornilladores-urrea-9600ar-con-6-piezas-serie-r-punta-phillips\/","url":"https:\/\/thoro.com.mx\/ethoro\/shop\/herramientas\/juegos-de-herramientas-herramientas\/juegos-de-destornilladores\/juego-de-destornilladores-urrea-9600ar-con-6-piezas-serie-r-punta-phillips\/","name":"JUEGO DE DESTORNILLADORES URREA 9600AR CON 6 PIEZAS SERIE R PUNTA PHILLIPS - Thoro enterprises de Mexico","isPartOf":{"@id":"https:\/\/72.167.50.119\/ethoro\/#website"},"primaryImageOfPage":{"@id":"https:\/\/thoro.com.mx\/ethoro\/shop\/herramientas\/juegos-de-herramientas-herramientas\/juegos-de-destornilladores\/juego-de-destornilladores-urrea-9600ar-con-6-piezas-serie-r-punta-phillips\/#primaryimage"},"image":{"@id":"https:\/\/thoro.com.mx\/ethoro\/shop\/herramientas\/juegos-de-herramientas-herramientas\/juegos-de-destornilladores\/juego-de-destornilladores-urrea-9600ar-con-6-piezas-serie-r-punta-phillips\/#primaryimage"},"thumbnailUrl":"https:\/\/thoro.com.mx\/ethoro\/wp-content\/uploads\/2025\/02\/H3915.jpg","datePublished":"2025-02-05T19:30:44+00:00","dateModified":"2026-04-04T06:36:06+00:00","breadcrumb":{"@id":"https:\/\/thoro.com.mx\/ethoro\/shop\/herramientas\/juegos-de-herramientas-herramientas\/juegos-de-destornilladores\/juego-de-destornilladores-urrea-9600ar-con-6-piezas-serie-r-punta-phillips\/#breadcrumb"},"inLanguage":"es","potentialAction":[{"@type":"ReadAction","target":["https:\/\/thoro.com.mx\/ethoro\/shop\/herramientas\/juegos-de-herramientas-herramientas\/juegos-de-destornilladores\/juego-de-destornilladores-urrea-9600ar-con-6-piezas-serie-r-punta-phillips\/"]}]},{"@type":"ImageObject","inLanguage":"es","@id":"https:\/\/thoro.com.mx\/ethoro\/shop\/herramientas\/juegos-de-herramientas-herramientas\/juegos-de-destornilladores\/juego-de-destornilladores-urrea-9600ar-con-6-piezas-serie-r-punta-phillips\/#primaryimage","url":"https:\/\/thoro.com.mx\/ethoro\/wp-content\/uploads\/2025\/02\/H3915.jpg","contentUrl":"https:\/\/thoro.com.mx\/ethoro\/wp-content\/uploads\/2025\/02\/H3915.jpg","width":1000,"height":1000},{"@type":"BreadcrumbList","@id":"https:\/\/thoro.com.mx\/ethoro\/shop\/herramientas\/juegos-de-herramientas-herramientas\/juegos-de-destornilladores\/juego-de-destornilladores-urrea-9600ar-con-6-piezas-serie-r-punta-phillips\/#breadcrumb","itemListElement":[{"@type":"ListItem","position":1,"name":"Inicio","item":"https:\/\/thoro.com.mx\/ethoro\/"},{"@type":"ListItem","position":2,"name":"Tienda","item":"https:\/\/thoro.com.mx\/ethoro\/shop\/"},{"@type":"ListItem","position":3,"name":"JUEGO DE DESTORNILLADORES URREA 9600AR CON 6 PIEZAS SERIE R PUNTA PHILLIPS"}]},{"@type":"WebSite","@id":"https:\/\/72.167.50.119\/ethoro\/#website","url":"https:\/\/72.167.50.119\/ethoro\/","name":"Thoro Enterprises de M\u00e9xico","description":"Todo en Thoro","publisher":{"@id":"https:\/\/72.167.50.119\/ethoro\/#organization"},"alternateName":"Thoro shop","potentialAction":[{"@type":"SearchAction","target":{"@type":"EntryPoint","urlTemplate":"https:\/\/72.167.50.119\/ethoro\/?s={search_term_string}"},"query-input":{"@type":"PropertyValueSpecification","valueRequired":true,"valueName":"search_term_string"}}],"inLanguage":"es"},{"@type":"Organization","@id":"https:\/\/72.167.50.119\/ethoro\/#organization","name":"Thoro Enterprises de M\u00e9xico","alternateName":"Thoro shop","url":"https:\/\/72.167.50.119\/ethoro\/","logo":{"@type":"ImageObject","inLanguage":"es","@id":"https:\/\/72.167.50.119\/ethoro\/#\/schema\/logo\/image\/","url":"https:\/\/72.167.50.119\/ethoro\/wp-content\/uploads\/2025\/01\/cropped-cropped-icono_t-180x180-1.png","contentUrl":"https:\/\/72.167.50.119\/ethoro\/wp-content\/uploads\/2025\/01\/cropped-cropped-icono_t-180x180-1.png","width":512,"height":512,"caption":"Thoro Enterprises de M\u00e9xico"},"image":{"@id":"https:\/\/72.167.50.119\/ethoro\/#\/schema\/logo\/image\/"},"sameAs":["https:\/\/www.facebook.com\/ThoroEnterprises","https:\/\/www.instagram.com\/thoro.mexico\/"]}]}},"_links":{"self":[{"href":"https:\/\/thoro.com.mx\/ethoro\/wp-json\/wp\/v2\/product\/9489","targetHints":{"allow":["GET"]}}],"collection":[{"href":"https:\/\/thoro.com.mx\/ethoro\/wp-json\/wp\/v2\/product"}],"about":[{"href":"https:\/\/thoro.com.mx\/ethoro\/wp-json\/wp\/v2\/types\/product"}],"replies":[{"embeddable":true,"href":"https:\/\/thoro.com.mx\/ethoro\/wp-json\/wp\/v2\/comments?post=9489"}],"wp:featuredmedia":[{"embeddable":true,"href":"https:\/\/thoro.com.mx\/ethoro\/wp-json\/wp\/v2\/media\/9488"}],"wp:attachment":[{"href":"https:\/\/thoro.com.mx\/ethoro\/wp-json\/wp\/v2\/media?parent=9489"}],"wp:term":[{"taxonomy":"product_brand","embeddable":true,"href":"https:\/\/thoro.com.mx\/ethoro\/wp-json\/wp\/v2\/product_brand?post=9489"},{"taxonomy":"product_cat","embeddable":true,"href":"https:\/\/thoro.com.mx\/ethoro\/wp-json\/wp\/v2\/product_cat?post=9489"},{"taxonomy":"product_tag","embeddable":true,"href":"https:\/\/thoro.com.mx\/ethoro\/wp-json\/wp\/v2\/product_tag?post=9489"}],"curies":[{"name":"wp","href":"https:\/\/api.w.org\/{rel}","templated":true}]}}