{"id":9777,"date":"2025-02-05T13:33:45","date_gmt":"2025-02-05T19:33:45","guid":{"rendered":"https:\/\/72.167.50.119\/ethoro\/shop\/sin categor\u00eda\/llave-allen-hexagonal-t-urrea-46412g-mango-de-vinil-de-3-16-x-6-pulgadas\/"},"modified":"2026-04-04T00:37:39","modified_gmt":"2026-04-04T06:37:39","slug":"llave-allen-hexagonal-t-urrea-46412g-mango-de-vinil-de-3-16-x-6-pulgadas","status":"publish","type":"product","link":"https:\/\/thoro.com.mx\/ethoro\/shop\/herramientas\/herramientas-manuales\/llaves-allen\/llave-allen-hexagonal-t-urrea-46412g-mango-de-vinil-de-3-16-x-6-pulgadas\/","title":{"rendered":"LLAVE ALLEN HEXAGONAL T URREA 46412G MANGO DE VINIL DE 3\/16&#8221; X 6 PULGADAS"},"content":{"rendered":"<h4>46412G<\/h4>\n<ul>\n<li>Su dise\u00f1o en forma de &#8220;t&#8221; ofrece un torque extra<\/li>\n<li>Recubrimiento pl\u00e1stico que hace m\u00e1s c\u00f3modo su manejo<\/li>\n<li>Fabricadas con acero tratado t\u00e9rmicamente para ofrecer una mayor fuerza<\/li>\n<li>Terminado fosfatado que ofrece mayor protecci\u00f3n contra la corrosi\u00f3n<\/li>\n<li>Longitud: 3&#8243;<\/li>\n<li>Maneral: 6&#8243;<\/li>\n<li>Medida Nominal: 3\/16&#8243;<\/li>\n<\/ul>\n","protected":false},"excerpt":{"rendered":"<p>46412G Su dise\u00f1o en forma de &#8220;t&#8221; ofrece un torque extra Recubrimiento pl\u00e1stico que hace m\u00e1s c\u00f3modo su manejo Fabricadas con acero tratado t\u00e9rmicamente para ofrecer una mayor fuerza Terminado fosfatado que ofrece mayor protecci\u00f3n contra la corrosi\u00f3n Longitud: 3&#8243; Maneral: 6&#8243; Medida Nominal: 3\/16&#8243;<\/p>\n","protected":false},"featured_media":9776,"comment_status":"open","ping_status":"closed","template":"","meta":{"_monsterinsights_skip_tracking":false,"_monsterinsights_sitenote_active":false,"_monsterinsights_sitenote_note":"","_monsterinsights_sitenote_category":0,"_joinchat":[]},"product_brand":[],"product_cat":[337],"product_tag":[],"class_list":{"0":"post-9777","1":"product","2":"type-product","3":"status-publish","4":"has-post-thumbnail","6":"product_cat-llaves-allen","8":"first","9":"instock","10":"taxable","11":"shipping-taxable","12":"purchasable","13":"product-type-simple","14":"add-to-wishlist-after_add_to_cart"},"yoast_head":"<!-- This site is optimized with the Yoast SEO plugin v27.1.1 - https:\/\/yoast.com\/product\/yoast-seo-wordpress\/ -->\n<title>LLAVE ALLEN HEXAGONAL T URREA 46412G MANGO DE VINIL DE 3\/16&#039;&#039; X 6 PULGADAS - Thoro enterprises de Mexico<\/title>\n<meta name=\"robots\" content=\"noindex, follow\" \/>\n<meta property=\"og:locale\" content=\"es_MX\" \/>\n<meta property=\"og:type\" content=\"article\" \/>\n<meta property=\"og:title\" content=\"LLAVE ALLEN HEXAGONAL T URREA 46412G MANGO DE VINIL DE 3\/16&#039;&#039; X 6 PULGADAS - Thoro enterprises de Mexico\" \/>\n<meta property=\"og:description\" content=\"46412G Su dise\u00f1o en forma de &#8220;t&#8221; ofrece un torque extra Recubrimiento pl\u00e1stico que hace m\u00e1s c\u00f3modo su manejo Fabricadas con acero tratado t\u00e9rmicamente para ofrecer una mayor fuerza Terminado fosfatado que ofrece mayor protecci\u00f3n contra la corrosi\u00f3n Longitud: 3&#8243; Maneral: 6&#8243; Medida Nominal: 3\/16&#8243;\" \/>\n<meta property=\"og:url\" content=\"https:\/\/thoro.com.mx\/ethoro\/shop\/herramientas\/herramientas-manuales\/llaves-allen\/llave-allen-hexagonal-t-urrea-46412g-mango-de-vinil-de-3-16-x-6-pulgadas\/\" \/>\n<meta property=\"og:site_name\" content=\"Thoro enterprises de Mexico\" \/>\n<meta property=\"article:publisher\" content=\"https:\/\/www.facebook.com\/ThoroEnterprises\" \/>\n<meta property=\"article:modified_time\" content=\"2026-04-04T06:37:39+00:00\" \/>\n<meta property=\"og:image\" content=\"https:\/\/thoro.com.mx\/ethoro\/wp-content\/uploads\/2025\/02\/H4253.jpg\" \/>\n\t<meta property=\"og:image:width\" content=\"1000\" \/>\n\t<meta property=\"og:image:height\" content=\"1000\" \/>\n\t<meta property=\"og:image:type\" content=\"image\/jpeg\" \/>\n<meta name=\"twitter:card\" content=\"summary_large_image\" \/>\n<script type=\"application\/ld+json\" class=\"yoast-schema-graph\">{\"@context\":\"https:\/\/schema.org\",\"@graph\":[{\"@type\":\"WebPage\",\"@id\":\"https:\/\/thoro.com.mx\/ethoro\/shop\/herramientas\/herramientas-manuales\/llaves-allen\/llave-allen-hexagonal-t-urrea-46412g-mango-de-vinil-de-3-16-x-6-pulgadas\/\",\"url\":\"https:\/\/thoro.com.mx\/ethoro\/shop\/herramientas\/herramientas-manuales\/llaves-allen\/llave-allen-hexagonal-t-urrea-46412g-mango-de-vinil-de-3-16-x-6-pulgadas\/\",\"name\":\"LLAVE ALLEN HEXAGONAL T URREA 46412G MANGO DE VINIL DE 3\/16'' X 6 PULGADAS - Thoro enterprises de Mexico\",\"isPartOf\":{\"@id\":\"https:\/\/72.167.50.119\/ethoro\/#website\"},\"primaryImageOfPage\":{\"@id\":\"https:\/\/thoro.com.mx\/ethoro\/shop\/herramientas\/herramientas-manuales\/llaves-allen\/llave-allen-hexagonal-t-urrea-46412g-mango-de-vinil-de-3-16-x-6-pulgadas\/#primaryimage\"},\"image\":{\"@id\":\"https:\/\/thoro.com.mx\/ethoro\/shop\/herramientas\/herramientas-manuales\/llaves-allen\/llave-allen-hexagonal-t-urrea-46412g-mango-de-vinil-de-3-16-x-6-pulgadas\/#primaryimage\"},\"thumbnailUrl\":\"https:\/\/thoro.com.mx\/ethoro\/wp-content\/uploads\/2025\/02\/H4253.jpg\",\"datePublished\":\"2025-02-05T19:33:45+00:00\",\"dateModified\":\"2026-04-04T06:37:39+00:00\",\"breadcrumb\":{\"@id\":\"https:\/\/thoro.com.mx\/ethoro\/shop\/herramientas\/herramientas-manuales\/llaves-allen\/llave-allen-hexagonal-t-urrea-46412g-mango-de-vinil-de-3-16-x-6-pulgadas\/#breadcrumb\"},\"inLanguage\":\"es\",\"potentialAction\":[{\"@type\":\"ReadAction\",\"target\":[\"https:\/\/thoro.com.mx\/ethoro\/shop\/herramientas\/herramientas-manuales\/llaves-allen\/llave-allen-hexagonal-t-urrea-46412g-mango-de-vinil-de-3-16-x-6-pulgadas\/\"]}]},{\"@type\":\"ImageObject\",\"inLanguage\":\"es\",\"@id\":\"https:\/\/thoro.com.mx\/ethoro\/shop\/herramientas\/herramientas-manuales\/llaves-allen\/llave-allen-hexagonal-t-urrea-46412g-mango-de-vinil-de-3-16-x-6-pulgadas\/#primaryimage\",\"url\":\"https:\/\/thoro.com.mx\/ethoro\/wp-content\/uploads\/2025\/02\/H4253.jpg\",\"contentUrl\":\"https:\/\/thoro.com.mx\/ethoro\/wp-content\/uploads\/2025\/02\/H4253.jpg\",\"width\":1000,\"height\":1000},{\"@type\":\"BreadcrumbList\",\"@id\":\"https:\/\/thoro.com.mx\/ethoro\/shop\/herramientas\/herramientas-manuales\/llaves-allen\/llave-allen-hexagonal-t-urrea-46412g-mango-de-vinil-de-3-16-x-6-pulgadas\/#breadcrumb\",\"itemListElement\":[{\"@type\":\"ListItem\",\"position\":1,\"name\":\"Inicio\",\"item\":\"https:\/\/thoro.com.mx\/ethoro\/\"},{\"@type\":\"ListItem\",\"position\":2,\"name\":\"Tienda\",\"item\":\"https:\/\/thoro.com.mx\/ethoro\/shop\/\"},{\"@type\":\"ListItem\",\"position\":3,\"name\":\"LLAVE ALLEN HEXAGONAL T URREA 46412G MANGO DE VINIL DE 3\/16&#8221; X 6 PULGADAS\"}]},{\"@type\":\"WebSite\",\"@id\":\"https:\/\/72.167.50.119\/ethoro\/#website\",\"url\":\"https:\/\/72.167.50.119\/ethoro\/\",\"name\":\"Thoro Enterprises de M\u00e9xico\",\"description\":\"Todo en Thoro\",\"publisher\":{\"@id\":\"https:\/\/72.167.50.119\/ethoro\/#organization\"},\"alternateName\":\"Thoro shop\",\"potentialAction\":[{\"@type\":\"SearchAction\",\"target\":{\"@type\":\"EntryPoint\",\"urlTemplate\":\"https:\/\/72.167.50.119\/ethoro\/?s={search_term_string}\"},\"query-input\":{\"@type\":\"PropertyValueSpecification\",\"valueRequired\":true,\"valueName\":\"search_term_string\"}}],\"inLanguage\":\"es\"},{\"@type\":\"Organization\",\"@id\":\"https:\/\/72.167.50.119\/ethoro\/#organization\",\"name\":\"Thoro Enterprises de M\u00e9xico\",\"alternateName\":\"Thoro shop\",\"url\":\"https:\/\/72.167.50.119\/ethoro\/\",\"logo\":{\"@type\":\"ImageObject\",\"inLanguage\":\"es\",\"@id\":\"https:\/\/72.167.50.119\/ethoro\/#\/schema\/logo\/image\/\",\"url\":\"https:\/\/72.167.50.119\/ethoro\/wp-content\/uploads\/2025\/01\/cropped-cropped-icono_t-180x180-1.png\",\"contentUrl\":\"https:\/\/72.167.50.119\/ethoro\/wp-content\/uploads\/2025\/01\/cropped-cropped-icono_t-180x180-1.png\",\"width\":512,\"height\":512,\"caption\":\"Thoro Enterprises de M\u00e9xico\"},\"image\":{\"@id\":\"https:\/\/72.167.50.119\/ethoro\/#\/schema\/logo\/image\/\"},\"sameAs\":[\"https:\/\/www.facebook.com\/ThoroEnterprises\",\"https:\/\/www.instagram.com\/thoro.mexico\/\"]}]}<\/script>\n<!-- \/ Yoast SEO plugin. -->","yoast_head_json":{"title":"LLAVE ALLEN HEXAGONAL T URREA 46412G MANGO DE VINIL DE 3\/16'' X 6 PULGADAS - Thoro enterprises de Mexico","robots":{"index":"noindex","follow":"follow"},"og_locale":"es_MX","og_type":"article","og_title":"LLAVE ALLEN HEXAGONAL T URREA 46412G MANGO DE VINIL DE 3\/16'' X 6 PULGADAS - Thoro enterprises de Mexico","og_description":"46412G Su dise\u00f1o en forma de &#8220;t&#8221; ofrece un torque extra Recubrimiento pl\u00e1stico que hace m\u00e1s c\u00f3modo su manejo Fabricadas con acero tratado t\u00e9rmicamente para ofrecer una mayor fuerza Terminado fosfatado que ofrece mayor protecci\u00f3n contra la corrosi\u00f3n Longitud: 3&#8243; Maneral: 6&#8243; Medida Nominal: 3\/16&#8243;","og_url":"https:\/\/thoro.com.mx\/ethoro\/shop\/herramientas\/herramientas-manuales\/llaves-allen\/llave-allen-hexagonal-t-urrea-46412g-mango-de-vinil-de-3-16-x-6-pulgadas\/","og_site_name":"Thoro enterprises de Mexico","article_publisher":"https:\/\/www.facebook.com\/ThoroEnterprises","article_modified_time":"2026-04-04T06:37:39+00:00","og_image":[{"width":1000,"height":1000,"url":"https:\/\/thoro.com.mx\/ethoro\/wp-content\/uploads\/2025\/02\/H4253.jpg","type":"image\/jpeg"}],"twitter_card":"summary_large_image","schema":{"@context":"https:\/\/schema.org","@graph":[{"@type":"WebPage","@id":"https:\/\/thoro.com.mx\/ethoro\/shop\/herramientas\/herramientas-manuales\/llaves-allen\/llave-allen-hexagonal-t-urrea-46412g-mango-de-vinil-de-3-16-x-6-pulgadas\/","url":"https:\/\/thoro.com.mx\/ethoro\/shop\/herramientas\/herramientas-manuales\/llaves-allen\/llave-allen-hexagonal-t-urrea-46412g-mango-de-vinil-de-3-16-x-6-pulgadas\/","name":"LLAVE ALLEN HEXAGONAL T URREA 46412G MANGO DE VINIL DE 3\/16'' X 6 PULGADAS - Thoro enterprises de Mexico","isPartOf":{"@id":"https:\/\/72.167.50.119\/ethoro\/#website"},"primaryImageOfPage":{"@id":"https:\/\/thoro.com.mx\/ethoro\/shop\/herramientas\/herramientas-manuales\/llaves-allen\/llave-allen-hexagonal-t-urrea-46412g-mango-de-vinil-de-3-16-x-6-pulgadas\/#primaryimage"},"image":{"@id":"https:\/\/thoro.com.mx\/ethoro\/shop\/herramientas\/herramientas-manuales\/llaves-allen\/llave-allen-hexagonal-t-urrea-46412g-mango-de-vinil-de-3-16-x-6-pulgadas\/#primaryimage"},"thumbnailUrl":"https:\/\/thoro.com.mx\/ethoro\/wp-content\/uploads\/2025\/02\/H4253.jpg","datePublished":"2025-02-05T19:33:45+00:00","dateModified":"2026-04-04T06:37:39+00:00","breadcrumb":{"@id":"https:\/\/thoro.com.mx\/ethoro\/shop\/herramientas\/herramientas-manuales\/llaves-allen\/llave-allen-hexagonal-t-urrea-46412g-mango-de-vinil-de-3-16-x-6-pulgadas\/#breadcrumb"},"inLanguage":"es","potentialAction":[{"@type":"ReadAction","target":["https:\/\/thoro.com.mx\/ethoro\/shop\/herramientas\/herramientas-manuales\/llaves-allen\/llave-allen-hexagonal-t-urrea-46412g-mango-de-vinil-de-3-16-x-6-pulgadas\/"]}]},{"@type":"ImageObject","inLanguage":"es","@id":"https:\/\/thoro.com.mx\/ethoro\/shop\/herramientas\/herramientas-manuales\/llaves-allen\/llave-allen-hexagonal-t-urrea-46412g-mango-de-vinil-de-3-16-x-6-pulgadas\/#primaryimage","url":"https:\/\/thoro.com.mx\/ethoro\/wp-content\/uploads\/2025\/02\/H4253.jpg","contentUrl":"https:\/\/thoro.com.mx\/ethoro\/wp-content\/uploads\/2025\/02\/H4253.jpg","width":1000,"height":1000},{"@type":"BreadcrumbList","@id":"https:\/\/thoro.com.mx\/ethoro\/shop\/herramientas\/herramientas-manuales\/llaves-allen\/llave-allen-hexagonal-t-urrea-46412g-mango-de-vinil-de-3-16-x-6-pulgadas\/#breadcrumb","itemListElement":[{"@type":"ListItem","position":1,"name":"Inicio","item":"https:\/\/thoro.com.mx\/ethoro\/"},{"@type":"ListItem","position":2,"name":"Tienda","item":"https:\/\/thoro.com.mx\/ethoro\/shop\/"},{"@type":"ListItem","position":3,"name":"LLAVE ALLEN HEXAGONAL T URREA 46412G MANGO DE VINIL DE 3\/16&#8221; X 6 PULGADAS"}]},{"@type":"WebSite","@id":"https:\/\/72.167.50.119\/ethoro\/#website","url":"https:\/\/72.167.50.119\/ethoro\/","name":"Thoro Enterprises de M\u00e9xico","description":"Todo en Thoro","publisher":{"@id":"https:\/\/72.167.50.119\/ethoro\/#organization"},"alternateName":"Thoro shop","potentialAction":[{"@type":"SearchAction","target":{"@type":"EntryPoint","urlTemplate":"https:\/\/72.167.50.119\/ethoro\/?s={search_term_string}"},"query-input":{"@type":"PropertyValueSpecification","valueRequired":true,"valueName":"search_term_string"}}],"inLanguage":"es"},{"@type":"Organization","@id":"https:\/\/72.167.50.119\/ethoro\/#organization","name":"Thoro Enterprises de M\u00e9xico","alternateName":"Thoro shop","url":"https:\/\/72.167.50.119\/ethoro\/","logo":{"@type":"ImageObject","inLanguage":"es","@id":"https:\/\/72.167.50.119\/ethoro\/#\/schema\/logo\/image\/","url":"https:\/\/72.167.50.119\/ethoro\/wp-content\/uploads\/2025\/01\/cropped-cropped-icono_t-180x180-1.png","contentUrl":"https:\/\/72.167.50.119\/ethoro\/wp-content\/uploads\/2025\/01\/cropped-cropped-icono_t-180x180-1.png","width":512,"height":512,"caption":"Thoro Enterprises de M\u00e9xico"},"image":{"@id":"https:\/\/72.167.50.119\/ethoro\/#\/schema\/logo\/image\/"},"sameAs":["https:\/\/www.facebook.com\/ThoroEnterprises","https:\/\/www.instagram.com\/thoro.mexico\/"]}]}},"_links":{"self":[{"href":"https:\/\/thoro.com.mx\/ethoro\/wp-json\/wp\/v2\/product\/9777","targetHints":{"allow":["GET"]}}],"collection":[{"href":"https:\/\/thoro.com.mx\/ethoro\/wp-json\/wp\/v2\/product"}],"about":[{"href":"https:\/\/thoro.com.mx\/ethoro\/wp-json\/wp\/v2\/types\/product"}],"replies":[{"embeddable":true,"href":"https:\/\/thoro.com.mx\/ethoro\/wp-json\/wp\/v2\/comments?post=9777"}],"wp:featuredmedia":[{"embeddable":true,"href":"https:\/\/thoro.com.mx\/ethoro\/wp-json\/wp\/v2\/media\/9776"}],"wp:attachment":[{"href":"https:\/\/thoro.com.mx\/ethoro\/wp-json\/wp\/v2\/media?parent=9777"}],"wp:term":[{"taxonomy":"product_brand","embeddable":true,"href":"https:\/\/thoro.com.mx\/ethoro\/wp-json\/wp\/v2\/product_brand?post=9777"},{"taxonomy":"product_cat","embeddable":true,"href":"https:\/\/thoro.com.mx\/ethoro\/wp-json\/wp\/v2\/product_cat?post=9777"},{"taxonomy":"product_tag","embeddable":true,"href":"https:\/\/thoro.com.mx\/ethoro\/wp-json\/wp\/v2\/product_tag?post=9777"}],"curies":[{"name":"wp","href":"https:\/\/api.w.org\/{rel}","templated":true}]}}